{"id":2664,"date":"2025-09-23T10:38:07","date_gmt":"2025-09-23T08:38:07","guid":{"rendered":"http:\/\/wp11092421.server-he.de\/pader-med\/?page_id=2664"},"modified":"2025-10-02T09:20:03","modified_gmt":"2025-10-02T07:20:03","slug":"zahlung-versand","status":"publish","type":"page","link":"https:\/\/www.aunityshop.de\/ru\/zahlung-versand\/","title":{"rendered":"Zahlung und Versand"},"content":{"rendered":"<div class=\"wpb-content-wrapper\"><div class=\"vc_row wpb_row vc_row-fluid\"><div class=\"wpb_column vc_column_container vc_col-sm-6 vc_col-has-fill\"><div class=\"vc_column-inner vc_custom_1407447979372\"><div class=\"wpb_wrapper\">\n\t<div class=\"wpb_text_column wpb_content_element\" >\n\t\t<div class=\"wpb_wrapper\">\n\t\t\t<p>Verpackung und Versand<\/p>\n<p><strong>Lieferzeit?<\/strong><\/p>\n<p>Sobald eine Bestellung bezahlt ist, versenden wir diese generell noch am Tag der Bezahlung oder am darauffolgenden Werktag. Die Lieferung innerhalb von Deutschland \u00fcber unsere Versand-Dienstleister dauert aktuell zwischen 1-5 Werktage.<\/p>\n<p>Die Lieferung au\u00dferhalb von Deutschland \u00fcber unsere Versand-Dienstleister dauert aktuell zwischen 3-8 Werktage.<\/p>\n<p><strong>Deutschland<br \/>\nVersandkosten:<\/strong> 6,20 \u20ac<br \/>\nAb einem Bestellwert von 200,00 \u20ac inkl. MwSt. versandkostenfrei. Keine Bearbeitungsgeb\u00fchr, kein Mindestbestellwert.<\/p>\n<p><strong>Europa &amp; Welt<br \/>\nVersandpreisliste Aunity Shop\u00a0 ab Lager Deutschland |\u00a0<\/strong><br \/>\n(Soweit es keinen direkten Versand aus den betreffenden L\u00e4ndern gibt gelten die nachfolgenden Preise!)<\/p>\n<p>&nbsp;<\/p>\n<table border=\"1\" cellspacing=\"1\">\n<tbody>\n<tr class=\"\">\n<td rowspan=\"5\">\u00d6sterreich<br \/>\nTschech. Rep.<\/td>\n<td>Paket bis 2kg<\/td>\n<td>12,00 \u20ac<\/td>\n<\/tr>\n<tr class=\"\">\n<td>Paket bis 5kg<\/td>\n<td>14,00 \u20ac<\/td>\n<\/tr>\n<tr class=\"\">\n<td>Paket bis 10kg<\/td>\n<td>15,00 \u20ac<\/td>\n<\/tr>\n<tr class=\"\">\n<td>Paket bis 20kg<\/td>\n<td>20,00 \u20ac<\/td>\n<\/tr>\n<tr class=\"\">\n<td>Paket \u00fcber 20kg<\/td>\n<td>27,00 \u20ac<\/td>\n<\/tr>\n<\/tbody>\n<\/table>\n<p>&nbsp;<\/p>\n<table border=\"1\" cellspacing=\"1\">\n<tbody>\n<tr class=\"\">\n<td rowspan=\"5\">Belgien<br \/>\nPolen<br \/>\nSlowakei<br \/>\nSlovenien<br \/>\nKroatien<br \/>\nNiederlande<\/td>\n<td>Paket bis 2kg<\/td>\n<td>9,00 \u20ac<\/td>\n<\/tr>\n<tr class=\"\">\n<td>Paket bis 5kg<\/td>\n<td>14,00 \u20ac<\/td>\n<\/tr>\n<tr class=\"\">\n<td>Paket bis 10kg<\/td>\n<td>18,00 \u20ac<\/td>\n<\/tr>\n<tr class=\"\">\n<td>Paket bis 20kg<\/td>\n<td>22,00 \u20ac<\/td>\n<\/tr>\n<tr class=\"\">\n<td>Paket \u00fcber 20kg<\/td>\n<td>29,00 \u20ac<\/td>\n<\/tr>\n<\/tbody>\n<\/table>\n<p>&nbsp;<\/p>\n<table border=\"1\" cellspacing=\"1\">\n<tbody>\n<tr class=\"hover\">\n<td rowspan=\"5\">D\u00e4nemark<br \/>\nFrankreich<br \/>\nLuxemburg<br \/>\nSchweiz<br \/>\nItalien<br \/>\nUngarn<br \/>\nGriechenland<br \/>\nRum\u00e4nien<br \/>\nBulgarien<br \/>\nEstland<br \/>\nLettland<br \/>\nLitauen<br \/>\nFinland<br \/>\nIrland<br \/>\nNorwegen<br \/>\nPortugal<br \/>\nSchweden<br \/>\nSpanien<\/td>\n<td>Paket bis 2kg<\/td>\n<td>11,00 \u20ac<\/td>\n<\/tr>\n<tr class=\"\">\n<td>Paket bis 5kg<\/td>\n<td>16,00 \u20ac<\/td>\n<\/tr>\n<tr class=\"\">\n<td>Paket bis 10kg<\/td>\n<td>20,00 \u20ac<\/td>\n<\/tr>\n<tr>\n<td>Paket bis 20kg<\/td>\n<td>24,00 \u20ac<\/td>\n<\/tr>\n<tr class=\"\">\n<td>Paket \u00fcber 20kg<\/td>\n<td>32,00 \u20ac<\/td>\n<\/tr>\n<\/tbody>\n<\/table>\n<p>&nbsp;<\/p>\n<p>&nbsp;<\/p>\n<p><strong>Wir versenden mit DHL.<\/strong><\/p>\n<p>Bei Lieferungen in L\u00e4nder au\u00dferhalb der Europ\u00e4ischen Union k\u00f6nnen im Einzelfall weitere Kosten anfallen, die wir nicht zu vertreten haben und die von Ihnen zu tragen sind. Hierzu z\u00e4hlen beispielsweise Kosten f\u00fcr die Geld\u00fcbermittlung durch Kreditinstitute (z.B. \u00dcberweisungsgeb\u00fchren, Wechselkursgeb\u00fchren) oder einfuhrrechtliche Abgaben bzw. Steuern (z.B. Z\u00f6lle). Weitere Informationen finden Sie beispielsweise unter http:\/\/ec.europa.eu\/taxation_customs\/customs\/customs_duties\/index_de.htm und zur Einfuhrumsatzsteuer unter http:\/\/auskunft.ezt-online.de\/ezto\/Welcome.do sowie speziell f\u00fcr die Schweiz unter http:\/\/xtares.admin.ch\/tares\/login\/loginFormFiller.do.<strong>\u00a0<\/strong><\/p>\n<p><strong>In welche L\u00e4nder wird ein Versand angeboten ?<\/strong><\/p>\n<p>Wir liefern in folgende L\u00e4nder:<\/p>\n<p>EU1: Belgien, D\u00e4nemark, Irland, Niederlande, Polen und \u00d6sterreich<\/p>\n<p>EU2: Frankreich, Italien, Portugal und Spanien<\/p>\n<p>Int: Schweiz<\/p>\n\n\t\t<\/div>\n\t<\/div>\n<\/div><\/div><\/div><div class=\"wpb_column vc_column_container vc_col-sm-6\"><div class=\"vc_column-inner\"><div class=\"wpb_wrapper\">\n\t<div class=\"wpb_text_column wpb_content_element\" >\n\t\t<div class=\"wpb_wrapper\">\n\t\t\t<p>Zahlungsm\u00f6glichkeiten<\/p>\n<p>Sie haben folgende Zahlungsm\u00f6glichkeiten, abh\u00e4ngig von der Verf\u00fcgbarkeit je Land:<\/p>\n\n\t\t<\/div>\n\t<\/div>\n\n\t<div class=\"wpb_text_column wpb_content_element\" >\n\t\t<div class=\"wpb_wrapper\">\n\t\t\t<p><strong>Vorkasse<\/strong><\/p>\n<p>Mit dieser Zahlweise k\u00f6nnen Sie bequem direkt bei Ihrer Bank oder \u00fcber Ihr Online-Banking den Betrag einzahlen (zahlbar innerhalb von 14 Tagen). Der Versand erfolgt nach Eingang auf unserem Konto. Bis zum Eingang des Betrages auf unserem Konto gilt die Ware f\u00fcr Sie f\u00fcr max. 7 Tage reserviert. Eine Garantie f\u00fcr diese Reserviereung kann allerdings nicht vorgenommen werden, Irrt\u00fcmer vorbehalten. Sie erhalten bei der Bestellung per Vorkasse automatisch eine Auftragsbest\u00e4tigung per E-Mail. Bitte geben Sie bei \u00dcberweisungen als Verwendungszweck die darin enthaltenen Angaben ein.<\/p>\n\n\t\t<\/div>\n\t<\/div>\n\n\t<div class=\"wpb_text_column wpb_content_element\" >\n\t\t<div class=\"wpb_wrapper\">\n\t\t\t<p><strong>PayPal<\/strong><\/p>\n<p>Unkompliziert bezahlen mit Ihrem vorhandenen PayPal-Konto. So m\u00fcssen Sie Ihre Daten nicht erneut eingeben und k\u00f6nnen ganz einfach \u00fcber Ihr Konto bei PayPal Ihre Bestellung begleichen.<\/p>\n<p>&nbsp;<\/p>\n<p><strong>Klarna\u00a0<\/strong><\/p>\n<p>Klarna bietet Ihnen flexible Zahlungsm\u00f6glichkeiten, damit Sie Ihren Einkauf ganz nach Ihren W\u00fcnschen gestalten k\u00f6nnen. W\u00e4hlen Sie einfach Klarna an der Kasse aus und entscheiden Sie selbst, wie Sie am liebsten bezahlen m\u00f6chten:<br \/>\n* Rechnung: Kaufen Sie jetzt und bezahlen Sie sp\u00e4ter \u2013 ganz entspannt innerhalb von 30 Tagen.<br \/>\n* Ratenkauf: Teilen Sie Ihre Zahlung in flexible monatliche Raten auf.<br \/>\n* Sofort\u00fcberweisung: Bezahlen Sie direkt und schnell mit Ihren Online-Banking-Daten.<\/p>\n\n\t\t<\/div>\n\t<\/div>\n<\/div><\/div><\/div><\/div>\n<\/div>","protected":false},"excerpt":{"rendered":"<p>Verpackung und Versand Lieferzeit? Sobald eine Bestellung bezahlt ist, versenden wir diese generell noch am Tag der Bezahlung oder am darauffolgenden Werktag. Die Lieferung innerhalb von Deutschland \u00fcber unsere Versand-Dienstleister dauert aktuell zwischen 1-5 Werktage. Die Lieferung au\u00dferhalb von Deutschland \u00fcber unsere Versand-Dienstleister dauert aktuell zwischen 3-8 Werktage. Deutschland Versandkosten: 6,20 \u20ac Ab einem Bestellwert&hellip;<\/p>","protected":false},"author":1,"featured_media":0,"parent":0,"menu_order":0,"comment_status":"closed","ping_status":"closed","template":"","meta":{"footnotes":""},"class_list":["post-2664","page","type-page","status-publish","hentry","description-off"],"yoast_head":"<!-- This site is optimized with the Yoast SEO plugin v27.2 - https:\/\/yoast.com\/product\/yoast-seo-wordpress\/ -->\n<title>Zahlung und Versand - aunity Partnershop<\/title>\n<meta name=\"robots\" content=\"index, follow, max-snippet:-1, max-image-preview:large, max-video-preview:-1\" \/>\n<link rel=\"canonical\" href=\"https:\/\/www.aunityshop.de\/ru\/zahlung-versand\/\" \/>\n<meta property=\"og:locale\" content=\"ru_RU\" \/>\n<meta property=\"og:type\" content=\"article\" \/>\n<meta property=\"og:title\" content=\"Zahlung und Versand - aunity Partnershop\" \/>\n<meta property=\"og:url\" content=\"https:\/\/www.aunityshop.de\/ru\/zahlung-versand\/\" \/>\n<meta property=\"og:site_name\" content=\"aunity Partnershop\" \/>\n<meta property=\"article:modified_time\" content=\"2025-10-02T07:20:03+00:00\" \/>\n<meta name=\"twitter:card\" content=\"summary_large_image\" \/>\n<meta name=\"twitter:label1\" content=\"\u041f\u0440\u0438\u043c\u0435\u0440\u043d\u043e\u0435 \u0432\u0440\u0435\u043c\u044f \u0434\u043b\u044f \u0447\u0442\u0435\u043d\u0438\u044f\" \/>\n\t<meta name=\"twitter:data1\" content=\"3 \u043c\u0438\u043d\u0443\u0442\u044b\" \/>\n<script type=\"application\/ld+json\" class=\"yoast-schema-graph\">{\"@context\":\"https:\/\/schema.org\",\"@graph\":[{\"@type\":\"WebPage\",\"@id\":\"https:\/\/www.aunityshop.de\/zahlung-versand\/\",\"url\":\"https:\/\/www.aunityshop.de\/zahlung-versand\/\",\"name\":\"Zahlung und Versand - aunity Partnershop\",\"isPartOf\":{\"@id\":\"https:\/\/www.aunityshop.de\/#website\"},\"datePublished\":\"2025-09-23T08:38:07+00:00\",\"dateModified\":\"2025-10-02T07:20:03+00:00\",\"breadcrumb\":{\"@id\":\"https:\/\/www.aunityshop.de\/zahlung-versand\/#breadcrumb\"},\"inLanguage\":\"ru-RU\",\"potentialAction\":[{\"@type\":\"ReadAction\",\"target\":[\"https:\/\/www.aunityshop.de\/zahlung-versand\/\"]}]},{\"@type\":\"BreadcrumbList\",\"@id\":\"https:\/\/www.aunityshop.de\/zahlung-versand\/#breadcrumb\",\"itemListElement\":[{\"@type\":\"ListItem\",\"position\":1,\"name\":\"Start\",\"item\":\"https:\/\/www.aunityshop.de\/\"},{\"@type\":\"ListItem\",\"position\":2,\"name\":\"Zahlung und Versand\"}]},{\"@type\":\"WebSite\",\"@id\":\"https:\/\/www.aunityshop.de\/#website\",\"url\":\"https:\/\/www.aunityshop.de\/\",\"name\":\"aunity Partnershop\",\"description\":\"Kraftvolle Gesundheit | Nahrungserg\u00e4nzung Kosmetik Aqua Balance Wasserfilter Anion Damenbinden Slipeinlagen\",\"potentialAction\":[{\"@type\":\"SearchAction\",\"target\":{\"@type\":\"EntryPoint\",\"urlTemplate\":\"https:\/\/www.aunityshop.de\/?s={search_term_string}\"},\"query-input\":{\"@type\":\"PropertyValueSpecification\",\"valueRequired\":true,\"valueName\":\"search_term_string\"}}],\"inLanguage\":\"ru-RU\"}]}<\/script>\n<!-- \/ Yoast SEO plugin. -->","yoast_head_json":{"title":"Zahlung und Versand - aunity Partnershop","robots":{"index":"index","follow":"follow","max-snippet":"max-snippet:-1","max-image-preview":"max-image-preview:large","max-video-preview":"max-video-preview:-1"},"canonical":"https:\/\/www.aunityshop.de\/ru\/zahlung-versand\/","og_locale":"ru_RU","og_type":"article","og_title":"Zahlung und Versand - aunity Partnershop","og_url":"https:\/\/www.aunityshop.de\/ru\/zahlung-versand\/","og_site_name":"aunity Partnershop","article_modified_time":"2025-10-02T07:20:03+00:00","twitter_card":"summary_large_image","twitter_misc":{"\u041f\u0440\u0438\u043c\u0435\u0440\u043d\u043e\u0435 \u0432\u0440\u0435\u043c\u044f \u0434\u043b\u044f \u0447\u0442\u0435\u043d\u0438\u044f":"3 \u043c\u0438\u043d\u0443\u0442\u044b"},"schema":{"@context":"https:\/\/schema.org","@graph":[{"@type":"WebPage","@id":"https:\/\/www.aunityshop.de\/zahlung-versand\/","url":"https:\/\/www.aunityshop.de\/zahlung-versand\/","name":"Zahlung und Versand - aunity Partnershop","isPartOf":{"@id":"https:\/\/www.aunityshop.de\/#website"},"datePublished":"2025-09-23T08:38:07+00:00","dateModified":"2025-10-02T07:20:03+00:00","breadcrumb":{"@id":"https:\/\/www.aunityshop.de\/zahlung-versand\/#breadcrumb"},"inLanguage":"ru-RU","potentialAction":[{"@type":"ReadAction","target":["https:\/\/www.aunityshop.de\/zahlung-versand\/"]}]},{"@type":"BreadcrumbList","@id":"https:\/\/www.aunityshop.de\/zahlung-versand\/#breadcrumb","itemListElement":[{"@type":"ListItem","position":1,"name":"Start","item":"https:\/\/www.aunityshop.de\/"},{"@type":"ListItem","position":2,"name":"Zahlung und Versand"}]},{"@type":"WebSite","@id":"https:\/\/www.aunityshop.de\/#website","url":"https:\/\/www.aunityshop.de\/","name":"aunity Partnershop","description":"Kraftvolle Gesundheit | Nahrungserg\u00e4nzung Kosmetik Aqua Balance Wasserfilter Anion Damenbinden Slipeinlagen","potentialAction":[{"@type":"SearchAction","target":{"@type":"EntryPoint","urlTemplate":"https:\/\/www.aunityshop.de\/?s={search_term_string}"},"query-input":{"@type":"PropertyValueSpecification","valueRequired":true,"valueName":"search_term_string"}}],"inLanguage":"ru-RU"}]}},"_links":{"self":[{"href":"https:\/\/www.aunityshop.de\/ru\/wp-json\/wp\/v2\/pages\/2664","targetHints":{"allow":["GET"]}}],"collection":[{"href":"https:\/\/www.aunityshop.de\/ru\/wp-json\/wp\/v2\/pages"}],"about":[{"href":"https:\/\/www.aunityshop.de\/ru\/wp-json\/wp\/v2\/types\/page"}],"author":[{"embeddable":true,"href":"https:\/\/www.aunityshop.de\/ru\/wp-json\/wp\/v2\/users\/1"}],"replies":[{"embeddable":true,"href":"https:\/\/www.aunityshop.de\/ru\/wp-json\/wp\/v2\/comments?post=2664"}],"version-history":[{"count":19,"href":"https:\/\/www.aunityshop.de\/ru\/wp-json\/wp\/v2\/pages\/2664\/revisions"}],"predecessor-version":[{"id":4295,"href":"https:\/\/www.aunityshop.de\/ru\/wp-json\/wp\/v2\/pages\/2664\/revisions\/4295"}],"wp:attachment":[{"href":"https:\/\/www.aunityshop.de\/ru\/wp-json\/wp\/v2\/media?parent=2664"}],"curies":[{"name":"wp","href":"https:\/\/api.w.org\/{rel}","templated":true}]}}