{"id":2732,"date":"2025-09-24T10:12:38","date_gmt":"2025-09-24T08:12:38","guid":{"rendered":"http:\/\/wp11092421.server-he.de\/pader-med\/?page_id=2732"},"modified":"2025-11-10T09:54:06","modified_gmt":"2025-11-10T08:54:06","slug":"aqua-balance","status":"publish","type":"page","link":"https:\/\/www.aunityshop.de\/ru\/aqua-balance\/","title":{"rendered":"Aqua Balance III"},"content":{"rendered":"<div class=\"wpb-content-wrapper\"><div class=\"vc_row wpb_row vc_row-fluid\"><div class=\"wpb_column vc_column_container vc_col-sm-12\"><div class=\"vc_column-inner\"><div class=\"wpb_wrapper\">\n\t<div class=\"wpb_video_widget wpb_content_element vc_clearfix   vc_video-aspect-ratio-169 vc_video-el-width-100 vc_video-align-left\" >\n\t\t<div class=\"wpb_wrapper\">\n\t\t\t\n\t\t\t<div class=\"wpb_video_wrapper\"><iframe loading=\"lazy\" hcb-fetch-image-from=\"https:\/\/www.youtube.com\/watch?v=wYnURi8ZM9g\" title=\"AQUA BALANCE II Bedienungsanleitung\" width=\"500\" height=\"281\" src=\"https:\/\/www.youtube.com\/embed\/wYnURi8ZM9g?feature=oembed\" frameborder=\"0\" allow=\"accelerometer; autoplay; clipboard-write; encrypted-media; gyroscope; picture-in-picture; web-share\" referrerpolicy=\"strict-origin-when-cross-origin\" allowfullscreen><\/iframe><\/div>\n\t\t<\/div>\n\t<\/div>\n<\/div><\/div><\/div><\/div><div class=\"vc_row wpb_row vc_row-fluid\"><div class=\"wpb_column vc_column_container vc_col-sm-4\"><div class=\"vc_column-inner\"><div class=\"wpb_wrapper\">\n\t<div class=\"wpb_text_column wpb_content_element\" >\n\t\t<div class=\"wpb_wrapper\">\n\t\t\t<h2>Aqua Balance II<\/h2>\n<p><strong>Unwiederstehlich im Geschmack \u2013 Einzigartig im Design \u2013 Preis\/Leistungs Held im Wasserfiltersegment<\/strong><\/p>\n\n\t\t<\/div>\n\t<\/div>\n<\/div><\/div><\/div><div class=\"wpb_column vc_column_container vc_col-sm-4\"><div class=\"vc_column-inner\"><div class=\"wpb_wrapper\">\n\t<div class=\"wpb_text_column wpb_content_element\" >\n\t\t<div class=\"wpb_wrapper\">\n\t\t\t<h2>Wissenswertes<\/h2>\n<p><strong>Drei hochwertige Filter plus Str\u00f6mungskammer zur Energetisierung des Wassers \u2013 4 Stufen Temperatureinstellung inkl. Wasserkochfunktion<\/strong><\/p>\n\n\t\t<\/div>\n\t<\/div>\n<\/div><\/div><\/div><div class=\"wpb_column vc_column_container vc_col-sm-4\"><div class=\"vc_column-inner\"><div class=\"wpb_wrapper\">\n\t<div class=\"wpb_text_column wpb_content_element\" >\n\t\t<div class=\"wpb_wrapper\">\n\t\t\t<h2>Anwendungsgebiete<\/h2>\n<p><strong>Egal ob zu Hause, im B\u00fcro oder im Urlaub, der Aqua Balance II zeigt \u00fcberall seine St\u00e4rken. Gesundes Wasser immer und \u00fcberall.<\/strong><\/p>\n\n\t\t<\/div>\n\t<\/div>\n<\/div><\/div><\/div><\/div><div class=\"vc_row wpb_row vc_row-fluid\"><div class=\"wpb_column vc_column_container vc_col-sm-6\"><div class=\"vc_column-inner\"><div class=\"wpb_wrapper\">\n\t<div class=\"wpb_text_column wpb_content_element\" >\n\t\t<div class=\"wpb_wrapper\">\n\t\t\t<h1>Vorteile des Aqua Balance II<\/h1>\n\n\t\t<\/div>\n\t<\/div>\n\n\t<div class=\"wpb_text_column wpb_content_element\" >\n\t\t<div class=\"wpb_wrapper\">\n\t\t\t<p><strong>Wasserversorgung:<\/strong><br \/>\nMit dem Aqua Balance haben Sie jederzeit ein sehr g\u00fcnstiges, gesundes und leckeres Trinkwasser, egal wo Sie sind.<\/p>\n<p><strong>Filterung:<\/strong><br \/>\nS\u00e4mtliche Stoffe die nicht in ein gutes Trinkwasser geh\u00f6ren werden zu 99% gefiltert. Stoffe die Laut Trinkwasserverordnung (TVO) gesundheitlich &#8222;nicht&#8220; bedenklich sind wie z.B. Hormone oder Arzneimittelr\u00fcckst\u00e4nde etc. werden ebenfalls erfolgreich gefiltert und \u00fcber die Abwasserfunktion des ABII ausgesp\u00fchlt.<\/p>\n<p><strong>Multifunktionstalent<br \/>\n<\/strong>Einstellung f\u00fcr Genie\u00dfer:<\/p>\n<p>25\u00b0C f\u00fcr gesundes geschmackvolles Trinkwasser<br \/>\n60\u00b0C Temperatureinstellung f\u00fcr Babynahrung<br \/>\n85\u00b0C f\u00fcr Tee-Liebhaber<br \/>\n100\u00b0C Kochfunktion f\u00fcr Kaffee\/Instantfoods<\/p>\n<p><strong>Spar Fuchs<br \/>\n<\/strong>Die sparsamste L\u00f6sung f\u00fcr Sie und Ihre Familie. Sie sparen aber nicht nur Geld, auch das nervige einkaufen und Pfand wegbringen f\u00e4llt weg.<\/p>\n<p><strong>Service<br \/>\n<\/strong>Made in Germany | 24 Monate Garantie | Service und Reparatur in DE<\/p>\n\n\t\t<\/div>\n\t<\/div>\n<\/div><\/div><\/div><div class=\"wpb_column vc_column_container vc_col-sm-6\"><div class=\"vc_column-inner\"><div class=\"wpb_wrapper\"><div class=\"vc_empty_space\"   style=\"height: 32px\"><span class=\"vc_empty_space_inner\"><\/span><\/div>\n\t<div class=\"wpb_text_column wpb_content_element\" >\n\t\t<div class=\"wpb_wrapper\">\n\t\t\t<p><a href=\"https:\/\/www.aunityshop.de\/ru\/product\/aqua-balance-trinkwasserfilter\/\"><img loading=\"lazy\" decoding=\"async\" class=\"alignnone wp-image-2757 size-full\" src=\"https:\/\/www.aunityshop.de\/wp-content\/uploads\/2019\/09\/DropletsWater.jpg\" alt=\"aqua balance padermed wasserfilter system\" width=\"1200\" height=\"1322\" srcset=\"https:\/\/www.aunityshop.de\/wp-content\/uploads\/2019\/09\/DropletsWater.jpg 1200w, https:\/\/www.aunityshop.de\/wp-content\/uploads\/2019\/09\/DropletsWater-600x661.jpg 600w, https:\/\/www.aunityshop.de\/wp-content\/uploads\/2019\/09\/DropletsWater-272x300.jpg 272w, https:\/\/www.aunityshop.de\/wp-content\/uploads\/2019\/09\/DropletsWater-768x846.jpg 768w, https:\/\/www.aunityshop.de\/wp-content\/uploads\/2019\/09\/DropletsWater-930x1024.jpg 930w, https:\/\/www.aunityshop.de\/wp-content\/uploads\/2019\/09\/DropletsWater-860x947.jpg 860w, https:\/\/www.aunityshop.de\/wp-content\/uploads\/2019\/09\/DropletsWater-96x105.jpg 96w\" sizes=\"auto, (max-width: 1200px) 100vw, 1200px\" \/><\/a><\/p>\n\n\t\t<\/div>\n\t<\/div>\n<\/div><\/div><\/div><\/div><div class=\"vc_row wpb_row vc_row-fluid\"><div class=\"wpb_column vc_column_container vc_col-sm-2\"><div class=\"vc_column-inner\"><div class=\"wpb_wrapper\"><div class=\"vc_icon_element vc_icon_element-outer vc_do_icon vc_icon_element-align-center\"><div class=\"vc_icon_element-inner vc_icon_element-color-blue vc_icon_element-size-md vc_icon_element-style- vc_icon_element-background-color-grey\" ><span class=\"vc_icon_element-icon fa fa-regular fa-thumbs-up\" ><\/span><\/div><\/div>\n\t<div class=\"wpb_text_column wpb_content_element\" >\n\t\t<div class=\"wpb_wrapper\">\n\t\t\t<h4 style=\"text-align: center;\">ohne Weichmacher<\/h4>\n\n\t\t<\/div>\n\t<\/div>\n<\/div><\/div><\/div><div class=\"wpb_column vc_column_container vc_col-sm-2\"><div class=\"vc_column-inner\"><div class=\"wpb_wrapper\"><div class=\"vc_icon_element vc_icon_element-outer vc_do_icon vc_icon_element-align-center\"><div class=\"vc_icon_element-inner vc_icon_element-color-blue vc_icon_element-size-md vc_icon_element-style- vc_icon_element-background-color-grey\" ><span class=\"vc_icon_element-icon fa fa-regular fa-thumbs-up\" ><\/span><\/div><\/div>\n\t<div class=\"wpb_text_column wpb_content_element\" >\n\t\t<div class=\"wpb_wrapper\">\n\t\t\t<h4 style=\"text-align: center;\">ohne Halogene<\/h4>\n\n\t\t<\/div>\n\t<\/div>\n<\/div><\/div><\/div><div class=\"wpb_column vc_column_container vc_col-sm-2\"><div class=\"vc_column-inner\"><div class=\"wpb_wrapper\"><div class=\"vc_icon_element vc_icon_element-outer vc_do_icon vc_icon_element-align-center\"><div class=\"vc_icon_element-inner vc_icon_element-color-blue vc_icon_element-size-md vc_icon_element-style- vc_icon_element-background-color-grey\" ><span class=\"vc_icon_element-icon fa fa-regular fa-thumbs-up\" ><\/span><\/div><\/div>\n\t<div class=\"wpb_text_column wpb_content_element\" >\n\t\t<div class=\"wpb_wrapper\">\n\t\t\t<h4 style=\"text-align: center;\">ohne Vulkanisierungschemikalien<\/h4>\n\n\t\t<\/div>\n\t<\/div>\n<\/div><\/div><\/div><div class=\"wpb_column vc_column_container vc_col-sm-2\"><div class=\"vc_column-inner\"><div class=\"wpb_wrapper\"><div class=\"vc_icon_element vc_icon_element-outer vc_do_icon vc_icon_element-align-center\"><div class=\"vc_icon_element-inner vc_icon_element-color-blue vc_icon_element-size-md vc_icon_element-style- vc_icon_element-background-color-grey\" ><span class=\"vc_icon_element-icon fa fa-regular fa-thumbs-up\" ><\/span><\/div><\/div>\n\t<div class=\"wpb_text_column wpb_content_element\" >\n\t\t<div class=\"wpb_wrapper\">\n\t\t\t<h4 style=\"text-align: center;\">ohne Silikon<\/h4>\n\n\t\t<\/div>\n\t<\/div>\n<\/div><\/div><\/div><div class=\"wpb_column vc_column_container vc_col-sm-2\"><div class=\"vc_column-inner\"><div class=\"wpb_wrapper\"><div class=\"vc_icon_element vc_icon_element-outer vc_do_icon vc_icon_element-align-center\"><div class=\"vc_icon_element-inner vc_icon_element-color-blue vc_icon_element-size-md vc_icon_element-style- vc_icon_element-background-color-grey\" ><span class=\"vc_icon_element-icon fa fa-regular fa-thumbs-up\" ><\/span><\/div><\/div>\n\t<div class=\"wpb_text_column wpb_content_element\" >\n\t\t<div class=\"wpb_wrapper\">\n\t\t\t<h4 style=\"text-align: center;\">keine Schwermetalle<\/h4>\n\n\t\t<\/div>\n\t<\/div>\n<\/div><\/div><\/div><div class=\"wpb_column vc_column_container vc_col-sm-2\"><div class=\"vc_column-inner\"><div class=\"wpb_wrapper\"><div class=\"vc_icon_element vc_icon_element-outer vc_do_icon vc_icon_element-align-center\"><div class=\"vc_icon_element-inner vc_icon_element-color-blue vc_icon_element-size-md vc_icon_element-style- vc_icon_element-background-color-grey\" ><span class=\"vc_icon_element-icon fa fa-regular fa-thumbs-up\" ><\/span><\/div><\/div>\n\t<div class=\"wpb_text_column wpb_content_element\" >\n\t\t<div class=\"wpb_wrapper\">\n\t\t\t<h4 style=\"text-align: center;\">keine l\u00f6slichen Bestandteile<\/h4>\n\n\t\t<\/div>\n\t<\/div>\n<\/div><\/div><\/div><\/div><div class=\"vc_row wpb_row vc_row-fluid\"><div class=\"wpb_column vc_column_container vc_col-sm-12\"><div class=\"vc_column-inner\"><div class=\"wpb_wrapper\"><div class=\"vc_empty_space\"   style=\"height: 32px\"><span class=\"vc_empty_space_inner\"><\/span><\/div><\/div><\/div><\/div><\/div><div class=\"vc_row wpb_row vc_row-fluid\"><div class=\"wpb_column vc_column_container vc_col-sm-3\"><div class=\"vc_column-inner\"><div class=\"wpb_wrapper\">\n\t<div class=\"wpb_video_widget wpb_content_element vc_clearfix   vc_video-aspect-ratio-169 vc_video-el-width-100 vc_video-align-left\" >\n\t\t<div class=\"wpb_wrapper\">\n\t\t\t\n\t\t\t<div class=\"wpb_video_wrapper\"><iframe loading=\"lazy\" hcb-fetch-image-from=\"https:\/\/www.youtube.com\/watch?v=CTBCxYUdjM8\" title=\"Trinkwasser eine saubere Sache? - ARD Plusminus\" width=\"500\" height=\"281\" src=\"https:\/\/www.youtube.com\/embed\/CTBCxYUdjM8?feature=oembed\" frameborder=\"0\" allow=\"accelerometer; autoplay; clipboard-write; encrypted-media; gyroscope; picture-in-picture; web-share\" referrerpolicy=\"strict-origin-when-cross-origin\" allowfullscreen><\/iframe><\/div>\n\t\t<\/div>\n\t<\/div>\n<div class=\"vc_empty_space\"   style=\"height: 12px\"><span class=\"vc_empty_space_inner\"><\/span><\/div>\n\t<div class=\"wpb_video_widget wpb_content_element vc_clearfix   vc_video-aspect-ratio-169 vc_video-el-width-100 vc_video-align-left\" >\n\t\t<div class=\"wpb_wrapper\">\n\t\t\t\n\t\t\t<div class=\"wpb_video_wrapper\"><iframe loading=\"lazy\" hcb-fetch-image-from=\"https:\/\/www.youtube.com\/watch?v=rgq5ZhPBzMo\" title=\"Frontal 21 - die schlechte Qualit\u00e4t des Leitungswasser\" width=\"500\" height=\"281\" src=\"https:\/\/www.youtube.com\/embed\/rgq5ZhPBzMo?feature=oembed\" frameborder=\"0\" allow=\"accelerometer; autoplay; clipboard-write; encrypted-media; gyroscope; picture-in-picture; web-share\" referrerpolicy=\"strict-origin-when-cross-origin\" allowfullscreen><\/iframe><\/div>\n\t\t<\/div>\n\t<\/div>\n<div class=\"vc_empty_space\"   style=\"height: 12px\"><span class=\"vc_empty_space_inner\"><\/span><\/div>\n\t<div class=\"wpb_video_widget wpb_content_element vc_clearfix   vc_video-aspect-ratio-169 vc_video-el-width-100 vc_video-align-left\" >\n\t\t<div class=\"wpb_wrapper\">\n\t\t\t\n\t\t\t<div class=\"wpb_video_wrapper\"><iframe loading=\"lazy\" hcb-fetch-image-from=\"https:\/\/www.youtube.com\/watch?v=OAmb05Vr1Y0\" title=\"Wassertest Plusminus ARD\" width=\"413\" height=\"310\" src=\"https:\/\/www.youtube.com\/embed\/OAmb05Vr1Y0?feature=oembed\" frameborder=\"0\" allow=\"accelerometer; autoplay; clipboard-write; encrypted-media; gyroscope; picture-in-picture; web-share\" referrerpolicy=\"strict-origin-when-cross-origin\" allowfullscreen><\/iframe><\/div>\n\t\t<\/div>\n\t<\/div>\n<\/div><\/div><\/div><div class=\"wpb_column vc_column_container vc_col-sm-3\"><div class=\"vc_column-inner\"><div class=\"wpb_wrapper\">\n\t<div class=\"wpb_video_widget wpb_content_element vc_clearfix   vc_video-aspect-ratio-169 vc_video-el-width-100 vc_video-align-left\" >\n\t\t<div class=\"wpb_wrapper\">\n\t\t\t\n\t\t\t<div class=\"wpb_video_wrapper\"><iframe loading=\"lazy\" hcb-fetch-image-from=\"https:\/\/www.youtube.com\/watch?v=AcPRJLXigqo\" title=\"Nitratbelastung im Grundwasser: Umwelthilfe verklagt Bundesrepublik\" width=\"500\" height=\"281\" src=\"https:\/\/www.youtube.com\/embed\/AcPRJLXigqo?feature=oembed\" frameborder=\"0\" allow=\"accelerometer; autoplay; clipboard-write; encrypted-media; gyroscope; picture-in-picture; web-share\" referrerpolicy=\"strict-origin-when-cross-origin\" allowfullscreen><\/iframe><\/div>\n\t\t<\/div>\n\t<\/div>\n<div class=\"vc_empty_space\"   style=\"height: 12px\"><span class=\"vc_empty_space_inner\"><\/span><\/div>\n\t<div class=\"wpb_video_widget wpb_content_element vc_clearfix   vc_video-aspect-ratio-169 vc_video-el-width-100 vc_video-align-left\" >\n\t\t<div class=\"wpb_wrapper\">\n\t\t\t\n\t\t\t<div class=\"wpb_video_wrapper\"><iframe loading=\"lazy\" hcb-fetch-image-from=\"https:\/\/www.youtube.com\/watch?v=ws3P2hSOsMI\" title=\"ZDF 21.06.2018 EuGH verklagt Deutschland wegen zu hoher Nitratwerte im Grundwasser\" width=\"413\" height=\"310\" src=\"https:\/\/www.youtube.com\/embed\/ws3P2hSOsMI?feature=oembed\" frameborder=\"0\" allow=\"accelerometer; autoplay; clipboard-write; encrypted-media; gyroscope; picture-in-picture; web-share\" referrerpolicy=\"strict-origin-when-cross-origin\" allowfullscreen><\/iframe><\/div>\n\t\t<\/div>\n\t<\/div>\n<div class=\"vc_empty_space\"   style=\"height: 12px\"><span class=\"vc_empty_space_inner\"><\/span><\/div>\n\t<div class=\"wpb_video_widget wpb_content_element vc_clearfix   vc_video-aspect-ratio-169 vc_video-el-width-100 vc_video-align-left\" >\n\t\t<div class=\"wpb_wrapper\">\n\t\t\t\n\t\t\t<div class=\"wpb_video_wrapper\"><iframe loading=\"lazy\" hcb-fetch-image-from=\"https:\/\/www.youtube.com\/watch?v=5aA--xOObQ4\" title=\"ARD Tagesschau Nitratbelastung im Grund- und Trinkwasser\" width=\"500\" height=\"281\" src=\"https:\/\/www.youtube.com\/embed\/5aA--xOObQ4?feature=oembed\" frameborder=\"0\" allow=\"accelerometer; autoplay; clipboard-write; encrypted-media; gyroscope; picture-in-picture; web-share\" referrerpolicy=\"strict-origin-when-cross-origin\" allowfullscreen><\/iframe><\/div>\n\t\t<\/div>\n\t<\/div>\n<\/div><\/div><\/div><div class=\"wpb_column vc_column_container vc_col-sm-6\"><div class=\"vc_column-inner\"><div class=\"wpb_wrapper\">\n\t<div class=\"wpb_text_column wpb_content_element\" >\n\t\t<div class=\"wpb_wrapper\">\n\t\t\t<h2>Anwendungsgebiete Aqua Balance Wasserfilter<\/h2>\n\n\t\t<\/div>\n\t<\/div>\n\n\t<div class=\"wpb_text_column wpb_content_element\" >\n\t\t<div class=\"wpb_wrapper\">\n\t\t\t<p>Anwendungsgebiete f\u00fcr den Aqua Balance II:<\/p>\n<p><strong>F\u00fcr zu Hause:<\/strong><br \/>\nTrinkwasserversorgung f\u00fcr die ganze Familie<\/p>\n<p><strong>B\u00fcro\/Arbeitsstelle:<\/strong><br \/>\nf\u00fcr die Mitarbeiter oder Kunden<\/p>\n<p><strong>Im Urlaub (Bsp. Wohnmobil\/Campen):<\/strong><br \/>\nTesturteil \u2013 Spitze!<\/p>\n<p><strong>F\u00fcr Messen aller Art:<\/strong><br \/>\n(Bedienen sie Ihren Kunden mit Wasser\/Tee\/Kaffee)<\/p>\n<p><strong>und \u00fcberall dort wo gesundes &amp; geschmackvolles Wasser ben\u00f6tigt w<\/strong>ird<\/p>\n\n\t\t<\/div>\n\t<\/div>\n<\/div><\/div><\/div><\/div><div class=\"vc_row wpb_row vc_row-fluid\"><div class=\"wpb_column vc_column_container vc_col-sm-12\"><div class=\"vc_column-inner\"><div class=\"wpb_wrapper\">\n\t<div class=\"wpb_text_column wpb_content_element\" >\n\t\t<div class=\"wpb_wrapper\">\n\t\t\t<p>JETZT AQUA BALANCE WASSERFILTER UND ZUBEH\u00d6R KAUFEN<\/p>\n\n\t\t<\/div>\n\t<\/div>\n<\/div><\/div><\/div><\/div>\n<\/div>","protected":false},"excerpt":{"rendered":"<p>Aqua Balance II Unwiederstehlich im Geschmack \u2013 Einzigartig im Design \u2013 Preis\/Leistungs Held im Wasserfiltersegment Wissenswertes Drei hochwertige Filter plus Str\u00f6mungskammer zur Energetisierung des Wassers \u2013 4 Stufen Temperatureinstellung inkl. Wasserkochfunktion Anwendungsgebiete Egal ob zu Hause, im B\u00fcro oder im Urlaub, der Aqua Balance II zeigt \u00fcberall seine St\u00e4rken. Gesundes Wasser immer und \u00fcberall. Vorteile&hellip;<\/p>","protected":false},"author":1,"featured_media":0,"parent":0,"menu_order":0,"comment_status":"closed","ping_status":"closed","template":"","meta":{"footnotes":""},"class_list":["post-2732","page","type-page","status-publish","hentry","description-off"],"yoast_head":"<!-- This site is optimized with the Yoast SEO plugin v27.2 - https:\/\/yoast.com\/product\/yoast-seo-wordpress\/ -->\n<title>Aqua Balance III - aunity Partnershop<\/title>\n<meta name=\"robots\" content=\"index, follow, max-snippet:-1, max-image-preview:large, max-video-preview:-1\" \/>\n<link rel=\"canonical\" href=\"https:\/\/www.aunityshop.de\/ru\/aqua-balance\/\" \/>\n<meta property=\"og:locale\" content=\"ru_RU\" \/>\n<meta property=\"og:type\" content=\"article\" \/>\n<meta property=\"og:title\" content=\"Aqua Balance III - aunity Partnershop\" \/>\n<meta property=\"og:url\" content=\"https:\/\/www.aunityshop.de\/ru\/aqua-balance\/\" \/>\n<meta property=\"og:site_name\" content=\"aunity Partnershop\" \/>\n<meta property=\"article:modified_time\" content=\"2025-11-10T08:54:06+00:00\" \/>\n<meta property=\"og:image\" content=\"https:\/\/www.aunityshop.de\/wp-content\/uploads\/2019\/09\/DropletsWater.jpg\" \/>\n\t<meta property=\"og:image:width\" content=\"1200\" \/>\n\t<meta property=\"og:image:height\" content=\"1322\" \/>\n\t<meta property=\"og:image:type\" content=\"image\/jpeg\" \/>\n<meta name=\"twitter:card\" content=\"summary_large_image\" \/>\n<meta name=\"twitter:label1\" content=\"\u041f\u0440\u0438\u043c\u0435\u0440\u043d\u043e\u0435 \u0432\u0440\u0435\u043c\u044f \u0434\u043b\u044f \u0447\u0442\u0435\u043d\u0438\u044f\" \/>\n\t<meta name=\"twitter:data1\" content=\"3 \u043c\u0438\u043d\u0443\u0442\u044b\" \/>\n<script type=\"application\/ld+json\" class=\"yoast-schema-graph\">{\"@context\":\"https:\/\/schema.org\",\"@graph\":[{\"@type\":\"WebPage\",\"@id\":\"https:\/\/www.aunityshop.de\/aqua-balance\/\",\"url\":\"https:\/\/www.aunityshop.de\/aqua-balance\/\",\"name\":\"Aqua Balance III - aunity Partnershop\",\"isPartOf\":{\"@id\":\"https:\/\/www.aunityshop.de\/#website\"},\"primaryImageOfPage\":{\"@id\":\"https:\/\/www.aunityshop.de\/aqua-balance\/#primaryimage\"},\"image\":{\"@id\":\"https:\/\/www.aunityshop.de\/aqua-balance\/#primaryimage\"},\"thumbnailUrl\":\"https:\/\/www.aunityshop.de\/wp-content\/uploads\/2019\/09\/DropletsWater.jpg\",\"datePublished\":\"2025-09-24T08:12:38+00:00\",\"dateModified\":\"2025-11-10T08:54:06+00:00\",\"breadcrumb\":{\"@id\":\"https:\/\/www.aunityshop.de\/aqua-balance\/#breadcrumb\"},\"inLanguage\":\"ru-RU\",\"potentialAction\":[{\"@type\":\"ReadAction\",\"target\":[\"https:\/\/www.aunityshop.de\/aqua-balance\/\"]}]},{\"@type\":\"ImageObject\",\"inLanguage\":\"ru-RU\",\"@id\":\"https:\/\/www.aunityshop.de\/aqua-balance\/#primaryimage\",\"url\":\"https:\/\/www.aunityshop.de\/wp-content\/uploads\/2019\/09\/DropletsWater.jpg\",\"contentUrl\":\"https:\/\/www.aunityshop.de\/wp-content\/uploads\/2019\/09\/DropletsWater.jpg\"},{\"@type\":\"BreadcrumbList\",\"@id\":\"https:\/\/www.aunityshop.de\/aqua-balance\/#breadcrumb\",\"itemListElement\":[{\"@type\":\"ListItem\",\"position\":1,\"name\":\"Start\",\"item\":\"https:\/\/www.aunityshop.de\/\"},{\"@type\":\"ListItem\",\"position\":2,\"name\":\"Aqua Balance III\"}]},{\"@type\":\"WebSite\",\"@id\":\"https:\/\/www.aunityshop.de\/#website\",\"url\":\"https:\/\/www.aunityshop.de\/\",\"name\":\"aunity Partnershop\",\"description\":\"Kraftvolle Gesundheit | Nahrungserg\u00e4nzung Kosmetik Aqua Balance Wasserfilter Anion Damenbinden Slipeinlagen\",\"potentialAction\":[{\"@type\":\"SearchAction\",\"target\":{\"@type\":\"EntryPoint\",\"urlTemplate\":\"https:\/\/www.aunityshop.de\/?s={search_term_string}\"},\"query-input\":{\"@type\":\"PropertyValueSpecification\",\"valueRequired\":true,\"valueName\":\"search_term_string\"}}],\"inLanguage\":\"ru-RU\"}]}<\/script>\n<!-- \/ Yoast SEO plugin. -->","yoast_head_json":{"title":"Aqua Balance III - aunity Partnershop","robots":{"index":"index","follow":"follow","max-snippet":"max-snippet:-1","max-image-preview":"max-image-preview:large","max-video-preview":"max-video-preview:-1"},"canonical":"https:\/\/www.aunityshop.de\/ru\/aqua-balance\/","og_locale":"ru_RU","og_type":"article","og_title":"Aqua Balance III - aunity Partnershop","og_url":"https:\/\/www.aunityshop.de\/ru\/aqua-balance\/","og_site_name":"aunity Partnershop","article_modified_time":"2025-11-10T08:54:06+00:00","og_image":[{"width":1200,"height":1322,"url":"https:\/\/www.aunityshop.de\/wp-content\/uploads\/2019\/09\/DropletsWater.jpg","type":"image\/jpeg"}],"twitter_card":"summary_large_image","twitter_misc":{"\u041f\u0440\u0438\u043c\u0435\u0440\u043d\u043e\u0435 \u0432\u0440\u0435\u043c\u044f \u0434\u043b\u044f \u0447\u0442\u0435\u043d\u0438\u044f":"3 \u043c\u0438\u043d\u0443\u0442\u044b"},"schema":{"@context":"https:\/\/schema.org","@graph":[{"@type":"WebPage","@id":"https:\/\/www.aunityshop.de\/aqua-balance\/","url":"https:\/\/www.aunityshop.de\/aqua-balance\/","name":"Aqua Balance III - aunity Partnershop","isPartOf":{"@id":"https:\/\/www.aunityshop.de\/#website"},"primaryImageOfPage":{"@id":"https:\/\/www.aunityshop.de\/aqua-balance\/#primaryimage"},"image":{"@id":"https:\/\/www.aunityshop.de\/aqua-balance\/#primaryimage"},"thumbnailUrl":"https:\/\/www.aunityshop.de\/wp-content\/uploads\/2019\/09\/DropletsWater.jpg","datePublished":"2025-09-24T08:12:38+00:00","dateModified":"2025-11-10T08:54:06+00:00","breadcrumb":{"@id":"https:\/\/www.aunityshop.de\/aqua-balance\/#breadcrumb"},"inLanguage":"ru-RU","potentialAction":[{"@type":"ReadAction","target":["https:\/\/www.aunityshop.de\/aqua-balance\/"]}]},{"@type":"ImageObject","inLanguage":"ru-RU","@id":"https:\/\/www.aunityshop.de\/aqua-balance\/#primaryimage","url":"https:\/\/www.aunityshop.de\/wp-content\/uploads\/2019\/09\/DropletsWater.jpg","contentUrl":"https:\/\/www.aunityshop.de\/wp-content\/uploads\/2019\/09\/DropletsWater.jpg"},{"@type":"BreadcrumbList","@id":"https:\/\/www.aunityshop.de\/aqua-balance\/#breadcrumb","itemListElement":[{"@type":"ListItem","position":1,"name":"Start","item":"https:\/\/www.aunityshop.de\/"},{"@type":"ListItem","position":2,"name":"Aqua Balance III"}]},{"@type":"WebSite","@id":"https:\/\/www.aunityshop.de\/#website","url":"https:\/\/www.aunityshop.de\/","name":"aunity Partnershop","description":"Kraftvolle Gesundheit | Nahrungserg\u00e4nzung Kosmetik Aqua Balance Wasserfilter Anion Damenbinden Slipeinlagen","potentialAction":[{"@type":"SearchAction","target":{"@type":"EntryPoint","urlTemplate":"https:\/\/www.aunityshop.de\/?s={search_term_string}"},"query-input":{"@type":"PropertyValueSpecification","valueRequired":true,"valueName":"search_term_string"}}],"inLanguage":"ru-RU"}]}},"_links":{"self":[{"href":"https:\/\/www.aunityshop.de\/ru\/wp-json\/wp\/v2\/pages\/2732","targetHints":{"allow":["GET"]}}],"collection":[{"href":"https:\/\/www.aunityshop.de\/ru\/wp-json\/wp\/v2\/pages"}],"about":[{"href":"https:\/\/www.aunityshop.de\/ru\/wp-json\/wp\/v2\/types\/page"}],"author":[{"embeddable":true,"href":"https:\/\/www.aunityshop.de\/ru\/wp-json\/wp\/v2\/users\/1"}],"replies":[{"embeddable":true,"href":"https:\/\/www.aunityshop.de\/ru\/wp-json\/wp\/v2\/comments?post=2732"}],"version-history":[{"count":53,"href":"https:\/\/www.aunityshop.de\/ru\/wp-json\/wp\/v2\/pages\/2732\/revisions"}],"predecessor-version":[{"id":4384,"href":"https:\/\/www.aunityshop.de\/ru\/wp-json\/wp\/v2\/pages\/2732\/revisions\/4384"}],"wp:attachment":[{"href":"https:\/\/www.aunityshop.de\/ru\/wp-json\/wp\/v2\/media?parent=2732"}],"curies":[{"name":"wp","href":"https:\/\/api.w.org\/{rel}","templated":true}]}}