{"id":1974,"date":"2014-08-18T15:12:18","date_gmt":"2014-08-18T15:12:18","guid":{"rendered":"http:\/\/trizzy.purethe.me\/?post_type=product&#038;p=1974"},"modified":"2022-02-23T13:33:00","modified_gmt":"2022-02-23T12:33:00","slug":"hyaluron","status":"publish","type":"product","link":"https:\/\/www.aunityshop.de\/ru\/product\/hyaluron\/","title":{"rendered":"HYALURON+"},"content":{"rendered":"<h3><strong>HYALURON &#8211; Nahrungserg\u00e4nzungsmittel mit Natriumhyaluronat, beta-Carotin und Pflanzenextrakt<\/strong><\/h3>\n<p>\u041d\u0430\u0443\u043a\u0430 \u043e\u0447\u0430\u0440\u043e\u0432\u0430\u043d\u0430 \u0438 \u0437\u0430\u043d\u0438\u043c\u0430\u0435\u0442\u0441\u044f \u043c\u0430\u0433\u0438\u0447\u0435\u0441\u043a\u0438\u043c\u0438 \u0441\u0438\u043b\u0430\u043c\u0438 \u0437\u0434\u043e\u0440\u043e\u0432\u044c\u044f \u0430\u0440\u0433\u0430\u043d\u043e\u0432\u043e\u0433\u043e \u043c\u0430\u0441\u043b\u0430, \u0433\u0438\u0430\u043b\u0443\u0440\u043e\u043d\u0430 \u0438 \u0430\u0441\u0442\u0430\u043a\u0441\u0430\u043d\u0442\u0438\u043d\u0430 \u0432 \u0442\u0435\u0447\u0435\u043d\u0438\u0435 \u043c\u043d\u043e\u0433\u0438\u0445 \u043b\u0435\u0442. \u0423\u043d\u0438\u043a\u0430\u043b\u044c\u043d\u0430\u044f \u0444\u043e\u0440\u043c\u0443\u043b\u0430 \u0435\u0434\u0438\u043d\u0441\u0442\u0432\u0430 \u00ab\u0413\u0438\u0430\u043b\u0443\u0440\u043e\u043d+\u00bb \u043e\u0431\u044a\u0435\u0434\u0438\u043d\u044f\u0435\u0442 \u044d\u0442\u0438, \u0434\u043b\u044f \u043e\u0440\u0433\u0430\u043d\u0438\u0437\u043c\u0430, \u0435\u0441\u0442\u0435\u0441\u0442\u0432\u0435\u043d\u043d\u044b\u0435 \u0438 \u043c\u043e\u0449\u043d\u044b\u0435 \u0441\u0438\u043b\u044b \u0437\u0434\u043e\u0440\u043e\u0432\u044c\u044f \u0432 \u043e\u0434\u043d\u043e\u0439 \u043a\u0430\u043f\u0441\u0443\u043b\u0435 \u0434\u043b\u044f \u043e\u043f\u0442\u0438\u043c\u0430\u043b\u044c\u043d\u044b\u0445 \u0440\u0435\u0437\u0443\u043b\u044c\u0442\u0430\u0442\u043e\u0432<\/p>\n<p>aunity Hyaluron+ ist die 3-fache Wirkung von Argan, Hyaluron und Astaxanthin gegen freie Radikale und f\u00fcr ein ges\u00fcnderes, sch\u00f6neres und vitaleres Leben! Argan, Hyaluron und Astaxanthin l\u00e4sst Sie von Kopf bis Fu\u00df gut aussehen, vitaler leben und sch\u00fctzt Sie kugelsicher vor unerw\u00fcnschten Angriffen.<\/p>\n<ul>\n<li><strong>Hyaluron:<\/strong> Der Stolz der Wissenschaft &#8211; polstert die Haut mit Fl\u00fcssigkeitsdepots auf, st\u00fctzt Kollagene und f\u00e4ngt freie Radikale ab.<\/li>\n<li><strong>Astaxanthin:<\/strong> Das BESTE und st\u00e4rkste Antioxidans der Welt &#8211; sch\u00fctzt den K\u00f6rper vor freien Radikalen.<\/li>\n<li><strong>Argan:<\/strong> Die bew\u00e4hrte Arznei der K\u00f6nige &#8211; regeneriert und sch\u00fctzt die Haut<\/li>\n<li><strong>beta-Carotin:<\/strong> Beugt Herz- und Krebserkrankungen vor und ist entz\u00fcndungshemmend!<\/li>\n<\/ul>\n<p><strong><img loading=\"lazy\" decoding=\"async\" class=\"size-medium wp-image-2811 alignleft\" src=\"http:\/\/wp13599940.server-he.de\/html\/wp-content\/uploads\/2019\/09\/hyaluron-2-212x300.jpg\" alt=\"\" width=\"212\" height=\"300\" srcset=\"https:\/\/www.aunityshop.de\/wp-content\/uploads\/2019\/09\/hyaluron-2-212x300.jpg 212w, https:\/\/www.aunityshop.de\/wp-content\/uploads\/2019\/09\/hyaluron-2-600x850.jpg 600w, https:\/\/www.aunityshop.de\/wp-content\/uploads\/2019\/09\/hyaluron-2-768x1088.jpg 768w, https:\/\/www.aunityshop.de\/wp-content\/uploads\/2019\/09\/hyaluron-2-723x1024.jpg 723w, https:\/\/www.aunityshop.de\/wp-content\/uploads\/2019\/09\/hyaluron-2-860x1218.jpg 860w, https:\/\/www.aunityshop.de\/wp-content\/uploads\/2019\/09\/hyaluron-2.jpg 1200w\" sizes=\"auto, (max-width: 212px) 100vw, 212px\" \/>Zellschutz:<\/strong> \u00dcberwacht die Zellen und blockiert die Angriffe auf die Zellgesundheit und hilft mit seinem Turbo Antioxidans \u201eAstaxanthin\u201c bei oxidativem Stress<br \/>\n<strong>Herz-Kreislauf:<\/strong> Durchdr\u00e4ngt die Blutbahn schnell und entfesselt die magischen Kr\u00e4fte<br \/>\n<strong>Gelenke:<\/strong> Knorpel besteht unter anderem aus Hyaluron und besitzt keine eigenen Blutadern. Hyaluron ist die nat\u00fcrliche Ern\u00e4hrung von Knorpel \u2013 Die Sto\u00dfd\u00e4mpfer Ihrer Gelenke<br \/>\n<strong>Aussehen:<\/strong> St\u00e4rkt und revitalisiert Haare, N\u00e4gel und Haut von Innen. Neurodermitis, Entz\u00fcndungen, Akne und Falten geh\u00f6ren der Vergangenheit an<br \/>\n<strong>Sexualit\u00e4t:<\/strong> Einzigartiges Sexualtonikum ohne Risiko. Es beeinflusst die PSA-Werte f\u00fcr eine gesunde Prostata<br \/>\n<strong>Figur:<\/strong> Appetitz\u00fcgelnde Wirkung<br \/>\n<strong>Cholesterin:<\/strong> Reguliert Bluthochdruck und senkt das Cholesterin<br \/>\n<strong>Verdauung:<\/strong> F\u00f6rdert den Darmdurchfluss und aktiviert die Lebensfunktion<\/p>\n<h2>Hyaluron: Der Stolz der Wissenschaft &#8211; polstert die Haut mit Fl\u00fcssigkeitsdepots auf, st\u00fctzt Kollagene und f\u00e4ngt freie Radikale ab.<\/h2>\n<p><a href=\"http:\/\/wp13599940.server-he.de\/html\/produkt\/hyaluron\/\"><strong>Hyaluron+<\/strong><\/a> unterst\u00fctzt nicht nur Ihre Haut! Auch Ihre Gelenke werden optimal versorgt denn Knorpel bestehen unter anderem aus Hyaluron und besitzt keine eigenen Blutadern. Hyaluron ist die nat\u00fcrliche Ern\u00e4hrung von Knorpel, die Sto\u00dfd\u00e4mpfer Ihrer Gelenke!<\/p>\n<p>Hyaluron kann etwa 6000 Mal mehr Wasser als sein eigenes Gewicht binden. Ideal also vor allem zum Einsatz gegen die sichtbaren Zeichen des Alters wie z.B. Falten und Gelenkschmerzen. Doch Hyaluron ist nicht nur f\u00fcr Sch\u00f6nheit ausschlaggebend. Auch wenn der gr\u00f6\u00dfte Bestandteil von Hyalurons\u00e4ure im K\u00f6rper in der Haut lagert und dort die Zellen zusammenh\u00e4lt, ist es nahezu \u00fcberall im K\u00f6rper vorhanden. An Gelenken ist Hyaluron f\u00fcr die Geschmeidigkeit sowie Beweglichkeit zust\u00e4ndig, im Augenglask\u00f6rper h\u00e4lt es die Linse fl\u00fcssig.<\/p>\n<ul class=\"li-hook\">\n<li>unterst\u00fctzt das Herz-Kreislauf System<\/li>\n<li>unterst\u00fctzt die Regeneration der Gelenke und polstert diese wieder auf<\/li>\n<li>st\u00e4rkt und revitalisiert Ihre Haut, Haare und N\u00e4gel von innen<\/li>\n<li>reguliert Ihren Bluthochdruck und senkt das Cholesterin<\/li>\n<li>f\u00f6rdert den Darmdurchfluss und aktiviert die Leberfunktion<\/li>\n<li>f\u00fcr eine jugendlich wirkende Haut und sichtbare Faltenreduktion<\/li>\n<li>beg\u00fcnstigt die sichtbare Milderung von Stirn-, Mund- und Nasenfalten<\/li>\n<li>Linien und Mimikfalten werden deutlich sichtbar reduziert<\/li>\n<li>kurbelt das Wachstum neuer Zellen an<\/li>\n<li>f\u00fcr eine h\u00f6chstm\u00f6gliche Hyalurons\u00e4ure-Konzentration in den Hautzellen<\/li>\n<li>zur Aufpolsterung und Hautstraffung<\/li>\n<li>dringt tief in die einzelnen Hautzellen ein und sch\u00fctzt die Haut vor Austrocknung<\/li>\n<li>gelangt \u00fcber den Stoffwechsel direkt in die Unterhaut<\/li>\n<li>st\u00fctzt das kollagene Netz und versorgt dieses mit Feuchtigkeit<\/li>\n<li>unterst\u00fctzt die Elastizit\u00e4t der kollagenen Fasern<\/li>\n<li>bindet und reguliert Feuchtigkeit im Bindegewebe und polstert von innen die Haut auf<\/li>\n<li>hilft bei der Erholung der oberfl\u00e4chlichen Knorpelschichten in den Gelenken sowie bei der Verdichtung der Knorpelzellen<\/li>\n<li>kann den Aufbau der Knorpelzwischensubstanzen anregen<\/li>\n<li>ist Hauptbestandteil der Gelenkfl\u00fcssigkeit und fungiert als Schmiermittel bei allen Gelenkbewegungen<\/li>\n<li>spendet dem Haar Feuchtigkeit<\/li>\n<\/ul>\n<p>Die Hyalurons\u00e4ure dient in der Haut als elastischer Strukturgeber. Eingebettet zwischen den Kollagen- und Elastinfasern der extrazellul\u00e4ren Matrix h\u00e4lt sie diese Bestandteile des Bindegewebes in ihrer Position und Form. Aufgrund ihrer enormen Wasserbindef\u00e4higkeit hat sie eine ma\u00dfgebliche Rolle f\u00fcr den Feuchtigkeitshaushalt der Haut. Au\u00dferdem wird ihr eine Rolle in der Wundheilung zugeschrieben.<\/p>\n<h2>+ Astaxanthin: Das BESTE und st\u00e4rkste Antioxidans der Welt &#8211; sch\u00fctzt den K\u00f6rper vor freien Radikalen<\/h2>\n<p><strong>Astaxanthin &#8211; Das Super-Antioxidans<\/strong> &#8211; ist das st\u00e4rkste Antioxidans der Welt. Es f\u00e4rbt Lachse rosa und gibt ihnen die Kraft, tagelang gegen das Tosen des Wassers stromaufw\u00e4rts zu schwimmen. M\u00f6chten auch Sie eine solche Kraft versp\u00fcren? Astaxanthin macht Leistung einfach \u2013 und nicht nur das. Astaxanthin macht stressresistent, beugt Herzkrankheiten vor, lindert chronische Entz\u00fcndungsprozesse, reduziert Gelenkschmerzen und sch\u00fctzt die Haut &#8211; auch vor Falten auf nat\u00fcrliche Weise vor der Sonne. Astaxanthin ist f\u00fcr Menschen, die wissen, dass es immer einen Weg nach oben gibt.<\/p>\n<h2>Astaxanthin kann auch Ihnen helfen<\/h2>\n<p>Jeder Mensch \u2013 ob jung oder alt, ob Sportler oder nicht kann von Astaxanthin profitieren und aus diesem Stoff mehr Energie, bessere Kondition und mehr Kraft sch\u00f6pfen:<\/p>\n<ul>\n<li>Menschen mit stressigem Tagesablauf k\u00f6nnen mit Hilfe von Astaxanthin Stress und Spannung besser ertragen<\/li>\n<li>Sportler sind leistungsf\u00e4higer<\/li>\n<li>Geschw\u00e4chte und Kranke regenerieren schneller<\/li>\n<li>Menschen mit Rheuma sp\u00fcren eine Reduktion der Schmerzen und weniger Steifheit<\/li>\n<li>die Behandlung chronischer Darmbeschwerden l\u00e4sst sich mit Astaxanthin unterst\u00fctzen oder gar \u2013 gemeinsam mit anderen Massnahmen \u2013 zu einem guten Ende f\u00fchren<\/li>\n<li>Akne l\u00e4sst nach<\/li>\n<li>Krebs im Vorstadium geht zur\u00fcck<\/li>\n<li>Tumormarker bessern sich<\/li>\n<li>degenerative Augenkrankheiten werden gelindert oder verschwinden ganz<\/li>\n<li>Cholesterinwerte sinken und<\/li>\n<li>die Haut wird von innen heraus vor Sonnenbrand gesch\u00fctzt, so dass man mit Astaxanthin l\u00e4nger in der Sonne bleiben kann, ohne sich die Haut zu verbrennen.<\/li>\n<\/ul>","protected":false},"excerpt":{"rendered":"<h2>HYALURON &#8211; Nahrungserg\u00e4nzungsmittel mit Natriumhyaluronat, beta-Carotin und Pflanzenextrakt<\/h2>\n<p>\u041d\u0430\u0443\u043a\u0430 \u043e\u0447\u0430\u0440\u043e\u0432\u0430\u043d\u0430 \u0438 \u0437\u0430\u043d\u0438\u043c\u0430\u0435\u0442\u0441\u044f \u043c\u0430\u0433\u0438\u0447\u0435\u0441\u043a\u0438\u043c\u0438 \u0441\u0438\u043b\u0430\u043c\u0438 \u0437\u0434\u043e\u0440\u043e\u0432\u044c\u044f \u0430\u0440\u0433\u0430\u043d\u043e\u0432\u043e\u0433\u043e \u043c\u0430\u0441\u043b\u0430, \u0433\u0438\u0430\u043b\u0443\u0440\u043e\u043d\u0430 \u0438 \u0430\u0441\u0442\u0430\u043a\u0441\u0430\u043d\u0442\u0438\u043d\u0430 \u0432 \u0442\u0435\u0447\u0435\u043d\u0438\u0435 \u043c\u043d\u043e\u0433\u0438\u0445 \u043b\u0435\u0442. \u0423\u043d\u0438\u043a\u0430\u043b\u044c\u043d\u0430\u044f \u0444\u043e\u0440\u043c\u0443\u043b\u0430 \u0435\u0434\u0438\u043d\u0441\u0442\u0432\u0430 \u00ab\u0413\u0438\u0430\u043b\u0443\u0440\u043e\u043d+\u00bb \u043e\u0431\u044a\u0435\u0434\u0438\u043d\u044f\u0435\u0442 \u044d\u0442\u0438, \u0434\u043b\u044f \u043e\u0440\u0433\u0430\u043d\u0438\u0437\u043c\u0430, \u0435\u0441\u0442\u0435\u0441\u0442\u0432\u0435\u043d\u043d\u044b\u0435 \u0438 \u043c\u043e\u0449\u043d\u044b\u0435 \u0441\u0438\u043b\u044b \u0437\u0434\u043e\u0440\u043e\u0432\u044c\u044f \u0432 \u043e\u0434\u043d\u043e\u0439 \u043a\u0430\u043f\u0441\u0443\u043b\u0435 \u0434\u043b\u044f \u043e\u043f\u0442\u0438\u043c\u0430\u043b\u044c\u043d\u044b\u0445 \u0440\u0435\u0437\u0443\u043b\u044c\u0442\u0430\u0442\u043e\u0432<\/p>\n<p>aunity Hyaluron+ ist die 3-fache Wirkung von Argan, Hyaluron und Astaxanthin gegen freie Radikale und f\u00fcr ein ges\u00fcnderes, sch\u00f6neres und vitaleres Leben! Argan, Hyaluron und Astaxanthin l\u00e4sst Sie von Kopf bis Fu\u00df gut aussehen, vitaler leben und sch\u00fctzt Sie kugelsicher vor unerw\u00fcnschten Angriffen!<\/p>\n<p><img loading=\"lazy\" decoding=\"async\" class=\"alignnone size-full wp-image-2560\" src=\"http:\/\/dev.aunityshop.de\/wp-content\/uploads\/2014\/08\/madeingermany-1.png\" alt=\"nahrungserg\u00e4nzungsmittel made in germany 100% nat\u00fcrlich qualit\u00e4t\" width=\"150\" height=\"56\" \/><\/p>","protected":false},"featured_media":2558,"template":"","meta":[],"product_brand":[],"product_cat":[65],"product_tag":[],"class_list":{"0":"post-1974","1":"product","2":"type-product","3":"status-publish","4":"has-post-thumbnail","6":"product_cat-kosmetik","7":"description-off","9":"first","10":"outofstock","11":"taxable","12":"shipping-taxable","13":"purchasable","14":"product-type-simple"},"yoast_head":"<!-- This site is optimized with the Yoast SEO plugin v27.2 - https:\/\/yoast.com\/product\/yoast-seo-wordpress\/ -->\n<title>HYALURON+ - aunity Partnershop<\/title>\n<meta name=\"robots\" content=\"index, follow, max-snippet:-1, max-image-preview:large, max-video-preview:-1\" \/>\n<link rel=\"canonical\" href=\"https:\/\/www.aunityshop.de\/ru\/product\/hyaluron\/\" \/>\n<meta property=\"og:locale\" content=\"ru_RU\" \/>\n<meta property=\"og:type\" content=\"article\" \/>\n<meta property=\"og:title\" content=\"HYALURON+ - aunity Partnershop\" \/>\n<meta property=\"og:description\" content=\"HYALURON - Nahrungserg\u00e4nzungsmittel mit Natriumhyaluronat, beta-Carotin und Pflanzenextrakt Die Wissenschaft ist fasziniert und besch\u00e4ftigt sich seit Jahren mit den magischen Gesundheitskr\u00e4ften von Argan\u00f6l, Hyaluron und Astaxanthin. Die einzigartige Formel von aunity \u201eHyaluron+\u201c vereint diese, f\u00fcr den Organismus, nat\u00fcrlichen und wirkstarken Gesundheitskr\u00e4fte in einer Kapsel f\u00fcr optimale Ergebnisse.  aunity Hyaluron+ ist die 3-fache Wirkung von Argan, Hyaluron und Astaxanthin gegen freie Radikale und f\u00fcr ein ges\u00fcnderes, sch\u00f6neres und vitaleres Leben! Argan, Hyaluron und Astaxanthin l\u00e4sst Sie von Kopf bis Fu\u00df gut aussehen, vitaler leben und sch\u00fctzt Sie kugelsicher vor unerw\u00fcnschten Angriffen!\" \/>\n<meta property=\"og:url\" content=\"https:\/\/www.aunityshop.de\/ru\/product\/hyaluron\/\" \/>\n<meta property=\"og:site_name\" content=\"aunity Partnershop\" \/>\n<meta property=\"article:modified_time\" content=\"2022-02-23T12:33:00+00:00\" \/>\n<meta property=\"og:image\" content=\"https:\/\/www.aunityshop.de\/wp-content\/uploads\/2014\/08\/hyaloron1.jpg\" \/>\n\t<meta property=\"og:image:width\" content=\"886\" \/>\n\t<meta property=\"og:image:height\" content=\"1000\" \/>\n\t<meta property=\"og:image:type\" content=\"image\/jpeg\" \/>\n<meta name=\"twitter:card\" content=\"summary_large_image\" \/>\n<meta name=\"twitter:label1\" content=\"\u041f\u0440\u0438\u043c\u0435\u0440\u043d\u043e\u0435 \u0432\u0440\u0435\u043c\u044f \u0434\u043b\u044f \u0447\u0442\u0435\u043d\u0438\u044f\" \/>\n\t<meta name=\"twitter:data1\" content=\"5 \u043c\u0438\u043d\u0443\u0442\" \/>\n<script type=\"application\/ld+json\" class=\"yoast-schema-graph\">{\"@context\":\"https:\/\/schema.org\",\"@graph\":[{\"@type\":\"WebPage\",\"@id\":\"https:\/\/www.aunityshop.de\/produkt\/hyaluron\/\",\"url\":\"https:\/\/www.aunityshop.de\/produkt\/hyaluron\/\",\"name\":\"HYALURON+ - aunity Partnershop\",\"isPartOf\":{\"@id\":\"https:\/\/www.aunityshop.de\/#website\"},\"primaryImageOfPage\":{\"@id\":\"https:\/\/www.aunityshop.de\/produkt\/hyaluron\/#primaryimage\"},\"image\":{\"@id\":\"https:\/\/www.aunityshop.de\/produkt\/hyaluron\/#primaryimage\"},\"thumbnailUrl\":\"https:\/\/www.aunityshop.de\/wp-content\/uploads\/2014\/08\/hyaloron1.jpg\",\"datePublished\":\"2014-08-18T15:12:18+00:00\",\"dateModified\":\"2022-02-23T12:33:00+00:00\",\"breadcrumb\":{\"@id\":\"https:\/\/www.aunityshop.de\/produkt\/hyaluron\/#breadcrumb\"},\"inLanguage\":\"ru-RU\",\"potentialAction\":[{\"@type\":\"ReadAction\",\"target\":[\"https:\/\/www.aunityshop.de\/produkt\/hyaluron\/\"]}]},{\"@type\":\"ImageObject\",\"inLanguage\":\"ru-RU\",\"@id\":\"https:\/\/www.aunityshop.de\/produkt\/hyaluron\/#primaryimage\",\"url\":\"https:\/\/www.aunityshop.de\/wp-content\/uploads\/2014\/08\/hyaloron1.jpg\",\"contentUrl\":\"https:\/\/www.aunityshop.de\/wp-content\/uploads\/2014\/08\/hyaloron1.jpg\",\"width\":886,\"height\":1000,\"caption\":\"HYALURON Plus | die 3-fache Wirkung von Argan, Hyaluron und Astaxanthin gegen freie Radikale und f\u00fcr ein ges\u00fcnderes, sch\u00f6neres und vitaleres Leben!\"},{\"@type\":\"BreadcrumbList\",\"@id\":\"https:\/\/www.aunityshop.de\/produkt\/hyaluron\/#breadcrumb\",\"itemListElement\":[{\"@type\":\"ListItem\",\"position\":1,\"name\":\"Start\",\"item\":\"https:\/\/www.aunityshop.de\/\"},{\"@type\":\"ListItem\",\"position\":2,\"name\":\"Shop\",\"item\":\"https:\/\/www.aunityshop.de\/shop\/\"},{\"@type\":\"ListItem\",\"position\":3,\"name\":\"HYALURON+\"}]},{\"@type\":\"WebSite\",\"@id\":\"https:\/\/www.aunityshop.de\/#website\",\"url\":\"https:\/\/www.aunityshop.de\/\",\"name\":\"aunity Partnershop\",\"description\":\"Kraftvolle Gesundheit | Nahrungserg\u00e4nzung Kosmetik Aqua Balance Wasserfilter Anion Damenbinden Slipeinlagen\",\"potentialAction\":[{\"@type\":\"SearchAction\",\"target\":{\"@type\":\"EntryPoint\",\"urlTemplate\":\"https:\/\/www.aunityshop.de\/?s={search_term_string}\"},\"query-input\":{\"@type\":\"PropertyValueSpecification\",\"valueRequired\":true,\"valueName\":\"search_term_string\"}}],\"inLanguage\":\"ru-RU\"}]}<\/script>\n<!-- \/ Yoast SEO plugin. -->","yoast_head_json":{"title":"HYALURON+ - aunity Partnershop","robots":{"index":"index","follow":"follow","max-snippet":"max-snippet:-1","max-image-preview":"max-image-preview:large","max-video-preview":"max-video-preview:-1"},"canonical":"https:\/\/www.aunityshop.de\/ru\/product\/hyaluron\/","og_locale":"ru_RU","og_type":"article","og_title":"HYALURON+ - aunity Partnershop","og_description":"HYALURON - Nahrungserg\u00e4nzungsmittel mit Natriumhyaluronat, beta-Carotin und Pflanzenextrakt Die Wissenschaft ist fasziniert und besch\u00e4ftigt sich seit Jahren mit den magischen Gesundheitskr\u00e4ften von Argan\u00f6l, Hyaluron und Astaxanthin. Die einzigartige Formel von aunity \u201eHyaluron+\u201c vereint diese, f\u00fcr den Organismus, nat\u00fcrlichen und wirkstarken Gesundheitskr\u00e4fte in einer Kapsel f\u00fcr optimale Ergebnisse.  aunity Hyaluron+ ist die 3-fache Wirkung von Argan, Hyaluron und Astaxanthin gegen freie Radikale und f\u00fcr ein ges\u00fcnderes, sch\u00f6neres und vitaleres Leben! Argan, Hyaluron und Astaxanthin l\u00e4sst Sie von Kopf bis Fu\u00df gut aussehen, vitaler leben und sch\u00fctzt Sie kugelsicher vor unerw\u00fcnschten Angriffen!","og_url":"https:\/\/www.aunityshop.de\/ru\/product\/hyaluron\/","og_site_name":"aunity Partnershop","article_modified_time":"2022-02-23T12:33:00+00:00","og_image":[{"width":886,"height":1000,"url":"https:\/\/www.aunityshop.de\/wp-content\/uploads\/2014\/08\/hyaloron1.jpg","type":"image\/jpeg"}],"twitter_card":"summary_large_image","twitter_misc":{"\u041f\u0440\u0438\u043c\u0435\u0440\u043d\u043e\u0435 \u0432\u0440\u0435\u043c\u044f \u0434\u043b\u044f \u0447\u0442\u0435\u043d\u0438\u044f":"5 \u043c\u0438\u043d\u0443\u0442"},"schema":{"@context":"https:\/\/schema.org","@graph":[{"@type":"WebPage","@id":"https:\/\/www.aunityshop.de\/produkt\/hyaluron\/","url":"https:\/\/www.aunityshop.de\/produkt\/hyaluron\/","name":"HYALURON+ - aunity Partnershop","isPartOf":{"@id":"https:\/\/www.aunityshop.de\/#website"},"primaryImageOfPage":{"@id":"https:\/\/www.aunityshop.de\/produkt\/hyaluron\/#primaryimage"},"image":{"@id":"https:\/\/www.aunityshop.de\/produkt\/hyaluron\/#primaryimage"},"thumbnailUrl":"https:\/\/www.aunityshop.de\/wp-content\/uploads\/2014\/08\/hyaloron1.jpg","datePublished":"2014-08-18T15:12:18+00:00","dateModified":"2022-02-23T12:33:00+00:00","breadcrumb":{"@id":"https:\/\/www.aunityshop.de\/produkt\/hyaluron\/#breadcrumb"},"inLanguage":"ru-RU","potentialAction":[{"@type":"ReadAction","target":["https:\/\/www.aunityshop.de\/produkt\/hyaluron\/"]}]},{"@type":"ImageObject","inLanguage":"ru-RU","@id":"https:\/\/www.aunityshop.de\/produkt\/hyaluron\/#primaryimage","url":"https:\/\/www.aunityshop.de\/wp-content\/uploads\/2014\/08\/hyaloron1.jpg","contentUrl":"https:\/\/www.aunityshop.de\/wp-content\/uploads\/2014\/08\/hyaloron1.jpg","width":886,"height":1000,"caption":"HYALURON Plus | die 3-fache Wirkung von Argan, Hyaluron und Astaxanthin gegen freie Radikale und f\u00fcr ein ges\u00fcnderes, sch\u00f6neres und vitaleres Leben!"},{"@type":"BreadcrumbList","@id":"https:\/\/www.aunityshop.de\/produkt\/hyaluron\/#breadcrumb","itemListElement":[{"@type":"ListItem","position":1,"name":"Start","item":"https:\/\/www.aunityshop.de\/"},{"@type":"ListItem","position":2,"name":"Shop","item":"https:\/\/www.aunityshop.de\/shop\/"},{"@type":"ListItem","position":3,"name":"HYALURON+"}]},{"@type":"WebSite","@id":"https:\/\/www.aunityshop.de\/#website","url":"https:\/\/www.aunityshop.de\/","name":"aunity Partnershop","description":"Kraftvolle Gesundheit | Nahrungserg\u00e4nzung Kosmetik Aqua Balance Wasserfilter Anion Damenbinden Slipeinlagen","potentialAction":[{"@type":"SearchAction","target":{"@type":"EntryPoint","urlTemplate":"https:\/\/www.aunityshop.de\/?s={search_term_string}"},"query-input":{"@type":"PropertyValueSpecification","valueRequired":true,"valueName":"search_term_string"}}],"inLanguage":"ru-RU"}]}},"_links":{"self":[{"href":"https:\/\/www.aunityshop.de\/ru\/wp-json\/wp\/v2\/product\/1974","targetHints":{"allow":["GET"]}}],"collection":[{"href":"https:\/\/www.aunityshop.de\/ru\/wp-json\/wp\/v2\/product"}],"about":[{"href":"https:\/\/www.aunityshop.de\/ru\/wp-json\/wp\/v2\/types\/product"}],"wp:featuredmedia":[{"embeddable":true,"href":"https:\/\/www.aunityshop.de\/ru\/wp-json\/wp\/v2\/media\/2558"}],"wp:attachment":[{"href":"https:\/\/www.aunityshop.de\/ru\/wp-json\/wp\/v2\/media?parent=1974"}],"wp:term":[{"taxonomy":"product_brand","embeddable":true,"href":"https:\/\/www.aunityshop.de\/ru\/wp-json\/wp\/v2\/product_brand?post=1974"},{"taxonomy":"product_cat","embeddable":true,"href":"https:\/\/www.aunityshop.de\/ru\/wp-json\/wp\/v2\/product_cat?post=1974"},{"taxonomy":"product_tag","embeddable":true,"href":"https:\/\/www.aunityshop.de\/ru\/wp-json\/wp\/v2\/product_tag?post=1974"}],"curies":[{"name":"wp","href":"https:\/\/api.w.org\/{rel}","templated":true}]}}