{"id":2901,"date":"2019-10-14T18:57:57","date_gmt":"2019-10-14T16:57:57","guid":{"rendered":"http:\/\/wp13599940.server-he.de\/html\/?post_type=product&#038;p=2901"},"modified":"2024-03-24T19:09:10","modified_gmt":"2024-03-24T18:09:10","slug":"aniodent-mineral-zahnpasta","status":"publish","type":"product","link":"https:\/\/www.aunityshop.de\/ru\/product\/aniodent-mineral-zahnpasta\/","title":{"rendered":"ANIODENT \u041c\u0438\u043d\u0435\u0440\u0430\u043b\u044c\u043d\u0430\u044f \u0437\u0443\u0431\u043d\u0430\u044f \u043f\u0430\u0441\u0442\u0430"},"content":{"rendered":"<h3><strong>\u0417\u0443\u0431\u043d\u0430\u044f \u043f\u0430\u0441\u0442\u0430 \u0441 \u0430\u043d\u0438\u043e\u043d\u0430\u043c\u0438, \u0431\u0435\u0437 \u0441\u0430\u0445\u0430\u0440\u0430 \u0438 \u0431\u0435\u0437 \u0444\u0442\u043e\u0440\u0430, \u0441 \u043c\u0438\u043d\u0435\u0440\u0430\u043b\u044c\u043d\u044b\u043c\u0438 \u0441\u043e\u043b\u044f\u043c\u0438, \u043f\u043e 165\u0433.<\/strong><\/h3>\n<p>\u041c\u0438\u043d\u0435\u0440\u0430\u043b\u044c\u043d\u0430\u044f \u0437\u0443\u0431\u043d\u0430\u044f \u043f\u0430\u0441\u0442\u0430 AUNITY ANIODENT \u0441 \u0430\u043d\u0438\u043e\u043d\u0430\u043c\u0438, \u0431\u0435\u0437 \u0441\u0430\u0445\u0430\u0440\u0430 \u0438 \u0431\u0435\u0437 \u0444\u0442\u043e\u0440\u0430, \u0441 \u043c\u0438\u043d\u0435\u0440\u0430\u043b\u044c\u043d\u044b\u043c\u0438 \u0441\u043e\u043b\u044f\u043c\u0438. \u0421\u0432\u0435\u0436\u0435\u0435 \u0434\u044b\u0445\u0430\u043d\u0438\u0435 \u0431\u043b\u0430\u0433\u043e\u0434\u0430\u0440\u044f \u043d\u0435\u0436\u043d\u043e\u043c\u0443 \u043c\u044f\u0442\u043d\u043e\u043c\u0443 \u0432\u043a\u0443\u0441\u0443<\/p>\n<h2>\u0417\u0423\u0411\u041d\u0410\u042f \u041f\u0410\u0421\u0422\u0410 \u0421 \u0410\u041d\u0418\u041e\u041d\u0410\u041c\u0418 \u041c\u0418\u041d\u0415\u0420\u0410\u041b\u042c\u041d\u041e\u0419 \u0421\u041e\u041b\u0418 \u0423\u0421\u0418\u041b\u0418\u0412\u0410\u0415\u0422 \u042d\u0424\u0424\u0415\u041a\u0422 \u0417\u0410 \u0421\u0427\u0415\u0422 \u0410\u041d\u0418\u041e\u041d\u0418\u0417\u0418\u0420\u041e\u0412\u0410\u041d\u041d\u041e\u0419 \u041d\u0410\u0422\u0423\u0420\u0410\u041b\u042c\u041d\u041e\u0419 \u041f\u0415\u0420\u0412\u0418\u0427\u041d\u041e\u0419 \u0421\u041e\u041b\u0418<\/h2>\n<p><img loading=\"lazy\" decoding=\"async\" class=\"alignleft wp-image-2903 size-medium\" src=\"http:\/\/dev.aunityshop.de\/wp-content\/uploads\/2019\/10\/aniodent2-266x300.jpg\" alt=\"Zahnpasta Aniodent mit Anionen und Mineralsalzen\" width=\"266\" height=\"300\" srcset=\"https:\/\/www.aunityshop.de\/wp-content\/uploads\/2019\/10\/aniodent2-266x300.jpg 266w, https:\/\/www.aunityshop.de\/wp-content\/uploads\/2019\/10\/aniodent2-600x677.jpg 600w, https:\/\/www.aunityshop.de\/wp-content\/uploads\/2019\/10\/aniodent2-768x867.jpg 768w, https:\/\/www.aunityshop.de\/wp-content\/uploads\/2019\/10\/aniodent2-860x971.jpg 860w, https:\/\/www.aunityshop.de\/wp-content\/uploads\/2019\/10\/aniodent2.jpg 886w\" sizes=\"auto, (max-width: 266px) 100vw, 266px\" \/>Beim Z\u00e4hneputzen sorgen Mundraumtemperatur und Reibung daf\u00fcr, dass der Zahnpasta Energie zugef\u00fchrt wird. Wasser wird absorbiert und wieder freigesetzt, sodass Anionen entstehen. Die Anionen absorbieren anerobe Bakterienst\u00e4mme in <img loading=\"lazy\" decoding=\"async\" class=\"alignright wp-image-2905 size-medium\" src=\"http:\/\/dev.aunityshop.de\/wp-content\/uploads\/2019\/10\/aniodent4-266x300.jpg\" alt=\"Zahnpasta Aniodent mit Anionen und Mineralsalzen\" width=\"266\" height=\"300\" srcset=\"https:\/\/www.aunityshop.de\/wp-content\/uploads\/2019\/10\/aniodent4-266x300.jpg 266w, https:\/\/www.aunityshop.de\/wp-content\/uploads\/2019\/10\/aniodent4-600x677.jpg 600w, https:\/\/www.aunityshop.de\/wp-content\/uploads\/2019\/10\/aniodent4-768x867.jpg 768w, https:\/\/www.aunityshop.de\/wp-content\/uploads\/2019\/10\/aniodent4-860x971.jpg 860w, https:\/\/www.aunityshop.de\/wp-content\/uploads\/2019\/10\/aniodent4.jpg 886w\" sizes=\"auto, (max-width: 266px) 100vw, 266px\" \/>der Mundh\u00f6hle, sodass diese abget\u00f6tet werden und eine Neubildung verhindert wird. Dadurch wird Plaquebildung verringert und das Zahnfleisch gut durchblutet. Mineralsalze liefern nat\u00fcrliche Spurenelemente, unterst\u00fctzen die Bildung probiotischer Bakterien in der Mundh\u00f6hle und f\u00f6rdern die Durchblutung des Zahnfleisches. Sch\u00e4dliche Bakterien werden abget\u00f6tet und Mundgeruch verhindert. Das Ergebnis sind saubere und gesunde Z\u00e4hne.<\/p>\n<p>\u041c\u0438\u043d\u0435\u0440\u0430\u043b\u044c\u043d\u044b\u0435 \u0441\u043e\u043b\u0438 \u043f\u043e\u0434\u0434\u0435\u0440\u0436\u0438\u0432\u0430\u044e\u0442 \u0437\u0434\u043e\u0440\u043e\u0432\u044c\u0435 \u0434\u0435\u0441\u0435\u043d, \u043e\u0431\u0435\u0441\u043f\u0435\u0447\u0438\u0432\u0430\u044e\u0442 \u0440\u0430\u0437\u043b\u0438\u0447\u043d\u044b\u043c\u0438 \u043c\u0438\u043a\u0440\u043e\u044d\u043b\u0435\u043c\u0435\u043d\u0442\u0430\u043c\u0438 \u0438 \u043e\u0431\u0435\u0441\u043f\u0435\u0447\u0438\u0432\u0430\u044e\u0442 \u043e\u0431\u0440\u0430\u0437\u043e\u0432\u0430\u043d\u0438\u0435 \u043f\u0440\u043e\u0431\u0438\u043e\u0442\u0438\u0447\u0435\u0441\u043a\u0438\u0445 \u0431\u0430\u043a\u0442\u0435\u0440\u0438\u0439 \u0432 \u043f\u043e\u043b\u043e\u0441\u0442\u0438 \u0440\u0442\u0430.<\/p>\n<p>\u0422\u0418\u0411\u0415\u0422\u0421\u041a\u0410\u042f \u041a\u0410\u041c\u0415\u041d\u041d\u0410\u042f \u0421\u041e\u041b\u042c<\/p>\n<p>\u0414\u0440\u0435\u0432\u043d\u044f\u044f \u0441\u043e\u043b\u044c, \u043a\u043e\u0442\u043e\u0440\u0443\u044e \u0434\u043e\u0431\u044b\u0432\u0430\u044e\u0442 \u0432 \u043e\u0441\u043d\u043e\u0432\u043d\u043e\u043c \u0432 \u0422\u0438\u0431\u0435\u0442\u0435 \u0438 \u041a\u0438\u0442\u0430\u0435, \u043e\u0431\u0440\u0430\u0437\u043e\u0432\u0430\u043b\u0430\u0441\u044c \u0432 \u0440\u0435\u0437\u0443\u043b\u044c\u0442\u0430\u0442\u0435 \u0438\u0441\u043f\u0430\u0440\u0435\u043d\u0438\u044f \u043c\u043e\u0440\u0441\u043a\u043e\u0439 \u0432\u043e\u0434\u044b \u043e\u043a\u043e\u043b\u043e 300 \u043c\u0438\u043b\u043b\u0438\u043e\u043d\u043e\u0432 \u043b\u0435\u0442 \u043d\u0430\u0437\u0430\u0434. \u041a\u0430\u043c\u0435\u043d\u043d\u0430\u044f \u0441\u043e\u043b\u044c \u0441\u043e\u0441\u0442\u043e\u0438\u0442 \u0432 \u043e\u0441\u043d\u043e\u0432\u043d\u043e\u043c \u0438\u0437 \u0445\u043b\u043e\u0440\u0438\u0434\u0430 \u043d\u0430\u0442\u0440\u0438\u044f, \u043d\u043e \u0442\u0430\u043a\u0436\u0435 \u0441\u043e\u0434\u0435\u0440\u0436\u0438\u0442 \u0438 \u0434\u0440\u0443\u0433\u0438\u0435 \u043d\u0435\u0439\u0442\u0440\u0430\u043b\u044c\u043d\u044b\u0435 \u0438\u043d\u0433\u0440\u0435\u0434\u0438\u0435\u043d\u0442\u044b, \u043a\u043e\u0442\u043e\u0440\u044b\u0435 \u043c\u043e\u0436\u043d\u043e \u043d\u0430\u0439\u0442\u0438 \u0432 \u043e\u0440\u0433\u0430\u043d\u0438\u0437\u043c\u0435 \u0447\u0435\u043b\u043e\u0432\u0435\u043a\u0430, \u0442\u0430\u043a\u0438\u0435 \u043a\u0430\u043a \u0439\u043e\u0434, \u043a\u0430\u043b\u0438\u0439, \u043a\u0430\u043b\u044c\u0446\u0438\u0439, \u043c\u0430\u0433\u043d\u0438\u0439, \u0436\u0435\u043b\u0435\u0437\u043e \u0438 \u0434\u0440\u0443\u0433\u0438\u0435 \u0432\u0430\u0436\u043d\u044b\u0435 \u0434\u043b\u044f \u0447\u0435\u043b\u043e\u0432\u0435\u043a\u0430 \u0432\u0435\u0449\u0435\u0441\u0442\u0432\u0430. \u041a\u0430\u043c\u0435\u043d\u043d\u0430\u044f \u0441\u043e\u043b\u044c \u043f\u043e\u043c\u043e\u0433\u0430\u0435\u0442 \u0440\u0435\u0433\u0443\u043b\u0438\u0440\u043e\u0432\u0430\u0442\u044c \u043e\u0431\u043c\u0435\u043d \u0432\u0435\u0449\u0435\u0441\u0442\u0432 \u0447\u0435\u043b\u043e\u0432\u0435\u043a\u0430.<\/p>\n<p>ANIODENT Mineral &#8211;\u00a0 Anionen &amp; Mineralsalz Zahnpasta besteht aus verschiedenen Pflanzenextrakten, die zusammen mit Anionen Z\u00e4hne und Mundraum optimal sch\u00fctzen.<br \/>\n\u041d\u0430\u0442\u0443\u0440\u0430\u043b\u044c\u043d\u0430\u044f \u043c\u044f\u0442\u0430 \u043e\u0441\u0432\u0435\u0436\u0430\u0435\u0442 \u0438 \u043e\u0441\u0442\u0430\u0432\u043b\u044f\u0435\u0442 \u043e\u0449\u0443\u0449\u0435\u043d\u0438\u0435 \u0441\u0432\u0435\u0436\u0435\u0441\u0442\u0438 \u0432\u043e \u0440\u0442\u0443. \u0421\u0432\u0435\u0436\u0438\u0439 \u0438 \u044d\u043b\u0435\u0433\u0430\u043d\u0442\u043d\u044b\u0439 \u0432\u043a\u0443\u0441 \u0437\u0435\u043b\u0435\u043d\u043e\u0433\u043e \u0447\u0430\u044f \u043f\u043e\u043c\u043e\u0436\u0435\u0442 \u0443\u0441\u0442\u0440\u0430\u043d\u0438\u0442\u044c \u043d\u0435\u043f\u0440\u0438\u044f\u0442\u043d\u044b\u0439 \u0437\u0430\u043f\u0430\u0445 \u0438\u0437\u043e \u0440\u0442\u0430.<br \/>\nDiese Zahnpasta wird zuckerfrei hergestellt und wirkt durch Zucker verursachten Zahnsch\u00e4den entgegen. F\u00fcr Ihr gesundes Leben.<\/p>\n<p>&nbsp;<\/p>\n<p>&nbsp;<\/p>\n<p>&nbsp;<\/p>","protected":false},"excerpt":{"rendered":"<h2><strong>Zahnpasta Aniodent mit Anionen und Mineralsalzen<br \/>\n<\/strong><\/h2>\n<p>\u041c\u0438\u043d\u0435\u0440\u0430\u043b\u044c\u043d\u0430\u044f \u0437\u0443\u0431\u043d\u0430\u044f \u043f\u0430\u0441\u0442\u0430 AUNITY ANIODENT \u0441 \u0430\u043d\u0438\u043e\u043d\u0430\u043c\u0438, \u0431\u0435\u0437 \u0441\u0430\u0445\u0430\u0440\u0430 \u0438 \u0431\u0435\u0437 \u0444\u0442\u043e\u0440\u0430, \u0441 \u043c\u0438\u043d\u0435\u0440\u0430\u043b\u044c\u043d\u044b\u043c\u0438 \u0441\u043e\u043b\u044f\u043c\u0438. \u0421\u0432\u0435\u0436\u0435\u0435 \u0434\u044b\u0445\u0430\u043d\u0438\u0435 \u0431\u043b\u0430\u0433\u043e\u0434\u0430\u0440\u044f \u043d\u0435\u0436\u043d\u043e\u043c\u0443 \u043c\u044f\u0442\u043d\u043e\u043c\u0443 \u0432\u043a\u0443\u0441\u0443<\/p>","protected":false},"featured_media":2902,"template":"","meta":[],"product_brand":[],"product_cat":[70,65],"product_tag":[],"class_list":{"0":"post-2901","1":"product","2":"type-product","3":"status-publish","4":"has-post-thumbnail","6":"product_cat-aniodent","7":"product_cat-kosmetik","8":"description-off","10":"first","11":"instock","12":"taxable","13":"shipping-taxable","14":"purchasable","15":"product-type-simple"},"yoast_head":"<!-- This site is optimized with the Yoast SEO plugin v27.2 - https:\/\/yoast.com\/product\/yoast-seo-wordpress\/ -->\n<title>ANIODENT Mineral Zahnpasta - aunity Partnershop<\/title>\n<meta name=\"robots\" content=\"index, follow, max-snippet:-1, max-image-preview:large, max-video-preview:-1\" \/>\n<link rel=\"canonical\" href=\"https:\/\/www.aunityshop.de\/ru\/product\/aniodent-mineral-zahnpasta\/\" \/>\n<meta property=\"og:locale\" content=\"ru_RU\" \/>\n<meta property=\"og:type\" content=\"article\" \/>\n<meta property=\"og:title\" content=\"ANIODENT Mineral Zahnpasta - aunity Partnershop\" \/>\n<meta property=\"og:description\" content=\"Zahnpasta Aniodent mit Anionen und Mineralsalzen  aunity ANIODENT Mineral Zahnpasta mit Anionen, ohne Zucker und ohne Fluorid, mit Mineralsalzen. Frischer Atem durch feinen Minzgeschmack\" \/>\n<meta property=\"og:url\" content=\"https:\/\/www.aunityshop.de\/ru\/product\/aniodent-mineral-zahnpasta\/\" \/>\n<meta property=\"og:site_name\" content=\"aunity Partnershop\" \/>\n<meta property=\"article:modified_time\" content=\"2024-03-24T18:09:10+00:00\" \/>\n<meta property=\"og:image\" content=\"https:\/\/www.aunityshop.de\/wp-content\/uploads\/2019\/10\/aniodent1.jpg\" \/>\n\t<meta property=\"og:image:width\" content=\"886\" \/>\n\t<meta property=\"og:image:height\" content=\"1000\" \/>\n\t<meta property=\"og:image:type\" content=\"image\/jpeg\" \/>\n<meta name=\"twitter:card\" content=\"summary_large_image\" \/>\n<meta name=\"twitter:label1\" content=\"\u041f\u0440\u0438\u043c\u0435\u0440\u043d\u043e\u0435 \u0432\u0440\u0435\u043c\u044f \u0434\u043b\u044f \u0447\u0442\u0435\u043d\u0438\u044f\" \/>\n\t<meta name=\"twitter:data1\" content=\"1 \u043c\u0438\u043d\u0443\u0442\u0430\" \/>\n<script type=\"application\/ld+json\" class=\"yoast-schema-graph\">{\"@context\":\"https:\/\/schema.org\",\"@graph\":[{\"@type\":\"WebPage\",\"@id\":\"https:\/\/www.aunityshop.de\/produkt\/aniodent-mineral-zahnpasta\/\",\"url\":\"https:\/\/www.aunityshop.de\/produkt\/aniodent-mineral-zahnpasta\/\",\"name\":\"ANIODENT Mineral Zahnpasta - aunity Partnershop\",\"isPartOf\":{\"@id\":\"https:\/\/www.aunityshop.de\/#website\"},\"primaryImageOfPage\":{\"@id\":\"https:\/\/www.aunityshop.de\/produkt\/aniodent-mineral-zahnpasta\/#primaryimage\"},\"image\":{\"@id\":\"https:\/\/www.aunityshop.de\/produkt\/aniodent-mineral-zahnpasta\/#primaryimage\"},\"thumbnailUrl\":\"https:\/\/www.aunityshop.de\/wp-content\/uploads\/2019\/10\/aniodent1.jpg\",\"datePublished\":\"2019-10-14T16:57:57+00:00\",\"dateModified\":\"2024-03-24T18:09:10+00:00\",\"breadcrumb\":{\"@id\":\"https:\/\/www.aunityshop.de\/produkt\/aniodent-mineral-zahnpasta\/#breadcrumb\"},\"inLanguage\":\"ru-RU\",\"potentialAction\":[{\"@type\":\"ReadAction\",\"target\":[\"https:\/\/www.aunityshop.de\/produkt\/aniodent-mineral-zahnpasta\/\"]}]},{\"@type\":\"ImageObject\",\"inLanguage\":\"ru-RU\",\"@id\":\"https:\/\/www.aunityshop.de\/produkt\/aniodent-mineral-zahnpasta\/#primaryimage\",\"url\":\"https:\/\/www.aunityshop.de\/wp-content\/uploads\/2019\/10\/aniodent1.jpg\",\"contentUrl\":\"https:\/\/www.aunityshop.de\/wp-content\/uploads\/2019\/10\/aniodent1.jpg\",\"width\":886,\"height\":1000,\"caption\":\"Zahnpasta Aniodent mit Anionen und Mineralsalzen\"},{\"@type\":\"BreadcrumbList\",\"@id\":\"https:\/\/www.aunityshop.de\/produkt\/aniodent-mineral-zahnpasta\/#breadcrumb\",\"itemListElement\":[{\"@type\":\"ListItem\",\"position\":1,\"name\":\"Start\",\"item\":\"https:\/\/www.aunityshop.de\/\"},{\"@type\":\"ListItem\",\"position\":2,\"name\":\"Shop\",\"item\":\"https:\/\/www.aunityshop.de\/shop\/\"},{\"@type\":\"ListItem\",\"position\":3,\"name\":\"ANIODENT Mineral Zahnpasta\"}]},{\"@type\":\"WebSite\",\"@id\":\"https:\/\/www.aunityshop.de\/#website\",\"url\":\"https:\/\/www.aunityshop.de\/\",\"name\":\"aunity Partnershop\",\"description\":\"Kraftvolle Gesundheit | Nahrungserg\u00e4nzung Kosmetik Aqua Balance Wasserfilter Anion Damenbinden Slipeinlagen\",\"potentialAction\":[{\"@type\":\"SearchAction\",\"target\":{\"@type\":\"EntryPoint\",\"urlTemplate\":\"https:\/\/www.aunityshop.de\/?s={search_term_string}\"},\"query-input\":{\"@type\":\"PropertyValueSpecification\",\"valueRequired\":true,\"valueName\":\"search_term_string\"}}],\"inLanguage\":\"ru-RU\"}]}<\/script>\n<!-- \/ Yoast SEO plugin. -->","yoast_head_json":{"title":"ANIODENT Mineral Zahnpasta - aunity Partnershop","robots":{"index":"index","follow":"follow","max-snippet":"max-snippet:-1","max-image-preview":"max-image-preview:large","max-video-preview":"max-video-preview:-1"},"canonical":"https:\/\/www.aunityshop.de\/ru\/product\/aniodent-mineral-zahnpasta\/","og_locale":"ru_RU","og_type":"article","og_title":"ANIODENT Mineral Zahnpasta - aunity Partnershop","og_description":"Zahnpasta Aniodent mit Anionen und Mineralsalzen  aunity ANIODENT Mineral Zahnpasta mit Anionen, ohne Zucker und ohne Fluorid, mit Mineralsalzen. Frischer Atem durch feinen Minzgeschmack","og_url":"https:\/\/www.aunityshop.de\/ru\/product\/aniodent-mineral-zahnpasta\/","og_site_name":"aunity Partnershop","article_modified_time":"2024-03-24T18:09:10+00:00","og_image":[{"width":886,"height":1000,"url":"https:\/\/www.aunityshop.de\/wp-content\/uploads\/2019\/10\/aniodent1.jpg","type":"image\/jpeg"}],"twitter_card":"summary_large_image","twitter_misc":{"\u041f\u0440\u0438\u043c\u0435\u0440\u043d\u043e\u0435 \u0432\u0440\u0435\u043c\u044f \u0434\u043b\u044f \u0447\u0442\u0435\u043d\u0438\u044f":"1 \u043c\u0438\u043d\u0443\u0442\u0430"},"schema":{"@context":"https:\/\/schema.org","@graph":[{"@type":"WebPage","@id":"https:\/\/www.aunityshop.de\/produkt\/aniodent-mineral-zahnpasta\/","url":"https:\/\/www.aunityshop.de\/produkt\/aniodent-mineral-zahnpasta\/","name":"ANIODENT Mineral Zahnpasta - aunity Partnershop","isPartOf":{"@id":"https:\/\/www.aunityshop.de\/#website"},"primaryImageOfPage":{"@id":"https:\/\/www.aunityshop.de\/produkt\/aniodent-mineral-zahnpasta\/#primaryimage"},"image":{"@id":"https:\/\/www.aunityshop.de\/produkt\/aniodent-mineral-zahnpasta\/#primaryimage"},"thumbnailUrl":"https:\/\/www.aunityshop.de\/wp-content\/uploads\/2019\/10\/aniodent1.jpg","datePublished":"2019-10-14T16:57:57+00:00","dateModified":"2024-03-24T18:09:10+00:00","breadcrumb":{"@id":"https:\/\/www.aunityshop.de\/produkt\/aniodent-mineral-zahnpasta\/#breadcrumb"},"inLanguage":"ru-RU","potentialAction":[{"@type":"ReadAction","target":["https:\/\/www.aunityshop.de\/produkt\/aniodent-mineral-zahnpasta\/"]}]},{"@type":"ImageObject","inLanguage":"ru-RU","@id":"https:\/\/www.aunityshop.de\/produkt\/aniodent-mineral-zahnpasta\/#primaryimage","url":"https:\/\/www.aunityshop.de\/wp-content\/uploads\/2019\/10\/aniodent1.jpg","contentUrl":"https:\/\/www.aunityshop.de\/wp-content\/uploads\/2019\/10\/aniodent1.jpg","width":886,"height":1000,"caption":"Zahnpasta Aniodent mit Anionen und Mineralsalzen"},{"@type":"BreadcrumbList","@id":"https:\/\/www.aunityshop.de\/produkt\/aniodent-mineral-zahnpasta\/#breadcrumb","itemListElement":[{"@type":"ListItem","position":1,"name":"Start","item":"https:\/\/www.aunityshop.de\/"},{"@type":"ListItem","position":2,"name":"Shop","item":"https:\/\/www.aunityshop.de\/shop\/"},{"@type":"ListItem","position":3,"name":"ANIODENT Mineral Zahnpasta"}]},{"@type":"WebSite","@id":"https:\/\/www.aunityshop.de\/#website","url":"https:\/\/www.aunityshop.de\/","name":"aunity Partnershop","description":"Kraftvolle Gesundheit | Nahrungserg\u00e4nzung Kosmetik Aqua Balance Wasserfilter Anion Damenbinden Slipeinlagen","potentialAction":[{"@type":"SearchAction","target":{"@type":"EntryPoint","urlTemplate":"https:\/\/www.aunityshop.de\/?s={search_term_string}"},"query-input":{"@type":"PropertyValueSpecification","valueRequired":true,"valueName":"search_term_string"}}],"inLanguage":"ru-RU"}]}},"_links":{"self":[{"href":"https:\/\/www.aunityshop.de\/ru\/wp-json\/wp\/v2\/product\/2901","targetHints":{"allow":["GET"]}}],"collection":[{"href":"https:\/\/www.aunityshop.de\/ru\/wp-json\/wp\/v2\/product"}],"about":[{"href":"https:\/\/www.aunityshop.de\/ru\/wp-json\/wp\/v2\/types\/product"}],"wp:featuredmedia":[{"embeddable":true,"href":"https:\/\/www.aunityshop.de\/ru\/wp-json\/wp\/v2\/media\/2902"}],"wp:attachment":[{"href":"https:\/\/www.aunityshop.de\/ru\/wp-json\/wp\/v2\/media?parent=2901"}],"wp:term":[{"taxonomy":"product_brand","embeddable":true,"href":"https:\/\/www.aunityshop.de\/ru\/wp-json\/wp\/v2\/product_brand?post=2901"},{"taxonomy":"product_cat","embeddable":true,"href":"https:\/\/www.aunityshop.de\/ru\/wp-json\/wp\/v2\/product_cat?post=2901"},{"taxonomy":"product_tag","embeddable":true,"href":"https:\/\/www.aunityshop.de\/ru\/wp-json\/wp\/v2\/product_tag?post=2901"}],"curies":[{"name":"wp","href":"https:\/\/api.w.org\/{rel}","templated":true}]}}