{"id":2927,"date":"2019-10-14T19:54:58","date_gmt":"2019-10-14T17:54:58","guid":{"rendered":"http:\/\/wp13599940.server-he.de\/html\/?post_type=product&#038;p=2927"},"modified":"2025-09-27T16:31:59","modified_gmt":"2025-09-27T14:31:59","slug":"energy","status":"publish","type":"product","link":"https:\/\/www.aunityshop.de\/ru\/product\/energy\/","title":{"rendered":"ENERGY+"},"content":{"rendered":"<h2><strong>ENERGY+ &#8211; Nahrungserg\u00e4nzungsmittel mit Pflanzenstoffen, Vitaminen, Chrom, Cholin und Koffein<\/strong><\/h2>\n<p>ENERGY+ Ganzheitlich und Nat\u00fcrlich &#8211; ausschlie\u00dflich nat\u00fcrliche Zutaten (ohne Zucker, ohne chemischen oder ver\u00e4nderte Zutaten)! Diese au\u00dfergew\u00f6hnliche Mischung gibt Ihnen auf ganz nat\u00fcrliche Weise enorm viel Kraft und geistige Leistungsf\u00e4higkeit f\u00fcr einen langen Zeitraum ohne dass Sie Ihren Organismus mit sch\u00e4dlichen chemischen oder ver\u00e4nderten Zutaten belasten!<\/p>\n<p><strong>\u041f\u043e\u0447\u0435\u043c\u0443 aunity ENERGY+?<\/strong><\/p>\n<p>Das Internet ist voll mit unterschiedlichsten Angeboten! Unser Anspruch ist Ganzheitlichkeit und Nat\u00fcrlichkeit!\u00a0Den Unterschied macht die richtige Mischung und nat\u00fcrliche Zutaten! Denn aunity ENERGY+ Kapseln heben sich durch pure nat\u00fcrliche Zutaten ab &#8211; ohne Zucker! Diese au\u00dfergew\u00f6hnliche Mischung gibt Ihnen auf ganz nat\u00fcrliche Weise enorm viel Kraft und geistige Leistungsf\u00e4higkeit f\u00fcr einen langen Zeitraum ohne dass Sie Ihren Organismus mit sch\u00e4dlichen chemischen oder ver\u00e4nderten Zutaten belasten!<\/p>\n<p>\u041a\u0430\u0447\u0435\u0441\u0442\u0432\u043e \u0438 \u0434\u043e\u0437\u0438\u0440\u043e\u0432\u043a\u0430 \u0438\u043d\u0433\u0440\u0435\u0434\u0438\u0435\u043d\u0442\u043e\u0432 \u043f\u043e\u043c\u043e\u0433\u0443\u0442 \u0432\u0430\u043c \u0434\u043e\u0431\u0438\u0442\u044c\u0441\u044f \u0432\u0438\u0434\u0438\u043c\u043e\u0433\u043e \u0443\u0441\u043f\u0435\u0445\u0430!<\/p>\n<p><em>(\u041f\u043e \u0441\u0440\u0430\u0432\u043d\u0435\u043d\u0438\u044e \u0441 \u043f\u0440\u043e\u0434\u0443\u043a\u0442\u0430\u043c\u0438 \u0434\u0440\u0443\u0433\u0438\u0445 \u043f\u0440\u043e\u0438\u0437\u0432\u043e\u0434\u0438\u0442\u0435\u043b\u0435\u0439, \u0432 \u043d\u0438\u0445 \u0447\u0430\u0441\u0442\u043e \u0438\u0441\u043f\u043e\u043b\u044c\u0437\u0443\u0435\u0442\u0441\u044f \u0441\u0430\u0445\u0430\u0440 \u0438 \u043c\u043e\u0434\u0438\u0444\u0438\u0446\u0438\u0440\u043e\u0432\u0430\u043d\u043d\u044b\u0435 \u0438\u043d\u0433\u0440\u0435\u0434\u0438\u0435\u043d\u0442\u044b, \u043a\u043e\u0442\u043e\u0440\u044b\u0435 \u043c\u043e\u0433\u0443\u0442 \u043f\u043b\u043e\u0445\u043e \u043f\u043e\u0432\u043b\u0438\u044f\u0442\u044c \u043d\u0430 \u0432\u0430\u0448\u0435 \u0437\u0434\u043e\u0440\u043e\u0432\u044c\u0435 \u0438\/\u0438\u043b\u0438 \u043d\u0435 \u0443\u0447\u0438\u0442\u044b\u0432\u0430\u0442\u044c \u0432\u0430\u0448\u0438 \u043f\u043e\u0442\u0440\u0435\u0431\u043d\u043e\u0441\u0442\u0438 \u0432 \u043f\u0438\u0442\u0430\u043d\u0438\u0438 \u0438 \u0432\u0435\u0441\u0435!)<\/em><\/p>\n<ul>\n<li>\u043f\u043e\u043b\u0435\u0437\u0435\u043d \u0434\u043b\u044f \u0444\u0443\u043d\u043a\u0446\u0438\u0438 \u043c\u043e\u0437\u0433\u0430, \u0444\u043e\u0440\u043c\u0438\u0440\u043e\u0432\u0430\u043d\u0438\u044f \u043d\u0435\u0440\u0432\u043d\u043e\u0439 \u0442\u043a\u0430\u043d\u0438 \u0438 \u043d\u0435\u0440\u0432\u043d\u044b\u0445 \u043a\u043b\u0435\u0442\u043e\u043a<\/li>\n<li>\u0445\u043e\u0440\u043e\u0448 \u0434\u043b\u044f \u043f\u0435\u0440\u0435\u0434\u0430\u0447\u0438 \u043d\u0435\u0440\u0432\u043d\u044b\u0445 \u0438\u043c\u043f\u0443\u043b\u044c\u0441\u043e\u0432 \u0438 \u043f\u043e\u0432\u044b\u0448\u0435\u043d\u0438\u044f \u0432\u043d\u0438\u043c\u0430\u043d\u0438\u044f<\/li>\n<li>\u043f\u043e\u043b\u0435\u0437\u0435\u043d \u0434\u043b\u044f \u043c\u0435\u0445\u0430\u043d\u0438\u0437\u043c\u0430 \u0434\u0432\u0438\u0436\u0435\u043d\u0438\u044f, \u043a\u043e\u043e\u0440\u0434\u0438\u043d\u0430\u0446\u0438\u0438 \u0438 \u0441\u043e\u043a\u0440\u0430\u0449\u0435\u043d\u0438\u044f \u043c\u044b\u0448\u0446<\/li>\n<li>\u043f\u043e\u043b\u0435\u0437\u0435\u043d \u0434\u043b\u044f \u043c\u044b\u0448\u043b\u0435\u043d\u0438\u044f, \u0443\u043c\u0441\u0442\u0432\u0435\u043d\u043d\u043e\u0439 \u0434\u0435\u044f\u0442\u0435\u043b\u044c\u043d\u043e\u0441\u0442\u0438, \u043f\u0430\u043c\u044f\u0442\u0438 \u0438 \u0438\u043d\u0442\u0435\u043b\u043b\u0435\u043a\u0442\u0430<\/li>\n<li>\u043f\u043e\u043b\u0435\u0437\u0435\u043d \u0434\u043b\u044f \u0441\u0442\u0440\u0443\u043a\u0442\u0443\u0440\u043d\u043e\u0439 \u0446\u0435\u043b\u043e\u0441\u0442\u043d\u043e\u0441\u0442\u0438 \u043a\u043b\u0435\u0442\u043e\u0447\u043d\u044b\u0445 \u0441\u0442\u0435\u043d\u043e\u043a<\/li>\n<li>\u043f\u043e\u043b\u0435\u0437\u0435\u043d \u0434\u043b\u044f \u043e\u0431\u043c\u0435\u043d\u0430 \u0432\u0435\u0449\u0435\u0441\u0442\u0432, \u043e\u0431\u0440\u0430\u0437\u043e\u0432\u0430\u043d\u0438\u044f \u0430\u043c\u0438\u043d\u043e\u043a\u0438\u0441\u043b\u043e\u0442 \u0438 \u0431\u0435\u043b\u043a\u043e\u0432<\/li>\n<li>\u043f\u0440\u043e\u043d\u0438\u043a\u0430\u0435\u0442 \u043d\u0435\u043f\u043e\u0441\u0440\u0435\u0434\u0441\u0442\u0432\u0435\u043d\u043d\u043e \u0432 \u043a\u043b\u0435\u0442\u043a\u0438 \u043c\u043e\u0437\u0433\u0430<\/li>\n<li>\u0445\u043e\u0440\u043e\u0448 \u0432\u043e \u0432\u0440\u0435\u043c\u044f \u0431\u0435\u0440\u0435\u043c\u0435\u043d\u043d\u043e\u0441\u0442\u0438 \u0438 \u043a\u043e\u0440\u043c\u043b\u0435\u043d\u0438\u044f \u0433\u0440\u0443\u0434\u044c\u044e<\/li>\n<li>\u043f\u043e\u043b\u0435\u0437\u0435\u043d \u0434\u043b\u044f \u0440\u0430\u0437\u0432\u0438\u0442\u0438\u044f \u043c\u043e\u0437\u0433\u0430 \u0443 \u0437\u0430\u0440\u043e\u0301\u0434\u044b\u0448a, \u043d\u0430 \u0440\u0430\u043d\u043d\u0435\u0439  \u0441\u0442\u0430\u0434\u0438\u044f \u0440\u0430\u0437\u0432\u0438\u0442\u0438\u044f  \u0438 \u043d\u043e\u0432\u043e\u0440\u043e\u0436\u0434\u0435\u043d\u043d\u044b\u0445<\/li>\n<li>\u0443\u0441\u0438\u043b\u0438\u0432\u0430\u0435\u0442 \u0434\u0435\u0439\u0441\u0442\u0432\u0438\u0435 \u0432\u0438\u0442\u0430\u043c\u0438\u043d\u0430 \u0415<\/li>\n<li>\u0445\u043e\u0440\u043e\u0448\u043e \u0434\u043b\u044f \u0443\u043b\u0443\u0447\u0448\u0435\u043d\u0438\u044f \u0444\u0438\u0437\u0438\u0447\u0435\u0441\u043a\u043e\u0439 \u0440\u0430\u0431\u043e\u0442\u043e\u0441\u043f\u043e\u0441\u043e\u0431\u043d\u043e\u0441\u0442\u0438<\/li>\n<li>\u0434\u043b\u044f \u0437\u0434\u043e\u0440\u043e\u0432\u044b\u0445 \u043a\u043b\u0435\u0442\u043e\u0447\u043d\u044b\u0445 \u043c\u0435\u043c\u0431\u0440\u0430\u043d<\/li>\n<li>\u043f\u043e\u0434\u0434\u0435\u0440\u0436\u0438\u0432\u0430\u0435\u0442 \u0444\u0443\u043d\u043a\u0446\u0438\u044e \u043f\u0435\u0447\u0435\u043d\u0438<\/li>\n<\/ul>\n<p><strong>\u041f\u043e\u0447\u0435\u043c\u0443 aunity ENERGY+?<\/strong><br \/>\n\u042d\u043d\u0435\u0440\u0433\u043e\u043f\u0440\u043e\u0434\u0443\u043a\u0442\u043e\u0432 \u043f\u0440\u0443\u0434 \u043f\u0440\u0443\u0434\u0438 \u2013 \u0432 \u0438\u043d\u0442\u0435\u0440\u043d\u0435\u0442\u0435 \u043f\u043e\u043b\u043d\u043e \u0441\u0430\u043c\u044b\u0445 \u0440\u0430\u0437\u043d\u043e\u043e\u0431\u0440\u0430\u0437\u043d\u044b\u0445 \u043f\u0440\u0435\u0434\u043b\u043e\u0436\u0435\u043d\u0438\u0439!<\/p>\n<p><strong>\u0420\u0430\u0437\u043d\u0438\u0446\u0430 \u0437\u0430\u043a\u043b\u044e\u0447\u0430\u0435\u0442\u0441\u044f \u0432 \u043f\u0440\u0430\u0432\u0438\u043b\u044c\u043d\u043e\u0439 \u0441\u043c\u0435\u0441\u0438 \u0438 \u043d\u0430\u0442\u0443\u0440\u0430\u043b\u044c\u043d\u044b\u0445 \u0438\u043d\u0433\u0440\u0435\u0434\u0438\u0435\u043d\u0442\u0430\u0445! <\/strong>Denn aunity ENERGY+ Kapseln heben sich durch pure nat\u00fcrliche Zutaten ab &#8211; ohne Zucker! Diese au\u00dfergew\u00f6hnliche Mischung gibt Ihnen auf ganz nat\u00fcrliche Weise enorm viel Kraft und geistige Leistungsf\u00e4higkeit f\u00fcr einen langen Zeitraum ohne dass Sie Ihren Organismus mit sch\u00e4dlichen chemischen oder ver\u00e4nderten Zutaten belasten!<\/p>\n<p>\u041a\u0430\u0447\u0435\u0441\u0442\u0432\u043e \u0438 \u0434\u043e\u0437\u0438\u0440\u043e\u0432\u043a\u0430 \u0438\u043d\u0433\u0440\u0435\u0434\u0438\u0435\u043d\u0442\u043e\u0432 \u043f\u043e\u043c\u043e\u0433\u0443\u0442 \u0432\u0430\u043c \u0434\u043e\u0431\u0438\u0442\u044c\u0441\u044f \u0432\u0438\u0434\u0438\u043c\u043e\u0433\u043e \u0443\u0441\u043f\u0435\u0445\u0430!<\/p>\n<p><em>\u00a0(\u041f\u043e \u0441\u0440\u0430\u0432\u043d\u0435\u043d\u0438\u044e \u0441 \u043f\u0440\u043e\u0434\u0443\u043a\u0442\u0430\u043c\u0438 \u0434\u0440\u0443\u0433\u0438\u0445 \u043f\u0440\u043e\u0438\u0437\u0432\u043e\u0434\u0438\u0442\u0435\u043b\u0435\u0439, \u0432 \u043d\u0438\u0445 \u0447\u0430\u0441\u0442\u043e \u0438\u0441\u043f\u043e\u043b\u044c\u0437\u0443\u0435\u0442\u0441\u044f \u0441\u0430\u0445\u0430\u0440 \u0438 \u043c\u043e\u0434\u0438\u0444\u0438\u0446\u0438\u0440\u043e\u0432\u0430\u043d\u043d\u044b\u0435 \u0438\u043d\u0433\u0440\u0435\u0434\u0438\u0435\u043d\u0442\u044b, \u043a\u043e\u0442\u043e\u0440\u044b\u0435 \u043c\u043e\u0433\u0443\u0442 \u043f\u043b\u043e\u0445\u043e \u043f\u043e\u0432\u043b\u0438\u044f\u0442\u044c \u043d\u0430 \u0432\u0430\u0448\u0435 \u0437\u0434\u043e\u0440\u043e\u0432\u044c\u0435 \u0438\/\u0438\u043b\u0438 \u043d\u0435 \u0443\u0447\u0438\u0442\u044b\u0432\u0430\u0442\u044c \u0432\u0430\u0448\u0438 \u043f\u043e\u0442\u0440\u0435\u0431\u043d\u043e\u0441\u0442\u0438 \u0432 \u043f\u0438\u0442\u0430\u043d\u0438\u0438 \u0438 \u0432\u0435\u0441\u0435!)<\/em><\/p>","protected":false},"excerpt":{"rendered":"<h3><strong>ENERGY+ &#8211; Nahrungserg\u00e4nzungsmittel mit Pflanzenstoffen, Vitaminen, Chrom, Cholin und Koffein<\/strong><\/h3>\n<p>ENERGY+ &#8211; Ganzheitlich und Nat\u00fcrlich &#8211; ausschlie\u00dflich nat\u00fcrliche Zutaten (ohne Zucker, ohne chemischen oder ver\u00e4nderte Zutaten)!<\/p>\n<p><img loading=\"lazy\" decoding=\"async\" class=\"alignnone size-full wp-image-2560\" src=\"http:\/\/dev.aunityshop.de\/wp-content\/uploads\/2014\/08\/madeingermany-1.png\" alt=\"nahrungserg\u00e4nzungsmittel made in germany 100% nat\u00fcrlich qualit\u00e4t\" width=\"150\" height=\"56\" \/><\/p>","protected":false},"featured_media":2928,"template":"","meta":[],"product_brand":[],"product_cat":[66],"product_tag":[],"class_list":{"0":"post-2927","1":"product","2":"type-product","3":"status-publish","4":"has-post-thumbnail","6":"product_cat-nahrungsergaenzung","7":"description-off","9":"first","10":"instock","11":"taxable","12":"shipping-taxable","13":"purchasable","14":"product-type-simple"},"yoast_head":"<!-- This site is optimized with the Yoast SEO plugin v27.2 - https:\/\/yoast.com\/product\/yoast-seo-wordpress\/ -->\n<title>ENERGY+ - aunity Partnershop<\/title>\n<meta name=\"robots\" content=\"index, follow, max-snippet:-1, max-image-preview:large, max-video-preview:-1\" \/>\n<link rel=\"canonical\" href=\"https:\/\/www.aunityshop.de\/ru\/product\/energy\/\" \/>\n<meta property=\"og:locale\" content=\"ru_RU\" \/>\n<meta property=\"og:type\" content=\"article\" \/>\n<meta property=\"og:title\" content=\"ENERGY+ - aunity Partnershop\" \/>\n<meta property=\"og:description\" content=\"ENERGY+ - Nahrungserg\u00e4nzungsmittel mit Pflanzenstoffen, Vitaminen, Chrom, Cholin und Koffein ENERGY+ - Ganzheitlich und Nat\u00fcrlich - ausschlie\u00dflich nat\u00fcrliche Zutaten (ohne Zucker, ohne chemischen oder ver\u00e4nderte Zutaten)!\" \/>\n<meta property=\"og:url\" content=\"https:\/\/www.aunityshop.de\/ru\/product\/energy\/\" \/>\n<meta property=\"og:site_name\" content=\"aunity Partnershop\" \/>\n<meta property=\"article:modified_time\" content=\"2025-09-27T14:31:59+00:00\" \/>\n<meta property=\"og:image\" content=\"https:\/\/www.aunityshop.de\/wp-content\/uploads\/2019\/10\/energy.jpg\" \/>\n\t<meta property=\"og:image:width\" content=\"886\" \/>\n\t<meta property=\"og:image:height\" content=\"1000\" \/>\n\t<meta property=\"og:image:type\" content=\"image\/jpeg\" \/>\n<meta name=\"twitter:card\" content=\"summary_large_image\" \/>\n<meta name=\"twitter:label1\" content=\"\u041f\u0440\u0438\u043c\u0435\u0440\u043d\u043e\u0435 \u0432\u0440\u0435\u043c\u044f \u0434\u043b\u044f \u0447\u0442\u0435\u043d\u0438\u044f\" \/>\n\t<meta name=\"twitter:data1\" content=\"2 \u043c\u0438\u043d\u0443\u0442\u044b\" \/>\n<script type=\"application\/ld+json\" class=\"yoast-schema-graph\">{\"@context\":\"https:\/\/schema.org\",\"@graph\":[{\"@type\":\"WebPage\",\"@id\":\"https:\/\/www.aunityshop.de\/produkt\/energy\/\",\"url\":\"https:\/\/www.aunityshop.de\/produkt\/energy\/\",\"name\":\"ENERGY+ - aunity Partnershop\",\"isPartOf\":{\"@id\":\"https:\/\/www.aunityshop.de\/#website\"},\"primaryImageOfPage\":{\"@id\":\"https:\/\/www.aunityshop.de\/produkt\/energy\/#primaryimage\"},\"image\":{\"@id\":\"https:\/\/www.aunityshop.de\/produkt\/energy\/#primaryimage\"},\"thumbnailUrl\":\"https:\/\/www.aunityshop.de\/wp-content\/uploads\/2019\/10\/energy.jpg\",\"datePublished\":\"2019-10-14T17:54:58+00:00\",\"dateModified\":\"2025-09-27T14:31:59+00:00\",\"breadcrumb\":{\"@id\":\"https:\/\/www.aunityshop.de\/produkt\/energy\/#breadcrumb\"},\"inLanguage\":\"ru-RU\",\"potentialAction\":[{\"@type\":\"ReadAction\",\"target\":[\"https:\/\/www.aunityshop.de\/produkt\/energy\/\"]}]},{\"@type\":\"ImageObject\",\"inLanguage\":\"ru-RU\",\"@id\":\"https:\/\/www.aunityshop.de\/produkt\/energy\/#primaryimage\",\"url\":\"https:\/\/www.aunityshop.de\/wp-content\/uploads\/2019\/10\/energy.jpg\",\"contentUrl\":\"https:\/\/www.aunityshop.de\/wp-content\/uploads\/2019\/10\/energy.jpg\",\"width\":886,\"height\":1000,\"caption\":\"ENERGY+ - Nahrungserg\u00e4nzungsmittel mit Pflanzenstoffen, Vitaminen, Chrom, Cholin und Koffein\"},{\"@type\":\"BreadcrumbList\",\"@id\":\"https:\/\/www.aunityshop.de\/produkt\/energy\/#breadcrumb\",\"itemListElement\":[{\"@type\":\"ListItem\",\"position\":1,\"name\":\"Start\",\"item\":\"https:\/\/www.aunityshop.de\/\"},{\"@type\":\"ListItem\",\"position\":2,\"name\":\"Shop\",\"item\":\"https:\/\/www.aunityshop.de\/shop\/\"},{\"@type\":\"ListItem\",\"position\":3,\"name\":\"ENERGY+\"}]},{\"@type\":\"WebSite\",\"@id\":\"https:\/\/www.aunityshop.de\/#website\",\"url\":\"https:\/\/www.aunityshop.de\/\",\"name\":\"aunity Partnershop\",\"description\":\"Kraftvolle Gesundheit | Nahrungserg\u00e4nzung Kosmetik Aqua Balance Wasserfilter Anion Damenbinden Slipeinlagen\",\"potentialAction\":[{\"@type\":\"SearchAction\",\"target\":{\"@type\":\"EntryPoint\",\"urlTemplate\":\"https:\/\/www.aunityshop.de\/?s={search_term_string}\"},\"query-input\":{\"@type\":\"PropertyValueSpecification\",\"valueRequired\":true,\"valueName\":\"search_term_string\"}}],\"inLanguage\":\"ru-RU\"}]}<\/script>\n<!-- \/ Yoast SEO plugin. -->","yoast_head_json":{"title":"ENERGY+ - aunity Partnershop","robots":{"index":"index","follow":"follow","max-snippet":"max-snippet:-1","max-image-preview":"max-image-preview:large","max-video-preview":"max-video-preview:-1"},"canonical":"https:\/\/www.aunityshop.de\/ru\/product\/energy\/","og_locale":"ru_RU","og_type":"article","og_title":"ENERGY+ - aunity Partnershop","og_description":"ENERGY+ - Nahrungserg\u00e4nzungsmittel mit Pflanzenstoffen, Vitaminen, Chrom, Cholin und Koffein ENERGY+ - Ganzheitlich und Nat\u00fcrlich - ausschlie\u00dflich nat\u00fcrliche Zutaten (ohne Zucker, ohne chemischen oder ver\u00e4nderte Zutaten)!","og_url":"https:\/\/www.aunityshop.de\/ru\/product\/energy\/","og_site_name":"aunity Partnershop","article_modified_time":"2025-09-27T14:31:59+00:00","og_image":[{"width":886,"height":1000,"url":"https:\/\/www.aunityshop.de\/wp-content\/uploads\/2019\/10\/energy.jpg","type":"image\/jpeg"}],"twitter_card":"summary_large_image","twitter_misc":{"\u041f\u0440\u0438\u043c\u0435\u0440\u043d\u043e\u0435 \u0432\u0440\u0435\u043c\u044f \u0434\u043b\u044f \u0447\u0442\u0435\u043d\u0438\u044f":"2 \u043c\u0438\u043d\u0443\u0442\u044b"},"schema":{"@context":"https:\/\/schema.org","@graph":[{"@type":"WebPage","@id":"https:\/\/www.aunityshop.de\/produkt\/energy\/","url":"https:\/\/www.aunityshop.de\/produkt\/energy\/","name":"ENERGY+ - aunity Partnershop","isPartOf":{"@id":"https:\/\/www.aunityshop.de\/#website"},"primaryImageOfPage":{"@id":"https:\/\/www.aunityshop.de\/produkt\/energy\/#primaryimage"},"image":{"@id":"https:\/\/www.aunityshop.de\/produkt\/energy\/#primaryimage"},"thumbnailUrl":"https:\/\/www.aunityshop.de\/wp-content\/uploads\/2019\/10\/energy.jpg","datePublished":"2019-10-14T17:54:58+00:00","dateModified":"2025-09-27T14:31:59+00:00","breadcrumb":{"@id":"https:\/\/www.aunityshop.de\/produkt\/energy\/#breadcrumb"},"inLanguage":"ru-RU","potentialAction":[{"@type":"ReadAction","target":["https:\/\/www.aunityshop.de\/produkt\/energy\/"]}]},{"@type":"ImageObject","inLanguage":"ru-RU","@id":"https:\/\/www.aunityshop.de\/produkt\/energy\/#primaryimage","url":"https:\/\/www.aunityshop.de\/wp-content\/uploads\/2019\/10\/energy.jpg","contentUrl":"https:\/\/www.aunityshop.de\/wp-content\/uploads\/2019\/10\/energy.jpg","width":886,"height":1000,"caption":"ENERGY+ - Nahrungserg\u00e4nzungsmittel mit Pflanzenstoffen, Vitaminen, Chrom, Cholin und Koffein"},{"@type":"BreadcrumbList","@id":"https:\/\/www.aunityshop.de\/produkt\/energy\/#breadcrumb","itemListElement":[{"@type":"ListItem","position":1,"name":"Start","item":"https:\/\/www.aunityshop.de\/"},{"@type":"ListItem","position":2,"name":"Shop","item":"https:\/\/www.aunityshop.de\/shop\/"},{"@type":"ListItem","position":3,"name":"ENERGY+"}]},{"@type":"WebSite","@id":"https:\/\/www.aunityshop.de\/#website","url":"https:\/\/www.aunityshop.de\/","name":"aunity Partnershop","description":"Kraftvolle Gesundheit | Nahrungserg\u00e4nzung Kosmetik Aqua Balance Wasserfilter Anion Damenbinden Slipeinlagen","potentialAction":[{"@type":"SearchAction","target":{"@type":"EntryPoint","urlTemplate":"https:\/\/www.aunityshop.de\/?s={search_term_string}"},"query-input":{"@type":"PropertyValueSpecification","valueRequired":true,"valueName":"search_term_string"}}],"inLanguage":"ru-RU"}]}},"_links":{"self":[{"href":"https:\/\/www.aunityshop.de\/ru\/wp-json\/wp\/v2\/product\/2927","targetHints":{"allow":["GET"]}}],"collection":[{"href":"https:\/\/www.aunityshop.de\/ru\/wp-json\/wp\/v2\/product"}],"about":[{"href":"https:\/\/www.aunityshop.de\/ru\/wp-json\/wp\/v2\/types\/product"}],"wp:featuredmedia":[{"embeddable":true,"href":"https:\/\/www.aunityshop.de\/ru\/wp-json\/wp\/v2\/media\/2928"}],"wp:attachment":[{"href":"https:\/\/www.aunityshop.de\/ru\/wp-json\/wp\/v2\/media?parent=2927"}],"wp:term":[{"taxonomy":"product_brand","embeddable":true,"href":"https:\/\/www.aunityshop.de\/ru\/wp-json\/wp\/v2\/product_brand?post=2927"},{"taxonomy":"product_cat","embeddable":true,"href":"https:\/\/www.aunityshop.de\/ru\/wp-json\/wp\/v2\/product_cat?post=2927"},{"taxonomy":"product_tag","embeddable":true,"href":"https:\/\/www.aunityshop.de\/ru\/wp-json\/wp\/v2\/product_tag?post=2927"}],"curies":[{"name":"wp","href":"https:\/\/api.w.org\/{rel}","templated":true}]}}