{"id":2938,"date":"2019-10-15T17:21:38","date_gmt":"2019-10-15T15:21:38","guid":{"rendered":"http:\/\/wp13599940.server-he.de\/html\/?post_type=product&#038;p=2938"},"modified":"2025-11-18T08:42:08","modified_gmt":"2025-11-18T07:42:08","slug":"multivitamin-complex","status":"publish","type":"product","link":"https:\/\/www.aunityshop.de\/ru\/product\/multivitamin-complex\/","title":{"rendered":"\u041c\u0423\u041b\u042c\u0422\u0418\u0412\u0418\u0422\u0410\u041c\u0418\u041d\u041d\u042b\u0419 \u041a\u041e\u041c\u041f\u041b\u0415\u041a\u0421"},"content":{"rendered":"<h2>Multivitamin Complex &#8211; Nahrungserg\u00e4nzungsmittel mit Vitaminen und Mineralstoffen<\/h2>\n<p>\u041c\u0443\u043b\u044c\u0442\u0438\u0432\u0438\u0442\u0430\u043c\u0438\u043d\u043d\u044b\u0439 \u043a\u043e\u043c\u043f\u043b\u0435\u043a\u0441 \u0441\u043d\u0430\u0431\u0436\u0430\u0435\u0442 \u043e\u0431\u043c\u0435\u043d \u0432\u0435\u0449\u0435\u0441\u0442\u0432 \u0438 \u043a\u043b\u0435\u0442\u043a\u0438 \u043c\u043d\u043e\u0433\u0438\u043c\u0438 \u0436\u0438\u0437\u043d\u0435\u043d\u043d\u043e \u0432\u0430\u0436\u043d\u044b\u043c\u0438 \u0434\u043b\u044f \u0437\u0434\u043e\u0440\u043e\u0432\u044c\u044f \u0432\u0435\u0449\u0435\u0441\u0442\u0432\u0430\u043c\u0438.\u042d\u0442\u0438\u043c \u043e\u0431\u044a\u044f\u0441\u043d\u044f\u0435\u0442\u0441\u044f \u043c\u043d\u043e\u0433\u043e\u043e\u0431\u0440\u0430\u0437\u043d\u043e\u0435 \u0432\u043e\u0437\u0434\u0435\u0439\u0441\u0442\u0432\u0438\u0435 \u043d\u0430 \u0446\u0435\u043b\u043e\u0441\u0442\u043d\u0443\u044e \u0441\u0438\u0441\u0442\u0435\u043c\u0443 \u0447\u0435\u043b\u043e\u0432\u0435\u043a\u0430 \u2013 \u043d\u0430\u0443\u0447\u043d\u043e \u0434\u043e\u043a\u0430\u0437\u0430\u043d\u043d\u043e\u0435 \u0438 \u043f\u043e\u0434\u0442\u0432\u0435\u0440\u0436\u0434\u0435\u043d\u043d\u043e\u0435 \u0442\u044b\u0441\u044f\u0447\u0438 \u0440\u0430\u0437.<\/p>\n<h3><img loading=\"lazy\" decoding=\"async\" class=\"alignleft wp-image-2939 size-medium\" src=\"http:\/\/dev.aunityshop.de\/wp-content\/uploads\/2019\/10\/multivitamin-complex1-266x300.jpg\" alt=\"Multivitamin Complex versorgt den Stoffwechsel und die Zellen mit vielen lebenswichtigen Gesundheitsstoffen. JETZT AUSPROBIEREN!\" width=\"266\" height=\"300\" srcset=\"https:\/\/www.aunityshop.de\/wp-content\/uploads\/2019\/10\/multivitamin-complex1-266x300.jpg 266w, https:\/\/www.aunityshop.de\/wp-content\/uploads\/2019\/10\/multivitamin-complex1-600x677.jpg 600w, https:\/\/www.aunityshop.de\/wp-content\/uploads\/2019\/10\/multivitamin-complex1-768x867.jpg 768w, https:\/\/www.aunityshop.de\/wp-content\/uploads\/2019\/10\/multivitamin-complex1-860x971.jpg 860w, https:\/\/www.aunityshop.de\/wp-content\/uploads\/2019\/10\/multivitamin-complex1.jpg 886w\" sizes=\"auto, (max-width: 266px) 100vw, 266px\" \/>\u041c\u0443\u043b\u044c\u0442\u0438\u0432\u0438\u0442\u0430\u043c\u0438\u043d\u043d\u044b\u0439 \u043a\u043e\u043c\u043f\u043b\u0435\u043a\u0441 \u043f\u043e\u043b\u0435\u0437\u0435\u043d \u0434\u043b\u044f:<\/h3>\n<ul class=\"li-hook\">\n<li>\u043f\u043e\u043b\u0435\u0437\u0435\u043d \u0434\u043b\u044f \u043a\u043e\u0436\u0438, \u0432\u043e\u043b\u043e\u0441, \u043d\u043e\u0433\u0442\u0435\u0439, \u043c\u044b\u0448\u0446, \u0433\u043b\u0430\u0437 \u0438 \u0437\u0443\u0431\u043e\u0432<\/li>\n<li>\u043f\u043e\u043b\u0435\u0437\u0435\u043d \u0434\u043b\u044f \u0441\u0435\u0440\u0434\u0435\u0447\u043d\u043e-\u0441\u043e\u0441\u0443\u0434\u0438\u0441\u0442\u043e\u0439 \u0441\u0438\u0441\u0442\u0435\u043c\u044b<\/li>\n<li>\u0445\u043e\u0440\u043e\u0448\u043e \u0434\u043b\u044f \u043f\u043e\u0445\u0443\u0434\u0435\u043d\u0438\u044f<\/li>\n<li>f\u00fcr mehr Energie &amp; weniger M\u00fcdigkeit<\/li>\n<li>\u0443\u043a\u0440\u0435\u043f\u043b\u044f\u0435\u0442 \u0438\u043c\u043c\u0443\u043d\u043d\u0443\u044e \u0441\u0438\u0441\u0442\u0435\u043c\u0443<\/li>\n<li>\u043f\u043e\u043b\u0435\u0437\u0435\u043d \u0434\u043b\u044f \u0432\u044b\u0440\u0430\u0431\u043e\u0442\u043a\u0438 \u0433\u043e\u0440\u043c\u043e\u043d\u043e\u0432<\/li>\n<li>\u0445\u043e\u0440\u043e\u0448\u043e \u0434\u043b\u044f \u0444\u0435\u0440\u0442\u0438\u043b\u044c\u043d\u043e\u0441\u0442\u0438<\/li>\n<li>gut f\u00fcr die Leistungsf\u00e4higkeit &amp; Vitalit\u00e4t<\/li>\n<li>\u043f\u043e\u043b\u0435\u0437\u0435\u043d \u0434\u043b\u044f \u043e\u0431\u043c\u0435\u043d\u0430 \u0432\u0435\u0449\u0435\u0441\u0442\u0432<\/li>\n<li>\u0445\u043e\u0440\u043e\u0448 \u0434\u043b\u044f \u0437\u0430\u0449\u0438\u0442\u044b \u043a\u043b\u0435\u0442\u043e\u043a<\/li>\n<\/ul>","protected":false},"excerpt":{"rendered":"<p><strong>\u041f\u0438\u0449\u0435\u0432\u044b\u0435 \u0434\u043e\u0431\u0430\u0432\u043a\u0438 \u0441 \u0432\u0438\u0442\u0430\u043c\u0438\u043d\u0430\u043c\u0438 \u0438 \u043c\u0438\u043d\u0435\u0440\u0430\u043b\u0430\u043c\u0438<\/strong><\/p>\n<p>\u041c\u0443\u043b\u044c\u0442\u0438\u0432\u0438\u0442\u0430\u043c\u0438\u043d\u043d\u044b\u0439 \u043a\u043e\u043c\u043f\u043b\u0435\u043a\u0441 \u0441\u043d\u0430\u0431\u0436\u0430\u0435\u0442 \u043e\u0431\u043c\u0435\u043d \u0432\u0435\u0449\u0435\u0441\u0442\u0432 \u0438 \u043a\u043b\u0435\u0442\u043a\u0438 \u043c\u043d\u043e\u0433\u0438\u043c\u0438 \u0436\u0438\u0437\u043d\u0435\u043d\u043d\u043e \u0432\u0430\u0436\u043d\u044b\u043c\u0438 \u0434\u043b\u044f \u0437\u0434\u043e\u0440\u043e\u0432\u044c\u044f \u0432\u0435\u0449\u0435\u0441\u0442\u0432\u0430\u043c\u0438.\u042d\u0442\u0438\u043c \u043e\u0431\u044a\u044f\u0441\u043d\u044f\u0435\u0442\u0441\u044f \u043c\u043d\u043e\u0433\u043e\u043e\u0431\u0440\u0430\u0437\u043d\u043e\u0435 \u0432\u043e\u0437\u0434\u0435\u0439\u0441\u0442\u0432\u0438\u0435 \u043d\u0430 \u0446\u0435\u043b\u043e\u0441\u0442\u043d\u0443\u044e \u0441\u0438\u0441\u0442\u0435\u043c\u0443 \u0447\u0435\u043b\u043e\u0432\u0435\u043a\u0430 \u2013 \u043d\u0430\u0443\u0447\u043d\u043e \u0434\u043e\u043a\u0430\u0437\u0430\u043d\u043d\u043e\u0435 \u0438 \u043f\u043e\u0434\u0442\u0432\u0435\u0440\u0436\u0434\u0435\u043d\u043d\u043e\u0435 \u0442\u044b\u0441\u044f\u0447\u0438 \u0440\u0430\u0437.<\/p>\n<p><img loading=\"lazy\" decoding=\"async\" class=\"alignnone size-full wp-image-2560\" src=\"http:\/\/dev.aunityshop.de\/wp-content\/uploads\/2014\/08\/madeingermany-1.png\" alt=\"nahrungserg\u00e4nzungsmittel made in germany 100% nat\u00fcrlich qualit\u00e4t\" width=\"150\" height=\"56\" \/><\/p>","protected":false},"featured_media":2939,"template":"","meta":[],"product_brand":[],"product_cat":[66],"product_tag":[],"class_list":{"0":"post-2938","1":"product","2":"type-product","3":"status-publish","4":"has-post-thumbnail","6":"product_cat-nahrungsergaenzung","7":"description-off","9":"first","10":"instock","11":"taxable","12":"shipping-taxable","13":"purchasable","14":"product-type-simple"},"yoast_head":"<!-- This site is optimized with the Yoast SEO plugin v27.2 - https:\/\/yoast.com\/product\/yoast-seo-wordpress\/ -->\n<title>MULTIVITAMIN COMPLEX - aunity Partnershop<\/title>\n<meta name=\"robots\" content=\"index, follow, max-snippet:-1, max-image-preview:large, max-video-preview:-1\" \/>\n<link rel=\"canonical\" href=\"https:\/\/www.aunityshop.de\/ru\/product\/multivitamin-complex\/\" \/>\n<meta property=\"og:locale\" content=\"ru_RU\" \/>\n<meta property=\"og:type\" content=\"article\" \/>\n<meta property=\"og:title\" content=\"MULTIVITAMIN COMPLEX - aunity Partnershop\" \/>\n<meta property=\"og:description\" content=\"Nahrungserg\u00e4nzungsmittel mit Vitaminen und Mineralstoffen  Multivitamin Complex versorgt den Stoffwechsel und die Zellen mit vielen lebenswichtigen Gesundheitsstoffen.\u00a0So erkl\u00e4ren sich vielseitige Effekte auf das ganzheitliche System Mensch \u2013 wissenschaftlich bewiesen und tausendfach best\u00e4tigt.\" \/>\n<meta property=\"og:url\" content=\"https:\/\/www.aunityshop.de\/ru\/product\/multivitamin-complex\/\" \/>\n<meta property=\"og:site_name\" content=\"aunity Partnershop\" \/>\n<meta property=\"article:modified_time\" content=\"2025-11-18T07:42:08+00:00\" \/>\n<meta property=\"og:image\" content=\"https:\/\/www.aunityshop.de\/wp-content\/uploads\/2019\/10\/multivitamin-complex1.jpg\" \/>\n\t<meta property=\"og:image:width\" content=\"886\" \/>\n\t<meta property=\"og:image:height\" content=\"1000\" \/>\n\t<meta property=\"og:image:type\" content=\"image\/jpeg\" \/>\n<meta name=\"twitter:card\" content=\"summary_large_image\" \/>\n<meta name=\"twitter:label1\" content=\"\u041f\u0440\u0438\u043c\u0435\u0440\u043d\u043e\u0435 \u0432\u0440\u0435\u043c\u044f \u0434\u043b\u044f \u0447\u0442\u0435\u043d\u0438\u044f\" \/>\n\t<meta name=\"twitter:data1\" content=\"1 \u043c\u0438\u043d\u0443\u0442\u0430\" \/>\n<script type=\"application\/ld+json\" class=\"yoast-schema-graph\">{\"@context\":\"https:\/\/schema.org\",\"@graph\":[{\"@type\":\"WebPage\",\"@id\":\"https:\/\/www.aunityshop.de\/produkt\/multivitamin-complex\/\",\"url\":\"https:\/\/www.aunityshop.de\/produkt\/multivitamin-complex\/\",\"name\":\"MULTIVITAMIN COMPLEX - aunity Partnershop\",\"isPartOf\":{\"@id\":\"https:\/\/www.aunityshop.de\/#website\"},\"primaryImageOfPage\":{\"@id\":\"https:\/\/www.aunityshop.de\/produkt\/multivitamin-complex\/#primaryimage\"},\"image\":{\"@id\":\"https:\/\/www.aunityshop.de\/produkt\/multivitamin-complex\/#primaryimage\"},\"thumbnailUrl\":\"https:\/\/www.aunityshop.de\/wp-content\/uploads\/2019\/10\/multivitamin-complex1.jpg\",\"datePublished\":\"2019-10-15T15:21:38+00:00\",\"dateModified\":\"2025-11-18T07:42:08+00:00\",\"breadcrumb\":{\"@id\":\"https:\/\/www.aunityshop.de\/produkt\/multivitamin-complex\/#breadcrumb\"},\"inLanguage\":\"ru-RU\",\"potentialAction\":[{\"@type\":\"ReadAction\",\"target\":[\"https:\/\/www.aunityshop.de\/produkt\/multivitamin-complex\/\"]}]},{\"@type\":\"ImageObject\",\"inLanguage\":\"ru-RU\",\"@id\":\"https:\/\/www.aunityshop.de\/produkt\/multivitamin-complex\/#primaryimage\",\"url\":\"https:\/\/www.aunityshop.de\/wp-content\/uploads\/2019\/10\/multivitamin-complex1.jpg\",\"contentUrl\":\"https:\/\/www.aunityshop.de\/wp-content\/uploads\/2019\/10\/multivitamin-complex1.jpg\",\"width\":886,\"height\":1000,\"caption\":\"Multivitamin Complex versorgt den Stoffwechsel und die Zellen mit vielen lebenswichtigen Gesundheitsstoffen. JETZT AUSPROBIEREN!\"},{\"@type\":\"BreadcrumbList\",\"@id\":\"https:\/\/www.aunityshop.de\/produkt\/multivitamin-complex\/#breadcrumb\",\"itemListElement\":[{\"@type\":\"ListItem\",\"position\":1,\"name\":\"Start\",\"item\":\"https:\/\/www.aunityshop.de\/\"},{\"@type\":\"ListItem\",\"position\":2,\"name\":\"Shop\",\"item\":\"https:\/\/www.aunityshop.de\/shop\/\"},{\"@type\":\"ListItem\",\"position\":3,\"name\":\"MULTIVITAMIN COMPLEX\"}]},{\"@type\":\"WebSite\",\"@id\":\"https:\/\/www.aunityshop.de\/#website\",\"url\":\"https:\/\/www.aunityshop.de\/\",\"name\":\"aunity Partnershop\",\"description\":\"Kraftvolle Gesundheit | Nahrungserg\u00e4nzung Kosmetik Aqua Balance Wasserfilter Anion Damenbinden Slipeinlagen\",\"potentialAction\":[{\"@type\":\"SearchAction\",\"target\":{\"@type\":\"EntryPoint\",\"urlTemplate\":\"https:\/\/www.aunityshop.de\/?s={search_term_string}\"},\"query-input\":{\"@type\":\"PropertyValueSpecification\",\"valueRequired\":true,\"valueName\":\"search_term_string\"}}],\"inLanguage\":\"ru-RU\"}]}<\/script>\n<!-- \/ Yoast SEO plugin. -->","yoast_head_json":{"title":"MULTIVITAMIN COMPLEX - aunity Partnershop","robots":{"index":"index","follow":"follow","max-snippet":"max-snippet:-1","max-image-preview":"max-image-preview:large","max-video-preview":"max-video-preview:-1"},"canonical":"https:\/\/www.aunityshop.de\/ru\/product\/multivitamin-complex\/","og_locale":"ru_RU","og_type":"article","og_title":"MULTIVITAMIN COMPLEX - aunity Partnershop","og_description":"Nahrungserg\u00e4nzungsmittel mit Vitaminen und Mineralstoffen  Multivitamin Complex versorgt den Stoffwechsel und die Zellen mit vielen lebenswichtigen Gesundheitsstoffen.\u00a0So erkl\u00e4ren sich vielseitige Effekte auf das ganzheitliche System Mensch \u2013 wissenschaftlich bewiesen und tausendfach best\u00e4tigt.","og_url":"https:\/\/www.aunityshop.de\/ru\/product\/multivitamin-complex\/","og_site_name":"aunity Partnershop","article_modified_time":"2025-11-18T07:42:08+00:00","og_image":[{"width":886,"height":1000,"url":"https:\/\/www.aunityshop.de\/wp-content\/uploads\/2019\/10\/multivitamin-complex1.jpg","type":"image\/jpeg"}],"twitter_card":"summary_large_image","twitter_misc":{"\u041f\u0440\u0438\u043c\u0435\u0440\u043d\u043e\u0435 \u0432\u0440\u0435\u043c\u044f \u0434\u043b\u044f \u0447\u0442\u0435\u043d\u0438\u044f":"1 \u043c\u0438\u043d\u0443\u0442\u0430"},"schema":{"@context":"https:\/\/schema.org","@graph":[{"@type":"WebPage","@id":"https:\/\/www.aunityshop.de\/produkt\/multivitamin-complex\/","url":"https:\/\/www.aunityshop.de\/produkt\/multivitamin-complex\/","name":"MULTIVITAMIN COMPLEX - aunity Partnershop","isPartOf":{"@id":"https:\/\/www.aunityshop.de\/#website"},"primaryImageOfPage":{"@id":"https:\/\/www.aunityshop.de\/produkt\/multivitamin-complex\/#primaryimage"},"image":{"@id":"https:\/\/www.aunityshop.de\/produkt\/multivitamin-complex\/#primaryimage"},"thumbnailUrl":"https:\/\/www.aunityshop.de\/wp-content\/uploads\/2019\/10\/multivitamin-complex1.jpg","datePublished":"2019-10-15T15:21:38+00:00","dateModified":"2025-11-18T07:42:08+00:00","breadcrumb":{"@id":"https:\/\/www.aunityshop.de\/produkt\/multivitamin-complex\/#breadcrumb"},"inLanguage":"ru-RU","potentialAction":[{"@type":"ReadAction","target":["https:\/\/www.aunityshop.de\/produkt\/multivitamin-complex\/"]}]},{"@type":"ImageObject","inLanguage":"ru-RU","@id":"https:\/\/www.aunityshop.de\/produkt\/multivitamin-complex\/#primaryimage","url":"https:\/\/www.aunityshop.de\/wp-content\/uploads\/2019\/10\/multivitamin-complex1.jpg","contentUrl":"https:\/\/www.aunityshop.de\/wp-content\/uploads\/2019\/10\/multivitamin-complex1.jpg","width":886,"height":1000,"caption":"Multivitamin Complex versorgt den Stoffwechsel und die Zellen mit vielen lebenswichtigen Gesundheitsstoffen. JETZT AUSPROBIEREN!"},{"@type":"BreadcrumbList","@id":"https:\/\/www.aunityshop.de\/produkt\/multivitamin-complex\/#breadcrumb","itemListElement":[{"@type":"ListItem","position":1,"name":"Start","item":"https:\/\/www.aunityshop.de\/"},{"@type":"ListItem","position":2,"name":"Shop","item":"https:\/\/www.aunityshop.de\/shop\/"},{"@type":"ListItem","position":3,"name":"MULTIVITAMIN COMPLEX"}]},{"@type":"WebSite","@id":"https:\/\/www.aunityshop.de\/#website","url":"https:\/\/www.aunityshop.de\/","name":"aunity Partnershop","description":"Kraftvolle Gesundheit | Nahrungserg\u00e4nzung Kosmetik Aqua Balance Wasserfilter Anion Damenbinden Slipeinlagen","potentialAction":[{"@type":"SearchAction","target":{"@type":"EntryPoint","urlTemplate":"https:\/\/www.aunityshop.de\/?s={search_term_string}"},"query-input":{"@type":"PropertyValueSpecification","valueRequired":true,"valueName":"search_term_string"}}],"inLanguage":"ru-RU"}]}},"_links":{"self":[{"href":"https:\/\/www.aunityshop.de\/ru\/wp-json\/wp\/v2\/product\/2938","targetHints":{"allow":["GET"]}}],"collection":[{"href":"https:\/\/www.aunityshop.de\/ru\/wp-json\/wp\/v2\/product"}],"about":[{"href":"https:\/\/www.aunityshop.de\/ru\/wp-json\/wp\/v2\/types\/product"}],"wp:featuredmedia":[{"embeddable":true,"href":"https:\/\/www.aunityshop.de\/ru\/wp-json\/wp\/v2\/media\/2939"}],"wp:attachment":[{"href":"https:\/\/www.aunityshop.de\/ru\/wp-json\/wp\/v2\/media?parent=2938"}],"wp:term":[{"taxonomy":"product_brand","embeddable":true,"href":"https:\/\/www.aunityshop.de\/ru\/wp-json\/wp\/v2\/product_brand?post=2938"},{"taxonomy":"product_cat","embeddable":true,"href":"https:\/\/www.aunityshop.de\/ru\/wp-json\/wp\/v2\/product_cat?post=2938"},{"taxonomy":"product_tag","embeddable":true,"href":"https:\/\/www.aunityshop.de\/ru\/wp-json\/wp\/v2\/product_tag?post=2938"}],"curies":[{"name":"wp","href":"https:\/\/api.w.org\/{rel}","templated":true}]}}