{"id":2943,"date":"2019-10-15T17:38:28","date_gmt":"2019-10-15T15:38:28","guid":{"rendered":"http:\/\/wp13599940.server-he.de\/html\/?post_type=product&#038;p=2943"},"modified":"2025-09-27T16:39:57","modified_gmt":"2025-09-27T14:39:57","slug":"maternity-complex","status":"publish","type":"product","link":"https:\/\/www.aunityshop.de\/ru\/product\/maternity-complex\/","title":{"rendered":"\u041c\u0410\u0422\u0415\u0420\u0418\u041d\u0421\u0422\u0412\u041e+ \u041a\u041e\u041c\u041f\u041b\u0415\u041a\u0421"},"content":{"rendered":"<h1>MATERNITY COMPLEX &#8211; Das Nahrungserg\u00e4nzungsmittel mit Vitaminen und Mineralstoffen<\/h1>\n<h2>Maternity Complex &#8211; Mikron\u00e4hrstoffe bei Kinderwunsch, in der Schwangerschaft und Stillzeit!<\/h2>\n<p><img loading=\"lazy\" decoding=\"async\" class=\"size-medium wp-image-2945 alignleft\" src=\"http:\/\/wp13599940.server-he.de\/html\/wp-content\/uploads\/2019\/10\/maternity-plus2-266x300.jpg\" alt=\"Maternity Complex - Mikron\u00e4hrstoffe bei Kinderwunsch, in der Schwangerschaft und Stillzeit!\" width=\"266\" height=\"300\" srcset=\"https:\/\/www.aunityshop.de\/wp-content\/uploads\/2019\/10\/maternity-plus2-266x300.jpg 266w, https:\/\/www.aunityshop.de\/wp-content\/uploads\/2019\/10\/maternity-plus2-600x677.jpg 600w, https:\/\/www.aunityshop.de\/wp-content\/uploads\/2019\/10\/maternity-plus2-768x867.jpg 768w, https:\/\/www.aunityshop.de\/wp-content\/uploads\/2019\/10\/maternity-plus2-860x971.jpg 860w, https:\/\/www.aunityshop.de\/wp-content\/uploads\/2019\/10\/maternity-plus2.jpg 886w\" sizes=\"auto, (max-width: 266px) 100vw, 266px\" \/>\u041e\u043f\u0442\u0438\u043c\u0430\u043b\u044c\u043d\u044b\u0439 \u043c\u0438\u043a\u0440\u043e\u043d\u0443\u0442\u0440\u0438\u0435\u043d\u0442\u043d\u044b\u0439 \u0441\u0442\u0430\u0442\u0443\u0441 \u0438\u043c\u0435\u0435\u0442 \u0431\u043e\u043b\u044c\u0448\u043e\u0435 \u0437\u043d\u0430\u0447\u0435\u043d\u0438\u0435 \u0434\u043b\u044f \u0436\u0435\u043d\u0449\u0438\u043d, \u0436\u0435\u043b\u0430\u044e\u0449\u0438\u0445 \u0438\u043c\u0435\u0442\u044c \u0434\u0435\u0442\u0435\u0439, \u0430 \u0442\u0430\u043a\u0436\u0435 \u0432 \u043f\u0435\u0440\u0438\u043e\u0434 \u0431\u0435\u0440\u0435\u043c\u0435\u043d\u043d\u043e\u0441\u0442\u0438 \u0438 \u0433\u0440\u0443\u0434\u043d\u043e\u0433\u043e \u0432\u0441\u043a\u0430\u0440\u043c\u043b\u0438\u0432\u0430\u043d\u0438\u044f. \u041a\u043e\u043c\u043f\u043b\u0435\u043a\u0441 \u00ab\u041c\u0430\u0442\u0435\u0440\u0438\u043d\u0441\u0442\u0432\u043e+\u00bb \u2014 \u044d\u0442\u043e \u0441\u043f\u0435\u0446\u0438\u0430\u043b\u044c\u043d\u043e \u0440\u0430\u0437\u0440\u0430\u0431\u043e\u0442\u0430\u043d\u043d\u044b\u0439 \u043f\u0440\u0435\u043f\u0430\u0440\u0430\u0442 \u0436\u0438\u0437\u043d\u0435\u043d\u043d\u043e \u0432\u0430\u0436\u043d\u044b\u0445 \u0432\u0435\u0449\u0435\u0441\u0442\u0432, \u0440\u0430\u0437\u0440\u0430\u0431\u043e\u0442\u0430\u043d\u043d\u044b\u0439 \u0432 \u0441\u043e\u043e\u0442\u0432\u0435\u0442\u0441\u0442\u0432\u0438\u0438 \u0441 \u043d\u043e\u0432\u0435\u0439\u0448\u0438\u043c\u0438 \u043d\u0430\u0443\u0447\u043d\u044b\u043c\u0438 \u043e\u0442\u043a\u0440\u044b\u0442\u0438\u044f\u043c\u0438 \u0434\u043b\u044f \u043f\u043e\u0432\u044b\u0448\u0435\u043d\u043d\u044b\u0445 \u043f\u043e\u0442\u0440\u0435\u0431\u043d\u043e\u0441\u0442\u0435\u0439 \u0432 \u043f\u0435\u0440\u0438\u043e\u0434\u044b \u0436\u0435\u043b\u0430\u043d\u0438\u044f \u0438\u043c\u0435\u0442\u044c \u0434\u0435\u0442\u0435\u0439, \u0431\u0435\u0440\u0435\u043c\u0435\u043d\u043d\u043e\u0441\u0442\u0438 \u0438 \u0433\u0440\u0443\u0434\u043d\u043e\u0433\u043e \u0432\u0441\u043a\u0430\u0440\u043c\u043b\u0438\u0432\u0430\u043d\u0438\u044f.<\/p>\n<p>\u0416\u0435\u043d\u0449\u0438\u043d\u0430\u043c, \u0436\u0435\u043b\u0430\u044e\u0449\u0438\u043c \u0438\u043c\u0435\u0442\u044c \u0434\u0435\u0442\u0435\u0439, \u0431\u0435\u0440\u0435\u043c\u0435\u043d\u043d\u044b\u043c \u0438 \u043a\u043e\u0440\u043c\u044f\u0449\u0438\u043c \u0436\u0435\u043d\u0449\u0438\u043d\u0430\u043c \u043d\u0435\u043e\u0431\u0445\u043e\u0434\u0438\u043c\u044b \u0434\u043e\u043f\u043e\u043b\u043d\u0438\u0442\u0435\u043b\u044c\u043d\u044b\u0435 \u043f\u0438\u0442\u0430\u0442\u0435\u043b\u044c\u043d\u044b\u0435 \u0432\u0435\u0449\u0435\u0441\u0442\u0432\u0430, \u0434\u043e\u043f\u043e\u043b\u043d\u0438\u0442\u0435\u043b\u044c\u043d\u0430\u044f \u044d\u043d\u0435\u0440\u0433\u0438\u044f \u0438 \u0437\u043d\u0430\u0447\u0438\u0442\u0435\u043b\u044c\u043d\u043e \u0431\u043e\u043b\u044c\u0448\u0435 \u043c\u0438\u043a\u0440\u043e\u044d\u043b\u0435\u043c\u0435\u043d\u0442\u043e\u0432.<br \/>\n\u041f\u0440\u0438\u0435\u043c \u041c\u0430\u0442\u0435\u0440\u0438\u043d\u0441\u0442\u0432\u043e \u043a\u043e\u043c\u043f\u043b\u0435\u043a\u0441\u043e\u043c \u00ab\u041c\u0430\u0442\u0435\u0440\u0438\u043d\u0441\u0442\u0432\u043e+\u00bb \u0441\u043f\u043e\u0441\u043e\u0431\u0441\u0442\u0432\u0443\u0435\u0442 \u043d\u043e\u0440\u043c\u0430\u043b\u044c\u043d\u043e\u043c\u0443 \u0440\u0430\u0437\u0432\u0438\u0442\u0438\u044e \u043f\u043b\u043e\u0434\u0430 \u0438 \u0440\u0435\u0431\u0435\u043d\u043a\u0430, \u043d\u0430\u0445\u043e\u0434\u044f\u0449\u0435\u0433\u043e\u0441\u044f \u043d\u0430 \u0433\u0440\u0443\u0434\u043d\u043e\u043c \u0432\u0441\u043a\u0430\u0440\u043c\u043b\u0438\u0432\u0430\u043d\u0438\u0438.<\/p>","protected":false},"excerpt":{"rendered":"<p>&nbsp;<\/p>\n<p>Maternity+ Complex &#8211; Mikron\u00e4hrstoffe bei Kinderwunsch, in der Schwangerschaft und Stillzeit!<br \/>\n\u041e\u043f\u0442\u0438\u043c\u0430\u043b\u044c\u043d\u044b\u0439 \u043c\u0438\u043a\u0440\u043e\u043d\u0443\u0442\u0440\u0438\u0435\u043d\u0442\u043d\u044b\u0439 \u0441\u0442\u0430\u0442\u0443\u0441 \u0438\u043c\u0435\u0435\u0442 \u0431\u043e\u043b\u044c\u0448\u043e\u0435 \u0437\u043d\u0430\u0447\u0435\u043d\u0438\u0435 \u0434\u043b\u044f \u0436\u0435\u043d\u0449\u0438\u043d, \u0436\u0435\u043b\u0430\u044e\u0449\u0438\u0445 \u0438\u043c\u0435\u0442\u044c \u0434\u0435\u0442\u0435\u0439, \u0430 \u0442\u0430\u043a\u0436\u0435 \u0432 \u043f\u0435\u0440\u0438\u043e\u0434 \u0431\u0435\u0440\u0435\u043c\u0435\u043d\u043d\u043e\u0441\u0442\u0438 \u0438 \u0433\u0440\u0443\u0434\u043d\u043e\u0433\u043e \u0432\u0441\u043a\u0430\u0440\u043c\u043b\u0438\u0432\u0430\u043d\u0438\u044f. \u041a\u043e\u043c\u043f\u043b\u0435\u043a\u0441 \u00ab\u041c\u0430\u0442\u0435\u0440\u0438\u043d\u0441\u0442\u0432\u043e+\u00bb \u2014 \u044d\u0442\u043e \u0441\u043f\u0435\u0446\u0438\u0430\u043b\u044c\u043d\u043e \u0440\u0430\u0437\u0440\u0430\u0431\u043e\u0442\u0430\u043d\u043d\u044b\u0439 \u043f\u0440\u0435\u043f\u0430\u0440\u0430\u0442 \u0436\u0438\u0437\u043d\u0435\u043d\u043d\u043e \u0432\u0430\u0436\u043d\u044b\u0445 \u0432\u0435\u0449\u0435\u0441\u0442\u0432, \u0440\u0430\u0437\u0440\u0430\u0431\u043e\u0442\u0430\u043d\u043d\u044b\u0439 \u0432 \u0441\u043e\u043e\u0442\u0432\u0435\u0442\u0441\u0442\u0432\u0438\u0438 \u0441 \u043d\u043e\u0432\u0435\u0439\u0448\u0438\u043c\u0438 \u043d\u0430\u0443\u0447\u043d\u044b\u043c\u0438 \u043e\u0442\u043a\u0440\u044b\u0442\u0438\u044f\u043c\u0438 \u0434\u043b\u044f \u043f\u043e\u0432\u044b\u0448\u0435\u043d\u043d\u044b\u0445 \u043f\u043e\u0442\u0440\u0435\u0431\u043d\u043e\u0441\u0442\u0435\u0439 \u0432 \u043f\u0435\u0440\u0438\u043e\u0434\u044b \u0436\u0435\u043b\u0430\u043d\u0438\u044f \u0438\u043c\u0435\u0442\u044c \u0434\u0435\u0442\u0435\u0439, \u0431\u0435\u0440\u0435\u043c\u0435\u043d\u043d\u043e\u0441\u0442\u0438 \u0438 \u0433\u0440\u0443\u0434\u043d\u043e\u0433\u043e \u0432\u0441\u043a\u0430\u0440\u043c\u043b\u0438\u0432\u0430\u043d\u0438\u044f.<\/p>\n<p>\u0416\u0435\u043d\u0449\u0438\u043d\u0430\u043c, \u0436\u0435\u043b\u0430\u044e\u0449\u0438\u043c \u0438\u043c\u0435\u0442\u044c \u0434\u0435\u0442\u0435\u0439, \u0431\u0435\u0440\u0435\u043c\u0435\u043d\u043d\u044b\u043c \u0438 \u043a\u043e\u0440\u043c\u044f\u0449\u0438\u043c \u0436\u0435\u043d\u0449\u0438\u043d\u0430\u043c \u043d\u0435\u043e\u0431\u0445\u043e\u0434\u0438\u043c\u044b \u0434\u043e\u043f\u043e\u043b\u043d\u0438\u0442\u0435\u043b\u044c\u043d\u044b\u0435 \u043f\u0438\u0442\u0430\u0442\u0435\u043b\u044c\u043d\u044b\u0435 \u0432\u0435\u0449\u0435\u0441\u0442\u0432\u0430, \u0434\u043e\u043f\u043e\u043b\u043d\u0438\u0442\u0435\u043b\u044c\u043d\u0430\u044f \u044d\u043d\u0435\u0440\u0433\u0438\u044f \u0438 \u0437\u043d\u0430\u0447\u0438\u0442\u0435\u043b\u044c\u043d\u043e \u0431\u043e\u043b\u044c\u0448\u0435 \u043c\u0438\u043a\u0440\u043e\u044d\u043b\u0435\u043c\u0435\u043d\u0442\u043e\u0432.<br \/>\n\u041f\u0440\u0438\u0435\u043c \u041c\u0430\u0442\u0435\u0440\u0438\u043d\u0441\u0442\u0432\u043e \u043a\u043e\u043c\u043f\u043b\u0435\u043a\u0441\u043e\u043c \u00ab\u041c\u0430\u0442\u0435\u0440\u0438\u043d\u0441\u0442\u0432\u043e+\u00bb \u0441\u043f\u043e\u0441\u043e\u0431\u0441\u0442\u0432\u0443\u0435\u0442 \u043d\u043e\u0440\u043c\u0430\u043b\u044c\u043d\u043e\u043c\u0443 \u0440\u0430\u0437\u0432\u0438\u0442\u0438\u044e \u043f\u043b\u043e\u0434\u0430 \u0438 \u0440\u0435\u0431\u0435\u043d\u043a\u0430, \u043d\u0430\u0445\u043e\u0434\u044f\u0449\u0435\u0433\u043e\u0441\u044f \u043d\u0430 \u0433\u0440\u0443\u0434\u043d\u043e\u043c \u0432\u0441\u043a\u0430\u0440\u043c\u043b\u0438\u0432\u0430\u043d\u0438\u0438.<\/p>\n<p><img loading=\"lazy\" decoding=\"async\" class=\"alignnone size-full wp-image-2560\" src=\"http:\/\/dev.aunityshop.de\/wp-content\/uploads\/2014\/08\/madeingermany-1.png\" alt=\"nahrungserg\u00e4nzungsmittel made in germany 100% nat\u00fcrlich qualit\u00e4t\" width=\"150\" height=\"56\" \/><\/p>","protected":false},"featured_media":2944,"template":"","meta":[],"product_brand":[],"product_cat":[66],"product_tag":[],"class_list":{"0":"post-2943","1":"product","2":"type-product","3":"status-publish","4":"has-post-thumbnail","6":"product_cat-nahrungsergaenzung","7":"description-off","9":"first","10":"instock","11":"sale","12":"taxable","13":"shipping-taxable","14":"purchasable","15":"product-type-simple"},"yoast_head":"<!-- This site is optimized with the Yoast SEO plugin v27.2 - https:\/\/yoast.com\/product\/yoast-seo-wordpress\/ -->\n<title>MATERNITY+ COMPLEX - aunity Partnershop<\/title>\n<meta name=\"robots\" content=\"index, follow, max-snippet:-1, max-image-preview:large, max-video-preview:-1\" \/>\n<link rel=\"canonical\" href=\"https:\/\/www.aunityshop.de\/ru\/product\/maternity-complex\/\" \/>\n<meta property=\"og:locale\" content=\"ru_RU\" \/>\n<meta property=\"og:type\" content=\"article\" \/>\n<meta property=\"og:title\" content=\"MATERNITY+ COMPLEX - aunity Partnershop\" \/>\n<meta property=\"og:description\" content=\"&nbsp;  Maternity+ Complex - Mikron\u00e4hrstoffe bei Kinderwunsch, in der Schwangerschaft und Stillzeit! Ein optimaler Mikron\u00e4hrstoffstatus ist f\u00fcr Frauen mit Kinderwunsch sowie in der Schwangerschaft und Stillzeit von gro\u00dfer Bedeutung. Maternity+ Complex ist ein speziell abgestimmtes Vitalstoffpr\u00e4parat, das nach modernsten wissenschaftlichen Erkenntnissen f\u00fcr den erh\u00f6hten Bedarf w\u00e4hrend Kinderwunsch, Schwangerschaft und Stillzeit entwickelt wurde.  Frauen mit Kinderwunsch, Schwangere und Stillende ben\u00f6tigen zus\u00e4tzliche N\u00e4hrstoffe, zus\u00e4tzliche Energie und deutlich mehr Mikron\u00e4hrstoffe. Die Aufnahme von Maternity+ Complex durch die Mutter tr\u00e4gt zur normalen Entwicklung des F\u00f6tus und beim gestillten S\u00e4ugling bei.\" \/>\n<meta property=\"og:url\" content=\"https:\/\/www.aunityshop.de\/ru\/product\/maternity-complex\/\" \/>\n<meta property=\"og:site_name\" content=\"aunity Partnershop\" \/>\n<meta property=\"article:modified_time\" content=\"2025-09-27T14:39:57+00:00\" \/>\n<meta property=\"og:image\" content=\"https:\/\/www.aunityshop.de\/wp-content\/uploads\/2019\/10\/maternity-plus1.jpg\" \/>\n\t<meta property=\"og:image:width\" content=\"886\" \/>\n\t<meta property=\"og:image:height\" content=\"1000\" \/>\n\t<meta property=\"og:image:type\" content=\"image\/jpeg\" \/>\n<meta name=\"twitter:card\" content=\"summary_large_image\" \/>\n<meta name=\"twitter:label1\" content=\"\u041f\u0440\u0438\u043c\u0435\u0440\u043d\u043e\u0435 \u0432\u0440\u0435\u043c\u044f \u0434\u043b\u044f \u0447\u0442\u0435\u043d\u0438\u044f\" \/>\n\t<meta name=\"twitter:data1\" content=\"1 \u043c\u0438\u043d\u0443\u0442\u0430\" \/>\n<script type=\"application\/ld+json\" class=\"yoast-schema-graph\">{\"@context\":\"https:\/\/schema.org\",\"@graph\":[{\"@type\":\"WebPage\",\"@id\":\"https:\/\/www.aunityshop.de\/produkt\/maternity-complex\/\",\"url\":\"https:\/\/www.aunityshop.de\/produkt\/maternity-complex\/\",\"name\":\"MATERNITY+ COMPLEX - aunity Partnershop\",\"isPartOf\":{\"@id\":\"https:\/\/www.aunityshop.de\/#website\"},\"primaryImageOfPage\":{\"@id\":\"https:\/\/www.aunityshop.de\/produkt\/maternity-complex\/#primaryimage\"},\"image\":{\"@id\":\"https:\/\/www.aunityshop.de\/produkt\/maternity-complex\/#primaryimage\"},\"thumbnailUrl\":\"https:\/\/www.aunityshop.de\/wp-content\/uploads\/2019\/10\/maternity-plus1.jpg\",\"datePublished\":\"2019-10-15T15:38:28+00:00\",\"dateModified\":\"2025-09-27T14:39:57+00:00\",\"breadcrumb\":{\"@id\":\"https:\/\/www.aunityshop.de\/produkt\/maternity-complex\/#breadcrumb\"},\"inLanguage\":\"ru-RU\",\"potentialAction\":[{\"@type\":\"ReadAction\",\"target\":[\"https:\/\/www.aunityshop.de\/produkt\/maternity-complex\/\"]}]},{\"@type\":\"ImageObject\",\"inLanguage\":\"ru-RU\",\"@id\":\"https:\/\/www.aunityshop.de\/produkt\/maternity-complex\/#primaryimage\",\"url\":\"https:\/\/www.aunityshop.de\/wp-content\/uploads\/2019\/10\/maternity-plus1.jpg\",\"contentUrl\":\"https:\/\/www.aunityshop.de\/wp-content\/uploads\/2019\/10\/maternity-plus1.jpg\",\"width\":886,\"height\":1000,\"caption\":\"Maternity Complex - Mikron\u00e4hrstoffe bei Kinderwunsch, in der Schwangerschaft und Stillzeit!\"},{\"@type\":\"BreadcrumbList\",\"@id\":\"https:\/\/www.aunityshop.de\/produkt\/maternity-complex\/#breadcrumb\",\"itemListElement\":[{\"@type\":\"ListItem\",\"position\":1,\"name\":\"Start\",\"item\":\"https:\/\/www.aunityshop.de\/\"},{\"@type\":\"ListItem\",\"position\":2,\"name\":\"Shop\",\"item\":\"https:\/\/www.aunityshop.de\/shop\/\"},{\"@type\":\"ListItem\",\"position\":3,\"name\":\"MATERNITY+ COMPLEX\"}]},{\"@type\":\"WebSite\",\"@id\":\"https:\/\/www.aunityshop.de\/#website\",\"url\":\"https:\/\/www.aunityshop.de\/\",\"name\":\"aunity Partnershop\",\"description\":\"Kraftvolle Gesundheit | Nahrungserg\u00e4nzung Kosmetik Aqua Balance Wasserfilter Anion Damenbinden Slipeinlagen\",\"potentialAction\":[{\"@type\":\"SearchAction\",\"target\":{\"@type\":\"EntryPoint\",\"urlTemplate\":\"https:\/\/www.aunityshop.de\/?s={search_term_string}\"},\"query-input\":{\"@type\":\"PropertyValueSpecification\",\"valueRequired\":true,\"valueName\":\"search_term_string\"}}],\"inLanguage\":\"ru-RU\"}]}<\/script>\n<!-- \/ Yoast SEO plugin. -->","yoast_head_json":{"title":"MATERNITY+ COMPLEX - aunity Partnershop","robots":{"index":"index","follow":"follow","max-snippet":"max-snippet:-1","max-image-preview":"max-image-preview:large","max-video-preview":"max-video-preview:-1"},"canonical":"https:\/\/www.aunityshop.de\/ru\/product\/maternity-complex\/","og_locale":"ru_RU","og_type":"article","og_title":"MATERNITY+ COMPLEX - aunity Partnershop","og_description":"&nbsp;  Maternity+ Complex - Mikron\u00e4hrstoffe bei Kinderwunsch, in der Schwangerschaft und Stillzeit! Ein optimaler Mikron\u00e4hrstoffstatus ist f\u00fcr Frauen mit Kinderwunsch sowie in der Schwangerschaft und Stillzeit von gro\u00dfer Bedeutung. Maternity+ Complex ist ein speziell abgestimmtes Vitalstoffpr\u00e4parat, das nach modernsten wissenschaftlichen Erkenntnissen f\u00fcr den erh\u00f6hten Bedarf w\u00e4hrend Kinderwunsch, Schwangerschaft und Stillzeit entwickelt wurde.  Frauen mit Kinderwunsch, Schwangere und Stillende ben\u00f6tigen zus\u00e4tzliche N\u00e4hrstoffe, zus\u00e4tzliche Energie und deutlich mehr Mikron\u00e4hrstoffe. Die Aufnahme von Maternity+ Complex durch die Mutter tr\u00e4gt zur normalen Entwicklung des F\u00f6tus und beim gestillten S\u00e4ugling bei.","og_url":"https:\/\/www.aunityshop.de\/ru\/product\/maternity-complex\/","og_site_name":"aunity Partnershop","article_modified_time":"2025-09-27T14:39:57+00:00","og_image":[{"width":886,"height":1000,"url":"https:\/\/www.aunityshop.de\/wp-content\/uploads\/2019\/10\/maternity-plus1.jpg","type":"image\/jpeg"}],"twitter_card":"summary_large_image","twitter_misc":{"\u041f\u0440\u0438\u043c\u0435\u0440\u043d\u043e\u0435 \u0432\u0440\u0435\u043c\u044f \u0434\u043b\u044f \u0447\u0442\u0435\u043d\u0438\u044f":"1 \u043c\u0438\u043d\u0443\u0442\u0430"},"schema":{"@context":"https:\/\/schema.org","@graph":[{"@type":"WebPage","@id":"https:\/\/www.aunityshop.de\/produkt\/maternity-complex\/","url":"https:\/\/www.aunityshop.de\/produkt\/maternity-complex\/","name":"MATERNITY+ COMPLEX - aunity Partnershop","isPartOf":{"@id":"https:\/\/www.aunityshop.de\/#website"},"primaryImageOfPage":{"@id":"https:\/\/www.aunityshop.de\/produkt\/maternity-complex\/#primaryimage"},"image":{"@id":"https:\/\/www.aunityshop.de\/produkt\/maternity-complex\/#primaryimage"},"thumbnailUrl":"https:\/\/www.aunityshop.de\/wp-content\/uploads\/2019\/10\/maternity-plus1.jpg","datePublished":"2019-10-15T15:38:28+00:00","dateModified":"2025-09-27T14:39:57+00:00","breadcrumb":{"@id":"https:\/\/www.aunityshop.de\/produkt\/maternity-complex\/#breadcrumb"},"inLanguage":"ru-RU","potentialAction":[{"@type":"ReadAction","target":["https:\/\/www.aunityshop.de\/produkt\/maternity-complex\/"]}]},{"@type":"ImageObject","inLanguage":"ru-RU","@id":"https:\/\/www.aunityshop.de\/produkt\/maternity-complex\/#primaryimage","url":"https:\/\/www.aunityshop.de\/wp-content\/uploads\/2019\/10\/maternity-plus1.jpg","contentUrl":"https:\/\/www.aunityshop.de\/wp-content\/uploads\/2019\/10\/maternity-plus1.jpg","width":886,"height":1000,"caption":"Maternity Complex - Mikron\u00e4hrstoffe bei Kinderwunsch, in der Schwangerschaft und Stillzeit!"},{"@type":"BreadcrumbList","@id":"https:\/\/www.aunityshop.de\/produkt\/maternity-complex\/#breadcrumb","itemListElement":[{"@type":"ListItem","position":1,"name":"Start","item":"https:\/\/www.aunityshop.de\/"},{"@type":"ListItem","position":2,"name":"Shop","item":"https:\/\/www.aunityshop.de\/shop\/"},{"@type":"ListItem","position":3,"name":"MATERNITY+ COMPLEX"}]},{"@type":"WebSite","@id":"https:\/\/www.aunityshop.de\/#website","url":"https:\/\/www.aunityshop.de\/","name":"aunity Partnershop","description":"Kraftvolle Gesundheit | Nahrungserg\u00e4nzung Kosmetik Aqua Balance Wasserfilter Anion Damenbinden Slipeinlagen","potentialAction":[{"@type":"SearchAction","target":{"@type":"EntryPoint","urlTemplate":"https:\/\/www.aunityshop.de\/?s={search_term_string}"},"query-input":{"@type":"PropertyValueSpecification","valueRequired":true,"valueName":"search_term_string"}}],"inLanguage":"ru-RU"}]}},"_links":{"self":[{"href":"https:\/\/www.aunityshop.de\/ru\/wp-json\/wp\/v2\/product\/2943","targetHints":{"allow":["GET"]}}],"collection":[{"href":"https:\/\/www.aunityshop.de\/ru\/wp-json\/wp\/v2\/product"}],"about":[{"href":"https:\/\/www.aunityshop.de\/ru\/wp-json\/wp\/v2\/types\/product"}],"wp:featuredmedia":[{"embeddable":true,"href":"https:\/\/www.aunityshop.de\/ru\/wp-json\/wp\/v2\/media\/2944"}],"wp:attachment":[{"href":"https:\/\/www.aunityshop.de\/ru\/wp-json\/wp\/v2\/media?parent=2943"}],"wp:term":[{"taxonomy":"product_brand","embeddable":true,"href":"https:\/\/www.aunityshop.de\/ru\/wp-json\/wp\/v2\/product_brand?post=2943"},{"taxonomy":"product_cat","embeddable":true,"href":"https:\/\/www.aunityshop.de\/ru\/wp-json\/wp\/v2\/product_cat?post=2943"},{"taxonomy":"product_tag","embeddable":true,"href":"https:\/\/www.aunityshop.de\/ru\/wp-json\/wp\/v2\/product_tag?post=2943"}],"curies":[{"name":"wp","href":"https:\/\/api.w.org\/{rel}","templated":true}]}}