{"id":2948,"date":"2019-10-15T19:28:44","date_gmt":"2019-10-15T17:28:44","guid":{"rendered":"http:\/\/wp13599940.server-he.de\/html\/?post_type=product&#038;p=2948"},"modified":"2025-09-27T16:44:25","modified_gmt":"2025-09-27T14:44:25","slug":"omega3total","status":"publish","type":"product","link":"https:\/\/www.aunityshop.de\/ru\/product\/omega3total\/","title":{"rendered":"OMEGA3TOTAL"},"content":{"rendered":"<h2>OMEGA3TOTAL &#8211; Das Nahrungserg\u00e4nzungsmittel mit Omega 3 Fetts\u00e4uren und Vitamin E<\/h2>\n<p>Omega-3-Fetts\u00e4uren sind lebensnotwendig (essenziell), d. h. unser K\u00f6rper kann sie nicht selbst bilden, und wir m\u00fcssen sie regelm\u00e4\u00dfig mit Lebensmitteln zu uns nehmen. Exklusiv bei Aunity &#8211; F\u00fcr eine kraftvolle Gesundheit!<\/p>\n<p>\u0416\u0438\u0440\u043d\u044b\u0435 \u043a\u0438\u0441\u043b\u043e\u0442\u044b \u041e\u043c\u0435\u0433\u0430-3 \u0436\u0438\u0437\u043d\u0435\u043d\u043d\u043e \u043d\u0435\u043e\u0431\u0445\u043e\u0434\u0438\u043c\u044b (\u043d\u0435\u0437\u0430\u043c\u0435\u043d\u0438\u043c\u044b\u0435), \u0442.\u0435. \u0447\u0430\u0441 \u041d\u0430\u0448 \u043e\u0440\u0433\u0430\u043d\u0438\u0437\u043c \u043d\u0435 \u043c\u043e\u0436\u0435\u0442 \u043f\u0440\u043e\u0438\u0437\u0432\u043e\u0434\u0438\u0442\u044c \u0438\u0445 \u0441\u0430\u043c, \u0438 \u043d\u0430\u043c \u043f\u0440\u0438\u0445\u043e\u0434\u0438\u0442\u0441\u044f \u0440\u0435\u0433\u0443\u043b\u044f\u0440\u043d\u043e \u043f\u043e\u0442\u0440\u0435\u0431\u043b\u044f\u0442\u044c \u0438\u0445 \u0441 \u043f\u0438\u0449\u0435\u0439.<\/p>\n<p><strong><img loading=\"lazy\" decoding=\"async\" class=\"alignleft wp-image-2949 size-medium\" src=\"http:\/\/dev.aunityshop.de\/wp-content\/uploads\/2019\/10\/omega3total1-266x300.jpg\" alt=\"OMEGA3TOTAL - Das Nahrungserg\u00e4nzungsmittel mit Omega 3 Fetts\u00e4uren und Vitamin E\" width=\"266\" height=\"300\" srcset=\"https:\/\/www.aunityshop.de\/wp-content\/uploads\/2019\/10\/omega3total1-266x300.jpg 266w, https:\/\/www.aunityshop.de\/wp-content\/uploads\/2019\/10\/omega3total1-600x677.jpg 600w, https:\/\/www.aunityshop.de\/wp-content\/uploads\/2019\/10\/omega3total1-768x867.jpg 768w, https:\/\/www.aunityshop.de\/wp-content\/uploads\/2019\/10\/omega3total1-860x971.jpg 860w, https:\/\/www.aunityshop.de\/wp-content\/uploads\/2019\/10\/omega3total1.jpg 886w\" sizes=\"auto, (max-width: 266px) 100vw, 266px\" \/>\u041f\u0440\u0435\u0438\u043c\u0443\u0449\u0435\u0441\u0442\u0432\u0430 Omega3Total \u043e\u0431\u0437\u043e\u0440:<\/strong><\/p>\n<ul class=\"li-hook\">\n<li>\u0412\u0430\u0436\u0435\u043d \u0432 \u0443\u0442\u0440\u043e\u0431\u0435 \u043c\u0430\u0442\u0435\u0440\u0438, \u0430 \u0442\u0430\u043a\u0436\u0435 \u0432\u043e \u0432\u0440\u0435\u043c\u044f \u0433\u0440\u0443\u0434\u043d\u043e\u0433\u043e \u0432\u0441\u043a\u0430\u0440\u043c\u043b\u0438\u0432\u0430\u043d\u0438\u044f<\/li>\n<li>\u041d\u0435\u0437\u0430\u043c\u0435\u043d\u0438\u043c \u0434\u043b\u044f \u0434\u0435\u0442\u0435\u0439 \u0438 \u043c\u043e\u043b\u043e\u0434\u0435\u0436\u0438.<\/li>\n<li>\u0416\u0438\u0440\u043d\u044b\u0435 \u043a\u0438\u0441\u043b\u043e\u0442\u044b \u043e\u043c\u0435\u0433\u0430-3 \u0443\u043b\u0443\u0447\u0448\u0430\u044e\u0442 \u0440\u0430\u0431\u043e\u0442\u0443 \u043c\u043e\u0437\u0433\u0430 \u0438 \u0437\u0440\u0435\u043d\u0438\u0435.<\/li>\n<li>\u041f\u043e\u043b\u043e\u0436\u0438\u0442\u0435\u043b\u044c\u043d\u043e\u0435 \u0432\u043b\u0438\u044f\u043d\u0438\u0435 \u043d\u0430 \u0443\u0440\u043e\u0432\u0435\u043d\u044c \u043b\u0438\u043f\u0438\u0434\u043e\u0432 \u0432 \u043a\u0440\u043e\u0432\u0438<\/li>\n<li>\u0421\u043d\u0438\u0436\u0435\u043d\u0438\u0435 \u0430\u0440\u0442\u0435\u0440\u0438\u0430\u043b\u044c\u043d\u043e\u0433\u043e \u0434\u0430\u0432\u043b\u0435\u043d\u0438\u044f \u043f\u0440\u0438 \u043f\u043e\u0432\u044b\u0448\u0435\u043d\u043d\u044b\u0445 \u0437\u043d\u0430\u0447\u0435\u043d\u0438\u044f\u0445<\/li>\n<li>\u0421\u043f\u043e\u0441\u043e\u0431\u0441\u0442\u0432\u0443\u0435\u0442 \u043a\u0440\u043e\u0432\u043e\u043e\u0431\u0440\u0430\u0449\u0435\u043d\u0438\u044e<\/li>\n<li>\u041f\u0440\u043e\u0444\u0438\u043b\u0430\u043a\u0442\u0438\u043a\u0430 (\u043f\u043e\u0432\u0442\u043e\u0440\u043d\u044b\u0445) \u0441\u0435\u0440\u0434\u0435\u0447\u043d\u044b\u0445 \u043f\u0440\u0438\u0441\u0442\u0443\u043f\u043e\u0432<\/li>\n<li>\u0411\u043b\u0430\u0433\u043e\u0442\u0432\u043e\u0440\u043d\u043e\u0435 \u0432\u043b\u0438\u044f\u043d\u0438\u0435 \u043d\u0430 \u0441\u0435\u0440\u0434\u0435\u0447\u043d\u044b\u0435 \u0430\u0440\u0438\u0442\u043c\u0438\u0438.<\/li>\n<li>\u041e\u0441\u043b\u0430\u0431\u043b\u0435\u043d\u0438\u0435 \u0442\u0435\u0447\u0435\u043d\u0438\u044f \u0445\u0440\u043e\u043d\u0438\u0447\u0435\u0441\u043a\u043e\u0433\u043e \u0432\u043e\u0441\u043f\u0430\u043b\u0435\u043d\u0438\u044f<\/li>\n<li>\u041f\u043e\u0434\u0434\u0435\u0440\u0436\u0430\u043d\u0438\u0435 \u0437\u0434\u043e\u0440\u043e\u0432\u044c\u044f \u0433\u043b\u0430\u0437<\/li>\n<li>\u0412\u0430\u0436\u0435\u043d \u0434\u043b\u044f \u043c\u0435\u0442\u0430\u0431\u043e\u043b\u0438\u0437\u043c\u0430 \u0438 \u0444\u0443\u043d\u043a\u0446\u0438\u043e\u043d\u0438\u0440\u043e\u0432\u0430\u043d\u0438\u044f \u043c\u043e\u0437\u0433\u0430<\/li>\n<\/ul>","protected":false},"excerpt":{"rendered":"<p><strong>\u041f\u0438\u0449\u0435\u0432\u0430\u044f \u0434\u043e\u0431\u0430\u0432\u043a\u0430 \u0441 \u0436\u0438\u0440\u043d\u044b\u043c\u0438 \u043a\u0438\u0441\u043b\u043e\u0442\u0430\u043c\u0438 \u041e\u043c\u0435\u0433\u0430-3,  \u0441 \u043d\u0430\u0442\u0443\u0440\u0430\u043b\u044c\u043d\u044b\u043c \u0432\u0438\u0442\u0430\u043c\u0438\u043d\u043e\u043c \u0415 \u0438 D.<\/strong><\/p>\n<p>\u0416\u0438\u0440\u043d\u044b\u0435 \u043a\u0438\u0441\u043b\u043e\u0442\u044b \u041e\u043c\u0435\u0433\u0430-3 \u0436\u0438\u0437\u043d\u0435\u043d\u043d\u043e \u043d\u0435\u043e\u0431\u0445\u043e\u0434\u0438\u043c\u044b (\u043d\u0435\u0437\u0430\u043c\u0435\u043d\u0438\u043c\u044b\u0435), \u0442.\u0435. \u0447\u0430\u0441 \u041d\u0430\u0448 \u043e\u0440\u0433\u0430\u043d\u0438\u0437\u043c \u043d\u0435 \u043c\u043e\u0436\u0435\u0442 \u043f\u0440\u043e\u0438\u0437\u0432\u043e\u0434\u0438\u0442\u044c \u0438\u0445 \u0441\u0430\u043c, \u0438 \u043d\u0430\u043c \u043f\u0440\u0438\u0445\u043e\u0434\u0438\u0442\u0441\u044f \u0440\u0435\u0433\u0443\u043b\u044f\u0440\u043d\u043e \u043f\u043e\u0442\u0440\u0435\u0431\u043b\u044f\u0442\u044c \u0438\u0445 \u0441 \u043f\u0438\u0449\u0435\u0439.<\/p>\n<p><img loading=\"lazy\" decoding=\"async\" class=\"alignnone size-full wp-image-2560\" src=\"http:\/\/dev.aunityshop.de\/wp-content\/uploads\/2014\/08\/madeingermany-1.png\" alt=\"Nahrungserg\u00e4nzung - 100% Made in germany \" width=\"150\" height=\"56\" \/><\/p>","protected":false},"featured_media":2949,"template":"","meta":[],"product_brand":[],"product_cat":[66],"product_tag":[],"class_list":{"0":"post-2948","1":"product","2":"type-product","3":"status-publish","4":"has-post-thumbnail","6":"product_cat-nahrungsergaenzung","7":"description-off","9":"first","10":"instock","11":"sale","12":"taxable","13":"shipping-taxable","14":"purchasable","15":"product-type-simple"},"yoast_head":"<!-- This site is optimized with the Yoast SEO plugin v27.2 - https:\/\/yoast.com\/product\/yoast-seo-wordpress\/ -->\n<title>OMEGA3TOTAL - aunity Partnershop<\/title>\n<meta name=\"robots\" content=\"index, follow, max-snippet:-1, max-image-preview:large, max-video-preview:-1\" \/>\n<link rel=\"canonical\" href=\"https:\/\/www.aunityshop.de\/ru\/product\/omega3total\/\" \/>\n<meta property=\"og:locale\" content=\"ru_RU\" \/>\n<meta property=\"og:type\" content=\"article\" \/>\n<meta property=\"og:title\" content=\"OMEGA3TOTAL - aunity Partnershop\" \/>\n<meta property=\"og:description\" content=\"Nahrungserg\u00e4nzungsmittel mit Omega 3 Fetts\u00e4uren und Vitamin E  Omega-3-Fetts\u00e4uren sind lebensnotwendig (essenziell), d. h. unser K\u00f6rper kann sie nicht selbst bilden, und wir m\u00fcssen sie regelm\u00e4\u00dfig mit Lebensmitteln zu uns nehmen.\" \/>\n<meta property=\"og:url\" content=\"https:\/\/www.aunityshop.de\/ru\/product\/omega3total\/\" \/>\n<meta property=\"og:site_name\" content=\"aunity Partnershop\" \/>\n<meta property=\"article:modified_time\" content=\"2025-09-27T14:44:25+00:00\" \/>\n<meta property=\"og:image\" content=\"https:\/\/www.aunityshop.de\/wp-content\/uploads\/2019\/10\/omega3total1.jpg\" \/>\n\t<meta property=\"og:image:width\" content=\"886\" \/>\n\t<meta property=\"og:image:height\" content=\"1000\" \/>\n\t<meta property=\"og:image:type\" content=\"image\/jpeg\" \/>\n<meta name=\"twitter:card\" content=\"summary_large_image\" \/>\n<meta name=\"twitter:label1\" content=\"\u041f\u0440\u0438\u043c\u0435\u0440\u043d\u043e\u0435 \u0432\u0440\u0435\u043c\u044f \u0434\u043b\u044f \u0447\u0442\u0435\u043d\u0438\u044f\" \/>\n\t<meta name=\"twitter:data1\" content=\"1 \u043c\u0438\u043d\u0443\u0442\u0430\" \/>\n<script type=\"application\/ld+json\" class=\"yoast-schema-graph\">{\"@context\":\"https:\/\/schema.org\",\"@graph\":[{\"@type\":\"WebPage\",\"@id\":\"https:\/\/www.aunityshop.de\/produkt\/omega3total\/\",\"url\":\"https:\/\/www.aunityshop.de\/produkt\/omega3total\/\",\"name\":\"OMEGA3TOTAL - aunity Partnershop\",\"isPartOf\":{\"@id\":\"https:\/\/www.aunityshop.de\/#website\"},\"primaryImageOfPage\":{\"@id\":\"https:\/\/www.aunityshop.de\/produkt\/omega3total\/#primaryimage\"},\"image\":{\"@id\":\"https:\/\/www.aunityshop.de\/produkt\/omega3total\/#primaryimage\"},\"thumbnailUrl\":\"https:\/\/www.aunityshop.de\/wp-content\/uploads\/2019\/10\/omega3total1.jpg\",\"datePublished\":\"2019-10-15T17:28:44+00:00\",\"dateModified\":\"2025-09-27T14:44:25+00:00\",\"breadcrumb\":{\"@id\":\"https:\/\/www.aunityshop.de\/produkt\/omega3total\/#breadcrumb\"},\"inLanguage\":\"ru-RU\",\"potentialAction\":[{\"@type\":\"ReadAction\",\"target\":[\"https:\/\/www.aunityshop.de\/produkt\/omega3total\/\"]}]},{\"@type\":\"ImageObject\",\"inLanguage\":\"ru-RU\",\"@id\":\"https:\/\/www.aunityshop.de\/produkt\/omega3total\/#primaryimage\",\"url\":\"https:\/\/www.aunityshop.de\/wp-content\/uploads\/2019\/10\/omega3total1.jpg\",\"contentUrl\":\"https:\/\/www.aunityshop.de\/wp-content\/uploads\/2019\/10\/omega3total1.jpg\",\"width\":886,\"height\":1000,\"caption\":\"OMEGA3TOTAL - Das Nahrungserg\u00e4nzungsmittel mit Omega 3 Fetts\u00e4uren und Vitamin E\"},{\"@type\":\"BreadcrumbList\",\"@id\":\"https:\/\/www.aunityshop.de\/produkt\/omega3total\/#breadcrumb\",\"itemListElement\":[{\"@type\":\"ListItem\",\"position\":1,\"name\":\"Start\",\"item\":\"https:\/\/www.aunityshop.de\/\"},{\"@type\":\"ListItem\",\"position\":2,\"name\":\"Shop\",\"item\":\"https:\/\/www.aunityshop.de\/shop\/\"},{\"@type\":\"ListItem\",\"position\":3,\"name\":\"OMEGA3TOTAL\"}]},{\"@type\":\"WebSite\",\"@id\":\"https:\/\/www.aunityshop.de\/#website\",\"url\":\"https:\/\/www.aunityshop.de\/\",\"name\":\"aunity Partnershop\",\"description\":\"Kraftvolle Gesundheit | Nahrungserg\u00e4nzung Kosmetik Aqua Balance Wasserfilter Anion Damenbinden Slipeinlagen\",\"potentialAction\":[{\"@type\":\"SearchAction\",\"target\":{\"@type\":\"EntryPoint\",\"urlTemplate\":\"https:\/\/www.aunityshop.de\/?s={search_term_string}\"},\"query-input\":{\"@type\":\"PropertyValueSpecification\",\"valueRequired\":true,\"valueName\":\"search_term_string\"}}],\"inLanguage\":\"ru-RU\"}]}<\/script>\n<!-- \/ Yoast SEO plugin. -->","yoast_head_json":{"title":"OMEGA3TOTAL - aunity Partnershop","robots":{"index":"index","follow":"follow","max-snippet":"max-snippet:-1","max-image-preview":"max-image-preview:large","max-video-preview":"max-video-preview:-1"},"canonical":"https:\/\/www.aunityshop.de\/ru\/product\/omega3total\/","og_locale":"ru_RU","og_type":"article","og_title":"OMEGA3TOTAL - aunity Partnershop","og_description":"Nahrungserg\u00e4nzungsmittel mit Omega 3 Fetts\u00e4uren und Vitamin E  Omega-3-Fetts\u00e4uren sind lebensnotwendig (essenziell), d. h. unser K\u00f6rper kann sie nicht selbst bilden, und wir m\u00fcssen sie regelm\u00e4\u00dfig mit Lebensmitteln zu uns nehmen.","og_url":"https:\/\/www.aunityshop.de\/ru\/product\/omega3total\/","og_site_name":"aunity Partnershop","article_modified_time":"2025-09-27T14:44:25+00:00","og_image":[{"width":886,"height":1000,"url":"https:\/\/www.aunityshop.de\/wp-content\/uploads\/2019\/10\/omega3total1.jpg","type":"image\/jpeg"}],"twitter_card":"summary_large_image","twitter_misc":{"\u041f\u0440\u0438\u043c\u0435\u0440\u043d\u043e\u0435 \u0432\u0440\u0435\u043c\u044f \u0434\u043b\u044f \u0447\u0442\u0435\u043d\u0438\u044f":"1 \u043c\u0438\u043d\u0443\u0442\u0430"},"schema":{"@context":"https:\/\/schema.org","@graph":[{"@type":"WebPage","@id":"https:\/\/www.aunityshop.de\/produkt\/omega3total\/","url":"https:\/\/www.aunityshop.de\/produkt\/omega3total\/","name":"OMEGA3TOTAL - aunity Partnershop","isPartOf":{"@id":"https:\/\/www.aunityshop.de\/#website"},"primaryImageOfPage":{"@id":"https:\/\/www.aunityshop.de\/produkt\/omega3total\/#primaryimage"},"image":{"@id":"https:\/\/www.aunityshop.de\/produkt\/omega3total\/#primaryimage"},"thumbnailUrl":"https:\/\/www.aunityshop.de\/wp-content\/uploads\/2019\/10\/omega3total1.jpg","datePublished":"2019-10-15T17:28:44+00:00","dateModified":"2025-09-27T14:44:25+00:00","breadcrumb":{"@id":"https:\/\/www.aunityshop.de\/produkt\/omega3total\/#breadcrumb"},"inLanguage":"ru-RU","potentialAction":[{"@type":"ReadAction","target":["https:\/\/www.aunityshop.de\/produkt\/omega3total\/"]}]},{"@type":"ImageObject","inLanguage":"ru-RU","@id":"https:\/\/www.aunityshop.de\/produkt\/omega3total\/#primaryimage","url":"https:\/\/www.aunityshop.de\/wp-content\/uploads\/2019\/10\/omega3total1.jpg","contentUrl":"https:\/\/www.aunityshop.de\/wp-content\/uploads\/2019\/10\/omega3total1.jpg","width":886,"height":1000,"caption":"OMEGA3TOTAL - Das Nahrungserg\u00e4nzungsmittel mit Omega 3 Fetts\u00e4uren und Vitamin E"},{"@type":"BreadcrumbList","@id":"https:\/\/www.aunityshop.de\/produkt\/omega3total\/#breadcrumb","itemListElement":[{"@type":"ListItem","position":1,"name":"Start","item":"https:\/\/www.aunityshop.de\/"},{"@type":"ListItem","position":2,"name":"Shop","item":"https:\/\/www.aunityshop.de\/shop\/"},{"@type":"ListItem","position":3,"name":"OMEGA3TOTAL"}]},{"@type":"WebSite","@id":"https:\/\/www.aunityshop.de\/#website","url":"https:\/\/www.aunityshop.de\/","name":"aunity Partnershop","description":"Kraftvolle Gesundheit | Nahrungserg\u00e4nzung Kosmetik Aqua Balance Wasserfilter Anion Damenbinden Slipeinlagen","potentialAction":[{"@type":"SearchAction","target":{"@type":"EntryPoint","urlTemplate":"https:\/\/www.aunityshop.de\/?s={search_term_string}"},"query-input":{"@type":"PropertyValueSpecification","valueRequired":true,"valueName":"search_term_string"}}],"inLanguage":"ru-RU"}]}},"_links":{"self":[{"href":"https:\/\/www.aunityshop.de\/ru\/wp-json\/wp\/v2\/product\/2948","targetHints":{"allow":["GET"]}}],"collection":[{"href":"https:\/\/www.aunityshop.de\/ru\/wp-json\/wp\/v2\/product"}],"about":[{"href":"https:\/\/www.aunityshop.de\/ru\/wp-json\/wp\/v2\/types\/product"}],"wp:featuredmedia":[{"embeddable":true,"href":"https:\/\/www.aunityshop.de\/ru\/wp-json\/wp\/v2\/media\/2949"}],"wp:attachment":[{"href":"https:\/\/www.aunityshop.de\/ru\/wp-json\/wp\/v2\/media?parent=2948"}],"wp:term":[{"taxonomy":"product_brand","embeddable":true,"href":"https:\/\/www.aunityshop.de\/ru\/wp-json\/wp\/v2\/product_brand?post=2948"},{"taxonomy":"product_cat","embeddable":true,"href":"https:\/\/www.aunityshop.de\/ru\/wp-json\/wp\/v2\/product_cat?post=2948"},{"taxonomy":"product_tag","embeddable":true,"href":"https:\/\/www.aunityshop.de\/ru\/wp-json\/wp\/v2\/product_tag?post=2948"}],"curies":[{"name":"wp","href":"https:\/\/api.w.org\/{rel}","templated":true}]}}