{"id":3330,"date":"2020-12-21T19:23:20","date_gmt":"2020-12-21T18:23:20","guid":{"rendered":"http:\/\/dev.aunityshop.de\/?post_type=product&#038;p=3330"},"modified":"2025-09-27T16:53:15","modified_gmt":"2025-09-27T14:53:15","slug":"anion-anti-aging-balance-trockene-haut-naturkosmetik","status":"publish","type":"product","link":"https:\/\/www.aunityshop.de\/ru\/product\/anion-anti-aging-balance-trockene-haut-naturkosmetik\/","title":{"rendered":"ANION ANTI-AGING BALANCE"},"content":{"rendered":"<p><strong>JETZT VORBESTELLEN <\/strong><\/p>\n<p>ANION ANTI-AGING BALANCE &#8211; INTENSIVE FEUCHTIGKEITSPFLEGE F\u00dcR SIE UND IHN<\/p>\n<p>MIT PROVITAMIN B5,\u00a0AVOCADO\u00d6L, TRAUBENKERN\u00d6L UND HYALURONS\u00c4URE<\/p>\n<p>SANFTE &#8222;CLEAN LABEL&#8220; INTENSIVCREME AUS HOCHWERTIGSTEN\u00a0ROHSTOFFEN GEFERTIGT. SCHLANKE REZEPTUR F\u00dcR HOHE\u00a0VERTR\u00c4GLICHKEIT.<\/p>","protected":false},"excerpt":{"rendered":"<h2><strong>ANION ANTI-AGING BALANCE TROCKENE HAUT NATURKOSMETIK<\/strong><\/h2>\n<p><strong>JETZT VORBESTELLEN <\/strong><\/p>\n<p>INTENSIVE FEUCHTIGKEITSPFLEGE F\u00dcR SIE UND IHN.<\/p>\n<p>MIT PROVITAMIN B5, AVOCADO\u00d6L, TRAUBENKERN\u00d6L UND HYALURONS\u00c4URE.<\/p>\n<p>SANFTE &#8222;CLEAN LABEL&#8220; INTENSIVCREME AUS HOCHWERTIGSTEN\u00a0ROHSTOFFEN GEFERTIGT. SCHLANKE REZEPTUR F\u00dcR HOHE\u00a0VERTR\u00c4GLICHKEIT.<\/p>\n<p><img loading=\"lazy\" decoding=\"async\" class=\"alignnone size-full wp-image-2560\" src=\"http:\/\/dev.aunityshop.de\/wp-content\/uploads\/2014\/08\/madeingermany-1.png\" alt=\"nahrungserg\u00e4nzungsmittel made in germany 100% nat\u00fcrlich qualit\u00e4t\" width=\"150\" height=\"56\" \/><\/p>","protected":false},"featured_media":3331,"template":"","meta":[],"product_brand":[],"product_cat":[65],"product_tag":[],"class_list":{"0":"post-3330","1":"product","2":"type-product","3":"status-publish","4":"has-post-thumbnail","6":"product_cat-kosmetik","7":"description-off","9":"first","10":"instock","11":"sale","12":"taxable","13":"shipping-taxable","14":"purchasable","15":"product-type-simple"},"yoast_head":"<!-- This site is optimized with the Yoast SEO plugin v27.2 - https:\/\/yoast.com\/product\/yoast-seo-wordpress\/ -->\n<title>ANION ANTI-AGING BALANCE - aunity Partnershop<\/title>\n<meta name=\"robots\" content=\"index, follow, max-snippet:-1, max-image-preview:large, max-video-preview:-1\" \/>\n<link rel=\"canonical\" href=\"https:\/\/www.aunityshop.de\/ru\/product\/anion-anti-aging-balance-trockene-haut-naturkosmetik\/\" \/>\n<meta property=\"og:locale\" content=\"ru_RU\" \/>\n<meta property=\"og:type\" content=\"article\" \/>\n<meta property=\"og:title\" content=\"ANION ANTI-AGING BALANCE - aunity Partnershop\" \/>\n<meta property=\"og:description\" content=\"ANION ANTI-AGING BALANCE TROCKENE HAUT NATURKOSMETIK JETZT VORBESTELLEN   INTENSIVE FEUCHTIGKEITSPFLEGE F\u00dcR SIE UND IHN.  MIT PROVITAMIN B5, AVOCADO\u00d6L, TRAUBENKERN\u00d6L UND HYALURONS\u00c4URE.  SANFTE &quot;CLEAN LABEL&quot; INTENSIVCREME AUS HOCHWERTIGSTEN\u00a0ROHSTOFFEN GEFERTIGT. SCHLANKE REZEPTUR F\u00dcR HOHE\u00a0VERTR\u00c4GLICHKEIT.\" \/>\n<meta property=\"og:url\" content=\"https:\/\/www.aunityshop.de\/ru\/product\/anion-anti-aging-balance-trockene-haut-naturkosmetik\/\" \/>\n<meta property=\"og:site_name\" content=\"aunity Partnershop\" \/>\n<meta property=\"article:modified_time\" content=\"2025-09-27T14:53:15+00:00\" \/>\n<meta property=\"og:image\" content=\"https:\/\/www.aunityshop.de\/wp-content\/uploads\/2020\/12\/1607603399_4632__6_medium.jpg\" \/>\n\t<meta property=\"og:image:width\" content=\"333\" \/>\n\t<meta property=\"og:image:height\" content=\"500\" \/>\n\t<meta property=\"og:image:type\" content=\"image\/jpeg\" \/>\n<meta name=\"twitter:card\" content=\"summary_large_image\" \/>\n<script type=\"application\/ld+json\" class=\"yoast-schema-graph\">{\"@context\":\"https:\/\/schema.org\",\"@graph\":[{\"@type\":\"WebPage\",\"@id\":\"https:\/\/www.aunityshop.de\/produkt\/anion-anti-aging-balance-trockene-haut-naturkosmetik\/\",\"url\":\"https:\/\/www.aunityshop.de\/produkt\/anion-anti-aging-balance-trockene-haut-naturkosmetik\/\",\"name\":\"ANION ANTI-AGING BALANCE - aunity Partnershop\",\"isPartOf\":{\"@id\":\"https:\/\/www.aunityshop.de\/#website\"},\"primaryImageOfPage\":{\"@id\":\"https:\/\/www.aunityshop.de\/produkt\/anion-anti-aging-balance-trockene-haut-naturkosmetik\/#primaryimage\"},\"image\":{\"@id\":\"https:\/\/www.aunityshop.de\/produkt\/anion-anti-aging-balance-trockene-haut-naturkosmetik\/#primaryimage\"},\"thumbnailUrl\":\"https:\/\/www.aunityshop.de\/wp-content\/uploads\/2020\/12\/1607603399_4632__6_medium.jpg\",\"datePublished\":\"2020-12-21T18:23:20+00:00\",\"dateModified\":\"2025-09-27T14:53:15+00:00\",\"breadcrumb\":{\"@id\":\"https:\/\/www.aunityshop.de\/produkt\/anion-anti-aging-balance-trockene-haut-naturkosmetik\/#breadcrumb\"},\"inLanguage\":\"ru-RU\",\"potentialAction\":[{\"@type\":\"ReadAction\",\"target\":[\"https:\/\/www.aunityshop.de\/produkt\/anion-anti-aging-balance-trockene-haut-naturkosmetik\/\"]}]},{\"@type\":\"ImageObject\",\"inLanguage\":\"ru-RU\",\"@id\":\"https:\/\/www.aunityshop.de\/produkt\/anion-anti-aging-balance-trockene-haut-naturkosmetik\/#primaryimage\",\"url\":\"https:\/\/www.aunityshop.de\/wp-content\/uploads\/2020\/12\/1607603399_4632__6_medium.jpg\",\"contentUrl\":\"https:\/\/www.aunityshop.de\/wp-content\/uploads\/2020\/12\/1607603399_4632__6_medium.jpg\",\"width\":333,\"height\":500},{\"@type\":\"BreadcrumbList\",\"@id\":\"https:\/\/www.aunityshop.de\/produkt\/anion-anti-aging-balance-trockene-haut-naturkosmetik\/#breadcrumb\",\"itemListElement\":[{\"@type\":\"ListItem\",\"position\":1,\"name\":\"Start\",\"item\":\"https:\/\/www.aunityshop.de\/\"},{\"@type\":\"ListItem\",\"position\":2,\"name\":\"Shop\",\"item\":\"https:\/\/www.aunityshop.de\/shop\/\"},{\"@type\":\"ListItem\",\"position\":3,\"name\":\"ANION ANTI-AGING BALANCE\"}]},{\"@type\":\"WebSite\",\"@id\":\"https:\/\/www.aunityshop.de\/#website\",\"url\":\"https:\/\/www.aunityshop.de\/\",\"name\":\"aunity Partnershop\",\"description\":\"Kraftvolle Gesundheit | Nahrungserg\u00e4nzung Kosmetik Aqua Balance Wasserfilter Anion Damenbinden Slipeinlagen\",\"potentialAction\":[{\"@type\":\"SearchAction\",\"target\":{\"@type\":\"EntryPoint\",\"urlTemplate\":\"https:\/\/www.aunityshop.de\/?s={search_term_string}\"},\"query-input\":{\"@type\":\"PropertyValueSpecification\",\"valueRequired\":true,\"valueName\":\"search_term_string\"}}],\"inLanguage\":\"ru-RU\"}]}<\/script>\n<!-- \/ Yoast SEO plugin. -->","yoast_head_json":{"title":"ANION ANTI-AGING BALANCE - aunity Partnershop","robots":{"index":"index","follow":"follow","max-snippet":"max-snippet:-1","max-image-preview":"max-image-preview:large","max-video-preview":"max-video-preview:-1"},"canonical":"https:\/\/www.aunityshop.de\/ru\/product\/anion-anti-aging-balance-trockene-haut-naturkosmetik\/","og_locale":"ru_RU","og_type":"article","og_title":"ANION ANTI-AGING BALANCE - aunity Partnershop","og_description":"ANION ANTI-AGING BALANCE TROCKENE HAUT NATURKOSMETIK JETZT VORBESTELLEN   INTENSIVE FEUCHTIGKEITSPFLEGE F\u00dcR SIE UND IHN.  MIT PROVITAMIN B5, AVOCADO\u00d6L, TRAUBENKERN\u00d6L UND HYALURONS\u00c4URE.  SANFTE \"CLEAN LABEL\" INTENSIVCREME AUS HOCHWERTIGSTEN\u00a0ROHSTOFFEN GEFERTIGT. SCHLANKE REZEPTUR F\u00dcR HOHE\u00a0VERTR\u00c4GLICHKEIT.","og_url":"https:\/\/www.aunityshop.de\/ru\/product\/anion-anti-aging-balance-trockene-haut-naturkosmetik\/","og_site_name":"aunity Partnershop","article_modified_time":"2025-09-27T14:53:15+00:00","og_image":[{"width":333,"height":500,"url":"https:\/\/www.aunityshop.de\/wp-content\/uploads\/2020\/12\/1607603399_4632__6_medium.jpg","type":"image\/jpeg"}],"twitter_card":"summary_large_image","schema":{"@context":"https:\/\/schema.org","@graph":[{"@type":"WebPage","@id":"https:\/\/www.aunityshop.de\/produkt\/anion-anti-aging-balance-trockene-haut-naturkosmetik\/","url":"https:\/\/www.aunityshop.de\/produkt\/anion-anti-aging-balance-trockene-haut-naturkosmetik\/","name":"ANION ANTI-AGING BALANCE - aunity Partnershop","isPartOf":{"@id":"https:\/\/www.aunityshop.de\/#website"},"primaryImageOfPage":{"@id":"https:\/\/www.aunityshop.de\/produkt\/anion-anti-aging-balance-trockene-haut-naturkosmetik\/#primaryimage"},"image":{"@id":"https:\/\/www.aunityshop.de\/produkt\/anion-anti-aging-balance-trockene-haut-naturkosmetik\/#primaryimage"},"thumbnailUrl":"https:\/\/www.aunityshop.de\/wp-content\/uploads\/2020\/12\/1607603399_4632__6_medium.jpg","datePublished":"2020-12-21T18:23:20+00:00","dateModified":"2025-09-27T14:53:15+00:00","breadcrumb":{"@id":"https:\/\/www.aunityshop.de\/produkt\/anion-anti-aging-balance-trockene-haut-naturkosmetik\/#breadcrumb"},"inLanguage":"ru-RU","potentialAction":[{"@type":"ReadAction","target":["https:\/\/www.aunityshop.de\/produkt\/anion-anti-aging-balance-trockene-haut-naturkosmetik\/"]}]},{"@type":"ImageObject","inLanguage":"ru-RU","@id":"https:\/\/www.aunityshop.de\/produkt\/anion-anti-aging-balance-trockene-haut-naturkosmetik\/#primaryimage","url":"https:\/\/www.aunityshop.de\/wp-content\/uploads\/2020\/12\/1607603399_4632__6_medium.jpg","contentUrl":"https:\/\/www.aunityshop.de\/wp-content\/uploads\/2020\/12\/1607603399_4632__6_medium.jpg","width":333,"height":500},{"@type":"BreadcrumbList","@id":"https:\/\/www.aunityshop.de\/produkt\/anion-anti-aging-balance-trockene-haut-naturkosmetik\/#breadcrumb","itemListElement":[{"@type":"ListItem","position":1,"name":"Start","item":"https:\/\/www.aunityshop.de\/"},{"@type":"ListItem","position":2,"name":"Shop","item":"https:\/\/www.aunityshop.de\/shop\/"},{"@type":"ListItem","position":3,"name":"ANION ANTI-AGING BALANCE"}]},{"@type":"WebSite","@id":"https:\/\/www.aunityshop.de\/#website","url":"https:\/\/www.aunityshop.de\/","name":"aunity Partnershop","description":"Kraftvolle Gesundheit | Nahrungserg\u00e4nzung Kosmetik Aqua Balance Wasserfilter Anion Damenbinden Slipeinlagen","potentialAction":[{"@type":"SearchAction","target":{"@type":"EntryPoint","urlTemplate":"https:\/\/www.aunityshop.de\/?s={search_term_string}"},"query-input":{"@type":"PropertyValueSpecification","valueRequired":true,"valueName":"search_term_string"}}],"inLanguage":"ru-RU"}]}},"_links":{"self":[{"href":"https:\/\/www.aunityshop.de\/ru\/wp-json\/wp\/v2\/product\/3330","targetHints":{"allow":["GET"]}}],"collection":[{"href":"https:\/\/www.aunityshop.de\/ru\/wp-json\/wp\/v2\/product"}],"about":[{"href":"https:\/\/www.aunityshop.de\/ru\/wp-json\/wp\/v2\/types\/product"}],"wp:featuredmedia":[{"embeddable":true,"href":"https:\/\/www.aunityshop.de\/ru\/wp-json\/wp\/v2\/media\/3331"}],"wp:attachment":[{"href":"https:\/\/www.aunityshop.de\/ru\/wp-json\/wp\/v2\/media?parent=3330"}],"wp:term":[{"taxonomy":"product_brand","embeddable":true,"href":"https:\/\/www.aunityshop.de\/ru\/wp-json\/wp\/v2\/product_brand?post=3330"},{"taxonomy":"product_cat","embeddable":true,"href":"https:\/\/www.aunityshop.de\/ru\/wp-json\/wp\/v2\/product_cat?post=3330"},{"taxonomy":"product_tag","embeddable":true,"href":"https:\/\/www.aunityshop.de\/ru\/wp-json\/wp\/v2\/product_tag?post=3330"}],"curies":[{"name":"wp","href":"https:\/\/api.w.org\/{rel}","templated":true}]}}