{"id":3333,"date":"2020-12-21T19:41:17","date_gmt":"2020-12-21T18:41:17","guid":{"rendered":"http:\/\/dev.aunityshop.de\/?post_type=product&#038;p=3333"},"modified":"2025-09-27T16:57:59","modified_gmt":"2025-09-27T14:57:59","slug":"anion-anti-aging-balance-normale-haut-naturkosmetik","status":"publish","type":"product","link":"https:\/\/www.aunityshop.de\/ru\/product\/anion-anti-aging-balance-normale-haut-naturkosmetik\/","title":{"rendered":"ANION ANTI-AGING BALANCE"},"content":{"rendered":"<h2>ANION ANTI-AGING BALANCE<\/h2>\n<p><strong>JETZT VORBESTELLEN <\/strong><\/p>\n<p>REICHHALTIGE FEUCHTIGKEITSPFLEGE F\u00dcR SIE UND IHN.<br \/>\nMIT ANIONEN, MINERALIEN, HYALURONS\u00c4URE UND MANGOSTEEN EXTRAKT.<\/p>\n<p>SANFTE, KL\u00c4RENDE &#8222;CLEAN LABEL&#8220; FEUCHTIGKEITSCREME AUS\u00a0HOCHWERTIGSTEN ROHSTOFFEN GEFERTIGT. SCHLANKE REZEPTUR F\u00dcR\u00a0HOHE VERTR\u00c4GLICHKEIT.<\/p>","protected":false},"excerpt":{"rendered":"<h1><strong>ANION ANTI-AGING BALANCE NORMALE HAUT NATURKOSMETIK<\/strong><\/h1>\n<p><strong>JETZ VORBESTELLEN <\/strong><\/p>\n<p>REICHHALTIGE FEUCHTIGKEITSPFLEGE F\u00dcR SIE UND IHN. MIT ANIONEN, MINERALIEN, HYALURONS\u00c4URE UND MANGOSTEEN EXTRAKT.<\/p>\n<p>SANFTE, KL\u00c4RENDE &#8222;CLEAN LABEL&#8220; FEUCHTIGKEITSCREME AUS HOCHWERTIGSTEN ROHSTOFFEN GEFERTIGT. SCHLANKE REZEPTUR F\u00dcR HOHE VERTR\u00c4GLICHKEIT.<\/p>\n<p><img loading=\"lazy\" decoding=\"async\" class=\"alignnone size-full wp-image-2560\" src=\"http:\/\/dev.aunityshop.de\/wp-content\/uploads\/2014\/08\/madeingermany-1.png\" alt=\"nahrungserg\u00e4nzungsmittel made in germany 100% nat\u00fcrlich qualit\u00e4t\" width=\"150\" height=\"56\" \/><\/p>","protected":false},"featured_media":3334,"template":"","meta":[],"product_brand":[],"product_cat":[65],"product_tag":[],"class_list":{"0":"post-3333","1":"product","2":"type-product","3":"status-publish","4":"has-post-thumbnail","6":"product_cat-kosmetik","7":"description-off","9":"first","10":"instock","11":"sale","12":"taxable","13":"shipping-taxable","14":"purchasable","15":"product-type-simple"},"yoast_head":"<!-- This site is optimized with the Yoast SEO plugin v27.2 - https:\/\/yoast.com\/product\/yoast-seo-wordpress\/ -->\n<title>ANION ANTI-AGING BALANCE - aunity Partnershop<\/title>\n<meta name=\"robots\" content=\"index, follow, max-snippet:-1, max-image-preview:large, max-video-preview:-1\" \/>\n<link rel=\"canonical\" href=\"https:\/\/www.aunityshop.de\/ru\/product\/anion-anti-aging-balance-normale-haut-naturkosmetik\/\" \/>\n<meta property=\"og:locale\" content=\"ru_RU\" \/>\n<meta property=\"og:type\" content=\"article\" \/>\n<meta property=\"og:title\" content=\"ANION ANTI-AGING BALANCE - aunity Partnershop\" \/>\n<meta property=\"og:description\" content=\"ANION ANTI-AGING BALANCE NORMALE HAUT NATURKOSMETIK JETZ VORBESTELLEN   REICHHALTIGE FEUCHTIGKEITSPFLEGE F\u00dcR SIE UND IHN. MIT ANIONEN, MINERALIEN, HYALURONS\u00c4URE UND MANGOSTEEN EXTRAKT.  SANFTE, KL\u00c4RENDE &quot;CLEAN LABEL&quot; FEUCHTIGKEITSCREME AUS HOCHWERTIGSTEN ROHSTOFFEN GEFERTIGT. SCHLANKE REZEPTUR F\u00dcR HOHE VERTR\u00c4GLICHKEIT.\" \/>\n<meta property=\"og:url\" content=\"https:\/\/www.aunityshop.de\/ru\/product\/anion-anti-aging-balance-normale-haut-naturkosmetik\/\" \/>\n<meta property=\"og:site_name\" content=\"aunity Partnershop\" \/>\n<meta property=\"article:modified_time\" content=\"2025-09-27T14:57:59+00:00\" \/>\n<meta property=\"og:image\" content=\"https:\/\/www.aunityshop.de\/wp-content\/uploads\/2020\/12\/1607603399_1147__6_medium.jpg\" \/>\n\t<meta property=\"og:image:width\" content=\"333\" \/>\n\t<meta property=\"og:image:height\" content=\"500\" \/>\n\t<meta property=\"og:image:type\" content=\"image\/jpeg\" \/>\n<meta name=\"twitter:card\" content=\"summary_large_image\" \/>\n<script type=\"application\/ld+json\" class=\"yoast-schema-graph\">{\"@context\":\"https:\/\/schema.org\",\"@graph\":[{\"@type\":\"WebPage\",\"@id\":\"https:\/\/www.aunityshop.de\/produkt\/anion-anti-aging-balance-normale-haut-naturkosmetik\/\",\"url\":\"https:\/\/www.aunityshop.de\/produkt\/anion-anti-aging-balance-normale-haut-naturkosmetik\/\",\"name\":\"ANION ANTI-AGING BALANCE - aunity Partnershop\",\"isPartOf\":{\"@id\":\"https:\/\/www.aunityshop.de\/#website\"},\"primaryImageOfPage\":{\"@id\":\"https:\/\/www.aunityshop.de\/produkt\/anion-anti-aging-balance-normale-haut-naturkosmetik\/#primaryimage\"},\"image\":{\"@id\":\"https:\/\/www.aunityshop.de\/produkt\/anion-anti-aging-balance-normale-haut-naturkosmetik\/#primaryimage\"},\"thumbnailUrl\":\"https:\/\/www.aunityshop.de\/wp-content\/uploads\/2020\/12\/1607603399_1147__6_medium.jpg\",\"datePublished\":\"2020-12-21T18:41:17+00:00\",\"dateModified\":\"2025-09-27T14:57:59+00:00\",\"breadcrumb\":{\"@id\":\"https:\/\/www.aunityshop.de\/produkt\/anion-anti-aging-balance-normale-haut-naturkosmetik\/#breadcrumb\"},\"inLanguage\":\"ru-RU\",\"potentialAction\":[{\"@type\":\"ReadAction\",\"target\":[\"https:\/\/www.aunityshop.de\/produkt\/anion-anti-aging-balance-normale-haut-naturkosmetik\/\"]}]},{\"@type\":\"ImageObject\",\"inLanguage\":\"ru-RU\",\"@id\":\"https:\/\/www.aunityshop.de\/produkt\/anion-anti-aging-balance-normale-haut-naturkosmetik\/#primaryimage\",\"url\":\"https:\/\/www.aunityshop.de\/wp-content\/uploads\/2020\/12\/1607603399_1147__6_medium.jpg\",\"contentUrl\":\"https:\/\/www.aunityshop.de\/wp-content\/uploads\/2020\/12\/1607603399_1147__6_medium.jpg\",\"width\":333,\"height\":500},{\"@type\":\"BreadcrumbList\",\"@id\":\"https:\/\/www.aunityshop.de\/produkt\/anion-anti-aging-balance-normale-haut-naturkosmetik\/#breadcrumb\",\"itemListElement\":[{\"@type\":\"ListItem\",\"position\":1,\"name\":\"Start\",\"item\":\"https:\/\/www.aunityshop.de\/\"},{\"@type\":\"ListItem\",\"position\":2,\"name\":\"Shop\",\"item\":\"https:\/\/www.aunityshop.de\/shop\/\"},{\"@type\":\"ListItem\",\"position\":3,\"name\":\"ANION ANTI-AGING BALANCE\"}]},{\"@type\":\"WebSite\",\"@id\":\"https:\/\/www.aunityshop.de\/#website\",\"url\":\"https:\/\/www.aunityshop.de\/\",\"name\":\"aunity Partnershop\",\"description\":\"Kraftvolle Gesundheit | Nahrungserg\u00e4nzung Kosmetik Aqua Balance Wasserfilter Anion Damenbinden Slipeinlagen\",\"potentialAction\":[{\"@type\":\"SearchAction\",\"target\":{\"@type\":\"EntryPoint\",\"urlTemplate\":\"https:\/\/www.aunityshop.de\/?s={search_term_string}\"},\"query-input\":{\"@type\":\"PropertyValueSpecification\",\"valueRequired\":true,\"valueName\":\"search_term_string\"}}],\"inLanguage\":\"ru-RU\"}]}<\/script>\n<!-- \/ Yoast SEO plugin. -->","yoast_head_json":{"title":"ANION ANTI-AGING BALANCE - aunity Partnershop","robots":{"index":"index","follow":"follow","max-snippet":"max-snippet:-1","max-image-preview":"max-image-preview:large","max-video-preview":"max-video-preview:-1"},"canonical":"https:\/\/www.aunityshop.de\/ru\/product\/anion-anti-aging-balance-normale-haut-naturkosmetik\/","og_locale":"ru_RU","og_type":"article","og_title":"ANION ANTI-AGING BALANCE - aunity Partnershop","og_description":"ANION ANTI-AGING BALANCE NORMALE HAUT NATURKOSMETIK JETZ VORBESTELLEN   REICHHALTIGE FEUCHTIGKEITSPFLEGE F\u00dcR SIE UND IHN. MIT ANIONEN, MINERALIEN, HYALURONS\u00c4URE UND MANGOSTEEN EXTRAKT.  SANFTE, KL\u00c4RENDE \"CLEAN LABEL\" FEUCHTIGKEITSCREME AUS HOCHWERTIGSTEN ROHSTOFFEN GEFERTIGT. SCHLANKE REZEPTUR F\u00dcR HOHE VERTR\u00c4GLICHKEIT.","og_url":"https:\/\/www.aunityshop.de\/ru\/product\/anion-anti-aging-balance-normale-haut-naturkosmetik\/","og_site_name":"aunity Partnershop","article_modified_time":"2025-09-27T14:57:59+00:00","og_image":[{"width":333,"height":500,"url":"https:\/\/www.aunityshop.de\/wp-content\/uploads\/2020\/12\/1607603399_1147__6_medium.jpg","type":"image\/jpeg"}],"twitter_card":"summary_large_image","schema":{"@context":"https:\/\/schema.org","@graph":[{"@type":"WebPage","@id":"https:\/\/www.aunityshop.de\/produkt\/anion-anti-aging-balance-normale-haut-naturkosmetik\/","url":"https:\/\/www.aunityshop.de\/produkt\/anion-anti-aging-balance-normale-haut-naturkosmetik\/","name":"ANION ANTI-AGING BALANCE - aunity Partnershop","isPartOf":{"@id":"https:\/\/www.aunityshop.de\/#website"},"primaryImageOfPage":{"@id":"https:\/\/www.aunityshop.de\/produkt\/anion-anti-aging-balance-normale-haut-naturkosmetik\/#primaryimage"},"image":{"@id":"https:\/\/www.aunityshop.de\/produkt\/anion-anti-aging-balance-normale-haut-naturkosmetik\/#primaryimage"},"thumbnailUrl":"https:\/\/www.aunityshop.de\/wp-content\/uploads\/2020\/12\/1607603399_1147__6_medium.jpg","datePublished":"2020-12-21T18:41:17+00:00","dateModified":"2025-09-27T14:57:59+00:00","breadcrumb":{"@id":"https:\/\/www.aunityshop.de\/produkt\/anion-anti-aging-balance-normale-haut-naturkosmetik\/#breadcrumb"},"inLanguage":"ru-RU","potentialAction":[{"@type":"ReadAction","target":["https:\/\/www.aunityshop.de\/produkt\/anion-anti-aging-balance-normale-haut-naturkosmetik\/"]}]},{"@type":"ImageObject","inLanguage":"ru-RU","@id":"https:\/\/www.aunityshop.de\/produkt\/anion-anti-aging-balance-normale-haut-naturkosmetik\/#primaryimage","url":"https:\/\/www.aunityshop.de\/wp-content\/uploads\/2020\/12\/1607603399_1147__6_medium.jpg","contentUrl":"https:\/\/www.aunityshop.de\/wp-content\/uploads\/2020\/12\/1607603399_1147__6_medium.jpg","width":333,"height":500},{"@type":"BreadcrumbList","@id":"https:\/\/www.aunityshop.de\/produkt\/anion-anti-aging-balance-normale-haut-naturkosmetik\/#breadcrumb","itemListElement":[{"@type":"ListItem","position":1,"name":"Start","item":"https:\/\/www.aunityshop.de\/"},{"@type":"ListItem","position":2,"name":"Shop","item":"https:\/\/www.aunityshop.de\/shop\/"},{"@type":"ListItem","position":3,"name":"ANION ANTI-AGING BALANCE"}]},{"@type":"WebSite","@id":"https:\/\/www.aunityshop.de\/#website","url":"https:\/\/www.aunityshop.de\/","name":"aunity Partnershop","description":"Kraftvolle Gesundheit | Nahrungserg\u00e4nzung Kosmetik Aqua Balance Wasserfilter Anion Damenbinden Slipeinlagen","potentialAction":[{"@type":"SearchAction","target":{"@type":"EntryPoint","urlTemplate":"https:\/\/www.aunityshop.de\/?s={search_term_string}"},"query-input":{"@type":"PropertyValueSpecification","valueRequired":true,"valueName":"search_term_string"}}],"inLanguage":"ru-RU"}]}},"_links":{"self":[{"href":"https:\/\/www.aunityshop.de\/ru\/wp-json\/wp\/v2\/product\/3333","targetHints":{"allow":["GET"]}}],"collection":[{"href":"https:\/\/www.aunityshop.de\/ru\/wp-json\/wp\/v2\/product"}],"about":[{"href":"https:\/\/www.aunityshop.de\/ru\/wp-json\/wp\/v2\/types\/product"}],"wp:featuredmedia":[{"embeddable":true,"href":"https:\/\/www.aunityshop.de\/ru\/wp-json\/wp\/v2\/media\/3334"}],"wp:attachment":[{"href":"https:\/\/www.aunityshop.de\/ru\/wp-json\/wp\/v2\/media?parent=3333"}],"wp:term":[{"taxonomy":"product_brand","embeddable":true,"href":"https:\/\/www.aunityshop.de\/ru\/wp-json\/wp\/v2\/product_brand?post=3333"},{"taxonomy":"product_cat","embeddable":true,"href":"https:\/\/www.aunityshop.de\/ru\/wp-json\/wp\/v2\/product_cat?post=3333"},{"taxonomy":"product_tag","embeddable":true,"href":"https:\/\/www.aunityshop.de\/ru\/wp-json\/wp\/v2\/product_tag?post=3333"}],"curies":[{"name":"wp","href":"https:\/\/api.w.org\/{rel}","templated":true}]}}