{"id":3335,"date":"2020-12-21T19:49:47","date_gmt":"2020-12-21T18:49:47","guid":{"rendered":"http:\/\/dev.aunityshop.de\/?post_type=product&#038;p=3335"},"modified":"2025-09-27T17:00:22","modified_gmt":"2025-09-27T15:00:22","slug":"anion-intimwaschlotion-naturkosmetik-ph4-vegan","status":"publish","type":"product","link":"https:\/\/www.aunityshop.de\/ru\/product\/anion-intimwaschlotion-naturkosmetik-ph4-vegan\/","title":{"rendered":"ANION INTIMWASCHLOTION"},"content":{"rendered":"<p><span class=\"htag3\">ANION INTIMWASCHLOTION NATURKOSMETIK (pH4 &#8211; Vegan)<\/span><\/p>\n<p><strong>MIT ANIONEN, MINERALIEN, MILCHS\u00c4URE UND ALOE VERA<\/strong><\/p>\n<h2>F\u00dcR JEDEN HAUTTYP NAT\u00dcRLICHE INTIMPFLEGE F\u00dcR SIE UND IHN<\/h2>\n<p>Die milde aunity Anion Intimwaschlotion ist ideal\u00a0f\u00fcr die t\u00e4gliche Reinigung der weiblichen und m\u00e4nnlichen Intimzone.\u00a0Sie enth\u00e4lt nat\u00fcrlich basierende Zutaten und eine eigens f\u00fcr aunity entwickelte Anionisierungs-Formel! Diese Kombination kann\u00a0Feuchtigkeit spenden, n\u00e4hrt die Haut und verleiht ein Frischegef\u00fchl.<br \/>\naunity Intimwaschlotion ist besonders sanft auch f\u00fcr empfindliche\u00a0oder gereizte Haut. Die eingesetzten Mineralien und Salze k\u00f6nnen die Schleimh\u00e4ute st\u00e4rken. Die einzigartige Zusammensetzung der nat\u00fcrlichen Inhaltsstoffe reinigen und pflegen Ihren Intimbereich sanft und sicher.<\/p>","protected":false},"excerpt":{"rendered":"<h1><strong><span class=\"htag3\">ANION INTIMWASCHLOTION NATURKOSMETIK (pH4 &#8211; Vegan)<\/span><\/strong><\/h1>\n<p><strong>MIT ANIONEN, MINERALIEN, MILCHS\u00c4URE UND ALOE VERA<\/strong><\/p>\n<h2>F\u00dcR JEDEN HAUTTYP NAT\u00dcRLICHE INTIMPFLEGE F\u00dcR SIE UND IHN<\/h2>\n<p>Die milde aunity Anion Intimwaschlotion ist ideal\u00a0f\u00fcr die t\u00e4gliche Reinigung der weiblichen und m\u00e4nnlichen Intimzone.\u00a0Sie enth\u00e4lt nat\u00fcrlich basierende Zutaten und eine eigens f\u00fcr aunity entwickelte Anionisierungs-Formel! Diese Kombination kann\u00a0Feuchtigkeit spenden, n\u00e4hrt die Haut und verleiht ein Frischegef\u00fchl.<br \/>\naunity Intimwaschlotion ist besonders sanft auch f\u00fcr empfindliche\u00a0oder gereizte Haut. Die eingesetzten Mineralien und Salze k\u00f6nnen die Schleimh\u00e4ute st\u00e4rken. Die einzigartige Zusammensetzung der nat\u00fcrlichen Inhaltsstoffe reinigen und pflegen Ihren Intimbereich sanft und sicher.<\/p>\n<p><img loading=\"lazy\" decoding=\"async\" class=\"alignnone size-full wp-image-2560\" src=\"http:\/\/dev.aunityshop.de\/wp-content\/uploads\/2014\/08\/madeingermany-1.png\" alt=\"nahrungserg\u00e4nzungsmittel made in germany 100% nat\u00fcrlich qualit\u00e4t\" width=\"150\" height=\"56\" \/><\/p>","protected":false},"featured_media":3337,"template":"","meta":[],"product_brand":[],"product_cat":[65],"product_tag":[],"class_list":{"0":"post-3335","1":"product","2":"type-product","3":"status-publish","4":"has-post-thumbnail","6":"product_cat-kosmetik","7":"description-off","9":"first","10":"instock","11":"sale","12":"taxable","13":"shipping-taxable","14":"purchasable","15":"product-type-simple"},"yoast_head":"<!-- This site is optimized with the Yoast SEO plugin v27.2 - https:\/\/yoast.com\/product\/yoast-seo-wordpress\/ -->\n<title>ANION INTIMWASCHLOTION - aunity Partnershop<\/title>\n<meta name=\"robots\" content=\"index, follow, max-snippet:-1, max-image-preview:large, max-video-preview:-1\" \/>\n<link rel=\"canonical\" href=\"https:\/\/www.aunityshop.de\/ru\/product\/anion-intimwaschlotion-naturkosmetik-ph4-vegan\/\" \/>\n<meta property=\"og:locale\" content=\"ru_RU\" \/>\n<meta property=\"og:type\" content=\"article\" \/>\n<meta property=\"og:title\" content=\"ANION INTIMWASCHLOTION - aunity Partnershop\" \/>\n<meta property=\"og:description\" content=\"ANION INTIMWASCHLOTION NATURKOSMETIK (pH4 - Vegan) MIT ANIONEN, MINERALIEN, MILCHS\u00c4URE UND ALOE VERA F\u00dcR JEDEN HAUTTYP NAT\u00dcRLICHE INTIMPFLEGE F\u00dcR SIE UND IHN Die milde aunity Anion Intimwaschlotion ist ideal\u00a0f\u00fcr die t\u00e4gliche Reinigung der weiblichen und m\u00e4nnlichen Intimzone.\u00a0Sie enth\u00e4lt nat\u00fcrlich basierende Zutaten und eine eigens f\u00fcr aunity entwickelte Anionisierungs-Formel! Diese Kombination kann\u00a0Feuchtigkeit spenden, n\u00e4hrt die Haut und verleiht ein Frischegef\u00fchl. aunity Intimwaschlotion ist besonders sanft auch f\u00fcr empfindliche\u00a0oder gereizte Haut. Die eingesetzten Mineralien und Salze k\u00f6nnen die Schleimh\u00e4ute st\u00e4rken. Die einzigartige Zusammensetzung der nat\u00fcrlichen Inhaltsstoffe reinigen und pflegen Ihren Intimbereich sanft und sicher.\" \/>\n<meta property=\"og:url\" content=\"https:\/\/www.aunityshop.de\/ru\/product\/anion-intimwaschlotion-naturkosmetik-ph4-vegan\/\" \/>\n<meta property=\"og:site_name\" content=\"aunity Partnershop\" \/>\n<meta property=\"article:modified_time\" content=\"2025-09-27T15:00:22+00:00\" \/>\n<meta property=\"og:image\" content=\"https:\/\/www.aunityshop.de\/wp-content\/uploads\/2020\/12\/1589702196_0663__6_medium.jpg\" \/>\n\t<meta property=\"og:image:width\" content=\"334\" \/>\n\t<meta property=\"og:image:height\" content=\"500\" \/>\n\t<meta property=\"og:image:type\" content=\"image\/jpeg\" \/>\n<meta name=\"twitter:card\" content=\"summary_large_image\" \/>\n<meta name=\"twitter:label1\" content=\"\u041f\u0440\u0438\u043c\u0435\u0440\u043d\u043e\u0435 \u0432\u0440\u0435\u043c\u044f \u0434\u043b\u044f \u0447\u0442\u0435\u043d\u0438\u044f\" \/>\n\t<meta name=\"twitter:data1\" content=\"1 \u043c\u0438\u043d\u0443\u0442\u0430\" \/>\n<script type=\"application\/ld+json\" class=\"yoast-schema-graph\">{\"@context\":\"https:\/\/schema.org\",\"@graph\":[{\"@type\":\"WebPage\",\"@id\":\"https:\/\/www.aunityshop.de\/produkt\/anion-intimwaschlotion-naturkosmetik-ph4-vegan\/\",\"url\":\"https:\/\/www.aunityshop.de\/produkt\/anion-intimwaschlotion-naturkosmetik-ph4-vegan\/\",\"name\":\"ANION INTIMWASCHLOTION - aunity Partnershop\",\"isPartOf\":{\"@id\":\"https:\/\/www.aunityshop.de\/#website\"},\"primaryImageOfPage\":{\"@id\":\"https:\/\/www.aunityshop.de\/produkt\/anion-intimwaschlotion-naturkosmetik-ph4-vegan\/#primaryimage\"},\"image\":{\"@id\":\"https:\/\/www.aunityshop.de\/produkt\/anion-intimwaschlotion-naturkosmetik-ph4-vegan\/#primaryimage\"},\"thumbnailUrl\":\"https:\/\/www.aunityshop.de\/wp-content\/uploads\/2020\/12\/1589702196_0663__6_medium.jpg\",\"datePublished\":\"2020-12-21T18:49:47+00:00\",\"dateModified\":\"2025-09-27T15:00:22+00:00\",\"breadcrumb\":{\"@id\":\"https:\/\/www.aunityshop.de\/produkt\/anion-intimwaschlotion-naturkosmetik-ph4-vegan\/#breadcrumb\"},\"inLanguage\":\"ru-RU\",\"potentialAction\":[{\"@type\":\"ReadAction\",\"target\":[\"https:\/\/www.aunityshop.de\/produkt\/anion-intimwaschlotion-naturkosmetik-ph4-vegan\/\"]}]},{\"@type\":\"ImageObject\",\"inLanguage\":\"ru-RU\",\"@id\":\"https:\/\/www.aunityshop.de\/produkt\/anion-intimwaschlotion-naturkosmetik-ph4-vegan\/#primaryimage\",\"url\":\"https:\/\/www.aunityshop.de\/wp-content\/uploads\/2020\/12\/1589702196_0663__6_medium.jpg\",\"contentUrl\":\"https:\/\/www.aunityshop.de\/wp-content\/uploads\/2020\/12\/1589702196_0663__6_medium.jpg\",\"width\":334,\"height\":500},{\"@type\":\"BreadcrumbList\",\"@id\":\"https:\/\/www.aunityshop.de\/produkt\/anion-intimwaschlotion-naturkosmetik-ph4-vegan\/#breadcrumb\",\"itemListElement\":[{\"@type\":\"ListItem\",\"position\":1,\"name\":\"Start\",\"item\":\"https:\/\/www.aunityshop.de\/\"},{\"@type\":\"ListItem\",\"position\":2,\"name\":\"Shop\",\"item\":\"https:\/\/www.aunityshop.de\/shop\/\"},{\"@type\":\"ListItem\",\"position\":3,\"name\":\"ANION INTIMWASCHLOTION\"}]},{\"@type\":\"WebSite\",\"@id\":\"https:\/\/www.aunityshop.de\/#website\",\"url\":\"https:\/\/www.aunityshop.de\/\",\"name\":\"aunity Partnershop\",\"description\":\"Kraftvolle Gesundheit | Nahrungserg\u00e4nzung Kosmetik Aqua Balance Wasserfilter Anion Damenbinden Slipeinlagen\",\"potentialAction\":[{\"@type\":\"SearchAction\",\"target\":{\"@type\":\"EntryPoint\",\"urlTemplate\":\"https:\/\/www.aunityshop.de\/?s={search_term_string}\"},\"query-input\":{\"@type\":\"PropertyValueSpecification\",\"valueRequired\":true,\"valueName\":\"search_term_string\"}}],\"inLanguage\":\"ru-RU\"}]}<\/script>\n<!-- \/ Yoast SEO plugin. -->","yoast_head_json":{"title":"ANION INTIMWASCHLOTION - aunity Partnershop","robots":{"index":"index","follow":"follow","max-snippet":"max-snippet:-1","max-image-preview":"max-image-preview:large","max-video-preview":"max-video-preview:-1"},"canonical":"https:\/\/www.aunityshop.de\/ru\/product\/anion-intimwaschlotion-naturkosmetik-ph4-vegan\/","og_locale":"ru_RU","og_type":"article","og_title":"ANION INTIMWASCHLOTION - aunity Partnershop","og_description":"ANION INTIMWASCHLOTION NATURKOSMETIK (pH4 - Vegan) MIT ANIONEN, MINERALIEN, MILCHS\u00c4URE UND ALOE VERA F\u00dcR JEDEN HAUTTYP NAT\u00dcRLICHE INTIMPFLEGE F\u00dcR SIE UND IHN Die milde aunity Anion Intimwaschlotion ist ideal\u00a0f\u00fcr die t\u00e4gliche Reinigung der weiblichen und m\u00e4nnlichen Intimzone.\u00a0Sie enth\u00e4lt nat\u00fcrlich basierende Zutaten und eine eigens f\u00fcr aunity entwickelte Anionisierungs-Formel! Diese Kombination kann\u00a0Feuchtigkeit spenden, n\u00e4hrt die Haut und verleiht ein Frischegef\u00fchl. aunity Intimwaschlotion ist besonders sanft auch f\u00fcr empfindliche\u00a0oder gereizte Haut. Die eingesetzten Mineralien und Salze k\u00f6nnen die Schleimh\u00e4ute st\u00e4rken. Die einzigartige Zusammensetzung der nat\u00fcrlichen Inhaltsstoffe reinigen und pflegen Ihren Intimbereich sanft und sicher.","og_url":"https:\/\/www.aunityshop.de\/ru\/product\/anion-intimwaschlotion-naturkosmetik-ph4-vegan\/","og_site_name":"aunity Partnershop","article_modified_time":"2025-09-27T15:00:22+00:00","og_image":[{"width":334,"height":500,"url":"https:\/\/www.aunityshop.de\/wp-content\/uploads\/2020\/12\/1589702196_0663__6_medium.jpg","type":"image\/jpeg"}],"twitter_card":"summary_large_image","twitter_misc":{"\u041f\u0440\u0438\u043c\u0435\u0440\u043d\u043e\u0435 \u0432\u0440\u0435\u043c\u044f \u0434\u043b\u044f \u0447\u0442\u0435\u043d\u0438\u044f":"1 \u043c\u0438\u043d\u0443\u0442\u0430"},"schema":{"@context":"https:\/\/schema.org","@graph":[{"@type":"WebPage","@id":"https:\/\/www.aunityshop.de\/produkt\/anion-intimwaschlotion-naturkosmetik-ph4-vegan\/","url":"https:\/\/www.aunityshop.de\/produkt\/anion-intimwaschlotion-naturkosmetik-ph4-vegan\/","name":"ANION INTIMWASCHLOTION - aunity Partnershop","isPartOf":{"@id":"https:\/\/www.aunityshop.de\/#website"},"primaryImageOfPage":{"@id":"https:\/\/www.aunityshop.de\/produkt\/anion-intimwaschlotion-naturkosmetik-ph4-vegan\/#primaryimage"},"image":{"@id":"https:\/\/www.aunityshop.de\/produkt\/anion-intimwaschlotion-naturkosmetik-ph4-vegan\/#primaryimage"},"thumbnailUrl":"https:\/\/www.aunityshop.de\/wp-content\/uploads\/2020\/12\/1589702196_0663__6_medium.jpg","datePublished":"2020-12-21T18:49:47+00:00","dateModified":"2025-09-27T15:00:22+00:00","breadcrumb":{"@id":"https:\/\/www.aunityshop.de\/produkt\/anion-intimwaschlotion-naturkosmetik-ph4-vegan\/#breadcrumb"},"inLanguage":"ru-RU","potentialAction":[{"@type":"ReadAction","target":["https:\/\/www.aunityshop.de\/produkt\/anion-intimwaschlotion-naturkosmetik-ph4-vegan\/"]}]},{"@type":"ImageObject","inLanguage":"ru-RU","@id":"https:\/\/www.aunityshop.de\/produkt\/anion-intimwaschlotion-naturkosmetik-ph4-vegan\/#primaryimage","url":"https:\/\/www.aunityshop.de\/wp-content\/uploads\/2020\/12\/1589702196_0663__6_medium.jpg","contentUrl":"https:\/\/www.aunityshop.de\/wp-content\/uploads\/2020\/12\/1589702196_0663__6_medium.jpg","width":334,"height":500},{"@type":"BreadcrumbList","@id":"https:\/\/www.aunityshop.de\/produkt\/anion-intimwaschlotion-naturkosmetik-ph4-vegan\/#breadcrumb","itemListElement":[{"@type":"ListItem","position":1,"name":"Start","item":"https:\/\/www.aunityshop.de\/"},{"@type":"ListItem","position":2,"name":"Shop","item":"https:\/\/www.aunityshop.de\/shop\/"},{"@type":"ListItem","position":3,"name":"ANION INTIMWASCHLOTION"}]},{"@type":"WebSite","@id":"https:\/\/www.aunityshop.de\/#website","url":"https:\/\/www.aunityshop.de\/","name":"aunity Partnershop","description":"Kraftvolle Gesundheit | Nahrungserg\u00e4nzung Kosmetik Aqua Balance Wasserfilter Anion Damenbinden Slipeinlagen","potentialAction":[{"@type":"SearchAction","target":{"@type":"EntryPoint","urlTemplate":"https:\/\/www.aunityshop.de\/?s={search_term_string}"},"query-input":{"@type":"PropertyValueSpecification","valueRequired":true,"valueName":"search_term_string"}}],"inLanguage":"ru-RU"}]}},"_links":{"self":[{"href":"https:\/\/www.aunityshop.de\/ru\/wp-json\/wp\/v2\/product\/3335","targetHints":{"allow":["GET"]}}],"collection":[{"href":"https:\/\/www.aunityshop.de\/ru\/wp-json\/wp\/v2\/product"}],"about":[{"href":"https:\/\/www.aunityshop.de\/ru\/wp-json\/wp\/v2\/types\/product"}],"wp:featuredmedia":[{"embeddable":true,"href":"https:\/\/www.aunityshop.de\/ru\/wp-json\/wp\/v2\/media\/3337"}],"wp:attachment":[{"href":"https:\/\/www.aunityshop.de\/ru\/wp-json\/wp\/v2\/media?parent=3335"}],"wp:term":[{"taxonomy":"product_brand","embeddable":true,"href":"https:\/\/www.aunityshop.de\/ru\/wp-json\/wp\/v2\/product_brand?post=3335"},{"taxonomy":"product_cat","embeddable":true,"href":"https:\/\/www.aunityshop.de\/ru\/wp-json\/wp\/v2\/product_cat?post=3335"},{"taxonomy":"product_tag","embeddable":true,"href":"https:\/\/www.aunityshop.de\/ru\/wp-json\/wp\/v2\/product_tag?post=3335"}],"curies":[{"name":"wp","href":"https:\/\/api.w.org\/{rel}","templated":true}]}}