{"id":3423,"date":"2021-06-18T11:30:15","date_gmt":"2021-06-18T09:30:15","guid":{"rendered":"http:\/\/dev.aunityshop.de\/?post_type=product&#038;p=3423"},"modified":"2025-09-29T15:39:06","modified_gmt":"2025-09-29T13:39:06","slug":"ph-tropfen","status":"publish","type":"product","link":"https:\/\/www.aunityshop.de\/ru\/product\/ph-tropfen\/","title":{"rendered":"\u0429\u0415\u041b\u041e\u0427\u041d\u042b\u0415 \u0411\u0423\u0421\u0422\u0415\u0420\u042b PH DROPS"},"content":{"rendered":"<h2><strong>\u0429\u0415\u041b\u041e\u0427\u041d\u042b\u0415 \u0411\u0423\u0421\u0422\u0415\u0420\u042b PH DROPS\u00a0<\/strong><\/h2>\n<h2>\u0412\u043e\u0441\u0441\u0442\u0430\u043d\u043e\u0432\u0438\u0442\u0435 \u0441\u0432\u043e\u0439 \u0435\u0441\u0442\u0435\u0441\u0442\u0432\u0435\u043d\u043d\u044b\u0439 \u0432\u043e\u0434\u043d\u044b\u0439 \u0431\u0430\u043b\u0430\u043d\u0441 \u0441 \u043f\u043e\u043c\u043e\u0449\u044c\u044e \u043d\u0430\u0442\u0443\u0440\u0430\u043b\u044c\u043d\u044b\u0445 \u0449\u0435\u043b\u043e\u0447\u043d\u044b\u0445 \u043a\u0430\u043f\u0435\u043b\u044c \u0438 \u0443\u043a\u0440\u0435\u043f\u0438\u0442\u0435 \u0438\u043c\u043c\u0443\u043d\u0438\u0442\u0435\u0442!<\/h2>\n<p>\u041a\u0430\u0436\u0434\u0443\u044e \u0441\u0435\u043a\u0443\u043d\u0434\u0443 \u0432 \u043d\u0430\u0441 \u0440\u043e\u0436\u0434\u0430\u044e\u0442\u0441\u044f \u0438 \u0443\u043c\u0438\u0440\u0430\u044e\u0442 \u043c\u0438\u043b\u043b\u0438\u0430\u0440\u0434\u044b \u043a\u043b\u0435\u0442\u043e\u043a. \u0412\u0441\u0435 \u044d\u0442\u0438 \u043f\u0440\u043e\u0446\u0435\u0441\u0441\u044b \u043d\u0435\u0432\u043e\u0437\u043c\u043e\u0436\u043d\u044b \u0431\u0435\u0437 \u043f\u043e\u0434\u0434\u0435\u0440\u0436\u0430\u043d\u0438\u044f \u043a\u0438\u0441\u043b\u043e\u0442\u043d\u043e-\u0449\u0435\u043b\u043e\u0447\u043d\u043e\u0433\u043e \u0431\u0430\u043b\u0430\u043d\u0441\u0430. \u0417\u0434\u043e\u0440\u043e\u0432\u044c\u0435 \u0447\u0435\u043b\u043e\u0432\u0435\u043a\u0430 \u043d\u0430\u043f\u0440\u044f\u043c\u0443\u044e \u0437\u0430\u0432\u0438\u0441\u0438\u0442 \u043e\u0442 \u043f\u043e\u043a\u0430\u0437\u0430\u0442\u0435\u043b\u0435\u0439 pH \u043d\u0430\u0448\u0435\u0433\u043e \u043e\u0440\u0433\u0430\u043d\u0438\u0437\u043c\u0430. \u041e\u043a\u0440\u0443\u0436\u0430\u044e\u0449\u0430\u044f \u0441\u0440\u0435\u0434\u0430 \u0438 \u043d\u0430\u0448\u0438 \u043f\u0438\u0449\u0435\u0432\u044b\u0435 \u043f\u0440\u043e\u0434\u0443\u043a\u0442\u044b, \u0437\u0430\u0447\u0430\u0441\u0442\u0443\u044e \u043f\u0440\u043e\u043c\u044b\u0448\u043b\u0435\u043d\u043d\u043e \u043e\u0431\u0440\u0430\u0431\u043e\u0442\u0430\u043d\u043d\u044b\u0435, \u0442\u0430\u043a\u0436\u0435 \u043e\u043a\u0430\u0437\u044b\u0432\u0430\u044e\u0442 \u0431\u043e\u043b\u044c\u0448\u043e\u0435 \u0432\u043b\u0438\u044f\u043d\u0438\u0435.<\/p>\n<p>\u0412\u044b\u043f\u0438\u0432\u0430\u0439\u0442\u0435 4\u20136 \u0441\u0442\u0430\u043a\u0430\u043d\u043e\u0432 \u0449\u0435\u043b\u043e\u0447\u043d\u043e\u0439 \u0432\u043e\u0434\u044b \u0435\u0436\u0435\u0434\u043d\u0435\u0432\u043d\u043e, \u0447\u0442\u043e\u0431\u044b \u043f\u043e\u043c\u043e\u0447\u044c \u043e\u0440\u0433\u0430\u043d\u0438\u0437\u043c\u0443 \u0441\u043d\u0438\u0437\u0438\u0442\u044c \u043a\u0438\u0441\u043b\u043e\u0442\u043d\u043e\u0441\u0442\u044c.<\/p>\n<p>.<\/p>\n<h3><img loading=\"lazy\" decoding=\"async\" class=\"alignnone wp-image-3424 size-medium\" src=\"http:\/\/dev.aunityshop.de\/wp-content\/uploads\/2021\/06\/pH_Tropfen_medium-200x300.jpg\" alt=\"Stellen Sie Ihr nat\u00fcrliches Wassergleichgewicht mit nat\u00fcrlichen Basentropfen wieder her und st\u00e4rken Sie so Ihr Immunsystem!\" width=\"200\" height=\"300\" srcset=\"https:\/\/www.aunityshop.de\/wp-content\/uploads\/2021\/06\/pH_Tropfen_medium-200x300.jpg 200w, https:\/\/www.aunityshop.de\/wp-content\/uploads\/2021\/06\/pH_Tropfen_medium.jpg 333w\" sizes=\"auto, (max-width: 200px) 100vw, 200px\" \/><\/h3>\n<p>\u0413\u0430\u0440\u043c\u043e\u043d\u0438\u0447\u043d\u0430\u044f \u0436\u0438\u0437\u043d\u044c \u043c\u043e\u0436\u0435\u0442 \u0431\u044b\u0442\u044c \u0434\u043e\u0441\u0442\u0438\u0433\u043d\u0443\u0442\u0430 \u0442\u043e\u043b\u044c\u043a\u043e \u0432 \u0431\u0430\u043b\u0430\u043d\u0441\u0435. \u0412\u0441\u0435, \u0447\u0442\u043e \u043c\u044b \u0434\u0435\u043b\u0430\u0435\u043c, \u0434\u0443\u043c\u0430\u0435\u043c, \u0435\u0434\u0438\u043c, \u043f\u044c\u0435\u043c \u0438 \u0447\u0443\u0432\u0441\u0442\u0432\u0443\u0435\u043c, \u0434\u043e\u043b\u0436\u043d\u043e \u0431\u044b\u0442\u044c \u043e\u0441\u043e\u0437\u043d\u0430\u043d\u043d\u044b\u043c. \u041f\u043e\u0434\u0434\u0435\u0440\u0436\u0438\u0432\u0430\u044f \u043f\u043e\u0441\u0442\u043e\u044f\u043d\u043d\u044b\u0439 \u0443\u0440\u043e\u0432\u0435\u043d\u044c pH, \u043c\u044b \u0441\u043e\u0437\u0434\u0430\u0435\u043c \u0441\u0440\u0435\u0434\u0443, \u0443\u043b\u0443\u0447\u0448\u0430\u044e\u0449\u0443\u044e \u0437\u0434\u043e\u0440\u043e\u0432\u044c\u0435 \u043d\u0430 \u0432\u0441\u0435\u0445 \u0443\u0440\u043e\u0432\u043d\u044f\u0445. \u0417\u0430\u043a\u0438\u0441\u043b\u0435\u043d\u0438\u0435 \u043e\u0440\u0433\u0430\u043d\u0438\u0437\u043c\u0430 \u0441\u0435\u0433\u043e\u0434\u043d\u044f \u044f\u0432\u043b\u044f\u0435\u0442\u0441\u044f \u043e\u0431\u044b\u0447\u043d\u044b\u043c \u044f\u0432\u043b\u0435\u043d\u0438\u0435\u043c \u0438\u0437-\u0437\u0430 \u043f\u0440\u043e\u0434\u0443\u043a\u0442\u043e\u0432, \u043a\u043e\u0442\u043e\u0440\u044b\u0435 \u043c\u044b \u0435\u0434\u0438\u043c, \u0441\u0442\u0440\u0435\u0441\u0441\u0430 \u0432 \u043d\u0430\u0448\u0435\u0439 \u0436\u0438\u0437\u043d\u0438 \u0438 \u0437\u0430\u0433\u0440\u044f\u0437\u043d\u044f\u044e\u0449\u0438\u0445 \u0432\u0435\u0449\u0435\u0441\u0442\u0432 \u0432 \u043e\u043a\u0440\u0443\u0436\u0430\u044e\u0449\u0435\u0439 \u0441\u0440\u0435\u0434\u0435.<\/p>\n<ul>\n<li>\u041d\u0435\u0439\u0442\u0440\u0430\u043b\u0438\u0437\u0430\u0446\u0438\u044f \u0438\u0437\u0431\u044b\u0442\u043a\u0430 \u043a\u0438\u0441\u043b\u043e\u0442\u044b \u0432 \u043e\u0440\u0433\u0430\u043d\u0438\u0437\u043c\u0435<\/li>\n<li>\u0412\u043e\u0441\u0441\u0442\u0430\u043d\u043e\u0432\u043b\u0435\u043d\u0438\u0435 pH-\u0431\u0430\u043b\u0430\u043d\u0441\u0430<\/li>\n<li>\u0435\u0436\u0435\u0434\u043d\u0435\u0432\u043d\u043e\u0435 \u0443\u043a\u0440\u0435\u043f\u043b\u0435\u043d\u0438\u0435 \u0438\u043c\u043c\u0443\u043d\u043d\u043e\u0439 \u0441\u0438\u0441\u0442\u0435\u043c\u044b.<\/li>\n<\/ul>\n<p>&nbsp;<\/p>\n<p>&nbsp;<\/p>","protected":false},"excerpt":{"rendered":"<p><strong>\u0429\u0415\u041b\u041e\u0427\u041d\u042b\u0415 \u0411\u0423\u0421\u0422\u0415\u0420\u042b PH DROPS\u00a0<\/strong><\/p>\n<p><strong>\u043d\u0430 250 \u0441\u0442\u0430\u043a\u0430\u043d\u043e\u0432 \u0449\u0435\u043b\u043e\u0447\u043d\u043e\u0439 \u0432\u043e\u0434\u044b<\/strong><\/p>\n<p><span style=\"color: #808000;\">\u0412\u043e\u0441\u0441\u0442\u0430\u043d\u043e\u0432\u0438\u0442\u0435 \u0441\u0432\u043e\u0439 \u0435\u0441\u0442\u0435\u0441\u0442\u0432\u0435\u043d\u043d\u044b\u0439 \u0432\u043e\u0434\u043d\u044b\u0439 \u0431\u0430\u043b\u0430\u043d\u0441 \u0441 \u043f\u043e\u043c\u043e\u0449\u044c\u044e \u043d\u0430\u0442\u0443\u0440\u0430\u043b\u044c\u043d\u044b\u0445 \u0449\u0435\u043b\u043e\u0447\u043d\u044b\u0445 \u043a\u0430\u043f\u0435\u043b\u044c \u0438 \u0443\u043a\u0440\u0435\u043f\u0438\u0442\u0435 \u0438\u043c\u043c\u0443\u043d\u0438\u0442\u0435\u0442!<\/span><\/p>\n<p>&nbsp;<\/p>\n<p>\u0413\u0430\u0440\u043c\u043e\u043d\u0438\u0447\u043d\u0430\u044f \u0436\u0438\u0437\u043d\u044c \u043c\u043e\u0436\u0435\u0442 \u0431\u044b\u0442\u044c \u0434\u043e\u0441\u0442\u0438\u0433\u043d\u0443\u0442\u0430 \u0442\u043e\u043b\u044c\u043a\u043e \u0432 \u0431\u0430\u043b\u0430\u043d\u0441\u0435. \u0412\u0441\u0435, \u0447\u0442\u043e \u043c\u044b \u0434\u0435\u043b\u0430\u0435\u043c, \u0434\u0443\u043c\u0430\u0435\u043c, \u0435\u0434\u0438\u043c, \u043f\u044c\u0435\u043c \u0438 \u0447\u0443\u0432\u0441\u0442\u0432\u0443\u0435\u043c, \u0434\u043e\u043b\u0436\u043d\u043e \u0431\u044b\u0442\u044c \u043e\u0441\u043e\u0437\u043d\u0430\u043d\u043d\u044b\u043c. \u041f\u043e\u0434\u0434\u0435\u0440\u0436\u0438\u0432\u0430\u044f \u043f\u043e\u0441\u0442\u043e\u044f\u043d\u043d\u044b\u0439 \u0443\u0440\u043e\u0432\u0435\u043d\u044c pH, \u043c\u044b \u0441\u043e\u0437\u0434\u0430\u0435\u043c \u0441\u0440\u0435\u0434\u0443, \u0443\u043b\u0443\u0447\u0448\u0430\u044e\u0449\u0443\u044e \u0437\u0434\u043e\u0440\u043e\u0432\u044c\u0435 \u043d\u0430 \u0432\u0441\u0435\u0445 \u0443\u0440\u043e\u0432\u043d\u044f\u0445. \u0417\u0430\u043a\u0438\u0441\u043b\u0435\u043d\u0438\u0435 \u043e\u0440\u0433\u0430\u043d\u0438\u0437\u043c\u0430 \u0441\u0435\u0433\u043e\u0434\u043d\u044f \u044f\u0432\u043b\u044f\u0435\u0442\u0441\u044f \u043e\u0431\u044b\u0447\u043d\u044b\u043c \u044f\u0432\u043b\u0435\u043d\u0438\u0435\u043c \u0438\u0437-\u0437\u0430 \u043f\u0440\u043e\u0434\u0443\u043a\u0442\u043e\u0432, \u043a\u043e\u0442\u043e\u0440\u044b\u0435 \u043c\u044b \u0435\u0434\u0438\u043c, \u0441\u0442\u0440\u0435\u0441\u0441\u0430 \u0432 \u043d\u0430\u0448\u0435\u0439 \u0436\u0438\u0437\u043d\u0438 \u0438 \u0437\u0430\u0433\u0440\u044f\u0437\u043d\u044f\u044e\u0449\u0438\u0445 \u0432\u0435\u0449\u0435\u0441\u0442\u0432 \u0432 \u043e\u043a\u0440\u0443\u0436\u0430\u044e\u0449\u0435\u0439 \u0441\u0440\u0435\u0434\u0435.<\/p>\n<p><img loading=\"lazy\" decoding=\"async\" class=\"alignnone size-full wp-image-2560\" src=\"http:\/\/dev.aunityshop.de\/wp-content\/uploads\/2014\/08\/madeingermany-1.png\" alt=\"nahrungserg\u00e4nzungsmittel made in germany 100% nat\u00fcrlich qualit\u00e4t\" width=\"150\" height=\"56\" \/><\/p>","protected":false},"featured_media":4077,"template":"","meta":[],"product_brand":[],"product_cat":[66],"product_tag":[73],"class_list":{"0":"post-3423","1":"product","2":"type-product","3":"status-publish","4":"has-post-thumbnail","6":"product_cat-nahrungsergaenzung","7":"product_tag-msm","8":"description-off","10":"first","11":"instock","12":"sale","13":"taxable","14":"shipping-taxable","15":"purchasable","16":"product-type-simple"},"yoast_head":"<!-- This site is optimized with the Yoast SEO plugin v27.2 - https:\/\/yoast.com\/product\/yoast-seo-wordpress\/ -->\n<title>ALKALINE BOOSTER PH TROPFEN - aunity Partnershop<\/title>\n<meta name=\"robots\" content=\"index, follow, max-snippet:-1, max-image-preview:large, max-video-preview:-1\" \/>\n<link rel=\"canonical\" href=\"https:\/\/www.aunityshop.de\/ru\/product\/ph-tropfen\/\" \/>\n<meta property=\"og:locale\" content=\"ru_RU\" \/>\n<meta property=\"og:type\" content=\"article\" \/>\n<meta property=\"og:title\" content=\"ALKALINE BOOSTER PH TROPFEN - aunity Partnershop\" \/>\n<meta property=\"og:description\" content=\"ALKALINE BOOSTER PH TROPFEN\u00a0  f\u00fcr 250 Gl\u00e4ser alkalisches Wasser  Stellen Sie Ihr nat\u00fcrliches Wassergleichgewicht mit nat\u00fcrlichen Basentropfen wieder her und st\u00e4rken Sie so Ihr Immunsystem!  &nbsp;  Harmonisches Leben l\u00e4sst sich nur im Gleichgewicht erreichen. Alles, was wir tun, denken, essen, trinken und f\u00fchlen muss bewusst sein. Durch die Erhaltung eines konstanten pH-Wertes schaffen wir eine Umgebung, die die Gesundheit auf allen Niveaus verbessert. Eine \u00dcbers\u00e4uerung des K\u00f6rpers ist heute aufgrund der von uns verzehrten Lebensmittel, des Stresses in unserem Leben und der Schadstoffe in der Umwelt h\u00e4ufig zu beobachten.\" \/>\n<meta property=\"og:url\" content=\"https:\/\/www.aunityshop.de\/ru\/product\/ph-tropfen\/\" \/>\n<meta property=\"og:site_name\" content=\"aunity Partnershop\" \/>\n<meta property=\"article:modified_time\" content=\"2025-09-29T13:39:06+00:00\" \/>\n<meta property=\"og:image\" content=\"https:\/\/www.aunityshop.de\/wp-content\/uploads\/2021\/06\/ph.png\" \/>\n\t<meta property=\"og:image:width\" content=\"250\" \/>\n\t<meta property=\"og:image:height\" content=\"250\" \/>\n\t<meta property=\"og:image:type\" content=\"image\/png\" \/>\n<meta name=\"twitter:card\" content=\"summary_large_image\" \/>\n<meta name=\"twitter:label1\" content=\"\u041f\u0440\u0438\u043c\u0435\u0440\u043d\u043e\u0435 \u0432\u0440\u0435\u043c\u044f \u0434\u043b\u044f \u0447\u0442\u0435\u043d\u0438\u044f\" \/>\n\t<meta name=\"twitter:data1\" content=\"1 \u043c\u0438\u043d\u0443\u0442\u0430\" \/>\n<script type=\"application\/ld+json\" class=\"yoast-schema-graph\">{\"@context\":\"https:\/\/schema.org\",\"@graph\":[{\"@type\":\"WebPage\",\"@id\":\"https:\/\/www.aunityshop.de\/produkt\/ph-tropfen\/\",\"url\":\"https:\/\/www.aunityshop.de\/produkt\/ph-tropfen\/\",\"name\":\"ALKALINE BOOSTER PH TROPFEN - aunity Partnershop\",\"isPartOf\":{\"@id\":\"https:\/\/www.aunityshop.de\/#website\"},\"primaryImageOfPage\":{\"@id\":\"https:\/\/www.aunityshop.de\/produkt\/ph-tropfen\/#primaryimage\"},\"image\":{\"@id\":\"https:\/\/www.aunityshop.de\/produkt\/ph-tropfen\/#primaryimage\"},\"thumbnailUrl\":\"https:\/\/www.aunityshop.de\/wp-content\/uploads\/2021\/06\/ph.png\",\"datePublished\":\"2021-06-18T09:30:15+00:00\",\"dateModified\":\"2025-09-29T13:39:06+00:00\",\"breadcrumb\":{\"@id\":\"https:\/\/www.aunityshop.de\/produkt\/ph-tropfen\/#breadcrumb\"},\"inLanguage\":\"ru-RU\",\"potentialAction\":[{\"@type\":\"ReadAction\",\"target\":[\"https:\/\/www.aunityshop.de\/produkt\/ph-tropfen\/\"]}]},{\"@type\":\"ImageObject\",\"inLanguage\":\"ru-RU\",\"@id\":\"https:\/\/www.aunityshop.de\/produkt\/ph-tropfen\/#primaryimage\",\"url\":\"https:\/\/www.aunityshop.de\/wp-content\/uploads\/2021\/06\/ph.png\",\"contentUrl\":\"https:\/\/www.aunityshop.de\/wp-content\/uploads\/2021\/06\/ph.png\",\"width\":250,\"height\":250},{\"@type\":\"BreadcrumbList\",\"@id\":\"https:\/\/www.aunityshop.de\/produkt\/ph-tropfen\/#breadcrumb\",\"itemListElement\":[{\"@type\":\"ListItem\",\"position\":1,\"name\":\"Start\",\"item\":\"https:\/\/www.aunityshop.de\/\"},{\"@type\":\"ListItem\",\"position\":2,\"name\":\"Shop\",\"item\":\"https:\/\/www.aunityshop.de\/shop\/\"},{\"@type\":\"ListItem\",\"position\":3,\"name\":\"ALKALINE BOOSTER PH TROPFEN\"}]},{\"@type\":\"WebSite\",\"@id\":\"https:\/\/www.aunityshop.de\/#website\",\"url\":\"https:\/\/www.aunityshop.de\/\",\"name\":\"aunity Partnershop\",\"description\":\"Kraftvolle Gesundheit | Nahrungserg\u00e4nzung Kosmetik Aqua Balance Wasserfilter Anion Damenbinden Slipeinlagen\",\"potentialAction\":[{\"@type\":\"SearchAction\",\"target\":{\"@type\":\"EntryPoint\",\"urlTemplate\":\"https:\/\/www.aunityshop.de\/?s={search_term_string}\"},\"query-input\":{\"@type\":\"PropertyValueSpecification\",\"valueRequired\":true,\"valueName\":\"search_term_string\"}}],\"inLanguage\":\"ru-RU\"}]}<\/script>\n<!-- \/ Yoast SEO plugin. -->","yoast_head_json":{"title":"ALKALINE BOOSTER PH TROPFEN - aunity Partnershop","robots":{"index":"index","follow":"follow","max-snippet":"max-snippet:-1","max-image-preview":"max-image-preview:large","max-video-preview":"max-video-preview:-1"},"canonical":"https:\/\/www.aunityshop.de\/ru\/product\/ph-tropfen\/","og_locale":"ru_RU","og_type":"article","og_title":"ALKALINE BOOSTER PH TROPFEN - aunity Partnershop","og_description":"ALKALINE BOOSTER PH TROPFEN\u00a0  f\u00fcr 250 Gl\u00e4ser alkalisches Wasser  Stellen Sie Ihr nat\u00fcrliches Wassergleichgewicht mit nat\u00fcrlichen Basentropfen wieder her und st\u00e4rken Sie so Ihr Immunsystem!  &nbsp;  Harmonisches Leben l\u00e4sst sich nur im Gleichgewicht erreichen. Alles, was wir tun, denken, essen, trinken und f\u00fchlen muss bewusst sein. Durch die Erhaltung eines konstanten pH-Wertes schaffen wir eine Umgebung, die die Gesundheit auf allen Niveaus verbessert. Eine \u00dcbers\u00e4uerung des K\u00f6rpers ist heute aufgrund der von uns verzehrten Lebensmittel, des Stresses in unserem Leben und der Schadstoffe in der Umwelt h\u00e4ufig zu beobachten.","og_url":"https:\/\/www.aunityshop.de\/ru\/product\/ph-tropfen\/","og_site_name":"aunity Partnershop","article_modified_time":"2025-09-29T13:39:06+00:00","og_image":[{"width":250,"height":250,"url":"https:\/\/www.aunityshop.de\/wp-content\/uploads\/2021\/06\/ph.png","type":"image\/png"}],"twitter_card":"summary_large_image","twitter_misc":{"\u041f\u0440\u0438\u043c\u0435\u0440\u043d\u043e\u0435 \u0432\u0440\u0435\u043c\u044f \u0434\u043b\u044f \u0447\u0442\u0435\u043d\u0438\u044f":"1 \u043c\u0438\u043d\u0443\u0442\u0430"},"schema":{"@context":"https:\/\/schema.org","@graph":[{"@type":"WebPage","@id":"https:\/\/www.aunityshop.de\/produkt\/ph-tropfen\/","url":"https:\/\/www.aunityshop.de\/produkt\/ph-tropfen\/","name":"ALKALINE BOOSTER PH TROPFEN - aunity Partnershop","isPartOf":{"@id":"https:\/\/www.aunityshop.de\/#website"},"primaryImageOfPage":{"@id":"https:\/\/www.aunityshop.de\/produkt\/ph-tropfen\/#primaryimage"},"image":{"@id":"https:\/\/www.aunityshop.de\/produkt\/ph-tropfen\/#primaryimage"},"thumbnailUrl":"https:\/\/www.aunityshop.de\/wp-content\/uploads\/2021\/06\/ph.png","datePublished":"2021-06-18T09:30:15+00:00","dateModified":"2025-09-29T13:39:06+00:00","breadcrumb":{"@id":"https:\/\/www.aunityshop.de\/produkt\/ph-tropfen\/#breadcrumb"},"inLanguage":"ru-RU","potentialAction":[{"@type":"ReadAction","target":["https:\/\/www.aunityshop.de\/produkt\/ph-tropfen\/"]}]},{"@type":"ImageObject","inLanguage":"ru-RU","@id":"https:\/\/www.aunityshop.de\/produkt\/ph-tropfen\/#primaryimage","url":"https:\/\/www.aunityshop.de\/wp-content\/uploads\/2021\/06\/ph.png","contentUrl":"https:\/\/www.aunityshop.de\/wp-content\/uploads\/2021\/06\/ph.png","width":250,"height":250},{"@type":"BreadcrumbList","@id":"https:\/\/www.aunityshop.de\/produkt\/ph-tropfen\/#breadcrumb","itemListElement":[{"@type":"ListItem","position":1,"name":"Start","item":"https:\/\/www.aunityshop.de\/"},{"@type":"ListItem","position":2,"name":"Shop","item":"https:\/\/www.aunityshop.de\/shop\/"},{"@type":"ListItem","position":3,"name":"ALKALINE BOOSTER PH TROPFEN"}]},{"@type":"WebSite","@id":"https:\/\/www.aunityshop.de\/#website","url":"https:\/\/www.aunityshop.de\/","name":"aunity Partnershop","description":"Kraftvolle Gesundheit | Nahrungserg\u00e4nzung Kosmetik Aqua Balance Wasserfilter Anion Damenbinden Slipeinlagen","potentialAction":[{"@type":"SearchAction","target":{"@type":"EntryPoint","urlTemplate":"https:\/\/www.aunityshop.de\/?s={search_term_string}"},"query-input":{"@type":"PropertyValueSpecification","valueRequired":true,"valueName":"search_term_string"}}],"inLanguage":"ru-RU"}]}},"_links":{"self":[{"href":"https:\/\/www.aunityshop.de\/ru\/wp-json\/wp\/v2\/product\/3423","targetHints":{"allow":["GET"]}}],"collection":[{"href":"https:\/\/www.aunityshop.de\/ru\/wp-json\/wp\/v2\/product"}],"about":[{"href":"https:\/\/www.aunityshop.de\/ru\/wp-json\/wp\/v2\/types\/product"}],"wp:featuredmedia":[{"embeddable":true,"href":"https:\/\/www.aunityshop.de\/ru\/wp-json\/wp\/v2\/media\/4077"}],"wp:attachment":[{"href":"https:\/\/www.aunityshop.de\/ru\/wp-json\/wp\/v2\/media?parent=3423"}],"wp:term":[{"taxonomy":"product_brand","embeddable":true,"href":"https:\/\/www.aunityshop.de\/ru\/wp-json\/wp\/v2\/product_brand?post=3423"},{"taxonomy":"product_cat","embeddable":true,"href":"https:\/\/www.aunityshop.de\/ru\/wp-json\/wp\/v2\/product_cat?post=3423"},{"taxonomy":"product_tag","embeddable":true,"href":"https:\/\/www.aunityshop.de\/ru\/wp-json\/wp\/v2\/product_tag?post=3423"}],"curies":[{"name":"wp","href":"https:\/\/api.w.org\/{rel}","templated":true}]}}