{"id":3472,"date":"2021-11-20T10:51:23","date_gmt":"2021-11-20T09:51:23","guid":{"rendered":"http:\/\/dev.aunityshop.de\/?post_type=product&#038;p=3472"},"modified":"2025-09-29T15:40:32","modified_gmt":"2025-09-29T13:40:32","slug":"energie-vital-kaffee","status":"publish","type":"product","link":"https:\/\/www.aunityshop.de\/ru\/product\/energie-vital-kaffee\/","title":{"rendered":"ENERGIE VITAL KAFFEE"},"content":{"rendered":"<h2><span style=\"color: #3366ff;\">aunity ENERGIE VITAL KAFFEE<\/span><\/h2>\n<p>mit feinstem Kaffeepulver (Arabica-Kaffee), Reishifruchtk\u00f6rperextrakt (Ganoderma lucidum), Chinesischer Raupenpilzmyzelextrakt (Cordyceps sinensis), Maitakefruchtk\u00f6rperextrakt, Hericium erinaceus Fruchtk\u00f6rperextrakt, Cholin, Bio-Hanfsamenproteinpulver (Cannabis sativa), Calcium, Guaranasamenextrakt, B12, B6, Chrom, Niacin (B3), Gr\u00fcner Kaffee- Bohnenextrakt<\/p>\n<p>MEHR ENERGIE,\u00a0VITALIT\u00c4T\u00a0UND\u00a0NERVENST\u00c4RKE durch<\/p>\n<ul>\n<li>\u00a0AKTIVIERUNG\u00a0des\u00a0ENERGIESTOFFWECHSELS*<\/li>\n<li>AUFRECHTERHALTUNG\u00a0des\u00a0BLUTZUCKERSPIEGELS**<\/li>\n<li>WENIGER M\u00dcDIGKEIT***<\/li>\n<\/ul>\n<p>vegetarisch, laktosefrei, glutenfrei<\/p>","protected":false},"excerpt":{"rendered":"<p>ENERGIE VITAL KAFFEE<\/p>\n<p>mit Arabica-Kaffee, Reishi-, Cordyceps sinensis-, Maitake- und Hericium-Extrakt uvm.<\/p>\n<p>aunity ENERGIE VITAL KAFFEE mit feinstem Kaffeepulver&#8230;<\/p>\n<p>&nbsp;<\/p>\n<h6>Grundpreis: (18,10 \u20ac\/100g)<\/h6>\n<h4>Ihr Abo Preis: 34,00 \u20ac<\/h4>","protected":false},"featured_media":3470,"template":"","meta":[],"product_brand":[],"product_cat":[71],"product_tag":[],"class_list":{"0":"post-3472","1":"product","2":"type-product","3":"status-publish","4":"has-post-thumbnail","6":"product_cat-detox-deepure-pu-erh-tee-vital-kaffe","7":"description-off","9":"first","10":"instock","11":"sale","12":"taxable","13":"shipping-taxable","14":"purchasable","15":"product-type-simple"},"yoast_head":"<!-- This site is optimized with the Yoast SEO plugin v27.2 - https:\/\/yoast.com\/product\/yoast-seo-wordpress\/ -->\n<title>ENERGIE VITAL KAFFEE - aunity Partnershop<\/title>\n<meta name=\"robots\" content=\"index, follow, max-snippet:-1, max-image-preview:large, max-video-preview:-1\" \/>\n<link rel=\"canonical\" href=\"https:\/\/www.aunityshop.de\/ru\/product\/energie-vital-kaffee\/\" \/>\n<meta property=\"og:locale\" content=\"ru_RU\" \/>\n<meta property=\"og:type\" content=\"article\" \/>\n<meta property=\"og:title\" content=\"ENERGIE VITAL KAFFEE - aunity Partnershop\" \/>\n<meta property=\"og:description\" content=\"ENERGIE VITAL KAFFEE  mit Arabica-Kaffee, Reishi-, Cordyceps sinensis-, Maitake- und Hericium-Extrakt uvm.  aunity ENERGIE VITAL KAFFEE mit feinstem Kaffeepulver...  &nbsp; Grundpreis: (18,10 \u20ac\/100g) Ihr Abo Preis: 34,00 \u20ac\" \/>\n<meta property=\"og:url\" content=\"https:\/\/www.aunityshop.de\/ru\/product\/energie-vital-kaffee\/\" \/>\n<meta property=\"og:site_name\" content=\"aunity Partnershop\" \/>\n<meta property=\"article:modified_time\" content=\"2025-09-29T13:40:32+00:00\" \/>\n<meta property=\"og:image\" content=\"https:\/\/www.aunityshop.de\/wp-content\/uploads\/2021\/11\/1635493303_3427__6_medium.jpg\" \/>\n\t<meta property=\"og:image:width\" content=\"339\" \/>\n\t<meta property=\"og:image:height\" content=\"499\" \/>\n\t<meta property=\"og:image:type\" content=\"image\/jpeg\" \/>\n<meta name=\"twitter:card\" content=\"summary_large_image\" \/>\n<script type=\"application\/ld+json\" class=\"yoast-schema-graph\">{\"@context\":\"https:\/\/schema.org\",\"@graph\":[{\"@type\":\"WebPage\",\"@id\":\"https:\/\/www.aunityshop.de\/produkt\/energie-vital-kaffee\/\",\"url\":\"https:\/\/www.aunityshop.de\/produkt\/energie-vital-kaffee\/\",\"name\":\"ENERGIE VITAL KAFFEE - aunity Partnershop\",\"isPartOf\":{\"@id\":\"https:\/\/www.aunityshop.de\/#website\"},\"primaryImageOfPage\":{\"@id\":\"https:\/\/www.aunityshop.de\/produkt\/energie-vital-kaffee\/#primaryimage\"},\"image\":{\"@id\":\"https:\/\/www.aunityshop.de\/produkt\/energie-vital-kaffee\/#primaryimage\"},\"thumbnailUrl\":\"https:\/\/www.aunityshop.de\/wp-content\/uploads\/2021\/11\/1635493303_3427__6_medium.jpg\",\"datePublished\":\"2021-11-20T09:51:23+00:00\",\"dateModified\":\"2025-09-29T13:40:32+00:00\",\"breadcrumb\":{\"@id\":\"https:\/\/www.aunityshop.de\/produkt\/energie-vital-kaffee\/#breadcrumb\"},\"inLanguage\":\"ru-RU\",\"potentialAction\":[{\"@type\":\"ReadAction\",\"target\":[\"https:\/\/www.aunityshop.de\/produkt\/energie-vital-kaffee\/\"]}]},{\"@type\":\"ImageObject\",\"inLanguage\":\"ru-RU\",\"@id\":\"https:\/\/www.aunityshop.de\/produkt\/energie-vital-kaffee\/#primaryimage\",\"url\":\"https:\/\/www.aunityshop.de\/wp-content\/uploads\/2021\/11\/1635493303_3427__6_medium.jpg\",\"contentUrl\":\"https:\/\/www.aunityshop.de\/wp-content\/uploads\/2021\/11\/1635493303_3427__6_medium.jpg\",\"width\":339,\"height\":499},{\"@type\":\"BreadcrumbList\",\"@id\":\"https:\/\/www.aunityshop.de\/produkt\/energie-vital-kaffee\/#breadcrumb\",\"itemListElement\":[{\"@type\":\"ListItem\",\"position\":1,\"name\":\"Start\",\"item\":\"https:\/\/www.aunityshop.de\/\"},{\"@type\":\"ListItem\",\"position\":2,\"name\":\"Shop\",\"item\":\"https:\/\/www.aunityshop.de\/shop\/\"},{\"@type\":\"ListItem\",\"position\":3,\"name\":\"ENERGIE VITAL KAFFEE\"}]},{\"@type\":\"WebSite\",\"@id\":\"https:\/\/www.aunityshop.de\/#website\",\"url\":\"https:\/\/www.aunityshop.de\/\",\"name\":\"aunity Partnershop\",\"description\":\"Kraftvolle Gesundheit | Nahrungserg\u00e4nzung Kosmetik Aqua Balance Wasserfilter Anion Damenbinden Slipeinlagen\",\"potentialAction\":[{\"@type\":\"SearchAction\",\"target\":{\"@type\":\"EntryPoint\",\"urlTemplate\":\"https:\/\/www.aunityshop.de\/?s={search_term_string}\"},\"query-input\":{\"@type\":\"PropertyValueSpecification\",\"valueRequired\":true,\"valueName\":\"search_term_string\"}}],\"inLanguage\":\"ru-RU\"}]}<\/script>\n<!-- \/ Yoast SEO plugin. -->","yoast_head_json":{"title":"ENERGIE VITAL KAFFEE - aunity Partnershop","robots":{"index":"index","follow":"follow","max-snippet":"max-snippet:-1","max-image-preview":"max-image-preview:large","max-video-preview":"max-video-preview:-1"},"canonical":"https:\/\/www.aunityshop.de\/ru\/product\/energie-vital-kaffee\/","og_locale":"ru_RU","og_type":"article","og_title":"ENERGIE VITAL KAFFEE - aunity Partnershop","og_description":"ENERGIE VITAL KAFFEE  mit Arabica-Kaffee, Reishi-, Cordyceps sinensis-, Maitake- und Hericium-Extrakt uvm.  aunity ENERGIE VITAL KAFFEE mit feinstem Kaffeepulver...  &nbsp; Grundpreis: (18,10 \u20ac\/100g) Ihr Abo Preis: 34,00 \u20ac","og_url":"https:\/\/www.aunityshop.de\/ru\/product\/energie-vital-kaffee\/","og_site_name":"aunity Partnershop","article_modified_time":"2025-09-29T13:40:32+00:00","og_image":[{"width":339,"height":499,"url":"https:\/\/www.aunityshop.de\/wp-content\/uploads\/2021\/11\/1635493303_3427__6_medium.jpg","type":"image\/jpeg"}],"twitter_card":"summary_large_image","schema":{"@context":"https:\/\/schema.org","@graph":[{"@type":"WebPage","@id":"https:\/\/www.aunityshop.de\/produkt\/energie-vital-kaffee\/","url":"https:\/\/www.aunityshop.de\/produkt\/energie-vital-kaffee\/","name":"ENERGIE VITAL KAFFEE - aunity Partnershop","isPartOf":{"@id":"https:\/\/www.aunityshop.de\/#website"},"primaryImageOfPage":{"@id":"https:\/\/www.aunityshop.de\/produkt\/energie-vital-kaffee\/#primaryimage"},"image":{"@id":"https:\/\/www.aunityshop.de\/produkt\/energie-vital-kaffee\/#primaryimage"},"thumbnailUrl":"https:\/\/www.aunityshop.de\/wp-content\/uploads\/2021\/11\/1635493303_3427__6_medium.jpg","datePublished":"2021-11-20T09:51:23+00:00","dateModified":"2025-09-29T13:40:32+00:00","breadcrumb":{"@id":"https:\/\/www.aunityshop.de\/produkt\/energie-vital-kaffee\/#breadcrumb"},"inLanguage":"ru-RU","potentialAction":[{"@type":"ReadAction","target":["https:\/\/www.aunityshop.de\/produkt\/energie-vital-kaffee\/"]}]},{"@type":"ImageObject","inLanguage":"ru-RU","@id":"https:\/\/www.aunityshop.de\/produkt\/energie-vital-kaffee\/#primaryimage","url":"https:\/\/www.aunityshop.de\/wp-content\/uploads\/2021\/11\/1635493303_3427__6_medium.jpg","contentUrl":"https:\/\/www.aunityshop.de\/wp-content\/uploads\/2021\/11\/1635493303_3427__6_medium.jpg","width":339,"height":499},{"@type":"BreadcrumbList","@id":"https:\/\/www.aunityshop.de\/produkt\/energie-vital-kaffee\/#breadcrumb","itemListElement":[{"@type":"ListItem","position":1,"name":"Start","item":"https:\/\/www.aunityshop.de\/"},{"@type":"ListItem","position":2,"name":"Shop","item":"https:\/\/www.aunityshop.de\/shop\/"},{"@type":"ListItem","position":3,"name":"ENERGIE VITAL KAFFEE"}]},{"@type":"WebSite","@id":"https:\/\/www.aunityshop.de\/#website","url":"https:\/\/www.aunityshop.de\/","name":"aunity Partnershop","description":"Kraftvolle Gesundheit | Nahrungserg\u00e4nzung Kosmetik Aqua Balance Wasserfilter Anion Damenbinden Slipeinlagen","potentialAction":[{"@type":"SearchAction","target":{"@type":"EntryPoint","urlTemplate":"https:\/\/www.aunityshop.de\/?s={search_term_string}"},"query-input":{"@type":"PropertyValueSpecification","valueRequired":true,"valueName":"search_term_string"}}],"inLanguage":"ru-RU"}]}},"_links":{"self":[{"href":"https:\/\/www.aunityshop.de\/ru\/wp-json\/wp\/v2\/product\/3472","targetHints":{"allow":["GET"]}}],"collection":[{"href":"https:\/\/www.aunityshop.de\/ru\/wp-json\/wp\/v2\/product"}],"about":[{"href":"https:\/\/www.aunityshop.de\/ru\/wp-json\/wp\/v2\/types\/product"}],"wp:featuredmedia":[{"embeddable":true,"href":"https:\/\/www.aunityshop.de\/ru\/wp-json\/wp\/v2\/media\/3470"}],"wp:attachment":[{"href":"https:\/\/www.aunityshop.de\/ru\/wp-json\/wp\/v2\/media?parent=3472"}],"wp:term":[{"taxonomy":"product_brand","embeddable":true,"href":"https:\/\/www.aunityshop.de\/ru\/wp-json\/wp\/v2\/product_brand?post=3472"},{"taxonomy":"product_cat","embeddable":true,"href":"https:\/\/www.aunityshop.de\/ru\/wp-json\/wp\/v2\/product_cat?post=3472"},{"taxonomy":"product_tag","embeddable":true,"href":"https:\/\/www.aunityshop.de\/ru\/wp-json\/wp\/v2\/product_tag?post=3472"}],"curies":[{"name":"wp","href":"https:\/\/api.w.org\/{rel}","templated":true}]}}