{"id":3683,"date":"2022-12-19T15:22:30","date_gmt":"2022-12-19T14:22:30","guid":{"rendered":"http:\/\/dev.aunityshop.de\/?post_type=product&#038;p=3683"},"modified":"2025-09-29T15:41:29","modified_gmt":"2025-09-29T13:41:29","slug":"natriumc-kapseln","status":"publish","type":"product","link":"https:\/\/www.aunityshop.de\/ru\/product\/natriumc-kapseln\/","title":{"rendered":"\u041d\u0410\u0422\u0420\u0418\u042f \u0411\u0418\u041a\u0410\u0420\u0411\u041e\u041d\u0410\u0422 (130 \u041a\u0410\u041f\u0421\u0423\u041b)"},"content":{"rendered":"<h2>\u0414\u0438\u0435\u0442\u0438\u0447\u0435\u0441\u043a\u0430\u044f \u0434\u043e\u0431\u0430\u0432\u043a\u0430, \u0438\u0437\u0433\u043e\u0442\u043e\u0432\u043b\u0435\u043d\u043d\u0430\u044f \u0438\u0437 \u0447\u0438\u0441\u0442\u0435\u0439\u0448\u0435\u0433\u043e \u0431\u0438\u043a\u0430\u0440\u0431\u043e\u043d\u0430\u0442\u0430 \u043d\u0430\u0442\u0440\u0438\u044f.<\/h2>\n<p>\u041a\u0418\u0421\u041b\u041e\u0422\u041d\u041e-\u0429\u0415\u041b\u041e\u0427\u041d\u042b\u0419 \u0411\u0410\u041b\u0410\u041d\u0421<\/p>\n<p>\u0414\u041b\u042f \u0420\u0410\u0421\u041a\u0418\u0414\u0410\u041d\u0418\u042f \u0418 \u0423\u041c\u0415\u041d\u042c\u0428\u0415\u041d\u0418\u042f \u0425\u0420\u041e\u041d\u0418\u0427\u0415\u0421\u041a\u041e\u0413\u041e \u0412\u041e\u0421\u041f\u0410\u041b\u0415\u041d\u0418\u042f<\/p>\n<ul class=\"li-hook\">\n<li>\u0431\u0435\u0437 \u0434\u043e\u0431\u0430\u0432\u043e\u043a<\/li>\n<\/ul>\n<ul>\n<li>\u0431\u0435\u0437 \u043a\u0440\u0430\u0441\u0438\u0442\u0435\u043b\u0435\u0439<\/li>\n<\/ul>\n<ul>\n<li>\u0431\u0435\u0437 \u043a\u043e\u043d\u0441\u0435\u0440\u0432\u0430\u043d\u0442\u043e\u0432<\/li>\n<\/ul>","protected":false},"excerpt":{"rendered":"<h2>\u0414\u0438\u0435\u0442\u0438\u0447\u0435\u0441\u043a\u0430\u044f \u0434\u043e\u0431\u0430\u0432\u043a\u0430, \u0438\u0437\u0433\u043e\u0442\u043e\u0432\u043b\u0435\u043d\u043d\u0430\u044f \u0438\u0437 \u0447\u0438\u0441\u0442\u0435\u0439\u0448\u0435\u0433\u043e \u0431\u0438\u043a\u0430\u0440\u0431\u043e\u043d\u0430\u0442\u0430 \u043d\u0430\u0442\u0440\u0438\u044f.<\/h2>\n<p>\u041a\u0418\u0421\u041b\u041e\u0422\u041d\u041e-\u0429\u0415\u041b\u041e\u0427\u041d\u042b\u0419 \u0411\u0410\u041b\u0410\u041d\u0421<\/p>\n<p>\u0414\u041b\u042f \u0420\u0410\u0421\u041a\u0418\u0414\u0410\u041d\u0418\u042f \u0418 \u0423\u041c\u0415\u041d\u042c\u0428\u0415\u041d\u0418\u042f \u0425\u0420\u041e\u041d\u0418\u0427\u0415\u0421\u041a\u041e\u0413\u041e \u0412\u041e\u0421\u041f\u0410\u041b\u0415\u041d\u0418\u042f<\/p>\n<ul class=\"li-hook\">\n<li>\u0431\u0435\u0437 \u0434\u043e\u0431\u0430\u0432\u043e\u043a<\/li>\n<\/ul>\n<ul>\n<li>\u0431\u0435\u0437 \u043a\u0440\u0430\u0441\u0438\u0442\u0435\u043b\u0435\u0439<\/li>\n<\/ul>\n<ul>\n<li>\u0431\u0435\u0437 \u043a\u043e\u043d\u0441\u0435\u0440\u0432\u0430\u043d\u0442\u043e\u0432<\/li>\n<\/ul>\n<p><img loading=\"lazy\" decoding=\"async\" class=\"alignnone size-full wp-image-2560\" src=\"http:\/\/dev.aunityshop.de\/wp-content\/uploads\/2014\/08\/madeingermany-1.png\" alt=\"nahrungserg\u00e4nzungsmittel made in germany 100% nat\u00fcrlich qualit\u00e4t\" width=\"150\" height=\"56\" \/><\/p>","protected":false},"featured_media":3717,"template":"","meta":[],"product_brand":[],"product_cat":[66],"product_tag":[],"class_list":{"0":"post-3683","1":"product","2":"type-product","3":"status-publish","4":"has-post-thumbnail","6":"product_cat-nahrungsergaenzung","7":"description-off","9":"first","10":"instock","11":"taxable","12":"shipping-taxable","13":"purchasable","14":"product-type-simple"},"yoast_head":"<!-- This site is optimized with the Yoast SEO plugin v27.2 - https:\/\/yoast.com\/product\/yoast-seo-wordpress\/ -->\n<title>NATRIUMBICARBONAT (130 KAPSELN) - aunity Partnershop<\/title>\n<meta name=\"robots\" content=\"index, follow, max-snippet:-1, max-image-preview:large, max-video-preview:-1\" \/>\n<link rel=\"canonical\" href=\"https:\/\/www.aunityshop.de\/ru\/product\/natriumc-kapseln\/\" \/>\n<meta property=\"og:locale\" content=\"ru_RU\" \/>\n<meta property=\"og:type\" content=\"article\" \/>\n<meta property=\"og:title\" content=\"NATRIUMBICARBONAT (130 KAPSELN) - aunity Partnershop\" \/>\n<meta property=\"og:description\" content=\"Nahrungserg\u00e4nzungsmittel aus reinstem Natriumbicarbonat S\u00c4URE-BASE-BALANCE  ZUR ENTS\u00c4UERUNG UND REDUZIERUNG CHRONISCHER ENTZ\u00dcNDUNGEN   ohne Zus\u00e4tze    ohne Farbstoffe    ohne Konservierungsstoffe\" \/>\n<meta property=\"og:url\" content=\"https:\/\/www.aunityshop.de\/ru\/product\/natriumc-kapseln\/\" \/>\n<meta property=\"og:site_name\" content=\"aunity Partnershop\" \/>\n<meta property=\"article:modified_time\" content=\"2025-09-29T13:41:29+00:00\" \/>\n<meta property=\"og:image\" content=\"https:\/\/www.aunityshop.de\/wp-content\/uploads\/2022\/12\/Natriumbicarbonat-kaps.jpg\" \/>\n\t<meta property=\"og:image:width\" content=\"499\" \/>\n\t<meta property=\"og:image:height\" content=\"499\" \/>\n\t<meta property=\"og:image:type\" content=\"image\/jpeg\" \/>\n<meta name=\"twitter:card\" content=\"summary_large_image\" \/>\n<script type=\"application\/ld+json\" class=\"yoast-schema-graph\">{\"@context\":\"https:\/\/schema.org\",\"@graph\":[{\"@type\":\"WebPage\",\"@id\":\"https:\/\/www.aunityshop.de\/produkt\/natriumc-kapseln\/\",\"url\":\"https:\/\/www.aunityshop.de\/produkt\/natriumc-kapseln\/\",\"name\":\"NATRIUMBICARBONAT (130 KAPSELN) - aunity Partnershop\",\"isPartOf\":{\"@id\":\"https:\/\/www.aunityshop.de\/#website\"},\"primaryImageOfPage\":{\"@id\":\"https:\/\/www.aunityshop.de\/produkt\/natriumc-kapseln\/#primaryimage\"},\"image\":{\"@id\":\"https:\/\/www.aunityshop.de\/produkt\/natriumc-kapseln\/#primaryimage\"},\"thumbnailUrl\":\"https:\/\/www.aunityshop.de\/wp-content\/uploads\/2022\/12\/Natriumbicarbonat-kaps.jpg\",\"datePublished\":\"2022-12-19T14:22:30+00:00\",\"dateModified\":\"2025-09-29T13:41:29+00:00\",\"breadcrumb\":{\"@id\":\"https:\/\/www.aunityshop.de\/produkt\/natriumc-kapseln\/#breadcrumb\"},\"inLanguage\":\"ru-RU\",\"potentialAction\":[{\"@type\":\"ReadAction\",\"target\":[\"https:\/\/www.aunityshop.de\/produkt\/natriumc-kapseln\/\"]}]},{\"@type\":\"ImageObject\",\"inLanguage\":\"ru-RU\",\"@id\":\"https:\/\/www.aunityshop.de\/produkt\/natriumc-kapseln\/#primaryimage\",\"url\":\"https:\/\/www.aunityshop.de\/wp-content\/uploads\/2022\/12\/Natriumbicarbonat-kaps.jpg\",\"contentUrl\":\"https:\/\/www.aunityshop.de\/wp-content\/uploads\/2022\/12\/Natriumbicarbonat-kaps.jpg\",\"width\":499,\"height\":499},{\"@type\":\"BreadcrumbList\",\"@id\":\"https:\/\/www.aunityshop.de\/produkt\/natriumc-kapseln\/#breadcrumb\",\"itemListElement\":[{\"@type\":\"ListItem\",\"position\":1,\"name\":\"Start\",\"item\":\"https:\/\/www.aunityshop.de\/\"},{\"@type\":\"ListItem\",\"position\":2,\"name\":\"Shop\",\"item\":\"https:\/\/www.aunityshop.de\/shop\/\"},{\"@type\":\"ListItem\",\"position\":3,\"name\":\"NATRIUMBICARBONAT (130 KAPSELN)\"}]},{\"@type\":\"WebSite\",\"@id\":\"https:\/\/www.aunityshop.de\/#website\",\"url\":\"https:\/\/www.aunityshop.de\/\",\"name\":\"aunity Partnershop\",\"description\":\"Kraftvolle Gesundheit | Nahrungserg\u00e4nzung Kosmetik Aqua Balance Wasserfilter Anion Damenbinden Slipeinlagen\",\"potentialAction\":[{\"@type\":\"SearchAction\",\"target\":{\"@type\":\"EntryPoint\",\"urlTemplate\":\"https:\/\/www.aunityshop.de\/?s={search_term_string}\"},\"query-input\":{\"@type\":\"PropertyValueSpecification\",\"valueRequired\":true,\"valueName\":\"search_term_string\"}}],\"inLanguage\":\"ru-RU\"}]}<\/script>\n<!-- \/ Yoast SEO plugin. -->","yoast_head_json":{"title":"NATRIUMBICARBONAT (130 KAPSELN) - aunity Partnershop","robots":{"index":"index","follow":"follow","max-snippet":"max-snippet:-1","max-image-preview":"max-image-preview:large","max-video-preview":"max-video-preview:-1"},"canonical":"https:\/\/www.aunityshop.de\/ru\/product\/natriumc-kapseln\/","og_locale":"ru_RU","og_type":"article","og_title":"NATRIUMBICARBONAT (130 KAPSELN) - aunity Partnershop","og_description":"Nahrungserg\u00e4nzungsmittel aus reinstem Natriumbicarbonat S\u00c4URE-BASE-BALANCE  ZUR ENTS\u00c4UERUNG UND REDUZIERUNG CHRONISCHER ENTZ\u00dcNDUNGEN   ohne Zus\u00e4tze    ohne Farbstoffe    ohne Konservierungsstoffe","og_url":"https:\/\/www.aunityshop.de\/ru\/product\/natriumc-kapseln\/","og_site_name":"aunity Partnershop","article_modified_time":"2025-09-29T13:41:29+00:00","og_image":[{"width":499,"height":499,"url":"https:\/\/www.aunityshop.de\/wp-content\/uploads\/2022\/12\/Natriumbicarbonat-kaps.jpg","type":"image\/jpeg"}],"twitter_card":"summary_large_image","schema":{"@context":"https:\/\/schema.org","@graph":[{"@type":"WebPage","@id":"https:\/\/www.aunityshop.de\/produkt\/natriumc-kapseln\/","url":"https:\/\/www.aunityshop.de\/produkt\/natriumc-kapseln\/","name":"NATRIUMBICARBONAT (130 KAPSELN) - aunity Partnershop","isPartOf":{"@id":"https:\/\/www.aunityshop.de\/#website"},"primaryImageOfPage":{"@id":"https:\/\/www.aunityshop.de\/produkt\/natriumc-kapseln\/#primaryimage"},"image":{"@id":"https:\/\/www.aunityshop.de\/produkt\/natriumc-kapseln\/#primaryimage"},"thumbnailUrl":"https:\/\/www.aunityshop.de\/wp-content\/uploads\/2022\/12\/Natriumbicarbonat-kaps.jpg","datePublished":"2022-12-19T14:22:30+00:00","dateModified":"2025-09-29T13:41:29+00:00","breadcrumb":{"@id":"https:\/\/www.aunityshop.de\/produkt\/natriumc-kapseln\/#breadcrumb"},"inLanguage":"ru-RU","potentialAction":[{"@type":"ReadAction","target":["https:\/\/www.aunityshop.de\/produkt\/natriumc-kapseln\/"]}]},{"@type":"ImageObject","inLanguage":"ru-RU","@id":"https:\/\/www.aunityshop.de\/produkt\/natriumc-kapseln\/#primaryimage","url":"https:\/\/www.aunityshop.de\/wp-content\/uploads\/2022\/12\/Natriumbicarbonat-kaps.jpg","contentUrl":"https:\/\/www.aunityshop.de\/wp-content\/uploads\/2022\/12\/Natriumbicarbonat-kaps.jpg","width":499,"height":499},{"@type":"BreadcrumbList","@id":"https:\/\/www.aunityshop.de\/produkt\/natriumc-kapseln\/#breadcrumb","itemListElement":[{"@type":"ListItem","position":1,"name":"Start","item":"https:\/\/www.aunityshop.de\/"},{"@type":"ListItem","position":2,"name":"Shop","item":"https:\/\/www.aunityshop.de\/shop\/"},{"@type":"ListItem","position":3,"name":"NATRIUMBICARBONAT (130 KAPSELN)"}]},{"@type":"WebSite","@id":"https:\/\/www.aunityshop.de\/#website","url":"https:\/\/www.aunityshop.de\/","name":"aunity Partnershop","description":"Kraftvolle Gesundheit | Nahrungserg\u00e4nzung Kosmetik Aqua Balance Wasserfilter Anion Damenbinden Slipeinlagen","potentialAction":[{"@type":"SearchAction","target":{"@type":"EntryPoint","urlTemplate":"https:\/\/www.aunityshop.de\/?s={search_term_string}"},"query-input":{"@type":"PropertyValueSpecification","valueRequired":true,"valueName":"search_term_string"}}],"inLanguage":"ru-RU"}]}},"_links":{"self":[{"href":"https:\/\/www.aunityshop.de\/ru\/wp-json\/wp\/v2\/product\/3683","targetHints":{"allow":["GET"]}}],"collection":[{"href":"https:\/\/www.aunityshop.de\/ru\/wp-json\/wp\/v2\/product"}],"about":[{"href":"https:\/\/www.aunityshop.de\/ru\/wp-json\/wp\/v2\/types\/product"}],"wp:featuredmedia":[{"embeddable":true,"href":"https:\/\/www.aunityshop.de\/ru\/wp-json\/wp\/v2\/media\/3717"}],"wp:attachment":[{"href":"https:\/\/www.aunityshop.de\/ru\/wp-json\/wp\/v2\/media?parent=3683"}],"wp:term":[{"taxonomy":"product_brand","embeddable":true,"href":"https:\/\/www.aunityshop.de\/ru\/wp-json\/wp\/v2\/product_brand?post=3683"},{"taxonomy":"product_cat","embeddable":true,"href":"https:\/\/www.aunityshop.de\/ru\/wp-json\/wp\/v2\/product_cat?post=3683"},{"taxonomy":"product_tag","embeddable":true,"href":"https:\/\/www.aunityshop.de\/ru\/wp-json\/wp\/v2\/product_tag?post=3683"}],"curies":[{"name":"wp","href":"https:\/\/api.w.org\/{rel}","templated":true}]}}