{"id":3710,"date":"2023-01-12T17:14:31","date_gmt":"2023-01-12T16:14:31","guid":{"rendered":"http:\/\/dev.aunityshop.de\/?post_type=product&#038;p=3710"},"modified":"2025-09-29T15:45:15","modified_gmt":"2025-09-29T13:45:15","slug":"piperin-extrakt-10-g","status":"publish","type":"product","link":"https:\/\/www.aunityshop.de\/ru\/product\/piperin-extrakt-10-g\/","title":{"rendered":"\u042d\u041a\u0421\u0422\u0420\u0410\u041a\u0422 \u041f\u0418\u041f\u041f\u0415\u0420\u0418\u041d\u0410, \u041f\u041e\u0420\u041e\u0428\u041e\u041a (10 \u0413)"},"content":{"rendered":"<p>\u2022 \u043e\u043a\u0430\u0437\u044b\u0432\u0430\u0435\u0442 \u043f\u0440\u043e\u0442\u0438\u0432\u043e\u0432\u043e\u0441\u043f\u0430\u043b\u0438\u0442\u0435\u043b\u044c\u043d\u043e\u0435 \u0434\u0435\u0439\u0441\u0442\u0432\u0438\u0435 \u0438 \u0443\u043b\u0443\u0447\u0448\u0430\u0435\u0442 \u0431\u0438\u043e\u0434\u043e\u0441\u0442\u0443\u043f\u043d\u043e\u0441\u0442\u044c \u0434\u0440\u0443\u0433\u0438\u0445 \u043f\u0438\u0442\u0430\u0442\u0435\u043b\u044c\u043d\u044b\u0445 \u0432\u0435\u0449\u0435\u0441\u0442\u0432<\/p>\n<p>\u2022 \u044f\u0432\u043b\u044f\u0435\u0442\u0441\u044f \u0430\u043d\u0442\u0438\u043e\u043a\u0441\u0438\u0434\u0430\u043d\u0442\u043e\u043c \u0438, \u0442\u0430\u043a\u0438\u043c \u043e\u0431\u0440\u0430\u0437\u043e\u043c, \u043f\u043e\u0434\u0434\u0435\u0440\u0436\u0438\u0432\u0430\u0435\u0442 \u043d\u0430\u0448 \u043e\u0440\u0433\u0430\u043d\u0438\u0437\u043c, \u0437\u0430\u0449\u0438\u0449\u0430\u044f \u0435\u0433\u043e \u043e\u0442 \u0441\u0432\u043e\u0431\u043e\u0434\u043d\u044b\u0445 \u0440\u0430\u0434\u0438\u043a\u0430\u043b\u043e\u0432<\/p>\n<p>\u2022 \u0411\u043b\u0430\u0433\u043e\u0434\u0430\u0440\u044f \u0441\u0432\u043e\u0435\u0439 \u043e\u0441\u0442\u0440\u043e\u0442\u0435 \u043f\u0438\u043f\u0435\u0440\u0438\u043d \u0442\u0430\u043a\u0436\u0435 \u0441\u0442\u0438\u043c\u0443\u043b\u0438\u0440\u0443\u0435\u0442 \u043e\u0431\u043c\u0435\u043d \u0432\u0435\u0449\u0435\u0441\u0442\u0432.<\/p>","protected":false},"excerpt":{"rendered":"<p>\u042d\u041a\u0421\u0422\u0420\u0410\u041a\u0422 \u041f\u0418\u041f\u041f\u0415\u0420\u0418\u041d\u0410, \u042d\u041a\u0421\u0422\u0420\u0410\u041a\u0422 \u0427\u0415\u0420\u041d\u041e\u0413\u041e \u041f\u0415\u0420\u0426\u0410 \u041f\u041e\u0420\u041e\u0428\u041e\u041a (20 \u0413)<br \/>\n\u0414\u0438\u0435\u0442\u0438\u0447\u0435\u0441\u043a\u0430\u044f \u0434\u043e\u0431\u0430\u0432\u043a\u0430 \u0441 \u044d\u043a\u0441\u0442\u0440\u0430\u043a\u0442\u043e\u043c \u0447\u0435\u0440\u043d\u043e\u0433\u043e \u043f\u0435\u0440\u0446\u0430 \u0438 \u0432\u0442\u043e\u0440\u0438\u0447\u043d\u044b\u043c\u0438 \u0440\u0430\u0441\u0442\u0438\u0442\u0435\u043b\u044c\u043d\u044b\u043c\u0438 \u0432\u0435\u0449\u0435\u0441\u0442\u0432\u0430\u043c\u0438<\/p>\n<p>100% \u043f\u043e\u0440\u043e\u0448\u043e\u043a \u044d\u043a\u0441\u0442\u0440\u0430\u043a\u0442\u0430 \u0447\u0435\u0440\u043d\u043e\u0433\u043e \u043f\u0435\u0440\u0446\u0430 (98% \u043f\u0438\u043f\u0435\u0440\u0438\u043d)<\/p>\n<p>\u041f\u0438\u043f\u0435\u0440\u0438\u043d \u044f\u0432\u043b\u044f\u0435\u0442\u0441\u044f \u043e\u0441\u043d\u043e\u0432\u043d\u044b\u043c \u043a\u043e\u043c\u043f\u043e\u043d\u0435\u043d\u0442\u043e\u043c \u043f\u0435\u0440\u0446\u0430 \u0438 \u043f\u0440\u0438\u0434\u0430\u0435\u0442 \u0435\u043c\u0443 \u043e\u0441\u0442\u0440\u043e\u0442\u0443. \u041f\u0438\u043f\u0435\u0440\u0438\u043d \u0432 \u043e\u0441\u043d\u043e\u0432\u043d\u043e\u043c \u043f\u0440\u0438\u0441\u0443\u0442\u0441\u0442\u0432\u0443\u0435\u0442 \u0432\u043e \u0432\u0441\u0435\u0445 \u0432\u0438\u0434\u0430\u0445 \u043f\u0435\u0440\u0446\u0430, \u043e\u0434\u043d\u0430\u043a\u043e \u0432 \u043d\u0430\u0448\u0435\u043c \u044d\u043a\u0441\u0442\u0440\u0430\u043a\u0442\u0435 \u043d\u0430\u0438\u0431\u043e\u043b\u044c\u0448\u0435\u0435 \u0441\u043e\u0434\u0435\u0440\u0436\u0430\u043d\u0438\u0435 \u043f\u0438\u043f\u0435\u0440\u0438\u043d\u0430 \u0441\u043e\u0434\u0435\u0440\u0436\u0438\u0442\u0441\u044f \u0432 \u0447\u0435\u0440\u043d\u043e\u043c \u043f\u0435\u0440\u0446\u0435.<\/p>\n<p>\u2022 \u0432\u044b\u0441\u043e\u043a\u0430\u044f \u0434\u043e\u0437\u0438\u0440\u043e\u0432\u043a\u0430<\/p>\n<p>\u2022 \u0431\u0435\u0437 \u0434\u043e\u0431\u0430\u0432\u043e\u043a<\/p>\n<p>***\u041c\u0438\u043a\u0440\u043e\u0434\u043e\u0437\u0438\u0440\u0443\u044e\u0449\u0430\u044f \u043b\u043e\u0436\u043a\u0430 \u0443\u0436\u0435 \u0432\u0445\u043e\u0434\u0438\u0442 \u0432 \u043a\u043e\u043c\u043f\u043b\u0435\u043a\u0442 \u043f\u043e\u0441\u0442\u0430\u0432\u043a\u0438. ***<\/p>\n<p><img loading=\"lazy\" decoding=\"async\" class=\"alignnone size-full wp-image-2560\" src=\"http:\/\/dev.aunityshop.de\/wp-content\/uploads\/2014\/08\/madeingermany-1.png\" alt=\"nahrungserg\u00e4nzungsmittel made in germany 100% nat\u00fcrlich qualit\u00e4t\" width=\"150\" height=\"56\" \/><\/p>","protected":false},"featured_media":3718,"template":"","meta":[],"product_brand":[],"product_cat":[66],"product_tag":[],"class_list":{"0":"post-3710","1":"product","2":"type-product","3":"status-publish","4":"has-post-thumbnail","6":"product_cat-nahrungsergaenzung","7":"description-off","9":"first","10":"instock","11":"taxable","12":"shipping-taxable","13":"purchasable","14":"product-type-simple"},"yoast_head":"<!-- This site is optimized with the Yoast SEO plugin v27.2 - https:\/\/yoast.com\/product\/yoast-seo-wordpress\/ -->\n<title>PIPERIN EXTRAKT, PULVER (10G) - aunity Partnershop<\/title>\n<meta name=\"robots\" content=\"index, follow, max-snippet:-1, max-image-preview:large, max-video-preview:-1\" \/>\n<link rel=\"canonical\" href=\"https:\/\/www.aunityshop.de\/ru\/product\/piperin-extrakt-10-g\/\" \/>\n<meta property=\"og:locale\" content=\"ru_RU\" \/>\n<meta property=\"og:type\" content=\"article\" \/>\n<meta property=\"og:title\" content=\"PIPERIN EXTRAKT, PULVER (10G) - aunity Partnershop\" \/>\n<meta property=\"og:description\" content=\"PIPERIN EXTRAKT, SCHWARZER PFEFFER EXTRAKT PULVER (10G) Nahrungserg\u00e4nzungsmittel mit Schwarzem Pfeffer Extrakt und sekund\u00e4ren Pflanzenstoffen  100% Schwarzer Pfeffer Extrakt Pulver (98% Piperin)  Piperin ist der Hauptbestandteil von Pfeffer und sorgt dort f\u00fcr die Sch\u00e4rfe. Piperin ist grunds\u00e4tzlich in allen Pfeffersorten vorhanden, allerdings befindet sich, wie in unserem Extrakt genutzt, der h\u00f6chste Piperingehalt in Schwarzem Pfeffer.  \u2022 hochdosiert  \u2022 ohne Zusatzstoffe  *** Mikrodosierl\u00f6ffel ist im Lieferumfang bereits enthalten. ***\" \/>\n<meta property=\"og:url\" content=\"https:\/\/www.aunityshop.de\/ru\/product\/piperin-extrakt-10-g\/\" \/>\n<meta property=\"og:site_name\" content=\"aunity Partnershop\" \/>\n<meta property=\"article:modified_time\" content=\"2025-09-29T13:45:15+00:00\" \/>\n<meta property=\"og:image\" content=\"https:\/\/www.aunityshop.de\/wp-content\/uploads\/2023\/01\/Piperin-Extrakt.jpg\" \/>\n\t<meta property=\"og:image:width\" content=\"499\" \/>\n\t<meta property=\"og:image:height\" content=\"499\" \/>\n\t<meta property=\"og:image:type\" content=\"image\/jpeg\" \/>\n<meta name=\"twitter:card\" content=\"summary_large_image\" \/>\n<script type=\"application\/ld+json\" class=\"yoast-schema-graph\">{\"@context\":\"https:\/\/schema.org\",\"@graph\":[{\"@type\":\"WebPage\",\"@id\":\"https:\/\/www.aunityshop.de\/produkt\/piperin-extrakt-10-g\/\",\"url\":\"https:\/\/www.aunityshop.de\/produkt\/piperin-extrakt-10-g\/\",\"name\":\"PIPERIN EXTRAKT, PULVER (10G) - aunity Partnershop\",\"isPartOf\":{\"@id\":\"https:\/\/www.aunityshop.de\/#website\"},\"primaryImageOfPage\":{\"@id\":\"https:\/\/www.aunityshop.de\/produkt\/piperin-extrakt-10-g\/#primaryimage\"},\"image\":{\"@id\":\"https:\/\/www.aunityshop.de\/produkt\/piperin-extrakt-10-g\/#primaryimage\"},\"thumbnailUrl\":\"https:\/\/www.aunityshop.de\/wp-content\/uploads\/2023\/01\/Piperin-Extrakt.jpg\",\"datePublished\":\"2023-01-12T16:14:31+00:00\",\"dateModified\":\"2025-09-29T13:45:15+00:00\",\"breadcrumb\":{\"@id\":\"https:\/\/www.aunityshop.de\/produkt\/piperin-extrakt-10-g\/#breadcrumb\"},\"inLanguage\":\"ru-RU\",\"potentialAction\":[{\"@type\":\"ReadAction\",\"target\":[\"https:\/\/www.aunityshop.de\/produkt\/piperin-extrakt-10-g\/\"]}]},{\"@type\":\"ImageObject\",\"inLanguage\":\"ru-RU\",\"@id\":\"https:\/\/www.aunityshop.de\/produkt\/piperin-extrakt-10-g\/#primaryimage\",\"url\":\"https:\/\/www.aunityshop.de\/wp-content\/uploads\/2023\/01\/Piperin-Extrakt.jpg\",\"contentUrl\":\"https:\/\/www.aunityshop.de\/wp-content\/uploads\/2023\/01\/Piperin-Extrakt.jpg\",\"width\":499,\"height\":499},{\"@type\":\"BreadcrumbList\",\"@id\":\"https:\/\/www.aunityshop.de\/produkt\/piperin-extrakt-10-g\/#breadcrumb\",\"itemListElement\":[{\"@type\":\"ListItem\",\"position\":1,\"name\":\"Start\",\"item\":\"https:\/\/www.aunityshop.de\/\"},{\"@type\":\"ListItem\",\"position\":2,\"name\":\"Shop\",\"item\":\"https:\/\/www.aunityshop.de\/shop\/\"},{\"@type\":\"ListItem\",\"position\":3,\"name\":\"PIPERIN EXTRAKT, PULVER (10G)\"}]},{\"@type\":\"WebSite\",\"@id\":\"https:\/\/www.aunityshop.de\/#website\",\"url\":\"https:\/\/www.aunityshop.de\/\",\"name\":\"aunity Partnershop\",\"description\":\"Kraftvolle Gesundheit | Nahrungserg\u00e4nzung Kosmetik Aqua Balance Wasserfilter Anion Damenbinden Slipeinlagen\",\"potentialAction\":[{\"@type\":\"SearchAction\",\"target\":{\"@type\":\"EntryPoint\",\"urlTemplate\":\"https:\/\/www.aunityshop.de\/?s={search_term_string}\"},\"query-input\":{\"@type\":\"PropertyValueSpecification\",\"valueRequired\":true,\"valueName\":\"search_term_string\"}}],\"inLanguage\":\"ru-RU\"}]}<\/script>\n<!-- \/ Yoast SEO plugin. -->","yoast_head_json":{"title":"PIPERIN EXTRAKT, PULVER (10G) - aunity Partnershop","robots":{"index":"index","follow":"follow","max-snippet":"max-snippet:-1","max-image-preview":"max-image-preview:large","max-video-preview":"max-video-preview:-1"},"canonical":"https:\/\/www.aunityshop.de\/ru\/product\/piperin-extrakt-10-g\/","og_locale":"ru_RU","og_type":"article","og_title":"PIPERIN EXTRAKT, PULVER (10G) - aunity Partnershop","og_description":"PIPERIN EXTRAKT, SCHWARZER PFEFFER EXTRAKT PULVER (10G) Nahrungserg\u00e4nzungsmittel mit Schwarzem Pfeffer Extrakt und sekund\u00e4ren Pflanzenstoffen  100% Schwarzer Pfeffer Extrakt Pulver (98% Piperin)  Piperin ist der Hauptbestandteil von Pfeffer und sorgt dort f\u00fcr die Sch\u00e4rfe. Piperin ist grunds\u00e4tzlich in allen Pfeffersorten vorhanden, allerdings befindet sich, wie in unserem Extrakt genutzt, der h\u00f6chste Piperingehalt in Schwarzem Pfeffer.  \u2022 hochdosiert  \u2022 ohne Zusatzstoffe  *** Mikrodosierl\u00f6ffel ist im Lieferumfang bereits enthalten. ***","og_url":"https:\/\/www.aunityshop.de\/ru\/product\/piperin-extrakt-10-g\/","og_site_name":"aunity Partnershop","article_modified_time":"2025-09-29T13:45:15+00:00","og_image":[{"width":499,"height":499,"url":"https:\/\/www.aunityshop.de\/wp-content\/uploads\/2023\/01\/Piperin-Extrakt.jpg","type":"image\/jpeg"}],"twitter_card":"summary_large_image","schema":{"@context":"https:\/\/schema.org","@graph":[{"@type":"WebPage","@id":"https:\/\/www.aunityshop.de\/produkt\/piperin-extrakt-10-g\/","url":"https:\/\/www.aunityshop.de\/produkt\/piperin-extrakt-10-g\/","name":"PIPERIN EXTRAKT, PULVER (10G) - aunity Partnershop","isPartOf":{"@id":"https:\/\/www.aunityshop.de\/#website"},"primaryImageOfPage":{"@id":"https:\/\/www.aunityshop.de\/produkt\/piperin-extrakt-10-g\/#primaryimage"},"image":{"@id":"https:\/\/www.aunityshop.de\/produkt\/piperin-extrakt-10-g\/#primaryimage"},"thumbnailUrl":"https:\/\/www.aunityshop.de\/wp-content\/uploads\/2023\/01\/Piperin-Extrakt.jpg","datePublished":"2023-01-12T16:14:31+00:00","dateModified":"2025-09-29T13:45:15+00:00","breadcrumb":{"@id":"https:\/\/www.aunityshop.de\/produkt\/piperin-extrakt-10-g\/#breadcrumb"},"inLanguage":"ru-RU","potentialAction":[{"@type":"ReadAction","target":["https:\/\/www.aunityshop.de\/produkt\/piperin-extrakt-10-g\/"]}]},{"@type":"ImageObject","inLanguage":"ru-RU","@id":"https:\/\/www.aunityshop.de\/produkt\/piperin-extrakt-10-g\/#primaryimage","url":"https:\/\/www.aunityshop.de\/wp-content\/uploads\/2023\/01\/Piperin-Extrakt.jpg","contentUrl":"https:\/\/www.aunityshop.de\/wp-content\/uploads\/2023\/01\/Piperin-Extrakt.jpg","width":499,"height":499},{"@type":"BreadcrumbList","@id":"https:\/\/www.aunityshop.de\/produkt\/piperin-extrakt-10-g\/#breadcrumb","itemListElement":[{"@type":"ListItem","position":1,"name":"Start","item":"https:\/\/www.aunityshop.de\/"},{"@type":"ListItem","position":2,"name":"Shop","item":"https:\/\/www.aunityshop.de\/shop\/"},{"@type":"ListItem","position":3,"name":"PIPERIN EXTRAKT, PULVER (10G)"}]},{"@type":"WebSite","@id":"https:\/\/www.aunityshop.de\/#website","url":"https:\/\/www.aunityshop.de\/","name":"aunity Partnershop","description":"Kraftvolle Gesundheit | Nahrungserg\u00e4nzung Kosmetik Aqua Balance Wasserfilter Anion Damenbinden Slipeinlagen","potentialAction":[{"@type":"SearchAction","target":{"@type":"EntryPoint","urlTemplate":"https:\/\/www.aunityshop.de\/?s={search_term_string}"},"query-input":{"@type":"PropertyValueSpecification","valueRequired":true,"valueName":"search_term_string"}}],"inLanguage":"ru-RU"}]}},"_links":{"self":[{"href":"https:\/\/www.aunityshop.de\/ru\/wp-json\/wp\/v2\/product\/3710","targetHints":{"allow":["GET"]}}],"collection":[{"href":"https:\/\/www.aunityshop.de\/ru\/wp-json\/wp\/v2\/product"}],"about":[{"href":"https:\/\/www.aunityshop.de\/ru\/wp-json\/wp\/v2\/types\/product"}],"wp:featuredmedia":[{"embeddable":true,"href":"https:\/\/www.aunityshop.de\/ru\/wp-json\/wp\/v2\/media\/3718"}],"wp:attachment":[{"href":"https:\/\/www.aunityshop.de\/ru\/wp-json\/wp\/v2\/media?parent=3710"}],"wp:term":[{"taxonomy":"product_brand","embeddable":true,"href":"https:\/\/www.aunityshop.de\/ru\/wp-json\/wp\/v2\/product_brand?post=3710"},{"taxonomy":"product_cat","embeddable":true,"href":"https:\/\/www.aunityshop.de\/ru\/wp-json\/wp\/v2\/product_cat?post=3710"},{"taxonomy":"product_tag","embeddable":true,"href":"https:\/\/www.aunityshop.de\/ru\/wp-json\/wp\/v2\/product_tag?post=3710"}],"curies":[{"name":"wp","href":"https:\/\/api.w.org\/{rel}","templated":true}]}}