{"id":3721,"date":"2023-01-12T20:11:32","date_gmt":"2023-01-12T19:11:32","guid":{"rendered":"http:\/\/dev.aunityshop.de\/?post_type=product&#038;p=3721"},"modified":"2025-09-29T15:47:14","modified_gmt":"2025-09-29T13:47:14","slug":"weihrauch-magnesium","status":"publish","type":"product","link":"https:\/\/www.aunityshop.de\/ru\/product\/weihrauch-magnesium\/","title":{"rendered":"\u041b\u0410\u0414\u0410\u041d \u041c\u0410\u0413\u041d\u0418\u0419"},"content":{"rendered":"<p>\u2022 \u043e\u043a\u0430\u0437\u044b\u0432\u0430\u0435\u0442 \u043f\u0440\u043e\u0442\u0438\u0432\u043e\u0432\u043e\u0441\u043f\u0430\u043b\u0438\u0442\u0435\u043b\u044c\u043d\u043e\u0435 \u0434\u0435\u0439\u0441\u0442\u0432\u0438\u0435 \u0438 \u0443\u043b\u0443\u0447\u0448\u0430\u0435\u0442 \u0431\u0438\u043e\u0434\u043e\u0441\u0442\u0443\u043f\u043d\u043e\u0441\u0442\u044c \u0434\u0440\u0443\u0433\u0438\u0445 \u043f\u0438\u0442\u0430\u0442\u0435\u043b\u044c\u043d\u044b\u0445 \u0432\u0435\u0449\u0435\u0441\u0442\u0432<\/p>\n<p>\u2022 \u044f\u0432\u043b\u044f\u0435\u0442\u0441\u044f \u0430\u043d\u0442\u0438\u043e\u043a\u0441\u0438\u0434\u0430\u043d\u0442\u043e\u043c \u0438, \u0442\u0430\u043a\u0438\u043c \u043e\u0431\u0440\u0430\u0437\u043e\u043c, \u043f\u043e\u0434\u0434\u0435\u0440\u0436\u0438\u0432\u0430\u0435\u0442 \u043d\u0430\u0448 \u043e\u0440\u0433\u0430\u043d\u0438\u0437\u043c, \u0437\u0430\u0449\u0438\u0449\u0430\u044f \u0435\u0433\u043e \u043e\u0442 \u0441\u0432\u043e\u0431\u043e\u0434\u043d\u044b\u0445 \u0440\u0430\u0434\u0438\u043a\u0430\u043b\u043e\u0432<\/p>\n<p>\u2022 \u0411\u043b\u0430\u0433\u043e\u0434\u0430\u0440\u044f \u0441\u0432\u043e\u0435\u0439 \u043e\u0441\u0442\u0440\u043e\u0442\u0435 \u043f\u0438\u043f\u0435\u0440\u0438\u043d \u0442\u0430\u043a\u0436\u0435 \u0441\u0442\u0438\u043c\u0443\u043b\u0438\u0440\u0443\u0435\u0442 \u043e\u0431\u043c\u0435\u043d \u0432\u0435\u0449\u0435\u0441\u0442\u0432.<\/p>","protected":false},"excerpt":{"rendered":"<p>\u041b\u0410\u0414\u0410\u041d \u041c\u0410\u0413\u041d\u0418\u0419<br \/>\n\u0412\u044b\u0441\u043e\u043a\u043e\u0434\u043e\u0437\u043d\u044b\u0439 \u043a\u043e\u043c\u043f\u043b\u0435\u043a\u0441 \u043f\u0440\u0435\u043c\u0438\u0443\u043c-\u043a\u043b\u0430\u0441\u0441\u0430 \u043d\u0430 \u043e\u0441\u043d\u043e\u0432\u0435 \u044d\u043a\u0441\u0442\u0440\u0430\u043a\u0442\u0430 Boswellia Serrata \u0438\u0437 \u0438\u043d\u0434\u0438\u0439\u0441\u043a\u043e\u0433\u043e \u043b\u0430\u0434\u0430\u043d\u0430 \u0441 \u0432\u044b\u0441\u043e\u043a\u0438\u043c \u0441\u043e\u0434\u0435\u0440\u0436\u0430\u043d\u0438\u0435\u043c \u0431\u043e\u0441\u0432\u0435\u043b\u043b\u0438\u0435\u0432\u043e\u0439 \u043a\u0438\u0441\u043b\u043e\u0442\u044b 88,25%.<\/p>\n<p>\u041b\u0430\u0434\u0430\u043d (\u044d\u043a\u0441\u0442\u0440\u0430\u043a\u0442 \u0431\u043e\u0441\u0432\u0435\u043b\u043b\u0438\u0438 \u043f\u0438\u043b\u044c\u0447\u0430\u0442\u043e\u0439) \u0441 \u043c\u0430\u0433\u043d\u0438\u0435\u043c (\u0434\u0438\u0446\u0438\u0442\u0440\u0430\u0442 \u0442\u0440\u0438\u043c\u0430\u0433\u043d\u0438\u044f)<br \/>\n\u041b\u0430\u0434\u0430\u043d \u043f\u0440\u0435\u0434\u0441\u0442\u0430\u0432\u043b\u044f\u0435\u0442 \u0441\u043e\u0431\u043e\u0439 \u044d\u043a\u0441\u0442\u0440\u0430\u043a\u0442 \u043a\u043e\u0440\u044b \u0434\u0435\u0440\u0435\u0432\u0430 \u0411\u043e\u0441\u0432\u0435\u043b\u043b\u0438\u044f \u0421\u0435\u0440\u0440\u0430\u0442\u0430 \u0438 \u0432\u0435\u043a\u0430\u043c\u0438 \u0438\u0441\u043f\u043e\u043b\u044c\u0437\u043e\u0432\u0430\u043b\u0441\u044f \u0432 \u0442\u0440\u0430\u0434\u0438\u0446\u0438\u043e\u043d\u043d\u043e\u0439 \u043c\u0435\u0434\u0438\u0446\u0438\u043d\u0435. \u041e\u043d \u0441\u043e\u0434\u0435\u0440\u0436\u0438\u0442 \u0440\u0430\u0437\u043b\u0438\u0447\u043d\u044b\u0435<br \/>\n\u0431\u0438\u043e\u043b\u043e\u0433\u0438\u0447\u0435\u0441\u043a\u0438 \u0430\u043a\u0442\u0438\u0432\u043d\u044b\u0435 \u0441\u043e\u0435\u0434\u0438\u043d\u0435\u043d\u0438\u044f, \u0442\u0430\u043a\u0438\u0435 \u043a\u0430\u043a \u0431\u043e\u0441\u0432\u0435\u043b\u043b\u0438\u0435\u0432\u0430\u044f \u043a\u0438\u0441\u043b\u043e\u0442\u0430 \u0438 \u044d\u0444\u0438\u0440\u043d\u044b\u0435 \u043c\u0430\u0441\u043b\u0430, \u043a\u043e\u0442\u043e\u0440\u044b\u0435 \u043e\u0442\u0432\u0435\u0447\u0430\u044e\u0442 \u0437\u0430 \u0435\u0433\u043e \u043f\u043e\u043b\u0435\u0437\u043d\u044b\u0435 \u0434\u043b\u044f \u0437\u0434\u043e\u0440\u043e\u0432\u044c\u044f \u0441\u0432\u043e\u0439\u0441\u0442\u0432\u0430.<\/p>\n<p><img loading=\"lazy\" decoding=\"async\" class=\"alignnone size-full wp-image-2560\" src=\"http:\/\/dev.aunityshop.de\/wp-content\/uploads\/2014\/08\/madeingermany-1.png\" alt=\"nahrungserg\u00e4nzungsmittel made in germany 100% nat\u00fcrlich qualit\u00e4t\" width=\"150\" height=\"56\" \/><\/p>","protected":false},"featured_media":3725,"template":"","meta":[],"product_brand":[],"product_cat":[66],"product_tag":[],"class_list":{"0":"post-3721","1":"product","2":"type-product","3":"status-publish","4":"has-post-thumbnail","6":"product_cat-nahrungsergaenzung","7":"description-off","9":"first","10":"instock","11":"taxable","12":"shipping-taxable","13":"purchasable","14":"product-type-simple"},"yoast_head":"<!-- This site is optimized with the Yoast SEO plugin v27.2 - https:\/\/yoast.com\/product\/yoast-seo-wordpress\/ -->\n<title>WEIHRAUCH MAGNESIUM - aunity Partnershop<\/title>\n<meta name=\"robots\" content=\"index, follow, max-snippet:-1, max-image-preview:large, max-video-preview:-1\" \/>\n<link rel=\"canonical\" href=\"https:\/\/www.aunityshop.de\/ru\/product\/weihrauch-magnesium\/\" \/>\n<meta property=\"og:locale\" content=\"ru_RU\" \/>\n<meta property=\"og:type\" content=\"article\" \/>\n<meta property=\"og:title\" content=\"WEIHRAUCH MAGNESIUM - aunity Partnershop\" \/>\n<meta property=\"og:description\" content=\"WEIHRAUCH MAGNESIUM Hochdosierter Premium Complex aus Boswellia Serrata Extrakt aus indischem Weihrauch, mit einem hohen Boswellias\u00e4uregehalt von 88,25%.  Weihrauch (Boswellia Serrata Extrakt) mit Magnesium (Tri-Magnesium-Dicitrat) Weihrauch ist ein Extrakt aus der Rinde des Boswellia Serrata Baumes und wird seit Jahrhunderten in der traditionellen Medizin verwendet. Es enth\u00e4lt verschiedene bioaktive Verbindungen wie Boswellias\u00e4ure und \u00e4therische \u00d6le, die f\u00fcr seine gesundheitsf\u00f6rdernden Eigenschaften verantwortlich sind.\" \/>\n<meta property=\"og:url\" content=\"https:\/\/www.aunityshop.de\/ru\/product\/weihrauch-magnesium\/\" \/>\n<meta property=\"og:site_name\" content=\"aunity Partnershop\" \/>\n<meta property=\"article:modified_time\" content=\"2025-09-29T13:47:14+00:00\" \/>\n<meta property=\"og:image\" content=\"https:\/\/www.aunityshop.de\/wp-content\/uploads\/2023\/01\/1672400990_7885__6_medium.jpg\" \/>\n\t<meta property=\"og:image:width\" content=\"500\" \/>\n\t<meta property=\"og:image:height\" content=\"500\" \/>\n\t<meta property=\"og:image:type\" content=\"image\/jpeg\" \/>\n<meta name=\"twitter:card\" content=\"summary_large_image\" \/>\n<script type=\"application\/ld+json\" class=\"yoast-schema-graph\">{\"@context\":\"https:\/\/schema.org\",\"@graph\":[{\"@type\":\"WebPage\",\"@id\":\"https:\/\/www.aunityshop.de\/produkt\/weihrauch-magnesium\/\",\"url\":\"https:\/\/www.aunityshop.de\/produkt\/weihrauch-magnesium\/\",\"name\":\"WEIHRAUCH MAGNESIUM - aunity Partnershop\",\"isPartOf\":{\"@id\":\"https:\/\/www.aunityshop.de\/#website\"},\"primaryImageOfPage\":{\"@id\":\"https:\/\/www.aunityshop.de\/produkt\/weihrauch-magnesium\/#primaryimage\"},\"image\":{\"@id\":\"https:\/\/www.aunityshop.de\/produkt\/weihrauch-magnesium\/#primaryimage\"},\"thumbnailUrl\":\"https:\/\/www.aunityshop.de\/wp-content\/uploads\/2023\/01\/1672400990_7885__6_medium.jpg\",\"datePublished\":\"2023-01-12T19:11:32+00:00\",\"dateModified\":\"2025-09-29T13:47:14+00:00\",\"breadcrumb\":{\"@id\":\"https:\/\/www.aunityshop.de\/produkt\/weihrauch-magnesium\/#breadcrumb\"},\"inLanguage\":\"ru-RU\",\"potentialAction\":[{\"@type\":\"ReadAction\",\"target\":[\"https:\/\/www.aunityshop.de\/produkt\/weihrauch-magnesium\/\"]}]},{\"@type\":\"ImageObject\",\"inLanguage\":\"ru-RU\",\"@id\":\"https:\/\/www.aunityshop.de\/produkt\/weihrauch-magnesium\/#primaryimage\",\"url\":\"https:\/\/www.aunityshop.de\/wp-content\/uploads\/2023\/01\/1672400990_7885__6_medium.jpg\",\"contentUrl\":\"https:\/\/www.aunityshop.de\/wp-content\/uploads\/2023\/01\/1672400990_7885__6_medium.jpg\",\"width\":500,\"height\":500},{\"@type\":\"BreadcrumbList\",\"@id\":\"https:\/\/www.aunityshop.de\/produkt\/weihrauch-magnesium\/#breadcrumb\",\"itemListElement\":[{\"@type\":\"ListItem\",\"position\":1,\"name\":\"Start\",\"item\":\"https:\/\/www.aunityshop.de\/\"},{\"@type\":\"ListItem\",\"position\":2,\"name\":\"Shop\",\"item\":\"https:\/\/www.aunityshop.de\/shop\/\"},{\"@type\":\"ListItem\",\"position\":3,\"name\":\"WEIHRAUCH MAGNESIUM\"}]},{\"@type\":\"WebSite\",\"@id\":\"https:\/\/www.aunityshop.de\/#website\",\"url\":\"https:\/\/www.aunityshop.de\/\",\"name\":\"aunity Partnershop\",\"description\":\"Kraftvolle Gesundheit | Nahrungserg\u00e4nzung Kosmetik Aqua Balance Wasserfilter Anion Damenbinden Slipeinlagen\",\"potentialAction\":[{\"@type\":\"SearchAction\",\"target\":{\"@type\":\"EntryPoint\",\"urlTemplate\":\"https:\/\/www.aunityshop.de\/?s={search_term_string}\"},\"query-input\":{\"@type\":\"PropertyValueSpecification\",\"valueRequired\":true,\"valueName\":\"search_term_string\"}}],\"inLanguage\":\"ru-RU\"}]}<\/script>\n<!-- \/ Yoast SEO plugin. -->","yoast_head_json":{"title":"WEIHRAUCH MAGNESIUM - aunity Partnershop","robots":{"index":"index","follow":"follow","max-snippet":"max-snippet:-1","max-image-preview":"max-image-preview:large","max-video-preview":"max-video-preview:-1"},"canonical":"https:\/\/www.aunityshop.de\/ru\/product\/weihrauch-magnesium\/","og_locale":"ru_RU","og_type":"article","og_title":"WEIHRAUCH MAGNESIUM - aunity Partnershop","og_description":"WEIHRAUCH MAGNESIUM Hochdosierter Premium Complex aus Boswellia Serrata Extrakt aus indischem Weihrauch, mit einem hohen Boswellias\u00e4uregehalt von 88,25%.  Weihrauch (Boswellia Serrata Extrakt) mit Magnesium (Tri-Magnesium-Dicitrat) Weihrauch ist ein Extrakt aus der Rinde des Boswellia Serrata Baumes und wird seit Jahrhunderten in der traditionellen Medizin verwendet. Es enth\u00e4lt verschiedene bioaktive Verbindungen wie Boswellias\u00e4ure und \u00e4therische \u00d6le, die f\u00fcr seine gesundheitsf\u00f6rdernden Eigenschaften verantwortlich sind.","og_url":"https:\/\/www.aunityshop.de\/ru\/product\/weihrauch-magnesium\/","og_site_name":"aunity Partnershop","article_modified_time":"2025-09-29T13:47:14+00:00","og_image":[{"width":500,"height":500,"url":"https:\/\/www.aunityshop.de\/wp-content\/uploads\/2023\/01\/1672400990_7885__6_medium.jpg","type":"image\/jpeg"}],"twitter_card":"summary_large_image","schema":{"@context":"https:\/\/schema.org","@graph":[{"@type":"WebPage","@id":"https:\/\/www.aunityshop.de\/produkt\/weihrauch-magnesium\/","url":"https:\/\/www.aunityshop.de\/produkt\/weihrauch-magnesium\/","name":"WEIHRAUCH MAGNESIUM - aunity Partnershop","isPartOf":{"@id":"https:\/\/www.aunityshop.de\/#website"},"primaryImageOfPage":{"@id":"https:\/\/www.aunityshop.de\/produkt\/weihrauch-magnesium\/#primaryimage"},"image":{"@id":"https:\/\/www.aunityshop.de\/produkt\/weihrauch-magnesium\/#primaryimage"},"thumbnailUrl":"https:\/\/www.aunityshop.de\/wp-content\/uploads\/2023\/01\/1672400990_7885__6_medium.jpg","datePublished":"2023-01-12T19:11:32+00:00","dateModified":"2025-09-29T13:47:14+00:00","breadcrumb":{"@id":"https:\/\/www.aunityshop.de\/produkt\/weihrauch-magnesium\/#breadcrumb"},"inLanguage":"ru-RU","potentialAction":[{"@type":"ReadAction","target":["https:\/\/www.aunityshop.de\/produkt\/weihrauch-magnesium\/"]}]},{"@type":"ImageObject","inLanguage":"ru-RU","@id":"https:\/\/www.aunityshop.de\/produkt\/weihrauch-magnesium\/#primaryimage","url":"https:\/\/www.aunityshop.de\/wp-content\/uploads\/2023\/01\/1672400990_7885__6_medium.jpg","contentUrl":"https:\/\/www.aunityshop.de\/wp-content\/uploads\/2023\/01\/1672400990_7885__6_medium.jpg","width":500,"height":500},{"@type":"BreadcrumbList","@id":"https:\/\/www.aunityshop.de\/produkt\/weihrauch-magnesium\/#breadcrumb","itemListElement":[{"@type":"ListItem","position":1,"name":"Start","item":"https:\/\/www.aunityshop.de\/"},{"@type":"ListItem","position":2,"name":"Shop","item":"https:\/\/www.aunityshop.de\/shop\/"},{"@type":"ListItem","position":3,"name":"WEIHRAUCH MAGNESIUM"}]},{"@type":"WebSite","@id":"https:\/\/www.aunityshop.de\/#website","url":"https:\/\/www.aunityshop.de\/","name":"aunity Partnershop","description":"Kraftvolle Gesundheit | Nahrungserg\u00e4nzung Kosmetik Aqua Balance Wasserfilter Anion Damenbinden Slipeinlagen","potentialAction":[{"@type":"SearchAction","target":{"@type":"EntryPoint","urlTemplate":"https:\/\/www.aunityshop.de\/?s={search_term_string}"},"query-input":{"@type":"PropertyValueSpecification","valueRequired":true,"valueName":"search_term_string"}}],"inLanguage":"ru-RU"}]}},"_links":{"self":[{"href":"https:\/\/www.aunityshop.de\/ru\/wp-json\/wp\/v2\/product\/3721","targetHints":{"allow":["GET"]}}],"collection":[{"href":"https:\/\/www.aunityshop.de\/ru\/wp-json\/wp\/v2\/product"}],"about":[{"href":"https:\/\/www.aunityshop.de\/ru\/wp-json\/wp\/v2\/types\/product"}],"wp:featuredmedia":[{"embeddable":true,"href":"https:\/\/www.aunityshop.de\/ru\/wp-json\/wp\/v2\/media\/3725"}],"wp:attachment":[{"href":"https:\/\/www.aunityshop.de\/ru\/wp-json\/wp\/v2\/media?parent=3721"}],"wp:term":[{"taxonomy":"product_brand","embeddable":true,"href":"https:\/\/www.aunityshop.de\/ru\/wp-json\/wp\/v2\/product_brand?post=3721"},{"taxonomy":"product_cat","embeddable":true,"href":"https:\/\/www.aunityshop.de\/ru\/wp-json\/wp\/v2\/product_cat?post=3721"},{"taxonomy":"product_tag","embeddable":true,"href":"https:\/\/www.aunityshop.de\/ru\/wp-json\/wp\/v2\/product_tag?post=3721"}],"curies":[{"name":"wp","href":"https:\/\/api.w.org\/{rel}","templated":true}]}}