{"id":3749,"date":"2023-02-18T18:06:01","date_gmt":"2023-02-18T17:06:01","guid":{"rendered":"http:\/\/dev.aunityshop.de\/?post_type=product&#038;p=3749"},"modified":"2025-09-30T15:32:03","modified_gmt":"2025-09-30T13:32:03","slug":"vitamin-b-komplex","status":"publish","type":"product","link":"https:\/\/www.aunityshop.de\/ru\/product\/vitamin-b-komplex\/","title":{"rendered":"\u041a\u041e\u041c\u041f\u041b\u0415\u041a\u0421 \u0412\u0418\u0422\u0410\u041c\u0418\u041d\u0410 \u0412"},"content":{"rendered":"<p>\u041f\u041e\u0414\u0414\u0415\u0420\u0416\u0418\u0412\u0410\u0415\u0422 \u041a\u041e\u0416\u0423, \u0418\u041c\u041c\u0423\u041d\u041d\u0423\u042e \u0421\u0418\u0421\u0422\u0415\u041c\u0423 \u0418 \u041d\u041e\u0420\u041c\u0410\u041b\u042c\u041d\u042b\u0419 \u042d\u041d\u0415\u0420\u0413\u0415\u0422\u0418\u0427\u0415\u0421\u041a\u0418\u0419 \u041e\u0411\u041c\u0415\u041d<\/p>","protected":false},"excerpt":{"rendered":"<p><strong>\u041f\u0418\u0429\u0415\u0412\u0410\u042f \u0414\u041e\u0411\u0410\u0412\u041a\u0410 \u0421 \u041f\u041e\u0420\u041e\u0428\u041a\u041e\u041c \u0417\u0410\u0420\u041e\u0428\u0415\u041a \u0413\u0420\u0415\u0427\u041d\u0418\u0426\u042b<\/strong><\/p>\n<p>\u041f\u041e\u0414\u0414\u0415\u0420\u0416\u0418\u0412\u0410\u0415\u0422 \u041a\u041e\u0416\u0423, \u0418\u041c\u041c\u0423\u041d\u041d\u0423\u042e \u0421\u0418\u0421\u0422\u0415\u041c\u0423 \u0418 \u041d\u041e\u0420\u041c\u0410\u041b\u042c\u041d\u042b\u0419 \u042d\u041d\u0415\u0420\u0413\u0415\u0422\u0418\u0427\u0415\u0421\u041a\u0418\u0419 \u041e\u0411\u041c\u0415\u041d<\/p>\n<p>&nbsp;<\/p>\n<p>\u041f\u043e\u0434\u0434\u0435\u0440\u0436\u0438\u0432\u0430\u0435\u0442 \u0438\u043c\u043c\u0443\u043d\u043d\u0443\u044e \u0441\u0438\u0441\u0442\u0435\u043c\u0443 \u0438 \u0443\u0432\u0435\u043b\u0438\u0447\u0438\u0432\u0430\u0435\u0442 \u0443\u0441\u0432\u043e\u0435\u043d\u0438\u0435 \u0436\u0435\u043b\u0435\u0437\u0430.<br \/>\n<img loading=\"lazy\" decoding=\"async\" class=\"alignnone size-full wp-image-2560\" src=\"http:\/\/dev.aunityshop.de\/wp-content\/uploads\/2014\/08\/madeingermany-1.png\" alt=\"nahrungserg\u00e4nzungsmittel made in germany 100% nat\u00fcrlich qualit\u00e4t\" width=\"150\" height=\"56\" \/><\/p>","protected":false},"featured_media":3750,"template":"","meta":[],"product_brand":[],"product_cat":[66],"product_tag":[],"class_list":{"0":"post-3749","1":"product","2":"type-product","3":"status-publish","4":"has-post-thumbnail","6":"product_cat-nahrungsergaenzung","7":"description-off","9":"first","10":"instock","11":"taxable","12":"shipping-taxable","13":"purchasable","14":"product-type-simple"},"yoast_head":"<!-- This site is optimized with the Yoast SEO plugin v27.2 - https:\/\/yoast.com\/product\/yoast-seo-wordpress\/ -->\n<title>VITAMIN B-KOMPLEX - aunity Partnershop<\/title>\n<meta name=\"robots\" content=\"index, follow, max-snippet:-1, max-image-preview:large, max-video-preview:-1\" \/>\n<link rel=\"canonical\" href=\"https:\/\/www.aunityshop.de\/ru\/product\/vitamin-b-komplex\/\" \/>\n<meta property=\"og:locale\" content=\"ru_RU\" \/>\n<meta property=\"og:type\" content=\"article\" \/>\n<meta property=\"og:title\" content=\"VITAMIN B-KOMPLEX - aunity Partnershop\" \/>\n<meta property=\"og:description\" content=\"NAHRUNGSERG\u00c4NZUNGSMITTEL MIT BUCHWEIZENKEIMPULVER  UNTERST\u00dcTZT DIE HAUT, DAS IMMUNSYSTEM UND EINEN NORMALEN ENERGIESTOFFWECHSEL  &nbsp;  Unterst\u00fctzt das Immunsystem und erh\u00f6ht die Eisenaufnahme\" \/>\n<meta property=\"og:url\" content=\"https:\/\/www.aunityshop.de\/ru\/product\/vitamin-b-komplex\/\" \/>\n<meta property=\"og:site_name\" content=\"aunity Partnershop\" \/>\n<meta property=\"article:modified_time\" content=\"2025-09-30T13:32:03+00:00\" \/>\n<meta property=\"og:image\" content=\"https:\/\/www.aunityshop.de\/wp-content\/uploads\/2023\/02\/B-Vitamin-Complex.jpg\" \/>\n\t<meta property=\"og:image:width\" content=\"499\" \/>\n\t<meta property=\"og:image:height\" content=\"499\" \/>\n\t<meta property=\"og:image:type\" content=\"image\/jpeg\" \/>\n<meta name=\"twitter:card\" content=\"summary_large_image\" \/>\n<script type=\"application\/ld+json\" class=\"yoast-schema-graph\">{\"@context\":\"https:\/\/schema.org\",\"@graph\":[{\"@type\":\"WebPage\",\"@id\":\"https:\/\/www.aunityshop.de\/produkt\/vitamin-b-komplex\/\",\"url\":\"https:\/\/www.aunityshop.de\/produkt\/vitamin-b-komplex\/\",\"name\":\"VITAMIN B-KOMPLEX - aunity Partnershop\",\"isPartOf\":{\"@id\":\"https:\/\/www.aunityshop.de\/#website\"},\"primaryImageOfPage\":{\"@id\":\"https:\/\/www.aunityshop.de\/produkt\/vitamin-b-komplex\/#primaryimage\"},\"image\":{\"@id\":\"https:\/\/www.aunityshop.de\/produkt\/vitamin-b-komplex\/#primaryimage\"},\"thumbnailUrl\":\"https:\/\/www.aunityshop.de\/wp-content\/uploads\/2023\/02\/B-Vitamin-Complex.jpg\",\"datePublished\":\"2023-02-18T17:06:01+00:00\",\"dateModified\":\"2025-09-30T13:32:03+00:00\",\"breadcrumb\":{\"@id\":\"https:\/\/www.aunityshop.de\/produkt\/vitamin-b-komplex\/#breadcrumb\"},\"inLanguage\":\"ru-RU\",\"potentialAction\":[{\"@type\":\"ReadAction\",\"target\":[\"https:\/\/www.aunityshop.de\/produkt\/vitamin-b-komplex\/\"]}]},{\"@type\":\"ImageObject\",\"inLanguage\":\"ru-RU\",\"@id\":\"https:\/\/www.aunityshop.de\/produkt\/vitamin-b-komplex\/#primaryimage\",\"url\":\"https:\/\/www.aunityshop.de\/wp-content\/uploads\/2023\/02\/B-Vitamin-Complex.jpg\",\"contentUrl\":\"https:\/\/www.aunityshop.de\/wp-content\/uploads\/2023\/02\/B-Vitamin-Complex.jpg\",\"width\":499,\"height\":499},{\"@type\":\"BreadcrumbList\",\"@id\":\"https:\/\/www.aunityshop.de\/produkt\/vitamin-b-komplex\/#breadcrumb\",\"itemListElement\":[{\"@type\":\"ListItem\",\"position\":1,\"name\":\"Start\",\"item\":\"https:\/\/www.aunityshop.de\/\"},{\"@type\":\"ListItem\",\"position\":2,\"name\":\"Shop\",\"item\":\"https:\/\/www.aunityshop.de\/shop\/\"},{\"@type\":\"ListItem\",\"position\":3,\"name\":\"VITAMIN B-KOMPLEX\"}]},{\"@type\":\"WebSite\",\"@id\":\"https:\/\/www.aunityshop.de\/#website\",\"url\":\"https:\/\/www.aunityshop.de\/\",\"name\":\"aunity Partnershop\",\"description\":\"Kraftvolle Gesundheit | Nahrungserg\u00e4nzung Kosmetik Aqua Balance Wasserfilter Anion Damenbinden Slipeinlagen\",\"potentialAction\":[{\"@type\":\"SearchAction\",\"target\":{\"@type\":\"EntryPoint\",\"urlTemplate\":\"https:\/\/www.aunityshop.de\/?s={search_term_string}\"},\"query-input\":{\"@type\":\"PropertyValueSpecification\",\"valueRequired\":true,\"valueName\":\"search_term_string\"}}],\"inLanguage\":\"ru-RU\"}]}<\/script>\n<!-- \/ Yoast SEO plugin. -->","yoast_head_json":{"title":"VITAMIN B-KOMPLEX - aunity Partnershop","robots":{"index":"index","follow":"follow","max-snippet":"max-snippet:-1","max-image-preview":"max-image-preview:large","max-video-preview":"max-video-preview:-1"},"canonical":"https:\/\/www.aunityshop.de\/ru\/product\/vitamin-b-komplex\/","og_locale":"ru_RU","og_type":"article","og_title":"VITAMIN B-KOMPLEX - aunity Partnershop","og_description":"NAHRUNGSERG\u00c4NZUNGSMITTEL MIT BUCHWEIZENKEIMPULVER  UNTERST\u00dcTZT DIE HAUT, DAS IMMUNSYSTEM UND EINEN NORMALEN ENERGIESTOFFWECHSEL  &nbsp;  Unterst\u00fctzt das Immunsystem und erh\u00f6ht die Eisenaufnahme","og_url":"https:\/\/www.aunityshop.de\/ru\/product\/vitamin-b-komplex\/","og_site_name":"aunity Partnershop","article_modified_time":"2025-09-30T13:32:03+00:00","og_image":[{"width":499,"height":499,"url":"https:\/\/www.aunityshop.de\/wp-content\/uploads\/2023\/02\/B-Vitamin-Complex.jpg","type":"image\/jpeg"}],"twitter_card":"summary_large_image","schema":{"@context":"https:\/\/schema.org","@graph":[{"@type":"WebPage","@id":"https:\/\/www.aunityshop.de\/produkt\/vitamin-b-komplex\/","url":"https:\/\/www.aunityshop.de\/produkt\/vitamin-b-komplex\/","name":"VITAMIN B-KOMPLEX - aunity Partnershop","isPartOf":{"@id":"https:\/\/www.aunityshop.de\/#website"},"primaryImageOfPage":{"@id":"https:\/\/www.aunityshop.de\/produkt\/vitamin-b-komplex\/#primaryimage"},"image":{"@id":"https:\/\/www.aunityshop.de\/produkt\/vitamin-b-komplex\/#primaryimage"},"thumbnailUrl":"https:\/\/www.aunityshop.de\/wp-content\/uploads\/2023\/02\/B-Vitamin-Complex.jpg","datePublished":"2023-02-18T17:06:01+00:00","dateModified":"2025-09-30T13:32:03+00:00","breadcrumb":{"@id":"https:\/\/www.aunityshop.de\/produkt\/vitamin-b-komplex\/#breadcrumb"},"inLanguage":"ru-RU","potentialAction":[{"@type":"ReadAction","target":["https:\/\/www.aunityshop.de\/produkt\/vitamin-b-komplex\/"]}]},{"@type":"ImageObject","inLanguage":"ru-RU","@id":"https:\/\/www.aunityshop.de\/produkt\/vitamin-b-komplex\/#primaryimage","url":"https:\/\/www.aunityshop.de\/wp-content\/uploads\/2023\/02\/B-Vitamin-Complex.jpg","contentUrl":"https:\/\/www.aunityshop.de\/wp-content\/uploads\/2023\/02\/B-Vitamin-Complex.jpg","width":499,"height":499},{"@type":"BreadcrumbList","@id":"https:\/\/www.aunityshop.de\/produkt\/vitamin-b-komplex\/#breadcrumb","itemListElement":[{"@type":"ListItem","position":1,"name":"Start","item":"https:\/\/www.aunityshop.de\/"},{"@type":"ListItem","position":2,"name":"Shop","item":"https:\/\/www.aunityshop.de\/shop\/"},{"@type":"ListItem","position":3,"name":"VITAMIN B-KOMPLEX"}]},{"@type":"WebSite","@id":"https:\/\/www.aunityshop.de\/#website","url":"https:\/\/www.aunityshop.de\/","name":"aunity Partnershop","description":"Kraftvolle Gesundheit | Nahrungserg\u00e4nzung Kosmetik Aqua Balance Wasserfilter Anion Damenbinden Slipeinlagen","potentialAction":[{"@type":"SearchAction","target":{"@type":"EntryPoint","urlTemplate":"https:\/\/www.aunityshop.de\/?s={search_term_string}"},"query-input":{"@type":"PropertyValueSpecification","valueRequired":true,"valueName":"search_term_string"}}],"inLanguage":"ru-RU"}]}},"_links":{"self":[{"href":"https:\/\/www.aunityshop.de\/ru\/wp-json\/wp\/v2\/product\/3749","targetHints":{"allow":["GET"]}}],"collection":[{"href":"https:\/\/www.aunityshop.de\/ru\/wp-json\/wp\/v2\/product"}],"about":[{"href":"https:\/\/www.aunityshop.de\/ru\/wp-json\/wp\/v2\/types\/product"}],"wp:featuredmedia":[{"embeddable":true,"href":"https:\/\/www.aunityshop.de\/ru\/wp-json\/wp\/v2\/media\/3750"}],"wp:attachment":[{"href":"https:\/\/www.aunityshop.de\/ru\/wp-json\/wp\/v2\/media?parent=3749"}],"wp:term":[{"taxonomy":"product_brand","embeddable":true,"href":"https:\/\/www.aunityshop.de\/ru\/wp-json\/wp\/v2\/product_brand?post=3749"},{"taxonomy":"product_cat","embeddable":true,"href":"https:\/\/www.aunityshop.de\/ru\/wp-json\/wp\/v2\/product_cat?post=3749"},{"taxonomy":"product_tag","embeddable":true,"href":"https:\/\/www.aunityshop.de\/ru\/wp-json\/wp\/v2\/product_tag?post=3749"}],"curies":[{"name":"wp","href":"https:\/\/api.w.org\/{rel}","templated":true}]}}