{"id":3776,"date":"2023-04-20T21:01:55","date_gmt":"2023-04-20T19:01:55","guid":{"rendered":"http:\/\/dev.aunityshop.de\/?post_type=product&#038;p=3776"},"modified":"2025-09-30T15:35:38","modified_gmt":"2025-09-30T13:35:38","slug":"bio-gerstengras-pulver","status":"publish","type":"product","link":"https:\/\/www.aunityshop.de\/ru\/product\/bio-gerstengras-pulver\/","title":{"rendered":"\u041e\u0420\u0413\u0410\u041d\u0418\u0427\u0415\u0421\u041a\u0418\u0419 \u041f\u041e\u0420\u041e\u0428\u041e\u041a \u042f\u0427\u041c\u0415\u041d\u041d\u041e\u0419 \u0413\u0420\u0410\u0421\u0421\u042b \/ \u041e\u0420\u0413\u0410\u041d\u0418\u0427\u0415\u0421\u041a\u0418\u0419 \u041f\u041e\u0420\u041e\u0428\u041e\u041a \u042f\u0427\u041c\u0415\u041d\u041d\u041e\u0419 \u0413\u0420\u0410\u0421\u0421\u042b"},"content":{"rendered":"<p>\u041e\u0440\u0433\u0430\u043d\u0438\u0447\u0435\u0441\u043a\u0438\u0439 \u043f\u043e\u0440\u043e\u0448\u043e\u043a \u0442\u0440\u0430\u0432\u044b \u044f\u0447\u043c\u0435\u043d\u044f aunity \u0438\u0437\u0433\u043e\u0442\u0430\u0432\u043b\u0438\u0432\u0430\u0435\u0442\u0441\u044f \u0438\u0437 \u043c\u043e\u043b\u043e\u0434\u044b\u0445 \u0437\u0435\u043b\u0435\u043d\u044b\u0445 \u0440\u0430\u0441\u0442\u0435\u043d\u0438\u0439 \u044f\u0447\u043c\u0435\u043d\u044f (\u043f\u043e\u0431\u0435\u0433\u043e\u0432) \u0438 \u0441\u0447\u0438\u0442\u0430\u0435\u0442\u0441\u044f \u0446\u0435\u043d\u043d\u044b\u043c \u0438\u0441\u0442\u043e\u0447\u043d\u0438\u043a\u043e\u043c \u043f\u0438\u0442\u0430\u043d\u0438\u044f \u0434\u043b\u044f \u0447\u0435\u043b\u043e\u0432\u0435\u0447\u0435\u0441\u043a\u043e\u0433\u043e \u043e\u0440\u0433\u0430\u043d\u0438\u0437\u043c\u0430. \u041e\u043d \u0441\u043e\u0434\u0435\u0440\u0436\u0438\u0442 \u043c\u043d\u043e\u0436\u0435\u0441\u0442\u0432\u043e \u043f\u0438\u0442\u0430\u0442\u0435\u043b\u044c\u043d\u044b\u0445 \u0432\u0435\u0449\u0435\u0441\u0442\u0432, \u0442\u0430\u043a\u0438\u0445 \u043a\u0430\u043a \u0432\u0438\u0442\u0430\u043c\u0438\u043d\u044b \u0410, \u0421, \u0415, \u041a, \u0430 \u0442\u0430\u043a\u0436\u0435 \u0440\u0430\u0437\u043b\u0438\u0447\u043d\u044b\u0435 \u0432\u0438\u0442\u0430\u043c\u0438\u043d\u044b \u0433\u0440\u0443\u043f\u043f\u044b \u0412, \u043c\u0438\u043d\u0435\u0440\u0430\u043b\u044b, \u0442\u0430\u043a\u0438\u0435 \u043a\u0430\u043a \u043a\u0430\u043b\u044c\u0446\u0438\u0439, \u0436\u0435\u043b\u0435\u0437\u043e, \u043c\u0430\u0433\u043d\u0438\u0439, \u043a\u0430\u043b\u0438\u0439, \u0446\u0438\u043d\u043a \u0438 \u043c\u0430\u0440\u0433\u0430\u043d\u0435\u0446, \u0430 \u0442\u0430\u043a\u0436\u0435 \u043c\u043d\u043e\u0436\u0435\u0441\u0442\u0432\u043e \u0432\u0430\u0436\u043d\u044b\u0445 \u0444\u0435\u0440\u043c\u0435\u043d\u0442\u043e\u0432 \u0438 \u0430\u043d\u0442\u0438\u043e\u043a\u0441\u0438\u0434\u0430\u043d\u0442\u043e\u0432.<\/p>","protected":false},"excerpt":{"rendered":"<p>\u041e\u0440\u0433\u0430\u043d\u0438\u0447\u0435\u0441\u043a\u0438\u0439 \u043f\u043e\u0440\u043e\u0448\u043e\u043a \u0442\u0440\u0430\u0432\u044b \u044f\u0447\u043c\u0435\u043d\u044f aunity \u0438\u0437\u0433\u043e\u0442\u0430\u0432\u043b\u0438\u0432\u0430\u0435\u0442\u0441\u044f \u0438\u0437 \u043c\u043e\u043b\u043e\u0434\u044b\u0445 \u0437\u0435\u043b\u0435\u043d\u044b\u0445 \u0440\u0430\u0441\u0442\u0435\u043d\u0438\u0439 \u044f\u0447\u043c\u0435\u043d\u044f (\u043f\u043e\u0431\u0435\u0433\u043e\u0432) \u0438 \u0441\u0447\u0438\u0442\u0430\u0435\u0442\u0441\u044f \u0446\u0435\u043d\u043d\u044b\u043c \u0438\u0441\u0442\u043e\u0447\u043d\u0438\u043a\u043e\u043c \u043f\u0438\u0442\u0430\u043d\u0438\u044f \u0434\u043b\u044f \u0447\u0435\u043b\u043e\u0432\u0435\u0447\u0435\u0441\u043a\u043e\u0433\u043e \u043e\u0440\u0433\u0430\u043d\u0438\u0437\u043c\u0430. \u041e\u043d \u0441\u043e\u0434\u0435\u0440\u0436\u0438\u0442 \u043c\u043d\u043e\u0436\u0435\u0441\u0442\u0432\u043e \u043f\u0438\u0442\u0430\u0442\u0435\u043b\u044c\u043d\u044b\u0445 \u0432\u0435\u0449\u0435\u0441\u0442\u0432, \u0442\u0430\u043a\u0438\u0445 \u043a\u0430\u043a \u0432\u0438\u0442\u0430\u043c\u0438\u043d\u044b \u0410, \u0421, \u0415, \u041a, \u0430 \u0442\u0430\u043a\u0436\u0435 \u0440\u0430\u0437\u043b\u0438\u0447\u043d\u044b\u0435 \u0432\u0438\u0442\u0430\u043c\u0438\u043d\u044b \u0433\u0440\u0443\u043f\u043f\u044b \u0412, \u043c\u0438\u043d\u0435\u0440\u0430\u043b\u044b, \u0442\u0430\u043a\u0438\u0435 \u043a\u0430\u043a \u043a\u0430\u043b\u044c\u0446\u0438\u0439, \u0436\u0435\u043b\u0435\u0437\u043e, \u043c\u0430\u0433\u043d\u0438\u0439, \u043a\u0430\u043b\u0438\u0439, \u0446\u0438\u043d\u043a \u0438 \u043c\u0430\u0440\u0433\u0430\u043d\u0435\u0446, \u0430 \u0442\u0430\u043a\u0436\u0435 \u043c\u043d\u043e\u0436\u0435\u0441\u0442\u0432\u043e \u0432\u0430\u0436\u043d\u044b\u0445 \u0444\u0435\u0440\u043c\u0435\u043d\u0442\u043e\u0432 \u0438 \u0430\u043d\u0442\u0438\u043e\u043a\u0441\u0438\u0434\u0430\u043d\u0442\u043e\u0432.<\/p>\n<p><img loading=\"lazy\" decoding=\"async\" class=\"alignnone size-full wp-image-2560\" src=\"http:\/\/dev.aunityshop.de\/wp-content\/uploads\/2014\/08\/madeingermany-1.png\" alt=\"nahrungserg\u00e4nzungsmittel made in germany 100% nat\u00fcrlich qualit\u00e4t\" width=\"150\" height=\"56\" \/><\/p>","protected":false},"featured_media":3777,"template":"","meta":[],"product_brand":[],"product_cat":[66],"product_tag":[],"class_list":{"0":"post-3776","1":"product","2":"type-product","3":"status-publish","4":"has-post-thumbnail","6":"product_cat-nahrungsergaenzung","7":"description-off","9":"first","10":"instock","11":"taxable","12":"shipping-taxable","13":"purchasable","14":"product-type-simple"},"yoast_head":"<!-- This site is optimized with the Yoast SEO plugin v27.2 - https:\/\/yoast.com\/product\/yoast-seo-wordpress\/ -->\n<title>BIO-GERSTENGRAS PULVER \/ ORGANIC BARLEYGRASSPOWDER - aunity Partnershop<\/title>\n<meta name=\"robots\" content=\"index, follow, max-snippet:-1, max-image-preview:large, max-video-preview:-1\" \/>\n<link rel=\"canonical\" href=\"https:\/\/www.aunityshop.de\/ru\/product\/bio-gerstengras-pulver\/\" \/>\n<meta property=\"og:locale\" content=\"ru_RU\" \/>\n<meta property=\"og:type\" content=\"article\" \/>\n<meta property=\"og:title\" content=\"BIO-GERSTENGRAS PULVER \/ ORGANIC BARLEYGRASSPOWDER - aunity Partnershop\" \/>\n<meta property=\"og:description\" content=\"aunity Bio Gerstengras Pulver wird aus jungen, gr\u00fcnen Gerstenpflanzen (den Trieben) hergestellt und gilt als eine wertvolle Nahrungsquelle f\u00fcr den menschlichen K\u00f6rper. Es enth\u00e4lt eine Vielzahl an N\u00e4hrstoffen wie Vitamin A, C, E, K, sowie verschiedene B-Vitamine, Mineralstoffe wie Kalzium, Eisen, Magnesium, Kalium, Zink und Mangan sowie viele wichtige Enzyme und Antioxidantien\" \/>\n<meta property=\"og:url\" content=\"https:\/\/www.aunityshop.de\/ru\/product\/bio-gerstengras-pulver\/\" \/>\n<meta property=\"og:site_name\" content=\"aunity Partnershop\" \/>\n<meta property=\"article:modified_time\" content=\"2025-09-30T13:35:38+00:00\" \/>\n<meta property=\"og:image\" content=\"https:\/\/www.aunityshop.de\/wp-content\/uploads\/2023\/04\/1680081270_7217__20_medium.png\" \/>\n\t<meta property=\"og:image:width\" content=\"500\" \/>\n\t<meta property=\"og:image:height\" content=\"500\" \/>\n\t<meta property=\"og:image:type\" content=\"image\/png\" \/>\n<meta name=\"twitter:card\" content=\"summary_large_image\" \/>\n<script type=\"application\/ld+json\" class=\"yoast-schema-graph\">{\"@context\":\"https:\/\/schema.org\",\"@graph\":[{\"@type\":\"WebPage\",\"@id\":\"https:\/\/www.aunityshop.de\/produkt\/bio-gerstengras-pulver\/\",\"url\":\"https:\/\/www.aunityshop.de\/produkt\/bio-gerstengras-pulver\/\",\"name\":\"BIO-GERSTENGRAS PULVER \/ ORGANIC BARLEYGRASSPOWDER - aunity Partnershop\",\"isPartOf\":{\"@id\":\"https:\/\/www.aunityshop.de\/#website\"},\"primaryImageOfPage\":{\"@id\":\"https:\/\/www.aunityshop.de\/produkt\/bio-gerstengras-pulver\/#primaryimage\"},\"image\":{\"@id\":\"https:\/\/www.aunityshop.de\/produkt\/bio-gerstengras-pulver\/#primaryimage\"},\"thumbnailUrl\":\"https:\/\/www.aunityshop.de\/wp-content\/uploads\/2023\/04\/1680081270_7217__20_medium.png\",\"datePublished\":\"2023-04-20T19:01:55+00:00\",\"dateModified\":\"2025-09-30T13:35:38+00:00\",\"breadcrumb\":{\"@id\":\"https:\/\/www.aunityshop.de\/produkt\/bio-gerstengras-pulver\/#breadcrumb\"},\"inLanguage\":\"ru-RU\",\"potentialAction\":[{\"@type\":\"ReadAction\",\"target\":[\"https:\/\/www.aunityshop.de\/produkt\/bio-gerstengras-pulver\/\"]}]},{\"@type\":\"ImageObject\",\"inLanguage\":\"ru-RU\",\"@id\":\"https:\/\/www.aunityshop.de\/produkt\/bio-gerstengras-pulver\/#primaryimage\",\"url\":\"https:\/\/www.aunityshop.de\/wp-content\/uploads\/2023\/04\/1680081270_7217__20_medium.png\",\"contentUrl\":\"https:\/\/www.aunityshop.de\/wp-content\/uploads\/2023\/04\/1680081270_7217__20_medium.png\",\"width\":500,\"height\":500},{\"@type\":\"BreadcrumbList\",\"@id\":\"https:\/\/www.aunityshop.de\/produkt\/bio-gerstengras-pulver\/#breadcrumb\",\"itemListElement\":[{\"@type\":\"ListItem\",\"position\":1,\"name\":\"Start\",\"item\":\"https:\/\/www.aunityshop.de\/\"},{\"@type\":\"ListItem\",\"position\":2,\"name\":\"Shop\",\"item\":\"https:\/\/www.aunityshop.de\/shop\/\"},{\"@type\":\"ListItem\",\"position\":3,\"name\":\"BIO-GERSTENGRAS PULVER \/ ORGANIC BARLEYGRASSPOWDER\"}]},{\"@type\":\"WebSite\",\"@id\":\"https:\/\/www.aunityshop.de\/#website\",\"url\":\"https:\/\/www.aunityshop.de\/\",\"name\":\"aunity Partnershop\",\"description\":\"Kraftvolle Gesundheit | Nahrungserg\u00e4nzung Kosmetik Aqua Balance Wasserfilter Anion Damenbinden Slipeinlagen\",\"potentialAction\":[{\"@type\":\"SearchAction\",\"target\":{\"@type\":\"EntryPoint\",\"urlTemplate\":\"https:\/\/www.aunityshop.de\/?s={search_term_string}\"},\"query-input\":{\"@type\":\"PropertyValueSpecification\",\"valueRequired\":true,\"valueName\":\"search_term_string\"}}],\"inLanguage\":\"ru-RU\"}]}<\/script>\n<!-- \/ Yoast SEO plugin. -->","yoast_head_json":{"title":"BIO-GERSTENGRAS PULVER \/ ORGANIC BARLEYGRASSPOWDER - aunity Partnershop","robots":{"index":"index","follow":"follow","max-snippet":"max-snippet:-1","max-image-preview":"max-image-preview:large","max-video-preview":"max-video-preview:-1"},"canonical":"https:\/\/www.aunityshop.de\/ru\/product\/bio-gerstengras-pulver\/","og_locale":"ru_RU","og_type":"article","og_title":"BIO-GERSTENGRAS PULVER \/ ORGANIC BARLEYGRASSPOWDER - aunity Partnershop","og_description":"aunity Bio Gerstengras Pulver wird aus jungen, gr\u00fcnen Gerstenpflanzen (den Trieben) hergestellt und gilt als eine wertvolle Nahrungsquelle f\u00fcr den menschlichen K\u00f6rper. Es enth\u00e4lt eine Vielzahl an N\u00e4hrstoffen wie Vitamin A, C, E, K, sowie verschiedene B-Vitamine, Mineralstoffe wie Kalzium, Eisen, Magnesium, Kalium, Zink und Mangan sowie viele wichtige Enzyme und Antioxidantien","og_url":"https:\/\/www.aunityshop.de\/ru\/product\/bio-gerstengras-pulver\/","og_site_name":"aunity Partnershop","article_modified_time":"2025-09-30T13:35:38+00:00","og_image":[{"width":500,"height":500,"url":"https:\/\/www.aunityshop.de\/wp-content\/uploads\/2023\/04\/1680081270_7217__20_medium.png","type":"image\/png"}],"twitter_card":"summary_large_image","schema":{"@context":"https:\/\/schema.org","@graph":[{"@type":"WebPage","@id":"https:\/\/www.aunityshop.de\/produkt\/bio-gerstengras-pulver\/","url":"https:\/\/www.aunityshop.de\/produkt\/bio-gerstengras-pulver\/","name":"BIO-GERSTENGRAS PULVER \/ ORGANIC BARLEYGRASSPOWDER - aunity Partnershop","isPartOf":{"@id":"https:\/\/www.aunityshop.de\/#website"},"primaryImageOfPage":{"@id":"https:\/\/www.aunityshop.de\/produkt\/bio-gerstengras-pulver\/#primaryimage"},"image":{"@id":"https:\/\/www.aunityshop.de\/produkt\/bio-gerstengras-pulver\/#primaryimage"},"thumbnailUrl":"https:\/\/www.aunityshop.de\/wp-content\/uploads\/2023\/04\/1680081270_7217__20_medium.png","datePublished":"2023-04-20T19:01:55+00:00","dateModified":"2025-09-30T13:35:38+00:00","breadcrumb":{"@id":"https:\/\/www.aunityshop.de\/produkt\/bio-gerstengras-pulver\/#breadcrumb"},"inLanguage":"ru-RU","potentialAction":[{"@type":"ReadAction","target":["https:\/\/www.aunityshop.de\/produkt\/bio-gerstengras-pulver\/"]}]},{"@type":"ImageObject","inLanguage":"ru-RU","@id":"https:\/\/www.aunityshop.de\/produkt\/bio-gerstengras-pulver\/#primaryimage","url":"https:\/\/www.aunityshop.de\/wp-content\/uploads\/2023\/04\/1680081270_7217__20_medium.png","contentUrl":"https:\/\/www.aunityshop.de\/wp-content\/uploads\/2023\/04\/1680081270_7217__20_medium.png","width":500,"height":500},{"@type":"BreadcrumbList","@id":"https:\/\/www.aunityshop.de\/produkt\/bio-gerstengras-pulver\/#breadcrumb","itemListElement":[{"@type":"ListItem","position":1,"name":"Start","item":"https:\/\/www.aunityshop.de\/"},{"@type":"ListItem","position":2,"name":"Shop","item":"https:\/\/www.aunityshop.de\/shop\/"},{"@type":"ListItem","position":3,"name":"BIO-GERSTENGRAS PULVER \/ ORGANIC BARLEYGRASSPOWDER"}]},{"@type":"WebSite","@id":"https:\/\/www.aunityshop.de\/#website","url":"https:\/\/www.aunityshop.de\/","name":"aunity Partnershop","description":"Kraftvolle Gesundheit | Nahrungserg\u00e4nzung Kosmetik Aqua Balance Wasserfilter Anion Damenbinden Slipeinlagen","potentialAction":[{"@type":"SearchAction","target":{"@type":"EntryPoint","urlTemplate":"https:\/\/www.aunityshop.de\/?s={search_term_string}"},"query-input":{"@type":"PropertyValueSpecification","valueRequired":true,"valueName":"search_term_string"}}],"inLanguage":"ru-RU"}]}},"_links":{"self":[{"href":"https:\/\/www.aunityshop.de\/ru\/wp-json\/wp\/v2\/product\/3776","targetHints":{"allow":["GET"]}}],"collection":[{"href":"https:\/\/www.aunityshop.de\/ru\/wp-json\/wp\/v2\/product"}],"about":[{"href":"https:\/\/www.aunityshop.de\/ru\/wp-json\/wp\/v2\/types\/product"}],"wp:featuredmedia":[{"embeddable":true,"href":"https:\/\/www.aunityshop.de\/ru\/wp-json\/wp\/v2\/media\/3777"}],"wp:attachment":[{"href":"https:\/\/www.aunityshop.de\/ru\/wp-json\/wp\/v2\/media?parent=3776"}],"wp:term":[{"taxonomy":"product_brand","embeddable":true,"href":"https:\/\/www.aunityshop.de\/ru\/wp-json\/wp\/v2\/product_brand?post=3776"},{"taxonomy":"product_cat","embeddable":true,"href":"https:\/\/www.aunityshop.de\/ru\/wp-json\/wp\/v2\/product_cat?post=3776"},{"taxonomy":"product_tag","embeddable":true,"href":"https:\/\/www.aunityshop.de\/ru\/wp-json\/wp\/v2\/product_tag?post=3776"}],"curies":[{"name":"wp","href":"https:\/\/api.w.org\/{rel}","templated":true}]}}