{"id":3791,"date":"2023-04-21T00:30:31","date_gmt":"2023-04-20T22:30:31","guid":{"rendered":"http:\/\/dev.aunityshop.de\/?post_type=product&#038;p=3791"},"modified":"2025-11-18T08:43:34","modified_gmt":"2025-11-18T07:43:34","slug":"vitamin-d3-k2-mk7-10-000-ie","status":"publish","type":"product","link":"https:\/\/www.aunityshop.de\/ru\/product\/vitamin-d3-k2-mk7-10-000-ie\/","title":{"rendered":"\u0412\u0418\u0422\u0410\u041c\u0418\u041d D3 + \u041a2 \u041c\u041a7 10 000 IE"},"content":{"rendered":"<h3 class=\"black\">\u041f\u0418\u0429\u0415\u0412\u0410\u042f \u0414\u041e\u0411\u0410\u0412\u041a\u0410 \u0421 D3 + K2 MK7 10 000  IE + 200 \u041c\u0413 \u0412\u0421\u0415\u0425 \u0422\u0420\u0410\u041d\u0421 300 \u041a\u0410\u041f\u0415\u041b\u042c<\/h3>","protected":false},"excerpt":{"rendered":"<h3 class=\"black\">\u041f\u0418\u0429\u0415\u0412\u0410\u042f \u0414\u041e\u0411\u0410\u0412\u041a\u0410 \u0421 D3 + K2 MK7 10 000  IE + 200 \u041c\u0413 \u0412\u0421\u0415\u0425 \u0422\u0420\u0410\u041d\u0421 300 \u041a\u0410\u041f\u0415\u041b\u042c<\/h3>\n<h2>\u0412\u0418\u0422\u0410\u041c\u0418\u041d D3 + \u041a2 \u041c\u041a7 10 000 IE<\/h2>\n<p>300 \u043a\u0430\u043f\u0435\u043b\u044c 10 000  IE \u0432\u0438\u0442\u0430\u043c\u0438\u043d\u0430 D3 + 200 \u043c\u043a\u0433 K2 \u0432 \u0432\u044b\u0441\u043e\u043a\u043e\u043a\u0430\u0447\u0435\u0441\u0442\u0432\u0435\u043d\u043d\u043e\u043c \u043c\u0430\u0441\u043b\u0435 MCT \u043f\u0440\u0435\u043c\u0438\u0443\u043c-\u043a\u043b\u0430\u0441\u0441\u0430, \u0438\u0437\u0433\u043e\u0442\u043e\u0432\u043b\u0435\u043d\u043d\u043e\u043c \u0438\u0437 \u043a\u043e\u043a\u043e\u0441\u0430, \u0432\u044b\u0440\u0430\u0449\u0435\u043d\u043d\u043e\u0433\u043e \u0431\u0435\u0437 \u043f\u0435\u0441\u0442\u0438\u0446\u0438\u0434\u043e\u0432. 100% \u0432\u0438\u0442\u0430\u043c\u0438\u043d D3. 100% \u043f\u043e\u043b\u043d\u043e\u0441\u0442\u044c\u044e \u0442\u0440\u0430\u043d\u0441 K2 MK7 \u0432 \u0432\u0438\u0434\u0435 \u043e\u0440\u0438\u0433\u0438\u043d\u0430\u043b\u044c\u043d\u043e\u0433\u043e K2VITAL\u00ae \u043e\u0442 \u043a\u0430\u0447\u0435\u0441\u0442\u0432\u0435\u043d\u043d\u043e\u0433\u043e \u043f\u0440\u043e\u0438\u0437\u0432\u043e\u0434\u0438\u0442\u0435\u043b\u044f Kappa \u0438\u0437 \u041d\u043e\u0440\u0432\u0435\u0433\u0438\u0438. \u041e\u043f\u0442\u0438\u043c\u0430\u043b\u044c\u043d\u0430\u044f \u0431\u0438\u043e\u0434\u043e\u0441\u0442\u0443\u043f\u043d\u043e\u0441\u0442\u044c, \u0431\u0435\u0437 \u0433\u0435\u043d\u043d\u043e\u0439 \u0438\u043d\u0436\u0435\u043d\u0435\u0440\u0438\u0438, \u0444\u043b\u0430\u043a\u043e\u043d 10 \u043c\u043b \u0441\u043e \u0441\u0442\u0435\u043a\u043b\u044f\u043d\u043d\u043e\u0439 \u043f\u0438\u043f\u0435\u0442\u043a\u043e\u0439.<\/p>\n<p><img loading=\"lazy\" decoding=\"async\" class=\"alignnone size-full wp-image-2560\" src=\"http:\/\/dev.aunityshop.de\/wp-content\/uploads\/2014\/08\/madeingermany-1.png\" alt=\"nahrungserg\u00e4nzungsmittel made in germany 100% nat\u00fcrlich qualit\u00e4t\" width=\"150\" height=\"56\" \/><\/p>","protected":false},"featured_media":3792,"template":"","meta":[],"product_brand":[],"product_cat":[66],"product_tag":[],"class_list":{"0":"post-3791","1":"product","2":"type-product","3":"status-publish","4":"has-post-thumbnail","6":"product_cat-nahrungsergaenzung","7":"description-off","9":"first","10":"outofstock","11":"taxable","12":"shipping-taxable","13":"purchasable","14":"product-type-simple"},"yoast_head":"<!-- This site is optimized with the Yoast SEO plugin v27.2 - https:\/\/yoast.com\/product\/yoast-seo-wordpress\/ -->\n<title>VITAMIN D3 + K2 MK7 10.000 IE - aunity Partnershop<\/title>\n<meta name=\"robots\" content=\"index, follow, max-snippet:-1, max-image-preview:large, max-video-preview:-1\" \/>\n<link rel=\"canonical\" href=\"https:\/\/www.aunityshop.de\/ru\/product\/vitamin-d3-k2-mk7-10-000-ie\/\" \/>\n<meta property=\"og:locale\" content=\"ru_RU\" \/>\n<meta property=\"og:type\" content=\"article\" \/>\n<meta property=\"og:title\" content=\"VITAMIN D3 + K2 MK7 10.000 IE - aunity Partnershop\" \/>\n<meta property=\"og:description\" content=\"NAHRUNGSERG\u00c4NZUNGSMITTEL MIT D3 + K2 MK7 10.000 IE + 200\u039cG ALL TRANS 300 TROPFEN VITAMIN D3 + K2 MK7 10.000 IE 300 Tropfen \u00e0 10.000 IE Vitamin D3 + 200\u00b5g K2 in hochwertigem Premium-MCT-\u00d6l aus Kokos, Anbau ohne Pflanzenschutzmittel. 100%\u00a0Vitamin D3. 100% all-trans K2 MK7 als original K2VITAL\u00ae von Qualit\u00e4tshersteller Kappa aus Norwegen. Optimale Bioverf\u00fcgbarkeit, ohne Gentechnik,\u00a010ml Flasche mit Glaspipette.\" \/>\n<meta property=\"og:url\" content=\"https:\/\/www.aunityshop.de\/ru\/product\/vitamin-d3-k2-mk7-10-000-ie\/\" \/>\n<meta property=\"og:site_name\" content=\"aunity Partnershop\" \/>\n<meta property=\"article:modified_time\" content=\"2025-11-18T07:43:34+00:00\" \/>\n<meta property=\"og:image\" content=\"https:\/\/www.aunityshop.de\/wp-content\/uploads\/2023\/04\/1680103841_676__20_medium.png\" \/>\n\t<meta property=\"og:image:width\" content=\"500\" \/>\n\t<meta property=\"og:image:height\" content=\"500\" \/>\n\t<meta property=\"og:image:type\" content=\"image\/png\" \/>\n<meta name=\"twitter:card\" content=\"summary_large_image\" \/>\n<script type=\"application\/ld+json\" class=\"yoast-schema-graph\">{\"@context\":\"https:\/\/schema.org\",\"@graph\":[{\"@type\":\"WebPage\",\"@id\":\"https:\/\/www.aunityshop.de\/produkt\/vitamin-d3-k2-mk7-10-000-ie\/\",\"url\":\"https:\/\/www.aunityshop.de\/produkt\/vitamin-d3-k2-mk7-10-000-ie\/\",\"name\":\"VITAMIN D3 + K2 MK7 10.000 IE - aunity Partnershop\",\"isPartOf\":{\"@id\":\"https:\/\/www.aunityshop.de\/#website\"},\"primaryImageOfPage\":{\"@id\":\"https:\/\/www.aunityshop.de\/produkt\/vitamin-d3-k2-mk7-10-000-ie\/#primaryimage\"},\"image\":{\"@id\":\"https:\/\/www.aunityshop.de\/produkt\/vitamin-d3-k2-mk7-10-000-ie\/#primaryimage\"},\"thumbnailUrl\":\"https:\/\/www.aunityshop.de\/wp-content\/uploads\/2023\/04\/1680103841_676__20_medium.png\",\"datePublished\":\"2023-04-20T22:30:31+00:00\",\"dateModified\":\"2025-11-18T07:43:34+00:00\",\"breadcrumb\":{\"@id\":\"https:\/\/www.aunityshop.de\/produkt\/vitamin-d3-k2-mk7-10-000-ie\/#breadcrumb\"},\"inLanguage\":\"ru-RU\",\"potentialAction\":[{\"@type\":\"ReadAction\",\"target\":[\"https:\/\/www.aunityshop.de\/produkt\/vitamin-d3-k2-mk7-10-000-ie\/\"]}]},{\"@type\":\"ImageObject\",\"inLanguage\":\"ru-RU\",\"@id\":\"https:\/\/www.aunityshop.de\/produkt\/vitamin-d3-k2-mk7-10-000-ie\/#primaryimage\",\"url\":\"https:\/\/www.aunityshop.de\/wp-content\/uploads\/2023\/04\/1680103841_676__20_medium.png\",\"contentUrl\":\"https:\/\/www.aunityshop.de\/wp-content\/uploads\/2023\/04\/1680103841_676__20_medium.png\",\"width\":500,\"height\":500},{\"@type\":\"BreadcrumbList\",\"@id\":\"https:\/\/www.aunityshop.de\/produkt\/vitamin-d3-k2-mk7-10-000-ie\/#breadcrumb\",\"itemListElement\":[{\"@type\":\"ListItem\",\"position\":1,\"name\":\"Start\",\"item\":\"https:\/\/www.aunityshop.de\/\"},{\"@type\":\"ListItem\",\"position\":2,\"name\":\"Shop\",\"item\":\"https:\/\/www.aunityshop.de\/shop\/\"},{\"@type\":\"ListItem\",\"position\":3,\"name\":\"VITAMIN D3 + K2 MK7 10.000 IE\"}]},{\"@type\":\"WebSite\",\"@id\":\"https:\/\/www.aunityshop.de\/#website\",\"url\":\"https:\/\/www.aunityshop.de\/\",\"name\":\"aunity Partnershop\",\"description\":\"Kraftvolle Gesundheit | Nahrungserg\u00e4nzung Kosmetik Aqua Balance Wasserfilter Anion Damenbinden Slipeinlagen\",\"potentialAction\":[{\"@type\":\"SearchAction\",\"target\":{\"@type\":\"EntryPoint\",\"urlTemplate\":\"https:\/\/www.aunityshop.de\/?s={search_term_string}\"},\"query-input\":{\"@type\":\"PropertyValueSpecification\",\"valueRequired\":true,\"valueName\":\"search_term_string\"}}],\"inLanguage\":\"ru-RU\"}]}<\/script>\n<!-- \/ Yoast SEO plugin. -->","yoast_head_json":{"title":"VITAMIN D3 + K2 MK7 10.000 IE - aunity Partnershop","robots":{"index":"index","follow":"follow","max-snippet":"max-snippet:-1","max-image-preview":"max-image-preview:large","max-video-preview":"max-video-preview:-1"},"canonical":"https:\/\/www.aunityshop.de\/ru\/product\/vitamin-d3-k2-mk7-10-000-ie\/","og_locale":"ru_RU","og_type":"article","og_title":"VITAMIN D3 + K2 MK7 10.000 IE - aunity Partnershop","og_description":"NAHRUNGSERG\u00c4NZUNGSMITTEL MIT D3 + K2 MK7 10.000 IE + 200\u039cG ALL TRANS 300 TROPFEN VITAMIN D3 + K2 MK7 10.000 IE 300 Tropfen \u00e0 10.000 IE Vitamin D3 + 200\u00b5g K2 in hochwertigem Premium-MCT-\u00d6l aus Kokos, Anbau ohne Pflanzenschutzmittel. 100%\u00a0Vitamin D3. 100% all-trans K2 MK7 als original K2VITAL\u00ae von Qualit\u00e4tshersteller Kappa aus Norwegen. Optimale Bioverf\u00fcgbarkeit, ohne Gentechnik,\u00a010ml Flasche mit Glaspipette.","og_url":"https:\/\/www.aunityshop.de\/ru\/product\/vitamin-d3-k2-mk7-10-000-ie\/","og_site_name":"aunity Partnershop","article_modified_time":"2025-11-18T07:43:34+00:00","og_image":[{"width":500,"height":500,"url":"https:\/\/www.aunityshop.de\/wp-content\/uploads\/2023\/04\/1680103841_676__20_medium.png","type":"image\/png"}],"twitter_card":"summary_large_image","schema":{"@context":"https:\/\/schema.org","@graph":[{"@type":"WebPage","@id":"https:\/\/www.aunityshop.de\/produkt\/vitamin-d3-k2-mk7-10-000-ie\/","url":"https:\/\/www.aunityshop.de\/produkt\/vitamin-d3-k2-mk7-10-000-ie\/","name":"VITAMIN D3 + K2 MK7 10.000 IE - aunity Partnershop","isPartOf":{"@id":"https:\/\/www.aunityshop.de\/#website"},"primaryImageOfPage":{"@id":"https:\/\/www.aunityshop.de\/produkt\/vitamin-d3-k2-mk7-10-000-ie\/#primaryimage"},"image":{"@id":"https:\/\/www.aunityshop.de\/produkt\/vitamin-d3-k2-mk7-10-000-ie\/#primaryimage"},"thumbnailUrl":"https:\/\/www.aunityshop.de\/wp-content\/uploads\/2023\/04\/1680103841_676__20_medium.png","datePublished":"2023-04-20T22:30:31+00:00","dateModified":"2025-11-18T07:43:34+00:00","breadcrumb":{"@id":"https:\/\/www.aunityshop.de\/produkt\/vitamin-d3-k2-mk7-10-000-ie\/#breadcrumb"},"inLanguage":"ru-RU","potentialAction":[{"@type":"ReadAction","target":["https:\/\/www.aunityshop.de\/produkt\/vitamin-d3-k2-mk7-10-000-ie\/"]}]},{"@type":"ImageObject","inLanguage":"ru-RU","@id":"https:\/\/www.aunityshop.de\/produkt\/vitamin-d3-k2-mk7-10-000-ie\/#primaryimage","url":"https:\/\/www.aunityshop.de\/wp-content\/uploads\/2023\/04\/1680103841_676__20_medium.png","contentUrl":"https:\/\/www.aunityshop.de\/wp-content\/uploads\/2023\/04\/1680103841_676__20_medium.png","width":500,"height":500},{"@type":"BreadcrumbList","@id":"https:\/\/www.aunityshop.de\/produkt\/vitamin-d3-k2-mk7-10-000-ie\/#breadcrumb","itemListElement":[{"@type":"ListItem","position":1,"name":"Start","item":"https:\/\/www.aunityshop.de\/"},{"@type":"ListItem","position":2,"name":"Shop","item":"https:\/\/www.aunityshop.de\/shop\/"},{"@type":"ListItem","position":3,"name":"VITAMIN D3 + K2 MK7 10.000 IE"}]},{"@type":"WebSite","@id":"https:\/\/www.aunityshop.de\/#website","url":"https:\/\/www.aunityshop.de\/","name":"aunity Partnershop","description":"Kraftvolle Gesundheit | Nahrungserg\u00e4nzung Kosmetik Aqua Balance Wasserfilter Anion Damenbinden Slipeinlagen","potentialAction":[{"@type":"SearchAction","target":{"@type":"EntryPoint","urlTemplate":"https:\/\/www.aunityshop.de\/?s={search_term_string}"},"query-input":{"@type":"PropertyValueSpecification","valueRequired":true,"valueName":"search_term_string"}}],"inLanguage":"ru-RU"}]}},"_links":{"self":[{"href":"https:\/\/www.aunityshop.de\/ru\/wp-json\/wp\/v2\/product\/3791","targetHints":{"allow":["GET"]}}],"collection":[{"href":"https:\/\/www.aunityshop.de\/ru\/wp-json\/wp\/v2\/product"}],"about":[{"href":"https:\/\/www.aunityshop.de\/ru\/wp-json\/wp\/v2\/types\/product"}],"wp:featuredmedia":[{"embeddable":true,"href":"https:\/\/www.aunityshop.de\/ru\/wp-json\/wp\/v2\/media\/3792"}],"wp:attachment":[{"href":"https:\/\/www.aunityshop.de\/ru\/wp-json\/wp\/v2\/media?parent=3791"}],"wp:term":[{"taxonomy":"product_brand","embeddable":true,"href":"https:\/\/www.aunityshop.de\/ru\/wp-json\/wp\/v2\/product_brand?post=3791"},{"taxonomy":"product_cat","embeddable":true,"href":"https:\/\/www.aunityshop.de\/ru\/wp-json\/wp\/v2\/product_cat?post=3791"},{"taxonomy":"product_tag","embeddable":true,"href":"https:\/\/www.aunityshop.de\/ru\/wp-json\/wp\/v2\/product_tag?post=3791"}],"curies":[{"name":"wp","href":"https:\/\/api.w.org\/{rel}","templated":true}]}}