{"id":3795,"date":"2023-04-21T00:54:21","date_gmt":"2023-04-20T22:54:21","guid":{"rendered":"http:\/\/dev.aunityshop.de\/?post_type=product&#038;p=3795"},"modified":"2024-05-28T17:23:45","modified_gmt":"2024-05-28T15:23:45","slug":"aqua-balance-3-cm-filter","status":"publish","type":"product","link":"https:\/\/www.aunityshop.de\/ru\/product\/aqua-balance-3-cm-filter\/","title":{"rendered":"AQUA BALANCE 3 CM FILTER"},"content":{"rendered":"<h3 class=\"black\">AQUALEN \u00ae &#8211; AKTIVKOHLEBLOCK MIT HOHLFASER-MEMBRANE MIT KEIMSPERRE (BAKTERIENR\u00dcCKHALT)<\/h3>","protected":false},"excerpt":{"rendered":"<h1>AQUA BALANCE 3 CM FILTER<\/h1>\n<h3 class=\"black\">AQUALEN \u00ae &#8211; AKTIVKOHLEBLOCK MIT HOHLFASER-MEMBRANE MIT KEIMSPERRE (BAKTERIENR\u00dcCKHALT)<\/h3>\n<p>AKTIVKOHLEBLOCK UND\u00a0MIKROMEMBRANEFILTER<\/p>\n<p>In der ersten Stufe erfolgt eine Vorfiltration\u00a0(Adsorption) mit einem AQUALEN \u00ae &#8211; Aktivkohleblock\u00a0gefolgt von einer Hohlfaser-Membrane, die als\u00a0Keimsperre dient (Bakterienr\u00fcckhalt) und\u00a0mikrobiologisch einwandfreies Wasser liefert.<\/p>\n<ul>\n<li>Einfach zu benutzen und zu wechseln<\/li>\n<li>Hoher Durchsatz und hervorragende R\u00fcckhaltewerte<\/li>\n<li>Zur Verwendung in Wasseraufbereitungssystemen zur Bereitstellung von sauberem Trinkwasser<\/li>\n<li>Der Filter kann als Vor- oder Nachfilter oder f\u00fcr\u00a0sich alleine betrieben werden<\/li>\n<li>Herstellung von Trinkwasser f\u00fcr den Hausgebrauch<\/li>\n<li>Model: AQUA BALANCE III &#8211; CM<\/li>\n<li>Filter Typ:\u00a0Aktivkohleblock+Mikromembrane<\/li>\n<li>Wassertemperatur: bis 40\u00baC<\/li>\n<li>Maximaler Wasserdruck: 6,3 BAR \/ 91,4 psi<\/li>\n<li>Filterfeinheit AK-Block: 0,8 \u03bcm<\/li>\n<li>Filterfeinheit Mikromembrane: 0,1 \u03bcm<\/li>\n<li>Oberfl\u00e4chengr\u00f6\u00dfe Mikromembrane: 0,75 m2<\/li>\n<\/ul>\n<h2><img loading=\"lazy\" decoding=\"async\" class=\"alignnone size-full wp-image-2560\" style=\"font-size: 16px;\" src=\"http:\/\/dev.aunityshop.de\/wp-content\/uploads\/2014\/08\/madeingermany-1.png\" alt=\"nahrungserg\u00e4nzungsmittel made in germany 100% nat\u00fcrlich qualit\u00e4t\" width=\"150\" height=\"56\" \/><\/h2>","protected":false},"featured_media":3796,"template":"","meta":[],"product_brand":[],"product_cat":[69],"product_tag":[],"class_list":{"0":"post-3795","1":"product","2":"type-product","3":"status-publish","4":"has-post-thumbnail","6":"product_cat-aqua-balance","7":"description-off","9":"first","10":"instock","11":"taxable","12":"shipping-taxable","13":"purchasable","14":"product-type-simple"},"yoast_head":"<!-- This site is optimized with the Yoast SEO plugin v27.2 - https:\/\/yoast.com\/product\/yoast-seo-wordpress\/ -->\n<title>AQUA BALANCE 3 CM FILTER - aunity Partnershop<\/title>\n<meta name=\"robots\" content=\"index, follow, max-snippet:-1, max-image-preview:large, max-video-preview:-1\" \/>\n<link rel=\"canonical\" href=\"https:\/\/www.aunityshop.de\/ru\/product\/aqua-balance-3-cm-filter\/\" \/>\n<meta property=\"og:locale\" content=\"ru_RU\" \/>\n<meta property=\"og:type\" content=\"article\" \/>\n<meta property=\"og:title\" content=\"AQUA BALANCE 3 CM FILTER - aunity Partnershop\" \/>\n<meta property=\"og:description\" content=\"AQUA BALANCE 3 CM FILTER AQUALEN \u00ae - AKTIVKOHLEBLOCK MIT HOHLFASER-MEMBRANE MIT KEIMSPERRE (BAKTERIENR\u00dcCKHALT) AKTIVKOHLEBLOCK UND\u00a0MIKROMEMBRANEFILTER  In der ersten Stufe erfolgt eine Vorfiltration\u00a0(Adsorption) mit einem AQUALEN \u00ae - Aktivkohleblock\u00a0gefolgt von einer Hohlfaser-Membrane, die als\u00a0Keimsperre dient (Bakterienr\u00fcckhalt) und\u00a0mikrobiologisch einwandfreies Wasser liefert.   Einfach zu benutzen und zu wechseln  Hoher Durchsatz und hervorragende R\u00fcckhaltewerte  Zur Verwendung in Wasseraufbereitungssystemen zur Bereitstellung von sauberem Trinkwasser  Der Filter kann als Vor- oder Nachfilter oder f\u00fcr\u00a0sich alleine betrieben werden  Herstellung von Trinkwasser f\u00fcr den Hausgebrauch  Model: AQUA BALANCE III - CM  Filter Typ:\u00a0Aktivkohleblock+Mikromembrane  Wassertemperatur: bis 40\u00baC  Maximaler Wasserdruck: 6,3 BAR \/ 91,4 psi  Filterfeinheit AK-Block: 0,8 \u03bcm  Filterfeinheit Mikromembrane: 0,1 \u03bcm  Oberfl\u00e4chengr\u00f6\u00dfe Mikromembrane: 0,75 m2\" \/>\n<meta property=\"og:url\" content=\"https:\/\/www.aunityshop.de\/ru\/product\/aqua-balance-3-cm-filter\/\" \/>\n<meta property=\"og:site_name\" content=\"aunity Partnershop\" \/>\n<meta property=\"article:modified_time\" content=\"2024-05-28T15:23:45+00:00\" \/>\n<meta property=\"og:image\" content=\"https:\/\/www.aunityshop.de\/wp-content\/uploads\/2023\/04\/1680272992_6133__20_medium.png\" \/>\n\t<meta property=\"og:image:width\" content=\"500\" \/>\n\t<meta property=\"og:image:height\" content=\"500\" \/>\n\t<meta property=\"og:image:type\" content=\"image\/png\" \/>\n<meta name=\"twitter:card\" content=\"summary_large_image\" \/>\n<script type=\"application\/ld+json\" class=\"yoast-schema-graph\">{\"@context\":\"https:\/\/schema.org\",\"@graph\":[{\"@type\":\"WebPage\",\"@id\":\"https:\/\/www.aunityshop.de\/produkt\/aqua-balance-3-cm-filter\/\",\"url\":\"https:\/\/www.aunityshop.de\/produkt\/aqua-balance-3-cm-filter\/\",\"name\":\"AQUA BALANCE 3 CM FILTER - aunity Partnershop\",\"isPartOf\":{\"@id\":\"https:\/\/www.aunityshop.de\/#website\"},\"primaryImageOfPage\":{\"@id\":\"https:\/\/www.aunityshop.de\/produkt\/aqua-balance-3-cm-filter\/#primaryimage\"},\"image\":{\"@id\":\"https:\/\/www.aunityshop.de\/produkt\/aqua-balance-3-cm-filter\/#primaryimage\"},\"thumbnailUrl\":\"https:\/\/www.aunityshop.de\/wp-content\/uploads\/2023\/04\/1680272992_6133__20_medium.png\",\"datePublished\":\"2023-04-20T22:54:21+00:00\",\"dateModified\":\"2024-05-28T15:23:45+00:00\",\"breadcrumb\":{\"@id\":\"https:\/\/www.aunityshop.de\/produkt\/aqua-balance-3-cm-filter\/#breadcrumb\"},\"inLanguage\":\"ru-RU\",\"potentialAction\":[{\"@type\":\"ReadAction\",\"target\":[\"https:\/\/www.aunityshop.de\/produkt\/aqua-balance-3-cm-filter\/\"]}]},{\"@type\":\"ImageObject\",\"inLanguage\":\"ru-RU\",\"@id\":\"https:\/\/www.aunityshop.de\/produkt\/aqua-balance-3-cm-filter\/#primaryimage\",\"url\":\"https:\/\/www.aunityshop.de\/wp-content\/uploads\/2023\/04\/1680272992_6133__20_medium.png\",\"contentUrl\":\"https:\/\/www.aunityshop.de\/wp-content\/uploads\/2023\/04\/1680272992_6133__20_medium.png\",\"width\":500,\"height\":500},{\"@type\":\"BreadcrumbList\",\"@id\":\"https:\/\/www.aunityshop.de\/produkt\/aqua-balance-3-cm-filter\/#breadcrumb\",\"itemListElement\":[{\"@type\":\"ListItem\",\"position\":1,\"name\":\"Start\",\"item\":\"https:\/\/www.aunityshop.de\/\"},{\"@type\":\"ListItem\",\"position\":2,\"name\":\"Shop\",\"item\":\"https:\/\/www.aunityshop.de\/shop\/\"},{\"@type\":\"ListItem\",\"position\":3,\"name\":\"AQUA BALANCE 3 CM FILTER\"}]},{\"@type\":\"WebSite\",\"@id\":\"https:\/\/www.aunityshop.de\/#website\",\"url\":\"https:\/\/www.aunityshop.de\/\",\"name\":\"aunity Partnershop\",\"description\":\"Kraftvolle Gesundheit | Nahrungserg\u00e4nzung Kosmetik Aqua Balance Wasserfilter Anion Damenbinden Slipeinlagen\",\"potentialAction\":[{\"@type\":\"SearchAction\",\"target\":{\"@type\":\"EntryPoint\",\"urlTemplate\":\"https:\/\/www.aunityshop.de\/?s={search_term_string}\"},\"query-input\":{\"@type\":\"PropertyValueSpecification\",\"valueRequired\":true,\"valueName\":\"search_term_string\"}}],\"inLanguage\":\"ru-RU\"}]}<\/script>\n<!-- \/ Yoast SEO plugin. -->","yoast_head_json":{"title":"AQUA BALANCE 3 CM FILTER - aunity Partnershop","robots":{"index":"index","follow":"follow","max-snippet":"max-snippet:-1","max-image-preview":"max-image-preview:large","max-video-preview":"max-video-preview:-1"},"canonical":"https:\/\/www.aunityshop.de\/ru\/product\/aqua-balance-3-cm-filter\/","og_locale":"ru_RU","og_type":"article","og_title":"AQUA BALANCE 3 CM FILTER - aunity Partnershop","og_description":"AQUA BALANCE 3 CM FILTER AQUALEN \u00ae - AKTIVKOHLEBLOCK MIT HOHLFASER-MEMBRANE MIT KEIMSPERRE (BAKTERIENR\u00dcCKHALT) AKTIVKOHLEBLOCK UND\u00a0MIKROMEMBRANEFILTER  In der ersten Stufe erfolgt eine Vorfiltration\u00a0(Adsorption) mit einem AQUALEN \u00ae - Aktivkohleblock\u00a0gefolgt von einer Hohlfaser-Membrane, die als\u00a0Keimsperre dient (Bakterienr\u00fcckhalt) und\u00a0mikrobiologisch einwandfreies Wasser liefert.   Einfach zu benutzen und zu wechseln  Hoher Durchsatz und hervorragende R\u00fcckhaltewerte  Zur Verwendung in Wasseraufbereitungssystemen zur Bereitstellung von sauberem Trinkwasser  Der Filter kann als Vor- oder Nachfilter oder f\u00fcr\u00a0sich alleine betrieben werden  Herstellung von Trinkwasser f\u00fcr den Hausgebrauch  Model: AQUA BALANCE III - CM  Filter Typ:\u00a0Aktivkohleblock+Mikromembrane  Wassertemperatur: bis 40\u00baC  Maximaler Wasserdruck: 6,3 BAR \/ 91,4 psi  Filterfeinheit AK-Block: 0,8 \u03bcm  Filterfeinheit Mikromembrane: 0,1 \u03bcm  Oberfl\u00e4chengr\u00f6\u00dfe Mikromembrane: 0,75 m2","og_url":"https:\/\/www.aunityshop.de\/ru\/product\/aqua-balance-3-cm-filter\/","og_site_name":"aunity Partnershop","article_modified_time":"2024-05-28T15:23:45+00:00","og_image":[{"width":500,"height":500,"url":"https:\/\/www.aunityshop.de\/wp-content\/uploads\/2023\/04\/1680272992_6133__20_medium.png","type":"image\/png"}],"twitter_card":"summary_large_image","schema":{"@context":"https:\/\/schema.org","@graph":[{"@type":"WebPage","@id":"https:\/\/www.aunityshop.de\/produkt\/aqua-balance-3-cm-filter\/","url":"https:\/\/www.aunityshop.de\/produkt\/aqua-balance-3-cm-filter\/","name":"AQUA BALANCE 3 CM FILTER - aunity Partnershop","isPartOf":{"@id":"https:\/\/www.aunityshop.de\/#website"},"primaryImageOfPage":{"@id":"https:\/\/www.aunityshop.de\/produkt\/aqua-balance-3-cm-filter\/#primaryimage"},"image":{"@id":"https:\/\/www.aunityshop.de\/produkt\/aqua-balance-3-cm-filter\/#primaryimage"},"thumbnailUrl":"https:\/\/www.aunityshop.de\/wp-content\/uploads\/2023\/04\/1680272992_6133__20_medium.png","datePublished":"2023-04-20T22:54:21+00:00","dateModified":"2024-05-28T15:23:45+00:00","breadcrumb":{"@id":"https:\/\/www.aunityshop.de\/produkt\/aqua-balance-3-cm-filter\/#breadcrumb"},"inLanguage":"ru-RU","potentialAction":[{"@type":"ReadAction","target":["https:\/\/www.aunityshop.de\/produkt\/aqua-balance-3-cm-filter\/"]}]},{"@type":"ImageObject","inLanguage":"ru-RU","@id":"https:\/\/www.aunityshop.de\/produkt\/aqua-balance-3-cm-filter\/#primaryimage","url":"https:\/\/www.aunityshop.de\/wp-content\/uploads\/2023\/04\/1680272992_6133__20_medium.png","contentUrl":"https:\/\/www.aunityshop.de\/wp-content\/uploads\/2023\/04\/1680272992_6133__20_medium.png","width":500,"height":500},{"@type":"BreadcrumbList","@id":"https:\/\/www.aunityshop.de\/produkt\/aqua-balance-3-cm-filter\/#breadcrumb","itemListElement":[{"@type":"ListItem","position":1,"name":"Start","item":"https:\/\/www.aunityshop.de\/"},{"@type":"ListItem","position":2,"name":"Shop","item":"https:\/\/www.aunityshop.de\/shop\/"},{"@type":"ListItem","position":3,"name":"AQUA BALANCE 3 CM FILTER"}]},{"@type":"WebSite","@id":"https:\/\/www.aunityshop.de\/#website","url":"https:\/\/www.aunityshop.de\/","name":"aunity Partnershop","description":"Kraftvolle Gesundheit | Nahrungserg\u00e4nzung Kosmetik Aqua Balance Wasserfilter Anion Damenbinden Slipeinlagen","potentialAction":[{"@type":"SearchAction","target":{"@type":"EntryPoint","urlTemplate":"https:\/\/www.aunityshop.de\/?s={search_term_string}"},"query-input":{"@type":"PropertyValueSpecification","valueRequired":true,"valueName":"search_term_string"}}],"inLanguage":"ru-RU"}]}},"_links":{"self":[{"href":"https:\/\/www.aunityshop.de\/ru\/wp-json\/wp\/v2\/product\/3795","targetHints":{"allow":["GET"]}}],"collection":[{"href":"https:\/\/www.aunityshop.de\/ru\/wp-json\/wp\/v2\/product"}],"about":[{"href":"https:\/\/www.aunityshop.de\/ru\/wp-json\/wp\/v2\/types\/product"}],"wp:featuredmedia":[{"embeddable":true,"href":"https:\/\/www.aunityshop.de\/ru\/wp-json\/wp\/v2\/media\/3796"}],"wp:attachment":[{"href":"https:\/\/www.aunityshop.de\/ru\/wp-json\/wp\/v2\/media?parent=3795"}],"wp:term":[{"taxonomy":"product_brand","embeddable":true,"href":"https:\/\/www.aunityshop.de\/ru\/wp-json\/wp\/v2\/product_brand?post=3795"},{"taxonomy":"product_cat","embeddable":true,"href":"https:\/\/www.aunityshop.de\/ru\/wp-json\/wp\/v2\/product_cat?post=3795"},{"taxonomy":"product_tag","embeddable":true,"href":"https:\/\/www.aunityshop.de\/ru\/wp-json\/wp\/v2\/product_tag?post=3795"}],"curies":[{"name":"wp","href":"https:\/\/api.w.org\/{rel}","templated":true}]}}