{"id":3798,"date":"2023-04-21T01:00:03","date_gmt":"2023-04-20T23:00:03","guid":{"rendered":"http:\/\/dev.aunityshop.de\/?post_type=product&#038;p=3798"},"modified":"2024-05-28T17:22:45","modified_gmt":"2024-05-28T15:22:45","slug":"aqua-balance-3-emph-energetisieren-mineralisieren-ph","status":"publish","type":"product","link":"https:\/\/www.aunityshop.de\/ru\/product\/aqua-balance-3-emph-energetisieren-mineralisieren-ph\/","title":{"rendered":"AQUA BALANCE 3 EMPH ENERGETISIEREN MINERALISIEREN PH"},"content":{"rendered":"<h1>AQUA BALANCE 3 EMPH ENERGETISIEREN MINERALISIEREN PH<\/h1>","protected":false},"excerpt":{"rendered":"<h1>AQUA BALANCE 3 EMPH ENERGETISIEREN MINERALISIEREN PH<\/h1>\n<h3 class=\"black\">ENERGETISIERUNG, MINERALISIERUNG UND ERH\u00d6HUNG DES PH-WERTS<\/h3>\n<p>Durch die Sp\u00fclung werden Mineralien an das gereinigte Wasser abgegeben. Das Wasser wird energetisiert und der pH-Wert wird angehoben.<\/p>\n<ul>\n<li>Einfach zu benutzen und zu wechseln<\/li>\n<li>Lange Lebensdauer (1 Jahr)<\/li>\n<li>Zur Verwendung in Wasseraufbereitungssystemen zur Energetisierung, Mineralisierung und Anhebung des pH-Wertes von sauberem Trinkwasser<\/li>\n<li>Der Filter kann als Vor- oder Nachfilter oder f\u00fcr\u00a0sich alleine betrieben werden<\/li>\n<li>Herstellung von Trinkwasser f\u00fcr den Hausgebrauch<\/li>\n<li>Model: AQUA BALANCE III &#8211; EMPH<\/li>\n<li>Wassertemperatur: bis 40\u00baC<\/li>\n<li>Maximaler Wasserdruck: 6,3 BAR \/ 91,4 psi<\/li>\n<\/ul>\n<h2><img loading=\"lazy\" decoding=\"async\" class=\"alignnone size-full wp-image-2560\" style=\"font-size: 16px;\" src=\"http:\/\/dev.aunityshop.de\/wp-content\/uploads\/2014\/08\/madeingermany-1.png\" alt=\"nahrungserg\u00e4nzungsmittel made in germany 100% nat\u00fcrlich qualit\u00e4t\" width=\"150\" height=\"56\" \/><\/h2>","protected":false},"featured_media":3799,"template":"","meta":[],"product_brand":[],"product_cat":[69],"product_tag":[],"class_list":{"0":"post-3798","1":"product","2":"type-product","3":"status-publish","4":"has-post-thumbnail","6":"product_cat-aqua-balance","7":"description-off","9":"first","10":"instock","11":"taxable","12":"shipping-taxable","13":"purchasable","14":"product-type-simple"},"yoast_head":"<!-- This site is optimized with the Yoast SEO plugin v27.2 - https:\/\/yoast.com\/product\/yoast-seo-wordpress\/ -->\n<title>AQUA BALANCE 3 EMPH ENERGETISIEREN MINERALISIEREN PH - aunity Partnershop<\/title>\n<meta name=\"robots\" content=\"index, follow, max-snippet:-1, max-image-preview:large, max-video-preview:-1\" \/>\n<link rel=\"canonical\" href=\"https:\/\/www.aunityshop.de\/ru\/product\/aqua-balance-3-emph-energetisieren-mineralisieren-ph\/\" \/>\n<meta property=\"og:locale\" content=\"ru_RU\" \/>\n<meta property=\"og:type\" content=\"article\" \/>\n<meta property=\"og:title\" content=\"AQUA BALANCE 3 EMPH ENERGETISIEREN MINERALISIEREN PH - aunity Partnershop\" \/>\n<meta property=\"og:description\" content=\"AQUA BALANCE 3 EMPH ENERGETISIEREN MINERALISIEREN PH ENERGETISIERUNG, MINERALISIERUNG UND ERH\u00d6HUNG DES PH-WERTS Durch die Sp\u00fclung werden Mineralien an das gereinigte Wasser abgegeben. Das Wasser wird energetisiert und der pH-Wert wird angehoben.   Einfach zu benutzen und zu wechseln  Lange Lebensdauer (1 Jahr)  Zur Verwendung in Wasseraufbereitungssystemen zur Energetisierung, Mineralisierung und Anhebung des pH-Wertes von sauberem Trinkwasser  Der Filter kann als Vor- oder Nachfilter oder f\u00fcr\u00a0sich alleine betrieben werden  Herstellung von Trinkwasser f\u00fcr den Hausgebrauch  Model: AQUA BALANCE III - EMPH  Wassertemperatur: bis 40\u00baC  Maximaler Wasserdruck: 6,3 BAR \/ 91,4 psi\" \/>\n<meta property=\"og:url\" content=\"https:\/\/www.aunityshop.de\/ru\/product\/aqua-balance-3-emph-energetisieren-mineralisieren-ph\/\" \/>\n<meta property=\"og:site_name\" content=\"aunity Partnershop\" \/>\n<meta property=\"article:modified_time\" content=\"2024-05-28T15:22:45+00:00\" \/>\n<meta property=\"og:image\" content=\"https:\/\/www.aunityshop.de\/wp-content\/uploads\/2023\/04\/1680272993_0452__20_medium.png\" \/>\n\t<meta property=\"og:image:width\" content=\"500\" \/>\n\t<meta property=\"og:image:height\" content=\"500\" \/>\n\t<meta property=\"og:image:type\" content=\"image\/png\" \/>\n<meta name=\"twitter:card\" content=\"summary_large_image\" \/>\n<script type=\"application\/ld+json\" class=\"yoast-schema-graph\">{\"@context\":\"https:\/\/schema.org\",\"@graph\":[{\"@type\":\"WebPage\",\"@id\":\"https:\/\/www.aunityshop.de\/produkt\/aqua-balance-3-emph-energetisieren-mineralisieren-ph\/\",\"url\":\"https:\/\/www.aunityshop.de\/produkt\/aqua-balance-3-emph-energetisieren-mineralisieren-ph\/\",\"name\":\"AQUA BALANCE 3 EMPH ENERGETISIEREN MINERALISIEREN PH - aunity Partnershop\",\"isPartOf\":{\"@id\":\"https:\/\/www.aunityshop.de\/#website\"},\"primaryImageOfPage\":{\"@id\":\"https:\/\/www.aunityshop.de\/produkt\/aqua-balance-3-emph-energetisieren-mineralisieren-ph\/#primaryimage\"},\"image\":{\"@id\":\"https:\/\/www.aunityshop.de\/produkt\/aqua-balance-3-emph-energetisieren-mineralisieren-ph\/#primaryimage\"},\"thumbnailUrl\":\"https:\/\/www.aunityshop.de\/wp-content\/uploads\/2023\/04\/1680272993_0452__20_medium.png\",\"datePublished\":\"2023-04-20T23:00:03+00:00\",\"dateModified\":\"2024-05-28T15:22:45+00:00\",\"breadcrumb\":{\"@id\":\"https:\/\/www.aunityshop.de\/produkt\/aqua-balance-3-emph-energetisieren-mineralisieren-ph\/#breadcrumb\"},\"inLanguage\":\"ru-RU\",\"potentialAction\":[{\"@type\":\"ReadAction\",\"target\":[\"https:\/\/www.aunityshop.de\/produkt\/aqua-balance-3-emph-energetisieren-mineralisieren-ph\/\"]}]},{\"@type\":\"ImageObject\",\"inLanguage\":\"ru-RU\",\"@id\":\"https:\/\/www.aunityshop.de\/produkt\/aqua-balance-3-emph-energetisieren-mineralisieren-ph\/#primaryimage\",\"url\":\"https:\/\/www.aunityshop.de\/wp-content\/uploads\/2023\/04\/1680272993_0452__20_medium.png\",\"contentUrl\":\"https:\/\/www.aunityshop.de\/wp-content\/uploads\/2023\/04\/1680272993_0452__20_medium.png\",\"width\":500,\"height\":500},{\"@type\":\"BreadcrumbList\",\"@id\":\"https:\/\/www.aunityshop.de\/produkt\/aqua-balance-3-emph-energetisieren-mineralisieren-ph\/#breadcrumb\",\"itemListElement\":[{\"@type\":\"ListItem\",\"position\":1,\"name\":\"Start\",\"item\":\"https:\/\/www.aunityshop.de\/\"},{\"@type\":\"ListItem\",\"position\":2,\"name\":\"Shop\",\"item\":\"https:\/\/www.aunityshop.de\/shop\/\"},{\"@type\":\"ListItem\",\"position\":3,\"name\":\"AQUA BALANCE 3 EMPH ENERGETISIEREN MINERALISIEREN PH\"}]},{\"@type\":\"WebSite\",\"@id\":\"https:\/\/www.aunityshop.de\/#website\",\"url\":\"https:\/\/www.aunityshop.de\/\",\"name\":\"aunity Partnershop\",\"description\":\"Kraftvolle Gesundheit | Nahrungserg\u00e4nzung Kosmetik Aqua Balance Wasserfilter Anion Damenbinden Slipeinlagen\",\"potentialAction\":[{\"@type\":\"SearchAction\",\"target\":{\"@type\":\"EntryPoint\",\"urlTemplate\":\"https:\/\/www.aunityshop.de\/?s={search_term_string}\"},\"query-input\":{\"@type\":\"PropertyValueSpecification\",\"valueRequired\":true,\"valueName\":\"search_term_string\"}}],\"inLanguage\":\"ru-RU\"}]}<\/script>\n<!-- \/ Yoast SEO plugin. -->","yoast_head_json":{"title":"AQUA BALANCE 3 EMPH ENERGETISIEREN MINERALISIEREN PH - aunity Partnershop","robots":{"index":"index","follow":"follow","max-snippet":"max-snippet:-1","max-image-preview":"max-image-preview:large","max-video-preview":"max-video-preview:-1"},"canonical":"https:\/\/www.aunityshop.de\/ru\/product\/aqua-balance-3-emph-energetisieren-mineralisieren-ph\/","og_locale":"ru_RU","og_type":"article","og_title":"AQUA BALANCE 3 EMPH ENERGETISIEREN MINERALISIEREN PH - aunity Partnershop","og_description":"AQUA BALANCE 3 EMPH ENERGETISIEREN MINERALISIEREN PH ENERGETISIERUNG, MINERALISIERUNG UND ERH\u00d6HUNG DES PH-WERTS Durch die Sp\u00fclung werden Mineralien an das gereinigte Wasser abgegeben. Das Wasser wird energetisiert und der pH-Wert wird angehoben.   Einfach zu benutzen und zu wechseln  Lange Lebensdauer (1 Jahr)  Zur Verwendung in Wasseraufbereitungssystemen zur Energetisierung, Mineralisierung und Anhebung des pH-Wertes von sauberem Trinkwasser  Der Filter kann als Vor- oder Nachfilter oder f\u00fcr\u00a0sich alleine betrieben werden  Herstellung von Trinkwasser f\u00fcr den Hausgebrauch  Model: AQUA BALANCE III - EMPH  Wassertemperatur: bis 40\u00baC  Maximaler Wasserdruck: 6,3 BAR \/ 91,4 psi","og_url":"https:\/\/www.aunityshop.de\/ru\/product\/aqua-balance-3-emph-energetisieren-mineralisieren-ph\/","og_site_name":"aunity Partnershop","article_modified_time":"2024-05-28T15:22:45+00:00","og_image":[{"width":500,"height":500,"url":"https:\/\/www.aunityshop.de\/wp-content\/uploads\/2023\/04\/1680272993_0452__20_medium.png","type":"image\/png"}],"twitter_card":"summary_large_image","schema":{"@context":"https:\/\/schema.org","@graph":[{"@type":"WebPage","@id":"https:\/\/www.aunityshop.de\/produkt\/aqua-balance-3-emph-energetisieren-mineralisieren-ph\/","url":"https:\/\/www.aunityshop.de\/produkt\/aqua-balance-3-emph-energetisieren-mineralisieren-ph\/","name":"AQUA BALANCE 3 EMPH ENERGETISIEREN MINERALISIEREN PH - aunity Partnershop","isPartOf":{"@id":"https:\/\/www.aunityshop.de\/#website"},"primaryImageOfPage":{"@id":"https:\/\/www.aunityshop.de\/produkt\/aqua-balance-3-emph-energetisieren-mineralisieren-ph\/#primaryimage"},"image":{"@id":"https:\/\/www.aunityshop.de\/produkt\/aqua-balance-3-emph-energetisieren-mineralisieren-ph\/#primaryimage"},"thumbnailUrl":"https:\/\/www.aunityshop.de\/wp-content\/uploads\/2023\/04\/1680272993_0452__20_medium.png","datePublished":"2023-04-20T23:00:03+00:00","dateModified":"2024-05-28T15:22:45+00:00","breadcrumb":{"@id":"https:\/\/www.aunityshop.de\/produkt\/aqua-balance-3-emph-energetisieren-mineralisieren-ph\/#breadcrumb"},"inLanguage":"ru-RU","potentialAction":[{"@type":"ReadAction","target":["https:\/\/www.aunityshop.de\/produkt\/aqua-balance-3-emph-energetisieren-mineralisieren-ph\/"]}]},{"@type":"ImageObject","inLanguage":"ru-RU","@id":"https:\/\/www.aunityshop.de\/produkt\/aqua-balance-3-emph-energetisieren-mineralisieren-ph\/#primaryimage","url":"https:\/\/www.aunityshop.de\/wp-content\/uploads\/2023\/04\/1680272993_0452__20_medium.png","contentUrl":"https:\/\/www.aunityshop.de\/wp-content\/uploads\/2023\/04\/1680272993_0452__20_medium.png","width":500,"height":500},{"@type":"BreadcrumbList","@id":"https:\/\/www.aunityshop.de\/produkt\/aqua-balance-3-emph-energetisieren-mineralisieren-ph\/#breadcrumb","itemListElement":[{"@type":"ListItem","position":1,"name":"Start","item":"https:\/\/www.aunityshop.de\/"},{"@type":"ListItem","position":2,"name":"Shop","item":"https:\/\/www.aunityshop.de\/shop\/"},{"@type":"ListItem","position":3,"name":"AQUA BALANCE 3 EMPH ENERGETISIEREN MINERALISIEREN PH"}]},{"@type":"WebSite","@id":"https:\/\/www.aunityshop.de\/#website","url":"https:\/\/www.aunityshop.de\/","name":"aunity Partnershop","description":"Kraftvolle Gesundheit | Nahrungserg\u00e4nzung Kosmetik Aqua Balance Wasserfilter Anion Damenbinden Slipeinlagen","potentialAction":[{"@type":"SearchAction","target":{"@type":"EntryPoint","urlTemplate":"https:\/\/www.aunityshop.de\/?s={search_term_string}"},"query-input":{"@type":"PropertyValueSpecification","valueRequired":true,"valueName":"search_term_string"}}],"inLanguage":"ru-RU"}]}},"_links":{"self":[{"href":"https:\/\/www.aunityshop.de\/ru\/wp-json\/wp\/v2\/product\/3798","targetHints":{"allow":["GET"]}}],"collection":[{"href":"https:\/\/www.aunityshop.de\/ru\/wp-json\/wp\/v2\/product"}],"about":[{"href":"https:\/\/www.aunityshop.de\/ru\/wp-json\/wp\/v2\/types\/product"}],"wp:featuredmedia":[{"embeddable":true,"href":"https:\/\/www.aunityshop.de\/ru\/wp-json\/wp\/v2\/media\/3799"}],"wp:attachment":[{"href":"https:\/\/www.aunityshop.de\/ru\/wp-json\/wp\/v2\/media?parent=3798"}],"wp:term":[{"taxonomy":"product_brand","embeddable":true,"href":"https:\/\/www.aunityshop.de\/ru\/wp-json\/wp\/v2\/product_brand?post=3798"},{"taxonomy":"product_cat","embeddable":true,"href":"https:\/\/www.aunityshop.de\/ru\/wp-json\/wp\/v2\/product_cat?post=3798"},{"taxonomy":"product_tag","embeddable":true,"href":"https:\/\/www.aunityshop.de\/ru\/wp-json\/wp\/v2\/product_tag?post=3798"}],"curies":[{"name":"wp","href":"https:\/\/api.w.org\/{rel}","templated":true}]}}