{"id":3843,"date":"2023-06-29T13:34:09","date_gmt":"2023-06-29T11:34:09","guid":{"rendered":"http:\/\/dev.aunityshop.de\/?post_type=product&#038;p=3843"},"modified":"2025-09-30T15:49:36","modified_gmt":"2025-09-30T13:49:36","slug":"101-kraeuteroel","status":"publish","type":"product","link":"https:\/\/www.aunityshop.de\/ru\/product\/101-kraeuteroel\/","title":{"rendered":"101 KR\u00c4UTER\u00d6L"},"content":{"rendered":"<h1>101 KR\u00c4UTER\u00d6L<\/h1>\n<p>&nbsp;<\/p>","protected":false},"excerpt":{"rendered":"<h3 class=\"black\">100% NATURREINES \u00c4THERISCHES \u00d6L<\/h3>\n<p><span class=\"gray-italic\">Art.-Nr.: de10075<\/span><\/p>\n<p>&nbsp;<\/p>\n<p>Ein 100% naturreines \u00e4therisches \u00d6l aus 101 Kr\u00e4utern ist eine komplexe Mischung aus fl\u00fcchtigen, lipophilen Verbindungen, die aus einer Vielzahl von Pflanzen extrahiert wurden. Die Zusammensetzung des \u00e4therischen \u00d6ls besteht aus extrahierte\u00a0Kr\u00e4utern.<\/p>\n<p>Typischerweise wird das \u00e4therische \u00d6l aus den Pflanzen durch Wasserdampfdestillation und\u00a0Kaltpressung gewonnen. Dabei wird das \u00d6l aus den Dr\u00fcsenhaaren, Bl\u00e4ttern, St\u00e4ngeln, Bl\u00fcten oder Wurzeln der Pflanze extrahiert.<\/p>\n<p>&nbsp;<\/p>\n<h6>Grundpreis: (18,10 \u20ac\/100g)<\/h6>\n<h4>Ihr Abo Preis: 34,00 \u20ac<\/h4>","protected":false},"featured_media":3847,"template":"","meta":[],"product_brand":[],"product_cat":[152,71],"product_tag":[],"class_list":{"0":"post-3843","1":"product","2":"type-product","3":"status-publish","4":"has-post-thumbnail","6":"product_cat-100-naturreine-aetherische-oele","7":"product_cat-detox-deepure-pu-erh-tee-vital-kaffe","8":"description-off","10":"first","11":"instock","12":"taxable","13":"shipping-taxable","14":"purchasable","15":"product-type-simple"},"yoast_head":"<!-- This site is optimized with the Yoast SEO plugin v27.2 - https:\/\/yoast.com\/product\/yoast-seo-wordpress\/ -->\n<title>101 KR\u00c4UTER\u00d6L - aunity Partnershop<\/title>\n<meta name=\"robots\" content=\"index, follow, max-snippet:-1, max-image-preview:large, max-video-preview:-1\" \/>\n<link rel=\"canonical\" href=\"https:\/\/www.aunityshop.de\/ru\/product\/101-kraeuteroel\/\" \/>\n<meta property=\"og:locale\" content=\"ru_RU\" \/>\n<meta property=\"og:type\" content=\"article\" \/>\n<meta property=\"og:title\" content=\"101 KR\u00c4UTER\u00d6L - aunity Partnershop\" \/>\n<meta property=\"og:description\" content=\"100% NATURREINES \u00c4THERISCHES \u00d6L Art.-Nr.: de10075  &nbsp;  Ein 100% naturreines \u00e4therisches \u00d6l aus 101 Kr\u00e4utern ist eine komplexe Mischung aus fl\u00fcchtigen, lipophilen Verbindungen, die aus einer Vielzahl von Pflanzen extrahiert wurden. Die Zusammensetzung des \u00e4therischen \u00d6ls besteht aus extrahierte\u00a0Kr\u00e4utern.  Typischerweise wird das \u00e4therische \u00d6l aus den Pflanzen durch Wasserdampfdestillation und\u00a0Kaltpressung gewonnen. Dabei wird das \u00d6l aus den Dr\u00fcsenhaaren, Bl\u00e4ttern, St\u00e4ngeln, Bl\u00fcten oder Wurzeln der Pflanze extrahiert.  &nbsp; Grundpreis: (18,10 \u20ac\/100g) Ihr Abo Preis: 34,00 \u20ac\" \/>\n<meta property=\"og:url\" content=\"https:\/\/www.aunityshop.de\/ru\/product\/101-kraeuteroel\/\" \/>\n<meta property=\"og:site_name\" content=\"aunity Partnershop\" \/>\n<meta property=\"article:modified_time\" content=\"2025-09-30T13:49:36+00:00\" \/>\n<meta property=\"og:image\" content=\"https:\/\/www.aunityshop.de\/wp-content\/uploads\/2023\/06\/1687849283_9904__20_medium.png\" \/>\n\t<meta property=\"og:image:width\" content=\"500\" \/>\n\t<meta property=\"og:image:height\" content=\"500\" \/>\n\t<meta property=\"og:image:type\" content=\"image\/png\" \/>\n<meta name=\"twitter:card\" content=\"summary_large_image\" \/>\n<script type=\"application\/ld+json\" class=\"yoast-schema-graph\">{\"@context\":\"https:\/\/schema.org\",\"@graph\":[{\"@type\":\"WebPage\",\"@id\":\"https:\/\/www.aunityshop.de\/produkt\/101-kraeuteroel\/\",\"url\":\"https:\/\/www.aunityshop.de\/produkt\/101-kraeuteroel\/\",\"name\":\"101 KR\u00c4UTER\u00d6L - aunity Partnershop\",\"isPartOf\":{\"@id\":\"https:\/\/www.aunityshop.de\/#website\"},\"primaryImageOfPage\":{\"@id\":\"https:\/\/www.aunityshop.de\/produkt\/101-kraeuteroel\/#primaryimage\"},\"image\":{\"@id\":\"https:\/\/www.aunityshop.de\/produkt\/101-kraeuteroel\/#primaryimage\"},\"thumbnailUrl\":\"https:\/\/www.aunityshop.de\/wp-content\/uploads\/2023\/06\/1687849283_9904__20_medium.png\",\"datePublished\":\"2023-06-29T11:34:09+00:00\",\"dateModified\":\"2025-09-30T13:49:36+00:00\",\"breadcrumb\":{\"@id\":\"https:\/\/www.aunityshop.de\/produkt\/101-kraeuteroel\/#breadcrumb\"},\"inLanguage\":\"ru-RU\",\"potentialAction\":[{\"@type\":\"ReadAction\",\"target\":[\"https:\/\/www.aunityshop.de\/produkt\/101-kraeuteroel\/\"]}]},{\"@type\":\"ImageObject\",\"inLanguage\":\"ru-RU\",\"@id\":\"https:\/\/www.aunityshop.de\/produkt\/101-kraeuteroel\/#primaryimage\",\"url\":\"https:\/\/www.aunityshop.de\/wp-content\/uploads\/2023\/06\/1687849283_9904__20_medium.png\",\"contentUrl\":\"https:\/\/www.aunityshop.de\/wp-content\/uploads\/2023\/06\/1687849283_9904__20_medium.png\",\"width\":500,\"height\":500},{\"@type\":\"BreadcrumbList\",\"@id\":\"https:\/\/www.aunityshop.de\/produkt\/101-kraeuteroel\/#breadcrumb\",\"itemListElement\":[{\"@type\":\"ListItem\",\"position\":1,\"name\":\"Start\",\"item\":\"https:\/\/www.aunityshop.de\/\"},{\"@type\":\"ListItem\",\"position\":2,\"name\":\"Shop\",\"item\":\"https:\/\/www.aunityshop.de\/shop\/\"},{\"@type\":\"ListItem\",\"position\":3,\"name\":\"101 KR\u00c4UTER\u00d6L\"}]},{\"@type\":\"WebSite\",\"@id\":\"https:\/\/www.aunityshop.de\/#website\",\"url\":\"https:\/\/www.aunityshop.de\/\",\"name\":\"aunity Partnershop\",\"description\":\"Kraftvolle Gesundheit | Nahrungserg\u00e4nzung Kosmetik Aqua Balance Wasserfilter Anion Damenbinden Slipeinlagen\",\"potentialAction\":[{\"@type\":\"SearchAction\",\"target\":{\"@type\":\"EntryPoint\",\"urlTemplate\":\"https:\/\/www.aunityshop.de\/?s={search_term_string}\"},\"query-input\":{\"@type\":\"PropertyValueSpecification\",\"valueRequired\":true,\"valueName\":\"search_term_string\"}}],\"inLanguage\":\"ru-RU\"}]}<\/script>\n<!-- \/ Yoast SEO plugin. -->","yoast_head_json":{"title":"101 KR\u00c4UTER\u00d6L - aunity Partnershop","robots":{"index":"index","follow":"follow","max-snippet":"max-snippet:-1","max-image-preview":"max-image-preview:large","max-video-preview":"max-video-preview:-1"},"canonical":"https:\/\/www.aunityshop.de\/ru\/product\/101-kraeuteroel\/","og_locale":"ru_RU","og_type":"article","og_title":"101 KR\u00c4UTER\u00d6L - aunity Partnershop","og_description":"100% NATURREINES \u00c4THERISCHES \u00d6L Art.-Nr.: de10075  &nbsp;  Ein 100% naturreines \u00e4therisches \u00d6l aus 101 Kr\u00e4utern ist eine komplexe Mischung aus fl\u00fcchtigen, lipophilen Verbindungen, die aus einer Vielzahl von Pflanzen extrahiert wurden. Die Zusammensetzung des \u00e4therischen \u00d6ls besteht aus extrahierte\u00a0Kr\u00e4utern.  Typischerweise wird das \u00e4therische \u00d6l aus den Pflanzen durch Wasserdampfdestillation und\u00a0Kaltpressung gewonnen. Dabei wird das \u00d6l aus den Dr\u00fcsenhaaren, Bl\u00e4ttern, St\u00e4ngeln, Bl\u00fcten oder Wurzeln der Pflanze extrahiert.  &nbsp; Grundpreis: (18,10 \u20ac\/100g) Ihr Abo Preis: 34,00 \u20ac","og_url":"https:\/\/www.aunityshop.de\/ru\/product\/101-kraeuteroel\/","og_site_name":"aunity Partnershop","article_modified_time":"2025-09-30T13:49:36+00:00","og_image":[{"width":500,"height":500,"url":"https:\/\/www.aunityshop.de\/wp-content\/uploads\/2023\/06\/1687849283_9904__20_medium.png","type":"image\/png"}],"twitter_card":"summary_large_image","schema":{"@context":"https:\/\/schema.org","@graph":[{"@type":"WebPage","@id":"https:\/\/www.aunityshop.de\/produkt\/101-kraeuteroel\/","url":"https:\/\/www.aunityshop.de\/produkt\/101-kraeuteroel\/","name":"101 KR\u00c4UTER\u00d6L - aunity Partnershop","isPartOf":{"@id":"https:\/\/www.aunityshop.de\/#website"},"primaryImageOfPage":{"@id":"https:\/\/www.aunityshop.de\/produkt\/101-kraeuteroel\/#primaryimage"},"image":{"@id":"https:\/\/www.aunityshop.de\/produkt\/101-kraeuteroel\/#primaryimage"},"thumbnailUrl":"https:\/\/www.aunityshop.de\/wp-content\/uploads\/2023\/06\/1687849283_9904__20_medium.png","datePublished":"2023-06-29T11:34:09+00:00","dateModified":"2025-09-30T13:49:36+00:00","breadcrumb":{"@id":"https:\/\/www.aunityshop.de\/produkt\/101-kraeuteroel\/#breadcrumb"},"inLanguage":"ru-RU","potentialAction":[{"@type":"ReadAction","target":["https:\/\/www.aunityshop.de\/produkt\/101-kraeuteroel\/"]}]},{"@type":"ImageObject","inLanguage":"ru-RU","@id":"https:\/\/www.aunityshop.de\/produkt\/101-kraeuteroel\/#primaryimage","url":"https:\/\/www.aunityshop.de\/wp-content\/uploads\/2023\/06\/1687849283_9904__20_medium.png","contentUrl":"https:\/\/www.aunityshop.de\/wp-content\/uploads\/2023\/06\/1687849283_9904__20_medium.png","width":500,"height":500},{"@type":"BreadcrumbList","@id":"https:\/\/www.aunityshop.de\/produkt\/101-kraeuteroel\/#breadcrumb","itemListElement":[{"@type":"ListItem","position":1,"name":"Start","item":"https:\/\/www.aunityshop.de\/"},{"@type":"ListItem","position":2,"name":"Shop","item":"https:\/\/www.aunityshop.de\/shop\/"},{"@type":"ListItem","position":3,"name":"101 KR\u00c4UTER\u00d6L"}]},{"@type":"WebSite","@id":"https:\/\/www.aunityshop.de\/#website","url":"https:\/\/www.aunityshop.de\/","name":"aunity Partnershop","description":"Kraftvolle Gesundheit | Nahrungserg\u00e4nzung Kosmetik Aqua Balance Wasserfilter Anion Damenbinden Slipeinlagen","potentialAction":[{"@type":"SearchAction","target":{"@type":"EntryPoint","urlTemplate":"https:\/\/www.aunityshop.de\/?s={search_term_string}"},"query-input":{"@type":"PropertyValueSpecification","valueRequired":true,"valueName":"search_term_string"}}],"inLanguage":"ru-RU"}]}},"_links":{"self":[{"href":"https:\/\/www.aunityshop.de\/ru\/wp-json\/wp\/v2\/product\/3843","targetHints":{"allow":["GET"]}}],"collection":[{"href":"https:\/\/www.aunityshop.de\/ru\/wp-json\/wp\/v2\/product"}],"about":[{"href":"https:\/\/www.aunityshop.de\/ru\/wp-json\/wp\/v2\/types\/product"}],"wp:featuredmedia":[{"embeddable":true,"href":"https:\/\/www.aunityshop.de\/ru\/wp-json\/wp\/v2\/media\/3847"}],"wp:attachment":[{"href":"https:\/\/www.aunityshop.de\/ru\/wp-json\/wp\/v2\/media?parent=3843"}],"wp:term":[{"taxonomy":"product_brand","embeddable":true,"href":"https:\/\/www.aunityshop.de\/ru\/wp-json\/wp\/v2\/product_brand?post=3843"},{"taxonomy":"product_cat","embeddable":true,"href":"https:\/\/www.aunityshop.de\/ru\/wp-json\/wp\/v2\/product_cat?post=3843"},{"taxonomy":"product_tag","embeddable":true,"href":"https:\/\/www.aunityshop.de\/ru\/wp-json\/wp\/v2\/product_tag?post=3843"}],"curies":[{"name":"wp","href":"https:\/\/api.w.org\/{rel}","templated":true}]}}