{"id":3879,"date":"2023-09-23T13:59:08","date_gmt":"2023-09-23T11:59:08","guid":{"rendered":"http:\/\/dev.aunityshop.de\/?post_type=product&#038;p=3879"},"modified":"2025-11-18T08:37:43","modified_gmt":"2025-11-18T07:37:43","slug":"aunity-aqua-balance-ii-und-i-ro-umkehrosmose-filter","status":"publish","type":"product","link":"https:\/\/www.aunityshop.de\/ru\/product\/aunity-aqua-balance-ii-und-i-ro-umkehrosmose-filter\/","title":{"rendered":"AUNITY AQUA BALANCE II und I RO-UMKEHROSMOSE-FILTER"},"content":{"rendered":"<table align=\"center\">\n<tbody>\n<tr>\n<td>\n<div id=\"ds_div\">\n<p dir=\"ltr\">AUNITY AQUA BALANCE II und I RO-UMKEHROSMOSE-FILTER. Zustand: Neu. Versand mit DHL P\u00e4ckchen S. Micro-Kapillarfilter f\u00fcr feinstoffliche Verunreinigungen zur Mikrofiltration Diesen Filter sollten Sie in Ihrem Aqua-Balance-Filtersystem mindestens einmal im Jahr austauschen! (passt nur im AQUA BALANCE II) RO &#8211; UMKEHROSMOSE Ein Verfahren, da\u00df alle gel\u00f6sten Stoffe auf rein mechanischer Wirkungsweise entfernt bietet die Umkehrosmose. Hier wird das Wasser durch eine halbdurchl\u00e4ssige Membrane gepre\u00dft, deren Poren so fein sind, da\u00df fast nur Wassermolek\u00fcle durchdringen. Die zur\u00fcckbleibenden Stoffe werden hier nicht gesammelt, sondern ins Abwasser abgegeben. Dadurch wird die Umwelt nicht durch Zusatzstoffe belastet. Umkehrosmoseger\u00e4te haben sich weltweit bewehrt. Das erzeugte Wasser ist in seiner Reinheit nur mit einigen wenigen nat\u00fcrlichen Quellen zu vergleichen. Wasser in dieser Form ist in der Lage die eigentlichen Aufgaben des Wassers im K\u00f6rper optimal zu erf\u00fcllen. Nur wenige Stoffe sind in der Lage eine Umkehrosmosemembrane zu durchdringen. Da es sich hier um Stoffe aus der organischen Chemie handelt, ist die Kombination mit einem Aktivkohlefilter notwendig. aunity AQUA BALANCE ist speziell auf die europ\u00e4ischen Wasserverh\u00e4ltnisse angepasst und auf den reinen Trinkwasserbedarf zugeschnitten. Das gereinigte Wasser kann direkt entnommen und zum Trinken, Kochen und f\u00fcr alle anderen Zwecke genutzt werden. Das Ergebnis ist hervorragend. Tee bleibt selbst nach dem Abk\u00fchlen klar. T\u00f6pfe, Wasserkocher und Kaffeemaschinen verlieren angesetzte Kalkablagerungen und bleiben dauerhaft wie neu. Das Wasser schmeckt hervorragend und hat gesundheitlich viele positive Eigenschafte<\/p>\n<\/div>\n<\/td>\n<\/tr>\n<\/tbody>\n<\/table>","protected":false},"excerpt":{"rendered":"<p>AUNITY AQUA BALANCE II und I RO-UMKEHROSMOSE-FILTER. Zustand: Neu. Versand mit DHL P\u00e4ckchen S. Micro-Kapillarfilter f\u00fcr feinstoffliche Verunreinigungen zur Mikrofiltration Diesen Filter sollten Sie in Ihrem Aqua-Balance-Filtersystem mindestens einmal im Jahr austauschen! (passt nur im AQUA BALANCE II) RO &#8211; UMKEHROSMOSE Ein Verfahren, da\u00df alle gel\u00f6sten Stoffe auf rein mechanischer Wirkungsweise entfernt bietet die Umkehrosmose.&hellip;<\/p>","protected":false},"featured_media":2693,"template":"","meta":[],"product_brand":[],"product_cat":[69],"product_tag":[],"class_list":{"0":"post-3879","1":"product","2":"type-product","3":"status-publish","4":"has-post-thumbnail","6":"product_cat-aqua-balance","7":"description-off","9":"first","10":"outofstock","11":"taxable","12":"shipping-taxable","13":"purchasable","14":"product-type-simple"},"yoast_head":"<!-- This site is optimized with the Yoast SEO plugin v27.2 - https:\/\/yoast.com\/product\/yoast-seo-wordpress\/ -->\n<title>AUNITY AQUA BALANCE II und I RO-UMKEHROSMOSE-FILTER - aunity Partnershop<\/title>\n<meta name=\"robots\" content=\"index, follow, max-snippet:-1, max-image-preview:large, max-video-preview:-1\" \/>\n<link rel=\"canonical\" href=\"https:\/\/www.aunityshop.de\/ru\/product\/aunity-aqua-balance-ii-und-i-ro-umkehrosmose-filter\/\" \/>\n<meta property=\"og:locale\" content=\"ru_RU\" \/>\n<meta property=\"og:type\" content=\"article\" \/>\n<meta property=\"og:title\" content=\"AUNITY AQUA BALANCE II und I RO-UMKEHROSMOSE-FILTER - aunity Partnershop\" \/>\n<meta property=\"og:description\" content=\"AUNITY AQUA BALANCE II und I RO-UMKEHROSMOSE-FILTER. Zustand: Neu. Versand mit DHL P\u00e4ckchen S. Micro-Kapillarfilter f\u00fcr feinstoffliche Verunreinigungen zur Mikrofiltration Diesen Filter sollten Sie in Ihrem Aqua-Balance-Filtersystem mindestens einmal im Jahr austauschen! (passt nur im AQUA BALANCE II) RO &#8211; UMKEHROSMOSE Ein Verfahren, da\u00df alle gel\u00f6sten Stoffe auf rein mechanischer Wirkungsweise entfernt bietet die Umkehrosmose.&hellip;\" \/>\n<meta property=\"og:url\" content=\"https:\/\/www.aunityshop.de\/ru\/product\/aunity-aqua-balance-ii-und-i-ro-umkehrosmose-filter\/\" \/>\n<meta property=\"og:site_name\" content=\"aunity Partnershop\" \/>\n<meta property=\"article:modified_time\" content=\"2025-11-18T07:37:43+00:00\" \/>\n<meta property=\"og:image\" content=\"https:\/\/www.aunityshop.de\/wp-content\/uploads\/2014\/06\/revosmosefilter.jpg\" \/>\n\t<meta property=\"og:image:width\" content=\"886\" \/>\n\t<meta property=\"og:image:height\" content=\"1000\" \/>\n\t<meta property=\"og:image:type\" content=\"image\/jpeg\" \/>\n<meta name=\"twitter:card\" content=\"summary_large_image\" \/>\n<meta name=\"twitter:label1\" content=\"\u041f\u0440\u0438\u043c\u0435\u0440\u043d\u043e\u0435 \u0432\u0440\u0435\u043c\u044f \u0434\u043b\u044f \u0447\u0442\u0435\u043d\u0438\u044f\" \/>\n\t<meta name=\"twitter:data1\" content=\"1 \u043c\u0438\u043d\u0443\u0442\u0430\" \/>\n<script type=\"application\/ld+json\" class=\"yoast-schema-graph\">{\"@context\":\"https:\/\/schema.org\",\"@graph\":[{\"@type\":\"WebPage\",\"@id\":\"https:\/\/www.aunityshop.de\/produkt\/aunity-aqua-balance-ii-und-i-ro-umkehrosmose-filter\/\",\"url\":\"https:\/\/www.aunityshop.de\/produkt\/aunity-aqua-balance-ii-und-i-ro-umkehrosmose-filter\/\",\"name\":\"AUNITY AQUA BALANCE II und I RO-UMKEHROSMOSE-FILTER - aunity Partnershop\",\"isPartOf\":{\"@id\":\"https:\/\/www.aunityshop.de\/#website\"},\"primaryImageOfPage\":{\"@id\":\"https:\/\/www.aunityshop.de\/produkt\/aunity-aqua-balance-ii-und-i-ro-umkehrosmose-filter\/#primaryimage\"},\"image\":{\"@id\":\"https:\/\/www.aunityshop.de\/produkt\/aunity-aqua-balance-ii-und-i-ro-umkehrosmose-filter\/#primaryimage\"},\"thumbnailUrl\":\"https:\/\/www.aunityshop.de\/wp-content\/uploads\/2014\/06\/revosmosefilter.jpg\",\"datePublished\":\"2023-09-23T11:59:08+00:00\",\"dateModified\":\"2025-11-18T07:37:43+00:00\",\"breadcrumb\":{\"@id\":\"https:\/\/www.aunityshop.de\/produkt\/aunity-aqua-balance-ii-und-i-ro-umkehrosmose-filter\/#breadcrumb\"},\"inLanguage\":\"ru-RU\",\"potentialAction\":[{\"@type\":\"ReadAction\",\"target\":[\"https:\/\/www.aunityshop.de\/produkt\/aunity-aqua-balance-ii-und-i-ro-umkehrosmose-filter\/\"]}]},{\"@type\":\"ImageObject\",\"inLanguage\":\"ru-RU\",\"@id\":\"https:\/\/www.aunityshop.de\/produkt\/aunity-aqua-balance-ii-und-i-ro-umkehrosmose-filter\/#primaryimage\",\"url\":\"https:\/\/www.aunityshop.de\/wp-content\/uploads\/2014\/06\/revosmosefilter.jpg\",\"contentUrl\":\"https:\/\/www.aunityshop.de\/wp-content\/uploads\/2014\/06\/revosmosefilter.jpg\",\"width\":886,\"height\":1000,\"caption\":\"AUNITY AQUA BALANCE II RO-UMKEHROSMOSE-FILTER Micro-Kapillarfilter f\u00fcr feinstoffliche Verunreinigungen zur Mikrofiltration Diesen Filter sollten Sie in Ihrem Aqua-Balance-Filtersystem mindestens einmal im Jahr austauschen!\"},{\"@type\":\"BreadcrumbList\",\"@id\":\"https:\/\/www.aunityshop.de\/produkt\/aunity-aqua-balance-ii-und-i-ro-umkehrosmose-filter\/#breadcrumb\",\"itemListElement\":[{\"@type\":\"ListItem\",\"position\":1,\"name\":\"Start\",\"item\":\"https:\/\/www.aunityshop.de\/\"},{\"@type\":\"ListItem\",\"position\":2,\"name\":\"Shop\",\"item\":\"https:\/\/www.aunityshop.de\/shop\/\"},{\"@type\":\"ListItem\",\"position\":3,\"name\":\"AUNITY AQUA BALANCE II und I RO-UMKEHROSMOSE-FILTER\"}]},{\"@type\":\"WebSite\",\"@id\":\"https:\/\/www.aunityshop.de\/#website\",\"url\":\"https:\/\/www.aunityshop.de\/\",\"name\":\"aunity Partnershop\",\"description\":\"Kraftvolle Gesundheit | Nahrungserg\u00e4nzung Kosmetik Aqua Balance Wasserfilter Anion Damenbinden Slipeinlagen\",\"potentialAction\":[{\"@type\":\"SearchAction\",\"target\":{\"@type\":\"EntryPoint\",\"urlTemplate\":\"https:\/\/www.aunityshop.de\/?s={search_term_string}\"},\"query-input\":{\"@type\":\"PropertyValueSpecification\",\"valueRequired\":true,\"valueName\":\"search_term_string\"}}],\"inLanguage\":\"ru-RU\"}]}<\/script>\n<!-- \/ Yoast SEO plugin. -->","yoast_head_json":{"title":"AUNITY AQUA BALANCE II und I RO-UMKEHROSMOSE-FILTER - aunity Partnershop","robots":{"index":"index","follow":"follow","max-snippet":"max-snippet:-1","max-image-preview":"max-image-preview:large","max-video-preview":"max-video-preview:-1"},"canonical":"https:\/\/www.aunityshop.de\/ru\/product\/aunity-aqua-balance-ii-und-i-ro-umkehrosmose-filter\/","og_locale":"ru_RU","og_type":"article","og_title":"AUNITY AQUA BALANCE II und I RO-UMKEHROSMOSE-FILTER - aunity Partnershop","og_description":"AUNITY AQUA BALANCE II und I RO-UMKEHROSMOSE-FILTER. Zustand: Neu. Versand mit DHL P\u00e4ckchen S. Micro-Kapillarfilter f\u00fcr feinstoffliche Verunreinigungen zur Mikrofiltration Diesen Filter sollten Sie in Ihrem Aqua-Balance-Filtersystem mindestens einmal im Jahr austauschen! (passt nur im AQUA BALANCE II) RO &#8211; UMKEHROSMOSE Ein Verfahren, da\u00df alle gel\u00f6sten Stoffe auf rein mechanischer Wirkungsweise entfernt bietet die Umkehrosmose.&hellip;","og_url":"https:\/\/www.aunityshop.de\/ru\/product\/aunity-aqua-balance-ii-und-i-ro-umkehrosmose-filter\/","og_site_name":"aunity Partnershop","article_modified_time":"2025-11-18T07:37:43+00:00","og_image":[{"width":886,"height":1000,"url":"https:\/\/www.aunityshop.de\/wp-content\/uploads\/2014\/06\/revosmosefilter.jpg","type":"image\/jpeg"}],"twitter_card":"summary_large_image","twitter_misc":{"\u041f\u0440\u0438\u043c\u0435\u0440\u043d\u043e\u0435 \u0432\u0440\u0435\u043c\u044f \u0434\u043b\u044f \u0447\u0442\u0435\u043d\u0438\u044f":"1 \u043c\u0438\u043d\u0443\u0442\u0430"},"schema":{"@context":"https:\/\/schema.org","@graph":[{"@type":"WebPage","@id":"https:\/\/www.aunityshop.de\/produkt\/aunity-aqua-balance-ii-und-i-ro-umkehrosmose-filter\/","url":"https:\/\/www.aunityshop.de\/produkt\/aunity-aqua-balance-ii-und-i-ro-umkehrosmose-filter\/","name":"AUNITY AQUA BALANCE II und I RO-UMKEHROSMOSE-FILTER - aunity Partnershop","isPartOf":{"@id":"https:\/\/www.aunityshop.de\/#website"},"primaryImageOfPage":{"@id":"https:\/\/www.aunityshop.de\/produkt\/aunity-aqua-balance-ii-und-i-ro-umkehrosmose-filter\/#primaryimage"},"image":{"@id":"https:\/\/www.aunityshop.de\/produkt\/aunity-aqua-balance-ii-und-i-ro-umkehrosmose-filter\/#primaryimage"},"thumbnailUrl":"https:\/\/www.aunityshop.de\/wp-content\/uploads\/2014\/06\/revosmosefilter.jpg","datePublished":"2023-09-23T11:59:08+00:00","dateModified":"2025-11-18T07:37:43+00:00","breadcrumb":{"@id":"https:\/\/www.aunityshop.de\/produkt\/aunity-aqua-balance-ii-und-i-ro-umkehrosmose-filter\/#breadcrumb"},"inLanguage":"ru-RU","potentialAction":[{"@type":"ReadAction","target":["https:\/\/www.aunityshop.de\/produkt\/aunity-aqua-balance-ii-und-i-ro-umkehrosmose-filter\/"]}]},{"@type":"ImageObject","inLanguage":"ru-RU","@id":"https:\/\/www.aunityshop.de\/produkt\/aunity-aqua-balance-ii-und-i-ro-umkehrosmose-filter\/#primaryimage","url":"https:\/\/www.aunityshop.de\/wp-content\/uploads\/2014\/06\/revosmosefilter.jpg","contentUrl":"https:\/\/www.aunityshop.de\/wp-content\/uploads\/2014\/06\/revosmosefilter.jpg","width":886,"height":1000,"caption":"AUNITY AQUA BALANCE II RO-UMKEHROSMOSE-FILTER Micro-Kapillarfilter f\u00fcr feinstoffliche Verunreinigungen zur Mikrofiltration Diesen Filter sollten Sie in Ihrem Aqua-Balance-Filtersystem mindestens einmal im Jahr austauschen!"},{"@type":"BreadcrumbList","@id":"https:\/\/www.aunityshop.de\/produkt\/aunity-aqua-balance-ii-und-i-ro-umkehrosmose-filter\/#breadcrumb","itemListElement":[{"@type":"ListItem","position":1,"name":"Start","item":"https:\/\/www.aunityshop.de\/"},{"@type":"ListItem","position":2,"name":"Shop","item":"https:\/\/www.aunityshop.de\/shop\/"},{"@type":"ListItem","position":3,"name":"AUNITY AQUA BALANCE II und I RO-UMKEHROSMOSE-FILTER"}]},{"@type":"WebSite","@id":"https:\/\/www.aunityshop.de\/#website","url":"https:\/\/www.aunityshop.de\/","name":"aunity Partnershop","description":"Kraftvolle Gesundheit | Nahrungserg\u00e4nzung Kosmetik Aqua Balance Wasserfilter Anion Damenbinden Slipeinlagen","potentialAction":[{"@type":"SearchAction","target":{"@type":"EntryPoint","urlTemplate":"https:\/\/www.aunityshop.de\/?s={search_term_string}"},"query-input":{"@type":"PropertyValueSpecification","valueRequired":true,"valueName":"search_term_string"}}],"inLanguage":"ru-RU"}]}},"_links":{"self":[{"href":"https:\/\/www.aunityshop.de\/ru\/wp-json\/wp\/v2\/product\/3879","targetHints":{"allow":["GET"]}}],"collection":[{"href":"https:\/\/www.aunityshop.de\/ru\/wp-json\/wp\/v2\/product"}],"about":[{"href":"https:\/\/www.aunityshop.de\/ru\/wp-json\/wp\/v2\/types\/product"}],"wp:featuredmedia":[{"embeddable":true,"href":"https:\/\/www.aunityshop.de\/ru\/wp-json\/wp\/v2\/media\/2693"}],"wp:attachment":[{"href":"https:\/\/www.aunityshop.de\/ru\/wp-json\/wp\/v2\/media?parent=3879"}],"wp:term":[{"taxonomy":"product_brand","embeddable":true,"href":"https:\/\/www.aunityshop.de\/ru\/wp-json\/wp\/v2\/product_brand?post=3879"},{"taxonomy":"product_cat","embeddable":true,"href":"https:\/\/www.aunityshop.de\/ru\/wp-json\/wp\/v2\/product_cat?post=3879"},{"taxonomy":"product_tag","embeddable":true,"href":"https:\/\/www.aunityshop.de\/ru\/wp-json\/wp\/v2\/product_tag?post=3879"}],"curies":[{"name":"wp","href":"https:\/\/api.w.org\/{rel}","templated":true}]}}