{"id":3895,"date":"2023-09-26T09:10:12","date_gmt":"2023-09-26T07:10:12","guid":{"rendered":"http:\/\/dev.aunityshop.de\/?post_type=product&#038;p=3895"},"modified":"2025-10-01T14:35:25","modified_gmt":"2025-10-01T12:35:25","slug":"34-kraeuteroel","status":"publish","type":"product","link":"https:\/\/www.aunityshop.de\/ru\/product\/34-kraeuteroel\/","title":{"rendered":"34 KR\u00c4UTER\u00d6L"},"content":{"rendered":"<h1>34 KR\u00c4UTER\u00d6L<\/h1>\n<h3 class=\"black\">100% NATURREINES \u00c4THERISCHES \u00d6L<\/h3>\n<h1>100% NATURREINES \u00c4THERISCHES \u00d6L AUS 34\u00a0KR\u00c4UTERN<\/h1>\n<p>Ein \u00e4therisches \u00d6l, das zu 100% aus 34 verschiedenen Kr\u00e4utern gewonnen wurde, ist ein komplexes Gemisch von fl\u00fcchtigen Verbindungen, die aus den Pflanzen durch Dampfdestillation und\u00a0Kaltpressung extrahiert wurden.<\/p>\n<p>Die 34 Kr\u00e4uter enthalten eine Vielzahl von aromatischen Pflanzenarten, wie zum Beispiel Lavendel, Pfefferminze, Eukalyptus, Zimt, Ingwer, Thymian, Oregano, Zitronengras und viele andere. Jedes dieser Kr\u00e4uter kann mehrere chemische Verbindungen enthalten, die sich durch ihre Struktur, Menge und Qualit\u00e4t unterscheiden.<\/p>\n<p>Das \u00e4therische \u00d6l aus 34 Kr\u00e4utern kann daher eine komplexe Zusammensetzung von chemischen Verbindungen aufweisen, die je nach Art und Menge der Kr\u00e4uter variieren k\u00f6nnen. Es kann eine Kombination von Terpenen, Alkoholen, Ketonen, Aldehyden und anderen fl\u00fcchtigen Verbindungen enthalten, die zusammenwirken, um das charakteristische Aroma und die therapeutischen Eigenschaften des \u00e4therischen \u00d6ls zu bestimmen.<\/p>\n<p>Das \u00e4therische \u00d6l aus 34 Kr\u00e4utern kann eine breite Palette von Anwendungen haben, von der Aromatherapie und Hautpflege bis hin zur Behandlung von Erk\u00e4ltungen und anderen Gesundheitsproblemen.<\/p>\n<p>Ein \u00e4therisches \u00d6l, das zu 100% aus 34 verschiedenen Kr\u00e4utern gewonnen wurde, kann eine breite Palette von Anwendungsm\u00f6glichkeiten und Wirkungen haben.<\/p>\n<p>Eine der h\u00e4ufigsten Anwendungen von \u00e4therischen \u00d6len ist die Aromatherapie, bei der das \u00d6l entweder inhaliert oder auf die Haut aufgetragen wird, um verschiedene Wirkungen zu erzielen. Das \u00e4therische \u00d6l aus 34 Kr\u00e4utern kann je nach Kr\u00e4uterzusammensetzung und Konzentration eine beruhigende, stimmungsaufhellende, belebende oder entspannende Wirkung haben.<\/p>\n<h2>Anwendungsm\u00f6glichkeit und die Wirkweise des 34 Kr\u00e4uter-\u00d6ls:<\/h2>\n<p><strong>Aromatherapie:<\/strong>\u00a0Das \u00e4therische \u00d6l kann durch Verdampfen in einem Diffusor oder Duftstein eingesetzt werden, um Stress zu reduzieren, das Nervensystem zu beruhigen, den Geist zu kl\u00e4ren und das allgemeine Wohlbefinden zu f\u00f6rdern.<\/p>\n<p>Es ist wichtig zu beachten, dass \u00e4therische \u00d6le potent sind und bestimmte Sicherheitsvorkehrungen getroffen werden sollten, bevor sie verwendet werden.<\/p>\n<p>Es ist wichtig zu beachten, dass \u00e4therische \u00d6le immer verd\u00fcnnt und mit Vorsicht verwendet werden sollten, da sie bei unsachgem\u00e4\u00dfer Anwendung auch Nebenwirkungen haben k\u00f6nnen. Vor allem sollte bei Kindern und Schwangeren besonders auf die Anwendung geachtet werden.<\/p>\n<p>Es sollte auch nur von qualifizierten Personen oder unter Anleitung eines Fachmanns verwendet werden.\u00a0Es ist ratsam, vor der Anwendung einen Allergietest durchzuf\u00fchren.<\/p>","protected":false},"excerpt":{"rendered":"<p>34 KR\u00c4UTER\u00d6L 100% NATURREINES \u00c4THERISCHES \u00d6L 100% NATURREINES \u00c4THERISCHES \u00d6L AUS 34\u00a0KR\u00c4UTERN Ein \u00e4therisches \u00d6l, das zu 100% aus 34 verschiedenen Kr\u00e4utern gewonnen wurde, ist ein komplexes Gemisch von fl\u00fcchtigen Verbindungen, die aus den Pflanzen durch Dampfdestillation und\u00a0Kaltpressung extrahiert wurden. Die 34 Kr\u00e4uter enthalten eine Vielzahl von aromatischen Pflanzenarten, wie zum Beispiel Lavendel, Pfefferminze, Eukalyptus,&hellip;<\/p>","protected":false},"featured_media":3897,"template":"","meta":[],"product_brand":[],"product_cat":[152,71],"product_tag":[],"class_list":{"0":"post-3895","1":"product","2":"type-product","3":"status-publish","4":"has-post-thumbnail","6":"product_cat-100-naturreine-aetherische-oele","7":"product_cat-detox-deepure-pu-erh-tee-vital-kaffe","8":"description-off","10":"first","11":"instock","12":"sale","13":"taxable","14":"shipping-taxable","15":"purchasable","16":"product-type-simple"},"yoast_head":"<!-- This site is optimized with the Yoast SEO plugin v27.2 - https:\/\/yoast.com\/product\/yoast-seo-wordpress\/ -->\n<title>34 KR\u00c4UTER\u00d6L - aunity Partnershop<\/title>\n<meta name=\"robots\" content=\"index, follow, max-snippet:-1, max-image-preview:large, max-video-preview:-1\" \/>\n<link rel=\"canonical\" href=\"https:\/\/www.aunityshop.de\/ru\/product\/34-kraeuteroel\/\" \/>\n<meta property=\"og:locale\" content=\"ru_RU\" \/>\n<meta property=\"og:type\" content=\"article\" \/>\n<meta property=\"og:title\" content=\"34 KR\u00c4UTER\u00d6L - aunity Partnershop\" \/>\n<meta property=\"og:description\" content=\"34 KR\u00c4UTER\u00d6L 100% NATURREINES \u00c4THERISCHES \u00d6L 100% NATURREINES \u00c4THERISCHES \u00d6L AUS 34\u00a0KR\u00c4UTERN Ein \u00e4therisches \u00d6l, das zu 100% aus 34 verschiedenen Kr\u00e4utern gewonnen wurde, ist ein komplexes Gemisch von fl\u00fcchtigen Verbindungen, die aus den Pflanzen durch Dampfdestillation und\u00a0Kaltpressung extrahiert wurden. Die 34 Kr\u00e4uter enthalten eine Vielzahl von aromatischen Pflanzenarten, wie zum Beispiel Lavendel, Pfefferminze, Eukalyptus,&hellip;\" \/>\n<meta property=\"og:url\" content=\"https:\/\/www.aunityshop.de\/ru\/product\/34-kraeuteroel\/\" \/>\n<meta property=\"og:site_name\" content=\"aunity Partnershop\" \/>\n<meta property=\"article:modified_time\" content=\"2025-10-01T12:35:25+00:00\" \/>\n<meta property=\"og:image\" content=\"https:\/\/www.aunityshop.de\/wp-content\/uploads\/2023\/09\/1687849270_2351__20_medium.png\" \/>\n\t<meta property=\"og:image:width\" content=\"500\" \/>\n\t<meta property=\"og:image:height\" content=\"500\" \/>\n\t<meta property=\"og:image:type\" content=\"image\/png\" \/>\n<meta name=\"twitter:card\" content=\"summary_large_image\" \/>\n<meta name=\"twitter:label1\" content=\"\u041f\u0440\u0438\u043c\u0435\u0440\u043d\u043e\u0435 \u0432\u0440\u0435\u043c\u044f \u0434\u043b\u044f \u0447\u0442\u0435\u043d\u0438\u044f\" \/>\n\t<meta name=\"twitter:data1\" content=\"2 \u043c\u0438\u043d\u0443\u0442\u044b\" \/>\n<script type=\"application\/ld+json\" class=\"yoast-schema-graph\">{\"@context\":\"https:\/\/schema.org\",\"@graph\":[{\"@type\":\"WebPage\",\"@id\":\"https:\/\/www.aunityshop.de\/produkt\/34-kraeuteroel\/\",\"url\":\"https:\/\/www.aunityshop.de\/produkt\/34-kraeuteroel\/\",\"name\":\"34 KR\u00c4UTER\u00d6L - aunity Partnershop\",\"isPartOf\":{\"@id\":\"https:\/\/www.aunityshop.de\/#website\"},\"primaryImageOfPage\":{\"@id\":\"https:\/\/www.aunityshop.de\/produkt\/34-kraeuteroel\/#primaryimage\"},\"image\":{\"@id\":\"https:\/\/www.aunityshop.de\/produkt\/34-kraeuteroel\/#primaryimage\"},\"thumbnailUrl\":\"https:\/\/www.aunityshop.de\/wp-content\/uploads\/2023\/09\/1687849270_2351__20_medium.png\",\"datePublished\":\"2023-09-26T07:10:12+00:00\",\"dateModified\":\"2025-10-01T12:35:25+00:00\",\"breadcrumb\":{\"@id\":\"https:\/\/www.aunityshop.de\/produkt\/34-kraeuteroel\/#breadcrumb\"},\"inLanguage\":\"ru-RU\",\"potentialAction\":[{\"@type\":\"ReadAction\",\"target\":[\"https:\/\/www.aunityshop.de\/produkt\/34-kraeuteroel\/\"]}]},{\"@type\":\"ImageObject\",\"inLanguage\":\"ru-RU\",\"@id\":\"https:\/\/www.aunityshop.de\/produkt\/34-kraeuteroel\/#primaryimage\",\"url\":\"https:\/\/www.aunityshop.de\/wp-content\/uploads\/2023\/09\/1687849270_2351__20_medium.png\",\"contentUrl\":\"https:\/\/www.aunityshop.de\/wp-content\/uploads\/2023\/09\/1687849270_2351__20_medium.png\",\"width\":500,\"height\":500},{\"@type\":\"BreadcrumbList\",\"@id\":\"https:\/\/www.aunityshop.de\/produkt\/34-kraeuteroel\/#breadcrumb\",\"itemListElement\":[{\"@type\":\"ListItem\",\"position\":1,\"name\":\"Start\",\"item\":\"https:\/\/www.aunityshop.de\/\"},{\"@type\":\"ListItem\",\"position\":2,\"name\":\"Shop\",\"item\":\"https:\/\/www.aunityshop.de\/shop\/\"},{\"@type\":\"ListItem\",\"position\":3,\"name\":\"34 KR\u00c4UTER\u00d6L\"}]},{\"@type\":\"WebSite\",\"@id\":\"https:\/\/www.aunityshop.de\/#website\",\"url\":\"https:\/\/www.aunityshop.de\/\",\"name\":\"aunity Partnershop\",\"description\":\"Kraftvolle Gesundheit | Nahrungserg\u00e4nzung Kosmetik Aqua Balance Wasserfilter Anion Damenbinden Slipeinlagen\",\"potentialAction\":[{\"@type\":\"SearchAction\",\"target\":{\"@type\":\"EntryPoint\",\"urlTemplate\":\"https:\/\/www.aunityshop.de\/?s={search_term_string}\"},\"query-input\":{\"@type\":\"PropertyValueSpecification\",\"valueRequired\":true,\"valueName\":\"search_term_string\"}}],\"inLanguage\":\"ru-RU\"}]}<\/script>\n<!-- \/ Yoast SEO plugin. -->","yoast_head_json":{"title":"34 KR\u00c4UTER\u00d6L - aunity Partnershop","robots":{"index":"index","follow":"follow","max-snippet":"max-snippet:-1","max-image-preview":"max-image-preview:large","max-video-preview":"max-video-preview:-1"},"canonical":"https:\/\/www.aunityshop.de\/ru\/product\/34-kraeuteroel\/","og_locale":"ru_RU","og_type":"article","og_title":"34 KR\u00c4UTER\u00d6L - aunity Partnershop","og_description":"34 KR\u00c4UTER\u00d6L 100% NATURREINES \u00c4THERISCHES \u00d6L 100% NATURREINES \u00c4THERISCHES \u00d6L AUS 34\u00a0KR\u00c4UTERN Ein \u00e4therisches \u00d6l, das zu 100% aus 34 verschiedenen Kr\u00e4utern gewonnen wurde, ist ein komplexes Gemisch von fl\u00fcchtigen Verbindungen, die aus den Pflanzen durch Dampfdestillation und\u00a0Kaltpressung extrahiert wurden. Die 34 Kr\u00e4uter enthalten eine Vielzahl von aromatischen Pflanzenarten, wie zum Beispiel Lavendel, Pfefferminze, Eukalyptus,&hellip;","og_url":"https:\/\/www.aunityshop.de\/ru\/product\/34-kraeuteroel\/","og_site_name":"aunity Partnershop","article_modified_time":"2025-10-01T12:35:25+00:00","og_image":[{"width":500,"height":500,"url":"https:\/\/www.aunityshop.de\/wp-content\/uploads\/2023\/09\/1687849270_2351__20_medium.png","type":"image\/png"}],"twitter_card":"summary_large_image","twitter_misc":{"\u041f\u0440\u0438\u043c\u0435\u0440\u043d\u043e\u0435 \u0432\u0440\u0435\u043c\u044f \u0434\u043b\u044f \u0447\u0442\u0435\u043d\u0438\u044f":"2 \u043c\u0438\u043d\u0443\u0442\u044b"},"schema":{"@context":"https:\/\/schema.org","@graph":[{"@type":"WebPage","@id":"https:\/\/www.aunityshop.de\/produkt\/34-kraeuteroel\/","url":"https:\/\/www.aunityshop.de\/produkt\/34-kraeuteroel\/","name":"34 KR\u00c4UTER\u00d6L - aunity Partnershop","isPartOf":{"@id":"https:\/\/www.aunityshop.de\/#website"},"primaryImageOfPage":{"@id":"https:\/\/www.aunityshop.de\/produkt\/34-kraeuteroel\/#primaryimage"},"image":{"@id":"https:\/\/www.aunityshop.de\/produkt\/34-kraeuteroel\/#primaryimage"},"thumbnailUrl":"https:\/\/www.aunityshop.de\/wp-content\/uploads\/2023\/09\/1687849270_2351__20_medium.png","datePublished":"2023-09-26T07:10:12+00:00","dateModified":"2025-10-01T12:35:25+00:00","breadcrumb":{"@id":"https:\/\/www.aunityshop.de\/produkt\/34-kraeuteroel\/#breadcrumb"},"inLanguage":"ru-RU","potentialAction":[{"@type":"ReadAction","target":["https:\/\/www.aunityshop.de\/produkt\/34-kraeuteroel\/"]}]},{"@type":"ImageObject","inLanguage":"ru-RU","@id":"https:\/\/www.aunityshop.de\/produkt\/34-kraeuteroel\/#primaryimage","url":"https:\/\/www.aunityshop.de\/wp-content\/uploads\/2023\/09\/1687849270_2351__20_medium.png","contentUrl":"https:\/\/www.aunityshop.de\/wp-content\/uploads\/2023\/09\/1687849270_2351__20_medium.png","width":500,"height":500},{"@type":"BreadcrumbList","@id":"https:\/\/www.aunityshop.de\/produkt\/34-kraeuteroel\/#breadcrumb","itemListElement":[{"@type":"ListItem","position":1,"name":"Start","item":"https:\/\/www.aunityshop.de\/"},{"@type":"ListItem","position":2,"name":"Shop","item":"https:\/\/www.aunityshop.de\/shop\/"},{"@type":"ListItem","position":3,"name":"34 KR\u00c4UTER\u00d6L"}]},{"@type":"WebSite","@id":"https:\/\/www.aunityshop.de\/#website","url":"https:\/\/www.aunityshop.de\/","name":"aunity Partnershop","description":"Kraftvolle Gesundheit | Nahrungserg\u00e4nzung Kosmetik Aqua Balance Wasserfilter Anion Damenbinden Slipeinlagen","potentialAction":[{"@type":"SearchAction","target":{"@type":"EntryPoint","urlTemplate":"https:\/\/www.aunityshop.de\/?s={search_term_string}"},"query-input":{"@type":"PropertyValueSpecification","valueRequired":true,"valueName":"search_term_string"}}],"inLanguage":"ru-RU"}]}},"_links":{"self":[{"href":"https:\/\/www.aunityshop.de\/ru\/wp-json\/wp\/v2\/product\/3895","targetHints":{"allow":["GET"]}}],"collection":[{"href":"https:\/\/www.aunityshop.de\/ru\/wp-json\/wp\/v2\/product"}],"about":[{"href":"https:\/\/www.aunityshop.de\/ru\/wp-json\/wp\/v2\/types\/product"}],"wp:featuredmedia":[{"embeddable":true,"href":"https:\/\/www.aunityshop.de\/ru\/wp-json\/wp\/v2\/media\/3897"}],"wp:attachment":[{"href":"https:\/\/www.aunityshop.de\/ru\/wp-json\/wp\/v2\/media?parent=3895"}],"wp:term":[{"taxonomy":"product_brand","embeddable":true,"href":"https:\/\/www.aunityshop.de\/ru\/wp-json\/wp\/v2\/product_brand?post=3895"},{"taxonomy":"product_cat","embeddable":true,"href":"https:\/\/www.aunityshop.de\/ru\/wp-json\/wp\/v2\/product_cat?post=3895"},{"taxonomy":"product_tag","embeddable":true,"href":"https:\/\/www.aunityshop.de\/ru\/wp-json\/wp\/v2\/product_tag?post=3895"}],"curies":[{"name":"wp","href":"https:\/\/api.w.org\/{rel}","templated":true}]}}