{"id":3973,"date":"2023-11-28T10:26:43","date_gmt":"2023-11-28T09:26:43","guid":{"rendered":"http:\/\/dev.aunityshop.de\/?post_type=product&#038;p=3973"},"modified":"2025-09-26T13:12:02","modified_gmt":"2025-09-26T11:12:02","slug":"l-tryptophan","status":"publish","type":"product","link":"https:\/\/www.aunityshop.de\/ru\/product\/l-tryptophan\/","title":{"rendered":"L-\u0422\u0420\u0418\u041f\u0422\u041e\u0424\u0410\u041d"},"content":{"rendered":"<h3 class=\"black\">\u041f\u0418\u0429\u0415\u0412\u0410\u042f \u0414\u041e\u0411\u0410\u0412\u041a\u0410 \u0421 L-\u0422\u0420\u0418\u041f\u0422\u041e\u0424\u0410\u041d\u041e\u041c<\/h3>\n<h2>L-Tryptophan &#8211; Unterst\u00fctzung f\u00fcr emotionales Wohlbefinden und erholsamen Schlaf<\/h2>\n<p>\u041d\u0430\u0448 \u0432\u044b\u0441\u043e\u043a\u043e\u043a\u0430\u0447\u0435\u0441\u0442\u0432\u0435\u043d\u043d\u044b\u0439 L-\u0442\u0440\u0438\u043f\u0442\u043e\u0444\u0430\u043d \u0441\u043e\u0437\u0434\u0430\u043d \u0434\u043b\u044f \u043f\u043e\u0434\u0434\u0435\u0440\u0436\u0430\u043d\u0438\u044f \u0432\u0430\u0448\u0435\u0433\u043e \u044d\u043c\u043e\u0446\u0438\u043e\u043d\u0430\u043b\u044c\u043d\u043e\u0433\u043e \u0431\u0430\u043b\u0430\u043d\u0441\u0430 \u0438 \u0441\u043f\u043e\u043a\u043e\u0439\u043d\u043e\u0433\u043e \u043d\u043e\u0447\u043d\u043e\u0433\u043e \u0441\u043d\u0430. L-\u0442\u0440\u0438\u043f\u0442\u043e\u0444\u0430\u043d \u2014 \u043d\u0435\u0437\u0430\u043c\u0435\u043d\u0438\u043c\u0430\u044f \u0430\u043c\u0438\u043d\u043e\u043a\u0438\u0441\u043b\u043e\u0442\u0430, \u043a\u043e\u0442\u043e\u0440\u0430\u044f \u043f\u0440\u0435\u0432\u0440\u0430\u0449\u0430\u0435\u0442\u0441\u044f \u0432 \u043e\u0440\u0433\u0430\u043d\u0438\u0437\u043c\u0435 \u0432 \u0441\u0435\u0440\u043e\u0442\u043e\u043d\u0438\u043d, \u043d\u0435\u0439\u0440\u043e\u043c\u0435\u0434\u0438\u0430\u0442\u043e\u0440, \u043a\u043e\u0442\u043e\u0440\u044b\u0439 \u0438\u0433\u0440\u0430\u0435\u0442 \u043a\u043b\u044e\u0447\u0435\u0432\u0443\u044e \u0440\u043e\u043b\u044c \u0432 \u0440\u0435\u0433\u0443\u043b\u0438\u0440\u043e\u0432\u0430\u043d\u0438\u0438 \u043d\u0430\u0441\u0442\u0440\u043e\u0435\u043d\u0438\u044f \u0438 \u0441\u043d\u0430.<\/p>\n<h2>\u041f\u0440\u0435\u0438\u043c\u0443\u0449\u0435\u0441\u0442\u0432\u0430 \u043d\u0430\u0448\u0435\u0439 \u043f\u0438\u0449\u0435\u0432\u043e\u0439 \u0434\u043e\u0431\u0430\u0432\u043a\u0438 L-\u0442\u0440\u0438\u043f\u0442\u043e\u0444\u0430\u043d:<\/h2>\n<p><strong>\u041f\u043e\u0434\u0434\u0435\u0440\u0436\u043a\u0430 \u043d\u0430\u0441\u0442\u0440\u043e\u0435\u043d\u0438\u044f:<\/strong>\u00a0L-\u0442\u0440\u0438\u043f\u0442\u043e\u0444\u0430\u043d \u043c\u043e\u0436\u0435\u0442 \u0443\u0432\u0435\u043b\u0438\u0447\u0438\u0442\u044c \u0432\u044b\u0440\u0430\u0431\u043e\u0442\u043a\u0443 \u0441\u0435\u0440\u043e\u0442\u043e\u043d\u0438\u043d\u0430, \u0447\u0442\u043e \u043f\u043e\u043c\u043e\u0433\u0430\u0435\u0442 \u0443\u043b\u0443\u0447\u0448\u0438\u0442\u044c \u043d\u0430\u0441\u0442\u0440\u043e\u0435\u043d\u0438\u0435 \u0438 \u0443\u043b\u0443\u0447\u0448\u0438\u0442\u044c \u043e\u0431\u0449\u0435\u0435 \u0441\u0430\u043c\u043e\u0447\u0443\u0432\u0441\u0442\u0432\u0438\u0435.<\/p>\n<p><strong>\u041e\u0431\u0435\u0441\u043f\u0435\u0447\u0435\u043d\u0438\u0435 \u0441\u043f\u043e\u043a\u043e\u0439\u043d\u043e\u0433\u043e \u0441\u043d\u0430:<\/strong>\u00a0\u041f\u0440\u0435\u043e\u0431\u0440\u0430\u0437\u0443\u044f\u0441\u044c \u0432 \u0441\u0435\u0440\u043e\u0442\u043e\u043d\u0438\u043d, \u0430 \u0437\u0430\u0442\u0435\u043c \u0432 \u043c\u0435\u043b\u0430\u0442\u043e\u043d\u0438\u043d, \u0433\u043e\u0440\u043c\u043e\u043d \u0441\u043d\u0430, L-\u0442\u0440\u0438\u043f\u0442\u043e\u0444\u0430\u043d \u043c\u043e\u0436\u0435\u0442 \u043f\u043e\u043c\u043e\u0447\u044c \u0443\u043b\u0443\u0447\u0448\u0438\u0442\u044c \u043a\u0430\u0447\u0435\u0441\u0442\u0432\u043e \u0441\u043d\u0430 \u0438 \u0441\u043f\u043e\u0441\u043e\u0431\u0441\u0442\u0432\u043e\u0432\u0430\u0442\u044c \u0431\u043e\u043b\u0435\u0435 \u0433\u043b\u0443\u0431\u043e\u043a\u043e\u043c\u0443 \u0438 \u0441\u043f\u043e\u043a\u043e\u0439\u043d\u043e\u043c\u0443 \u0441\u043d\u0443.<\/p>\n<p><strong>\u0421\u043d\u044f\u0442\u0438\u0435 \u0441\u0442\u0440\u0435\u0441\u0441\u0430:<\/strong>\u00a0L-\u0442\u0440\u0438\u043f\u0442\u043e\u0444\u0430\u043d \u043c\u043e\u0436\u0435\u0442 \u043f\u043e\u043c\u043e\u0447\u044c \u0443\u043c\u0435\u043d\u044c\u0448\u0438\u0442\u044c \u0441\u0442\u0440\u0435\u0441\u0441 \u0438 \u0441\u043c\u044f\u0433\u0447\u0438\u0442\u044c \u0440\u0435\u0430\u043a\u0446\u0438\u044e \u043e\u0440\u0433\u0430\u043d\u0438\u0437\u043c\u0430 \u043d\u0430 \u0441\u0442\u0440\u0435\u0441\u0441\u043e\u0440\u044b, \u0441\u043f\u043e\u0441\u043e\u0431\u0441\u0442\u0432\u0443\u044f \u043e\u0449\u0443\u0449\u0435\u043d\u0438\u044e \u0440\u0430\u0441\u0441\u043b\u0430\u0431\u043b\u0435\u043d\u0438\u044f.<\/p>\n<p><strong>\u041f\u043e\u0434\u0434\u0435\u0440\u0436\u043a\u0430 \u043f\u0441\u0438\u0445\u0438\u0447\u0435\u0441\u043a\u043e\u0433\u043e \u0437\u0434\u043e\u0440\u043e\u0432\u044c\u044f:<\/strong>\u00a0\u042d\u0442\u043e \u0442\u0430\u043a\u0436\u0435 \u043c\u043e\u0436\u0435\u0442 \u0441\u043f\u043e\u0441\u043e\u0431\u0441\u0442\u0432\u043e\u0432\u0430\u0442\u044c \u0443\u043a\u0440\u0435\u043f\u043b\u0435\u043d\u0438\u044e \u043f\u0441\u0438\u0445\u0438\u0447\u0435\u0441\u043a\u043e\u0433\u043e \u0437\u0434\u043e\u0440\u043e\u0432\u044c\u044f, \u043f\u043e\u0434\u0434\u0435\u0440\u0436\u0438\u0432\u0430\u044f \u044d\u043c\u043e\u0446\u0438\u043e\u043d\u0430\u043b\u044c\u043d\u0443\u044e \u0441\u0442\u0430\u0431\u0438\u043b\u044c\u043d\u043e\u0441\u0442\u044c \u0438 \u0431\u0430\u043b\u0430\u043d\u0441.<\/p>\n<p>\u041d\u0430\u0448 L-\u0442\u0440\u0438\u043f\u0442\u043e\u0444\u0430\u043d \u0441\u043e\u0434\u0435\u0440\u0436\u0438\u0442 \u0442\u043e\u0447\u043d\u0443\u044e \u0434\u043e\u0437\u0438\u0440\u043e\u0432\u043a\u0443\u00a0\u0432 \u043a\u0430\u043f\u0441\u0443\u043b\u0430\u0445, \u043a\u043e\u0442\u043e\u0440\u044b\u0435 \u043b\u0435\u0433\u043a\u043e \u0433\u043b\u043e\u0442\u0430\u0442\u044c. \u041e\u043d \u043f\u0440\u043e\u0438\u0437\u0432\u043e\u0434\u0438\u0442\u0441\u044f \u0432 \u0441\u043e\u043e\u0442\u0432\u0435\u0442\u0441\u0442\u0432\u0438\u0438 \u0441\u043e \u0441\u0442\u0440\u043e\u0433\u0438\u043c\u0438 \u0441\u0442\u0430\u043d\u0434\u0430\u0440\u0442\u0430\u043c\u0438 \u043a\u0430\u0447\u0435\u0441\u0442\u0432\u0430, \u0447\u0442\u043e\u0431\u044b \u0433\u0430\u0440\u0430\u043d\u0442\u0438\u0440\u043e\u0432\u0430\u0442\u044c \u0447\u0438\u0441\u0442\u043e\u0442\u0443 \u043f\u0440\u043e\u0434\u0443\u043a\u0442\u0430.<\/p>\n<p>\u041d\u0430\u0448\u0430 \u043f\u0438\u0449\u0435\u0432\u0430\u044f \u0434\u043e\u0431\u0430\u0432\u043a\u0430 L-\u0442\u0440\u0438\u043f\u0442\u043e\u0444\u0430\u043d \u043f\u0440\u0435\u0434\u043d\u0430\u0437\u043d\u0430\u0447\u0435\u043d\u0430 \u0434\u043b\u044f \u043b\u044e\u0434\u0435\u0439, \u043a\u043e\u0442\u043e\u0440\u044b\u0435 \u0445\u043e\u0442\u044f\u0442 \u043f\u043e\u0434\u0434\u0435\u0440\u0436\u0430\u0442\u044c \u0441\u0432\u043e\u0439 \u044d\u043c\u043e\u0446\u0438\u043e\u043d\u0430\u043b\u044c\u043d\u044b\u0439 \u0431\u0430\u043b\u0430\u043d\u0441, \u0443\u043b\u0443\u0447\u0448\u0438\u0442\u044c \u043a\u0430\u0447\u0435\u0441\u0442\u0432\u043e \u0441\u043d\u0430 \u0438 \u0441\u043d\u0438\u0437\u0438\u0442\u044c \u0441\u0442\u0440\u0435\u0441\u0441. \u041e\u0442\u043a\u0440\u043e\u0439\u0442\u0435 \u0434\u043b\u044f \u0441\u0435\u0431\u044f \u043f\u0440\u0435\u0438\u043c\u0443\u0449\u0435\u0441\u0442\u0432\u0430 \u044d\u0442\u043e\u0439 \u043d\u0435\u0437\u0430\u043c\u0435\u043d\u0438\u043c\u043e\u0439 \u0430\u043c\u0438\u043d\u043e\u043a\u0438\u0441\u043b\u043e\u0442\u044b \u0438 \u043f\u043e\u0434\u0434\u0435\u0440\u0436\u0438\u0442\u0435 \u0441\u0432\u043e\u0435 \u0441\u0430\u043c\u043e\u0447\u0443\u0432\u0441\u0442\u0432\u0438\u0435 \u0435\u0441\u0442\u0435\u0441\u0442\u0432\u0435\u043d\u043d\u044b\u043c \u043f\u0443\u0442\u0435\u043c.<\/p>\n<p><strong>\u0418\u043d\u0433\u0440\u0435\u0434\u0438\u0435\u043d\u0442\u044b:<\/strong>\u00a0L-\u0442\u0440\u0438\u043f\u0442\u043e\u0444\u0430\u043d, \u0433\u0438\u0434\u0440\u043e\u043a\u0441\u0430\u043f\u0440\u043e\u043f\u0438\u043b\u043c\u0435\u0442\u0438\u043b\u0446\u0435\u043b\u043b\u044e\u043b\u043e\u0437\u0430 (\u043e\u0431\u043e\u043b\u043e\u0447\u043a\u0430 \u0440\u0430\u0441\u0442\u0438\u0442\u0435\u043b\u044c\u043d\u043e\u0439 \u043a\u0430\u043f\u0441\u0443\u043b\u044b)<\/p>\n<p>&nbsp;<\/p>\n<table>\n<tbody>\n<tr class=\"\">\n<th>\u041f\u0438\u0442\u0430\u0442\u0435\u043b\u044c\u043d\u044b\u0435 \u0432\u0435\u0449\u0435\u0441\u0442\u0432\u0430<\/th>\n<th>C\u0443\u0442\u043e\u0447\u043d\u0430\u044f \u0434\u043e\u0437\u0430<br \/>\n\u041f\u043e 1 \u043a\u0430\u043f\u0441\u0443\u043b\u0435<\/th>\n<th>%NRV%*<\/th>\n<\/tr>\n<tr class=\"\">\n<td>L-\u0442\u0440\u0438\u043f\u0442\u043e\u0444\u0430\u043d<\/td>\n<td>500mg<\/td>\n<td>**<\/td>\n<\/tr>\n<\/tbody>\n<\/table>\n<p>&nbsp;<\/p>\n<p><strong>C\u0432\u043e\u0431\u043e\u0434\u043d\u044b\u0439 \u043e\u0442:<\/strong>\u00a0S\u00fc\u00dfungsmitteln, Zucker, Salz, Soja, St\u00e4rke, Weizen, Salz, Ei, Gluten, Milch, N\u00fcssen, Sellerie, Fisch, Weichtieren, Schalentieren, Sesam, Senf, Sulfan, Lupinen, Schwefeldioxid, k\u00fcnstlichen Farb-, Aroma- &amp; Geschmackssto\ufb00en sowie Konservierungsmitteln.<\/p>\n<p><strong>\u041f\u0440\u0438\u043c\u0435\u0447\u0430\u043d\u0438\u0435 \u043e \u0432\u0430\u0448\u0435\u043c \u0437\u0434\u043e\u0440\u043e\u0432\u044c\u0435:\u00a0<\/strong>\u0414\u0438\u0435\u0442\u0438\u0447\u0435\u0441\u043a\u0438\u0435 \u0434\u043e\u0431\u0430\u0432\u043a\u0438 \u043d\u0435 \u0437\u0430\u043c\u0435\u043d\u044f\u044e\u0442 \u0441\u0431\u0430\u043b\u0430\u043d\u0441\u0438\u0440\u043e\u0432\u0430\u043d\u043d\u043e\u0435 \u0438 \u0440\u0430\u0437\u043d\u043e\u043e\u0431\u0440\u0430\u0437\u043d\u043e\u0435 \u043f\u0438\u0442\u0430\u043d\u0438\u0435 \u0438 \u0437\u0434\u043e\u0440\u043e\u0432\u044b\u0439 \u043e\u0431\u0440\u0430\u0437 \u0436\u0438\u0437\u043d\u0438. \u0423\u043a\u0430\u0437\u0430\u043d\u043d\u043e\u0435 \u0440\u0435\u043a\u043e\u043c\u0435\u043d\u0434\u0443\u0435\u043c\u043e\u0435 \u0435\u0436\u0435\u0434\u043d\u0435\u0432\u043d\u043e\u0435 \u043f\u043e\u0442\u0440\u0435\u0431\u043b\u0435\u043d\u0438\u0435 \u043d\u0435 \u0434\u043e\u043b\u0436\u043d\u043e \u043f\u0440\u0435\u0432\u044b\u0448\u0430\u0442\u044c\u0441\u044f. \u0425\u0440\u0430\u043d\u0438\u0442\u044c \u0432 \u043d\u0435\u0434\u043e\u0441\u0442\u0443\u043f\u043d\u043e\u043c \u0434\u043b\u044f \u043c\u0430\u043b\u0435\u043d\u044c\u043a\u0438\u0445 \u0434\u0435\u0442\u0435\u0439 \u043c\u0435\u0441\u0442\u0435! \u041f\u0440\u0438 \u043f\u0440\u0438\u0435\u043c\u0435 \u0430\u043d\u0442\u0438\u0431\u0438\u043e\u0442\u0438\u043a\u043e\u0432 \u0441\u043e\u0431\u043b\u044e\u0434\u0430\u0439\u0442\u0435 \u0434\u0438\u0441\u0442\u0430\u043d\u0446\u0438\u044e \u200b\u200b\u0432 2 \u0447\u0430\u0441\u0430.<\/p>\n<p><strong>\u0420\u0435\u043a\u043e\u043c\u0435\u043d\u0434\u0443\u0435\u043c\u043e\u0435 \u043f\u043e\u0442\u0440\u0435\u0431\u043b\u0435\u043d\u0438\u0435:<\/strong>\u00a0\u041f\u0440\u0438\u043d\u0438\u043c\u0430\u0442\u044c \u043f\u043e 1 \u043a\u0430\u043f\u0441\u0443\u043b\u0435 \u0432 \u0434\u0435\u043d\u044c \u0446\u0435\u043b\u0438\u043a\u043e\u043c, \u0437\u0430\u043f\u0438\u0432\u0430\u044f \u0434\u043e\u0441\u0442\u0430\u0442\u043e\u0447\u043d\u044b\u043c \u043a\u043e\u043b\u0438\u0447\u0435\u0441\u0442\u0432\u043e\u043c \u0432\u043e\u0434\u044b, \u0437\u0430 30 \u043c\u0438\u043d\u0443\u0442 \u0434\u043e \u0441\u043d\u0430.<br \/>\n<strong>N<\/strong><strong>\u043d\u043e\u043c\u0438\u043d\u0430\u043b\u044c\u043d\u044b\u0439 \u043e\u0431\u044a\u0435\u043c \u0437\u0430\u043f\u043e\u043b\u043d\u0435\u043d\u0438\u044f:<\/strong>\u00a075 g<br \/>\n<strong>\u041d\u0430\u0437\u0432\u0430\u043d\u0438\u0435 \u043f\u0440\u043e\u0434\u0430\u0436\u0438:<\/strong>\u00a0\u0414\u0438\u0435\u0442\u0438\u0447\u0435\u0441\u043a\u0430\u044f \u0434\u043e\u0431\u0430\u0432\u043a\u0430 \u0441 L-\u0442\u0440\u0438\u043f\u0442\u043e\u0444\u0430\u043d\u043e\u043c<br \/>\n<strong>\u0425\u0440\u0430\u043d\u0435\u043d\u0438\u0435:<\/strong>\u00a0\u0425\u0440\u0430\u043d\u0438\u0442\u044c \u0432 \u043f\u0440\u043e\u0445\u043b\u0430\u0434\u043d\u043e\u043c, \u0441\u0443\u0445\u043e\u043c \u0438 \u0442\u0435\u043c\u043d\u043e\u043c \u043c\u0435\u0441\u0442\u0435.<br \/>\n<strong>C\u0440\u043e\u043a \u0445\u0440\u0430\u043d\u0435\u043d\u0438\u044f<\/strong>\u00a0\u043f\u0435\u0447\u0430\u0442\u044c \u043d\u0430 \u0434\u043d\u0435 \u0431\u0443\u0442\u044b\u043b\u043a\u0438<\/p>","protected":false},"excerpt":{"rendered":"<p>NAHRUNGSERG\u00c4NZUNGSMITTEL MIT L-TRYPTOPHAN L-Tryptophan &#8211; Unterst\u00fctzung f\u00fcr emotionales Wohlbefinden und erholsamen Schlaf Unser hochwertiges\u00a0L-Tryptophan ist darauf ausgelegt, Ihr emotionales Gleichgewicht zu f\u00f6rdern und Ihnen zu einem erholsamen Schlaf zu verhelfen. L-Tryptophan ist eine essenzielle Aminos\u00e4ure, die im K\u00f6rper in Serotonin umgewandelt wird, einem Neurotransmitter, der eine Schl\u00fcsselrolle bei der Regulierung der Stimmung und des Schlafes&hellip;<\/p>","protected":false},"featured_media":3974,"template":"","meta":[],"product_brand":[],"product_cat":[66],"product_tag":[],"class_list":{"0":"post-3973","1":"product","2":"type-product","3":"status-publish","4":"has-post-thumbnail","6":"product_cat-nahrungsergaenzung","7":"description-off","9":"first","10":"instock","11":"sale","12":"taxable","13":"shipping-taxable","14":"purchasable","15":"product-type-simple"},"yoast_head":"<!-- This site is optimized with the Yoast SEO plugin v27.2 - https:\/\/yoast.com\/product\/yoast-seo-wordpress\/ -->\n<title>L-TRYPTOPHAN - aunity Partnershop<\/title>\n<meta name=\"robots\" content=\"index, follow, max-snippet:-1, max-image-preview:large, max-video-preview:-1\" \/>\n<link rel=\"canonical\" href=\"https:\/\/www.aunityshop.de\/ru\/product\/l-tryptophan\/\" \/>\n<meta property=\"og:locale\" content=\"ru_RU\" \/>\n<meta property=\"og:type\" content=\"article\" \/>\n<meta property=\"og:title\" content=\"L-TRYPTOPHAN - aunity Partnershop\" \/>\n<meta property=\"og:description\" content=\"NAHRUNGSERG\u00c4NZUNGSMITTEL MIT L-TRYPTOPHAN L-Tryptophan &#8211; Unterst\u00fctzung f\u00fcr emotionales Wohlbefinden und erholsamen Schlaf Unser hochwertiges\u00a0L-Tryptophan ist darauf ausgelegt, Ihr emotionales Gleichgewicht zu f\u00f6rdern und Ihnen zu einem erholsamen Schlaf zu verhelfen. L-Tryptophan ist eine essenzielle Aminos\u00e4ure, die im K\u00f6rper in Serotonin umgewandelt wird, einem Neurotransmitter, der eine Schl\u00fcsselrolle bei der Regulierung der Stimmung und des Schlafes&hellip;\" \/>\n<meta property=\"og:url\" content=\"https:\/\/www.aunityshop.de\/ru\/product\/l-tryptophan\/\" \/>\n<meta property=\"og:site_name\" content=\"aunity Partnershop\" \/>\n<meta property=\"article:modified_time\" content=\"2025-09-26T11:12:02+00:00\" \/>\n<meta property=\"og:image\" content=\"https:\/\/www.aunityshop.de\/wp-content\/uploads\/2023\/11\/1699970479_916__20.pngL-Try.png\" \/>\n\t<meta property=\"og:image:width\" content=\"800\" \/>\n\t<meta property=\"og:image:height\" content=\"800\" \/>\n\t<meta property=\"og:image:type\" content=\"image\/png\" \/>\n<meta name=\"twitter:card\" content=\"summary_large_image\" \/>\n<meta name=\"twitter:label1\" content=\"\u041f\u0440\u0438\u043c\u0435\u0440\u043d\u043e\u0435 \u0432\u0440\u0435\u043c\u044f \u0434\u043b\u044f \u0447\u0442\u0435\u043d\u0438\u044f\" \/>\n\t<meta name=\"twitter:data1\" content=\"2 \u043c\u0438\u043d\u0443\u0442\u044b\" \/>\n<script type=\"application\/ld+json\" class=\"yoast-schema-graph\">{\"@context\":\"https:\/\/schema.org\",\"@graph\":[{\"@type\":\"WebPage\",\"@id\":\"https:\/\/www.aunityshop.de\/produkt\/l-tryptophan\/\",\"url\":\"https:\/\/www.aunityshop.de\/produkt\/l-tryptophan\/\",\"name\":\"L-TRYPTOPHAN - aunity Partnershop\",\"isPartOf\":{\"@id\":\"https:\/\/www.aunityshop.de\/#website\"},\"primaryImageOfPage\":{\"@id\":\"https:\/\/www.aunityshop.de\/produkt\/l-tryptophan\/#primaryimage\"},\"image\":{\"@id\":\"https:\/\/www.aunityshop.de\/produkt\/l-tryptophan\/#primaryimage\"},\"thumbnailUrl\":\"https:\/\/www.aunityshop.de\/wp-content\/uploads\/2023\/11\/1699970479_916__20.pngL-Try.png\",\"datePublished\":\"2023-11-28T09:26:43+00:00\",\"dateModified\":\"2025-09-26T11:12:02+00:00\",\"breadcrumb\":{\"@id\":\"https:\/\/www.aunityshop.de\/produkt\/l-tryptophan\/#breadcrumb\"},\"inLanguage\":\"ru-RU\",\"potentialAction\":[{\"@type\":\"ReadAction\",\"target\":[\"https:\/\/www.aunityshop.de\/produkt\/l-tryptophan\/\"]}]},{\"@type\":\"ImageObject\",\"inLanguage\":\"ru-RU\",\"@id\":\"https:\/\/www.aunityshop.de\/produkt\/l-tryptophan\/#primaryimage\",\"url\":\"https:\/\/www.aunityshop.de\/wp-content\/uploads\/2023\/11\/1699970479_916__20.pngL-Try.png\",\"contentUrl\":\"https:\/\/www.aunityshop.de\/wp-content\/uploads\/2023\/11\/1699970479_916__20.pngL-Try.png\",\"width\":800,\"height\":800},{\"@type\":\"BreadcrumbList\",\"@id\":\"https:\/\/www.aunityshop.de\/produkt\/l-tryptophan\/#breadcrumb\",\"itemListElement\":[{\"@type\":\"ListItem\",\"position\":1,\"name\":\"Start\",\"item\":\"https:\/\/www.aunityshop.de\/\"},{\"@type\":\"ListItem\",\"position\":2,\"name\":\"Shop\",\"item\":\"https:\/\/www.aunityshop.de\/shop\/\"},{\"@type\":\"ListItem\",\"position\":3,\"name\":\"L-TRYPTOPHAN\"}]},{\"@type\":\"WebSite\",\"@id\":\"https:\/\/www.aunityshop.de\/#website\",\"url\":\"https:\/\/www.aunityshop.de\/\",\"name\":\"aunity Partnershop\",\"description\":\"Kraftvolle Gesundheit | Nahrungserg\u00e4nzung Kosmetik Aqua Balance Wasserfilter Anion Damenbinden Slipeinlagen\",\"potentialAction\":[{\"@type\":\"SearchAction\",\"target\":{\"@type\":\"EntryPoint\",\"urlTemplate\":\"https:\/\/www.aunityshop.de\/?s={search_term_string}\"},\"query-input\":{\"@type\":\"PropertyValueSpecification\",\"valueRequired\":true,\"valueName\":\"search_term_string\"}}],\"inLanguage\":\"ru-RU\"}]}<\/script>\n<!-- \/ Yoast SEO plugin. -->","yoast_head_json":{"title":"L-TRYPTOPHAN - aunity Partnershop","robots":{"index":"index","follow":"follow","max-snippet":"max-snippet:-1","max-image-preview":"max-image-preview:large","max-video-preview":"max-video-preview:-1"},"canonical":"https:\/\/www.aunityshop.de\/ru\/product\/l-tryptophan\/","og_locale":"ru_RU","og_type":"article","og_title":"L-TRYPTOPHAN - aunity Partnershop","og_description":"NAHRUNGSERG\u00c4NZUNGSMITTEL MIT L-TRYPTOPHAN L-Tryptophan &#8211; Unterst\u00fctzung f\u00fcr emotionales Wohlbefinden und erholsamen Schlaf Unser hochwertiges\u00a0L-Tryptophan ist darauf ausgelegt, Ihr emotionales Gleichgewicht zu f\u00f6rdern und Ihnen zu einem erholsamen Schlaf zu verhelfen. L-Tryptophan ist eine essenzielle Aminos\u00e4ure, die im K\u00f6rper in Serotonin umgewandelt wird, einem Neurotransmitter, der eine Schl\u00fcsselrolle bei der Regulierung der Stimmung und des Schlafes&hellip;","og_url":"https:\/\/www.aunityshop.de\/ru\/product\/l-tryptophan\/","og_site_name":"aunity Partnershop","article_modified_time":"2025-09-26T11:12:02+00:00","og_image":[{"width":800,"height":800,"url":"https:\/\/www.aunityshop.de\/wp-content\/uploads\/2023\/11\/1699970479_916__20.pngL-Try.png","type":"image\/png"}],"twitter_card":"summary_large_image","twitter_misc":{"\u041f\u0440\u0438\u043c\u0435\u0440\u043d\u043e\u0435 \u0432\u0440\u0435\u043c\u044f \u0434\u043b\u044f \u0447\u0442\u0435\u043d\u0438\u044f":"2 \u043c\u0438\u043d\u0443\u0442\u044b"},"schema":{"@context":"https:\/\/schema.org","@graph":[{"@type":"WebPage","@id":"https:\/\/www.aunityshop.de\/produkt\/l-tryptophan\/","url":"https:\/\/www.aunityshop.de\/produkt\/l-tryptophan\/","name":"L-TRYPTOPHAN - aunity Partnershop","isPartOf":{"@id":"https:\/\/www.aunityshop.de\/#website"},"primaryImageOfPage":{"@id":"https:\/\/www.aunityshop.de\/produkt\/l-tryptophan\/#primaryimage"},"image":{"@id":"https:\/\/www.aunityshop.de\/produkt\/l-tryptophan\/#primaryimage"},"thumbnailUrl":"https:\/\/www.aunityshop.de\/wp-content\/uploads\/2023\/11\/1699970479_916__20.pngL-Try.png","datePublished":"2023-11-28T09:26:43+00:00","dateModified":"2025-09-26T11:12:02+00:00","breadcrumb":{"@id":"https:\/\/www.aunityshop.de\/produkt\/l-tryptophan\/#breadcrumb"},"inLanguage":"ru-RU","potentialAction":[{"@type":"ReadAction","target":["https:\/\/www.aunityshop.de\/produkt\/l-tryptophan\/"]}]},{"@type":"ImageObject","inLanguage":"ru-RU","@id":"https:\/\/www.aunityshop.de\/produkt\/l-tryptophan\/#primaryimage","url":"https:\/\/www.aunityshop.de\/wp-content\/uploads\/2023\/11\/1699970479_916__20.pngL-Try.png","contentUrl":"https:\/\/www.aunityshop.de\/wp-content\/uploads\/2023\/11\/1699970479_916__20.pngL-Try.png","width":800,"height":800},{"@type":"BreadcrumbList","@id":"https:\/\/www.aunityshop.de\/produkt\/l-tryptophan\/#breadcrumb","itemListElement":[{"@type":"ListItem","position":1,"name":"Start","item":"https:\/\/www.aunityshop.de\/"},{"@type":"ListItem","position":2,"name":"Shop","item":"https:\/\/www.aunityshop.de\/shop\/"},{"@type":"ListItem","position":3,"name":"L-TRYPTOPHAN"}]},{"@type":"WebSite","@id":"https:\/\/www.aunityshop.de\/#website","url":"https:\/\/www.aunityshop.de\/","name":"aunity Partnershop","description":"Kraftvolle Gesundheit | Nahrungserg\u00e4nzung Kosmetik Aqua Balance Wasserfilter Anion Damenbinden Slipeinlagen","potentialAction":[{"@type":"SearchAction","target":{"@type":"EntryPoint","urlTemplate":"https:\/\/www.aunityshop.de\/?s={search_term_string}"},"query-input":{"@type":"PropertyValueSpecification","valueRequired":true,"valueName":"search_term_string"}}],"inLanguage":"ru-RU"}]}},"_links":{"self":[{"href":"https:\/\/www.aunityshop.de\/ru\/wp-json\/wp\/v2\/product\/3973","targetHints":{"allow":["GET"]}}],"collection":[{"href":"https:\/\/www.aunityshop.de\/ru\/wp-json\/wp\/v2\/product"}],"about":[{"href":"https:\/\/www.aunityshop.de\/ru\/wp-json\/wp\/v2\/types\/product"}],"wp:featuredmedia":[{"embeddable":true,"href":"https:\/\/www.aunityshop.de\/ru\/wp-json\/wp\/v2\/media\/3974"}],"wp:attachment":[{"href":"https:\/\/www.aunityshop.de\/ru\/wp-json\/wp\/v2\/media?parent=3973"}],"wp:term":[{"taxonomy":"product_brand","embeddable":true,"href":"https:\/\/www.aunityshop.de\/ru\/wp-json\/wp\/v2\/product_brand?post=3973"},{"taxonomy":"product_cat","embeddable":true,"href":"https:\/\/www.aunityshop.de\/ru\/wp-json\/wp\/v2\/product_cat?post=3973"},{"taxonomy":"product_tag","embeddable":true,"href":"https:\/\/www.aunityshop.de\/ru\/wp-json\/wp\/v2\/product_tag?post=3973"}],"curies":[{"name":"wp","href":"https:\/\/api.w.org\/{rel}","templated":true}]}}