{"id":3975,"date":"2023-11-28T10:11:41","date_gmt":"2023-11-28T09:11:41","guid":{"rendered":"http:\/\/dev.aunityshop.de\/?post_type=product&#038;p=3975"},"modified":"2025-09-26T13:15:25","modified_gmt":"2025-09-26T11:15:25","slug":"curcuma-complex","status":"publish","type":"product","link":"https:\/\/www.aunityshop.de\/ru\/product\/curcuma-complex\/","title":{"rendered":"\u041a\u041e\u041c\u041f\u041b\u0415\u041a\u0421 \u041a\u0423\u0420\u041a\u0423\u041c\u042b"},"content":{"rendered":"<h3 class=\"black\">\u041f\u0418\u0429\u0415\u0412\u0410\u042f \u0414\u041e\u0411\u0410\u0412\u041a\u0410 \u0421 \u042d\u041a\u0421\u0422\u0420\u0410\u041a\u0422\u041e\u041c \u041a\u0423\u0420\u041a\u0423\u041c\u042b, \u041f\u041e\u0420\u041e\u0428\u041a\u041e\u041c \u041a\u0423\u0420\u041a\u0423\u041c\u042b \u0418 \u042d\u041a\u0421\u0422\u0420\u0410\u041a\u0422\u041e\u041c \u0427\u0415\u0420\u041d\u041e\u0413\u041e \u041f\u0415\u0420\u0426\u0410<\/h3>\n<h2>Curcuma Complex mit Schwarzem Pfefferextrakt &#8211; Nat\u00fcrliches Nahrungserg\u00e4nzungsmittel f\u00fcr ganzheitliche Gesundheit<\/h2>\n<p>\u041e\u0442\u043a\u0440\u043e\u0439\u0442\u0435 \u0434\u043b\u044f \u0441\u0435\u0431\u044f \u043c\u043e\u0449\u043d\u044b\u0435 \u043f\u0440\u0435\u0438\u043c\u0443\u0449\u0435\u0441\u0442\u0432\u0430 \u043a\u0443\u0440\u043a\u0443\u043c\u044b, \u044d\u043a\u0441\u0442\u0440\u0430\u043a\u0442\u0430 \u0447\u0435\u0440\u043d\u043e\u0433\u043e \u043f\u0435\u0440\u0446\u0430 (\u043f\u0438\u043f\u0435\u0440\u0438\u043d\u0430) \u0438 \u043f\u043e\u0440\u043e\u0448\u043a\u0430 \u043a\u0443\u0440\u043a\u0443\u043c\u044b \u0432 \u043d\u0430\u0448\u0435\u043c \u0432\u044b\u0441\u043e\u043a\u043e\u043a\u0430\u0447\u0435\u0441\u0442\u0432\u0435\u043d\u043d\u043e\u043c \u043a\u043e\u043c\u043f\u043b\u0435\u043a\u0441\u0435 \u043a\u0443\u0440\u043a\u0443\u043c\u044b. \u042d\u0442\u0430 \u0443\u043d\u0438\u043a\u0430\u043b\u044c\u043d\u0430\u044f \u043a\u043e\u043c\u0431\u0438\u043d\u0430\u0446\u0438\u044f \u043f\u0440\u0435\u0434\u043b\u0430\u0433\u0430\u0435\u0442 \u0432\u0430\u043c \u043d\u0430\u0442\u0443\u0440\u0430\u043b\u044c\u043d\u0443\u044e \u0444\u043e\u0440\u043c\u0443\u043b\u0443 \u0434\u043b\u044f \u0432\u0441\u0435\u0441\u0442\u043e\u0440\u043e\u043d\u043d\u0435\u0439 \u043f\u043e\u0434\u0434\u0435\u0440\u0436\u043a\u0438 \u0432\u0430\u0448\u0435\u0433\u043e \u0437\u0434\u043e\u0440\u043e\u0432\u044c\u044f.<\/p>\n<div class=\"body\">\n<div class=\"site-header-wrapper\">\n<header class=\"site-header hidden-sm hidden-xs sticky-header\">\n<div class=\"container-fluid\">\n<div class=\"header-right visible-lg hidden-md hidden-sm hidden-xs\">\n<div><\/div>\n<div id=\"supnav\" class=\"lang-panel\">\u041f\u0420\u0415\u0418\u041c\u0423\u0429\u0415\u0421\u0422\u0412\u0410 \u041d\u0410\u0428\u0415\u0413\u041e \u041a\u041e\u041c\u041f\u041b\u0415\u041a\u0421\u0410 \u041a\u0423\u0420\u041a\u0423\u041c\u0410 \u0421 \u042d\u041a\u0421\u0422\u0420\u0410\u041a\u0422\u041e\u041c \u0427\u0415\u0420\u041d\u041e\u0413\u041e \u041f\u0415\u0420\u0426\u0410:<\/div>\n<\/div>\n<\/div>\n<\/header>\n<\/div>\n<\/div>\n<div class=\"main\" role=\"main\">\n<div id=\"content\" class=\"content full\">\n<div class=\"container-fluid\">\n<div class=\"row\">\n<div class=\"col-md-12 single-post col-fixed-content\">\n<div class=\"row ctpl c-tpl-01\">\n<div id=\"c-tpl-182\" class=\"col-lg-12 col-dm-12 col-sm-12 col-xs-12\">\n<div id=\"con-285\" class=\"content-segment\">\n<div class=\"shop shop-single\">\n<div class=\"prodTabs\" role=\"tabpanel\">\n<div class=\"tab-content\">\n<div id=\"ptab_2\" class=\"tab-pane active\" role=\"tabpanel\">\n<p><strong>\u041f\u0440\u043e\u0442\u0438\u0432\u043e\u0432\u043e\u0441\u043f\u0430\u043b\u0438\u0442\u0435\u043b\u044c\u043d\u044b\u0439 \u044d\u0444\u0444\u0435\u043a\u0442:<\/strong>\u00a0\u0421\u043e\u0447\u0435\u0442\u0430\u043d\u0438\u0435 \u044d\u043a\u0441\u0442\u0440\u0430\u043a\u0442\u0430 \u0438 \u043f\u043e\u0440\u043e\u0448\u043a\u0430 \u043a\u0443\u0440\u043a\u0443\u043c\u044b \u043c\u043e\u0436\u0435\u0442 \u043f\u043e\u043c\u043e\u0447\u044c \u0443\u043c\u0435\u043d\u044c\u0448\u0438\u0442\u044c \u0432\u043e\u0441\u043f\u0430\u043b\u0435\u043d\u0438\u0435 \u0432 \u043e\u0440\u0433\u0430\u043d\u0438\u0437\u043c\u0435, \u0447\u0442\u043e \u043f\u043e\u043c\u043e\u0433\u0430\u0435\u0442 \u043f\u0440\u0438 \u0440\u0430\u0437\u043b\u0438\u0447\u043d\u044b\u0445 \u043f\u0440\u043e\u0431\u043b\u0435\u043c\u0430\u0445 \u0441\u043e \u0437\u0434\u043e\u0440\u043e\u0432\u044c\u0435\u043c.<\/p>\n<p><strong>\u0423\u043b\u0443\u0447\u0448\u0435\u043d\u0438\u0435 \u043f\u0438\u0449\u0435\u0432\u0430\u0440\u0435\u043d\u0438\u044f:<\/strong>\u00a0\u041a\u0443\u0440\u043a\u0443\u043c\u0430 \u0442\u0440\u0430\u0434\u0438\u0446\u0438\u043e\u043d\u043d\u043e \u0438\u0441\u043f\u043e\u043b\u044c\u0437\u0443\u0435\u0442\u0441\u044f \u0434\u043b\u044f \u0443\u043b\u0443\u0447\u0448\u0435\u043d\u0438\u044f \u043f\u0438\u0449\u0435\u0432\u0430\u0440\u0435\u043d\u0438\u044f \u0438 \u043f\u043e\u043c\u043e\u0433\u0430\u0435\u0442 \u043e\u0431\u043b\u0435\u0433\u0447\u0438\u0442\u044c \u043f\u0440\u043e\u0431\u043b\u0435\u043c\u044b \u0441 \u0436\u0435\u043b\u0443\u0434\u043a\u043e\u043c.<\/p>\n<p><strong>\u0417\u0434\u043e\u0440\u043e\u0432\u044c\u0435 \u0441\u0443\u0441\u0442\u0430\u0432\u043e\u0432:<\/strong>\u00a0\u041f\u0440\u043e\u0442\u0438\u0432\u043e\u0432\u043e\u0441\u043f\u0430\u043b\u0438\u0442\u0435\u043b\u044c\u043d\u044b\u0435 \u0441\u0432\u043e\u0439\u0441\u0442\u0432\u0430 \u043a\u0443\u0440\u043a\u0443\u043c\u044b \u043c\u043e\u0433\u0443\u0442 \u043f\u043e\u043c\u043e\u0447\u044c \u043f\u043e\u0434\u0434\u0435\u0440\u0436\u0430\u0442\u044c \u0437\u0434\u043e\u0440\u043e\u0432\u044c\u0435 \u0441\u0443\u0441\u0442\u0430\u0432\u043e\u0432 \u0438 \u043e\u0431\u043b\u0435\u0433\u0447\u0438\u0442\u044c \u0434\u0438\u0441\u043a\u043e\u043c\u0444\u043e\u0440\u0442.<\/p>\n<p><strong>\u041f\u043e\u0434\u0434\u0435\u0440\u0436\u043a\u0430 \u0438\u043c\u043c\u0443\u043d\u043d\u043e\u0439 \u0441\u0438\u0441\u0442\u0435\u043c\u044b:<\/strong>\u00a0\u041a\u0443\u0440\u043a\u0443\u043c\u0430 \u0431\u043e\u0433\u0430\u0442\u0430 \u0430\u043d\u0442\u0438\u043e\u043a\u0441\u0438\u0434\u0430\u043d\u0442\u0430\u043c\u0438, \u043a\u043e\u0442\u043e\u0440\u044b\u0435 \u0443\u043a\u0440\u0435\u043f\u043b\u044f\u044e\u0442 \u0438\u043c\u043c\u0443\u043d\u043d\u0443\u044e \u0441\u0438\u0441\u0442\u0435\u043c\u0443 \u0438 \u0437\u0430\u0449\u0438\u0449\u0430\u044e\u0442 \u043e\u0440\u0433\u0430\u043d\u0438\u0437\u043c \u043e\u0442 \u0432\u0440\u0435\u0434\u043d\u044b\u0445 \u0441\u0432\u043e\u0431\u043e\u0434\u043d\u044b\u0445 \u0440\u0430\u0434\u0438\u043a\u0430\u043b\u043e\u0432.<\/p>\n<p>\u041d\u0430\u0448 \u043a\u043e\u043c\u043f\u043b\u0435\u043a\u0441 \u043a\u0443\u0440\u043a\u0443\u043c\u044b \u043f\u0440\u043e\u0438\u0437\u0432\u043e\u0434\u0438\u0442\u0441\u044f \u0432 \u0441\u043e\u043e\u0442\u0432\u0435\u0442\u0441\u0442\u0432\u0438\u0438 \u0441\u043e \u0441\u0442\u0440\u043e\u0433\u0438\u043c\u0438 \u0441\u0442\u0430\u043d\u0434\u0430\u0440\u0442\u0430\u043c\u0438 \u043a\u0430\u0447\u0435\u0441\u0442\u0432\u0430 \u0438 \u043f\u0440\u0435\u0434\u043b\u0430\u0433\u0430\u0435\u0442 \u043a\u043e\u043d\u0446\u0435\u043d\u0442\u0440\u0438\u0440\u043e\u0432\u0430\u043d\u043d\u0443\u044e \u0438 \u044d\u0444\u0444\u0435\u043a\u0442\u0438\u0432\u043d\u0443\u044e \u0444\u043e\u0440\u043c\u0443\u043b\u0443. \u041e\u043d \u043d\u0435 \u0441\u043e\u0434\u0435\u0440\u0436\u0438\u0442 \u0438\u0441\u043a\u0443\u0441\u0441\u0442\u0432\u0435\u043d\u043d\u044b\u0445 \u0434\u043e\u0431\u0430\u0432\u043e\u043a \u0438 \u043e\u0431\u0435\u0441\u043f\u0435\u0447\u0438\u0432\u0430\u0435\u0442 \u043c\u0430\u043a\u0441\u0438\u043c\u0430\u043b\u044c\u043d\u0443\u044e \u0447\u0438\u0441\u0442\u043e\u0442\u0443.<\/p>\n<p><strong>\u0418\u043d\u0433\u0440\u0435\u0434\u0438\u0435\u043d\u0442\u044b:<\/strong>\u00a0\u042d\u043a\u0441\u0442\u0440\u0430\u043a\u0442 \u043a\u0443\u0440\u043a\u0443\u043c\u044b, \u043f\u043e\u0440\u043e\u0448\u043e\u043a \u043a\u0443\u0440\u043a\u0443\u043c\u044b, \u0440\u0430\u0441\u0442\u0438\u0442\u0435\u043b\u044c\u043d\u0430\u044f \u043e\u0431\u043e\u043b\u043e\u0447\u043a\u0430 \u043a\u0430\u043f\u0441\u0443\u043b\u044b: \u0433\u0438\u0434\u0440\u043e\u043a\u0441\u0438\u043f\u0440\u043e\u043f\u0438\u043b\u043c\u0435\u0442\u0438\u043b\u0446\u0435\u043b\u043b\u044e\u043b\u043e\u0437\u0430; \u044d\u043a\u0441\u0442\u0440\u0430\u043a\u0442 \u0447\u0435\u0440\u043d\u043e\u0433\u043e \u043f\u0435\u0440\u0446\u0430.<\/p>\n<p>&nbsp;<\/p>\n<table>\n<tbody>\n<tr class=\"\">\n<th>\u041f\u0438\u0442\u0430\u0442\u0435\u043b\u044c\u043d\u044b\u0435 \u0432\u0435\u0449\u0435\u0441\u0442\u0432\u0430<\/th>\n<th>C\u0443\u0442\u043e\u0447\u043d\u0430\u044f \u0434\u043e\u0437\u0430<br \/>\n\u041f\u043e 1 \u043a\u0430\u043f\u0441\u0443\u043b\u0435<\/th>\n<th>%NRV%*<\/th>\n<\/tr>\n<tr class=\"\">\n<td>\u042d\u043a\u0441\u0442\u0440\u0430\u043a\u0442 \u043a\u0443\u0440\u043a\u0443\u043c\u044b<\/td>\n<td>315mg<\/td>\n<td>**<\/td>\n<\/tr>\n<tr class=\"\">\n<td>-\u0432\u043a\u043b\u044e\u0447\u0430\u044f \u043a\u0443\u0440\u043a\u0443\u043c\u0438\u043d<\/td>\n<td>300mg<\/td>\n<td>**<\/td>\n<\/tr>\n<tr class=\"\">\n<td>\u041a\u0443\u0440\u043a\u0443\u043c\u0430 \u043f\u043e\u0440\u043e\u0448\u043e\u043a<\/td>\n<td>300mg<\/td>\n<td>**<\/td>\n<\/tr>\n<tr class=\"\">\n<td>\u044d\u043a\u0441\u0442\u0440\u0430\u043a\u0442 \u0447\u0435\u0440\u043d\u043e\u0433\u043e \u043f\u0435\u0440\u0446\u0430<\/td>\n<td>11mg<\/td>\n<td>**<\/td>\n<\/tr>\n<tr class=\"\">\n<td>-\u0438\u0437 \u043d\u0438\u0445 \u043f\u0438\u043f\u0435\u0440\u0438\u043d<\/td>\n<td>10mg<\/td>\n<td>**<\/td>\n<\/tr>\n<\/tbody>\n<\/table>\n<p>&nbsp;<\/p>\n<p><strong>C\u0432\u043e\u0431\u043e\u0434\u043d\u044b\u0439 \u043e\u0442:<\/strong>\u00a0S\u00fc\u00dfungsmitteln, Zucker, Salz, Soja, St\u00e4rke, Weizen, Salz, Ei, Gluten, Milch, N\u00fcssen, Sellerie, Fisch, Weichtieren, Schalentieren, Sesam, Senf, Sulfan, Lupinen, Schwefeldioxid, k\u00fcnstlichen Farb-, Aroma- &amp; Geschmackssto\ufb00en sowie Konservierungsmitteln.<\/p>\n<p><strong>\u0420\u0435\u043a\u043e\u043c\u0435\u043d\u0434\u0443\u0435\u043c\u043e\u0435 \u043f\u043e\u0442\u0440\u0435\u0431\u043b\u0435\u043d\u0438\u0435:<\/strong>\u00a0\u041f\u0440\u0438\u043d\u0438\u043c\u0430\u0442\u044c \u043f\u043e 1 \u043a\u0430\u043f\u0441\u0443\u043b\u0435 \u0432 \u0434\u0435\u043d\u044c, \u043d\u0435 \u0440\u0430\u0437\u0436\u0435\u0432\u044b\u0432\u0430\u044f, \u0437\u0430\u043f\u0438\u0432\u0430\u044f \u0434\u043e\u0441\u0442\u0430\u0442\u043e\u0447\u043d\u044b\u043c \u043a\u043e\u043b\u0438\u0447\u0435\u0441\u0442\u0432\u043e\u043c \u0432\u043e\u0434\u044b.<br \/>\n<strong>N<\/strong><strong>\u043d\u043e\u043c\u0438\u043d\u0430\u043b\u044c\u043d\u044b\u0439 \u043e\u0431\u044a\u0435\u043c \u0437\u0430\u043f\u043e\u043b\u043d\u0435\u043d\u0438\u044f:<\/strong>\u00a065,6 g<br \/>\n<strong>\u041d\u0430\u0437\u0432\u0430\u043d\u0438\u0435 \u043f\u0440\u043e\u0434\u0430\u0436\u0438:<\/strong>\u00a0\u0414\u0438\u0435\u0442\u0438\u0447\u0435\u0441\u043a\u0430\u044f \u0434\u043e\u0431\u0430\u0432\u043a\u0430 \u0441 \u044d\u043a\u0441\u0442\u0440\u0430\u043a\u0442\u043e\u043c \u043a\u0443\u0440\u043a\u0443\u043c\u044b, \u043f\u043e\u0440\u043e\u0448\u043a\u043e\u043c \u043a\u0443\u0440\u043a\u0443\u043c\u044b \u0438 \u044d\u043a\u0441\u0442\u0440\u0430\u043a\u0442\u043e\u043c \u0447\u0435\u0440\u043d\u043e\u0433\u043e \u043f\u0435\u0440\u0446\u0430 (\u043f\u0438\u043f\u0435\u0440\u0438\u043d\u0430)<br \/>\n<strong>\u0425\u0440\u0430\u043d\u0435\u043d\u0438\u0435:<\/strong>\u00a0\u0425\u0440\u0430\u043d\u0438\u0442\u044c \u0432 \u043f\u0440\u043e\u0445\u043b\u0430\u0434\u043d\u043e\u043c, \u0441\u0443\u0445\u043e\u043c \u0438 \u0442\u0435\u043c\u043d\u043e\u043c \u043c\u0435\u0441\u0442\u0435.<br \/>\n<strong>C\u0440\u043e\u043a \u0445\u0440\u0430\u043d\u0435\u043d\u0438\u044f<\/strong>\u00a0\u043f\u0435\u0447\u0430\u0442\u044c \u043d\u0430 \u0434\u043d\u0435 \u0431\u0443\u0442\u044b\u043b\u043a\u0438<\/p>\n<p><strong>\u041f\u0440\u0438\u043c\u0435\u0447\u0430\u043d\u0438\u0435 \u043e \u0432\u0430\u0448\u0435\u043c \u0437\u0434\u043e\u0440\u043e\u0432\u044c\u0435:<\/strong>\u00a0\u0414\u0438\u0435\u0442\u0438\u0447\u0435\u0441\u043a\u0438\u0435 \u0434\u043e\u0431\u0430\u0432\u043a\u0438 \u043d\u0435 \u0437\u0430\u043c\u0435\u043d\u044f\u044e\u0442 \u0441\u0431\u0430\u043b\u0430\u043d\u0441\u0438\u0440\u043e\u0432\u0430\u043d\u043d\u043e\u0435 \u0438 \u0440\u0430\u0437\u043d\u043e\u043e\u0431\u0440\u0430\u0437\u043d\u043e\u0435 \u043f\u0438\u0442\u0430\u043d\u0438\u0435 \u0438 \u0437\u0434\u043e\u0440\u043e\u0432\u044b\u0439 \u043e\u0431\u0440\u0430\u0437 \u0436\u0438\u0437\u043d\u0438. \u0423\u043a\u0430\u0437\u0430\u043d\u043d\u043e\u0435 \u0440\u0435\u043a\u043e\u043c\u0435\u043d\u0434\u0443\u0435\u043c\u043e\u0435 \u0435\u0436\u0435\u0434\u043d\u0435\u0432\u043d\u043e\u0435 \u043f\u043e\u0442\u0440\u0435\u0431\u043b\u0435\u043d\u0438\u0435 \u043d\u0435 \u0434\u043e\u043b\u0436\u043d\u043e \u043f\u0440\u0435\u0432\u044b\u0448\u0430\u0442\u044c\u0441\u044f. \u0425\u0440\u0430\u043d\u0438\u0442\u044c \u0432 \u043d\u0435\u0434\u043e\u0441\u0442\u0443\u043f\u043d\u043e\u043c \u0434\u043b\u044f \u043c\u0430\u043b\u0435\u043d\u044c\u043a\u0438\u0445 \u0434\u0435\u0442\u0435\u0439 \u043c\u0435\u0441\u0442\u0435! \u041f\u0440\u0438 \u043f\u0440\u0438\u0435\u043c\u0435 \u0430\u043d\u0442\u0438\u0431\u0438\u043e\u0442\u0438\u043a\u043e\u0432 \u0441\u043e\u0431\u043b\u044e\u0434\u0430\u0439\u0442\u0435 \u0434\u0438\u0441\u0442\u0430\u043d\u0446\u0438\u044e \u200b\u200b\u0432 2 \u0447\u0430\u0441\u0430.<\/p>\n<\/div>\n<\/div>\n<\/div>\n<\/div>\n<\/div>\n<\/div>\n<\/div>\n<\/div>\n<\/div>\n<\/div>\n<\/div>\n<\/div>","protected":false},"excerpt":{"rendered":"<p>NAHRUNGSERG\u00c4NZUNGSMITTEL MIT CURCUMA EXTRAKT, CURCUMA PULVER UND SCHWARZEM PFEFFER EXTRAKT Curcuma Complex mit Schwarzem Pfefferextrakt &#8211; Nat\u00fcrliches Nahrungserg\u00e4nzungsmittel f\u00fcr ganzheitliche Gesundheit Entdecken Sie die kraftvollen Vorteile von Curcuma, Schwarzer Pfefferextrakt (Piperin) und Curcuma-Pulver in unserem hochwertigen Curcuma Complex. Diese einzigartige Kombination bietet Ihnen eine nat\u00fcrliche Formel, um Ihre Gesundheit umfassend zu unterst\u00fctzen. DIE VORTEILE UNSERES&hellip;<\/p>","protected":false},"featured_media":3976,"template":"","meta":[],"product_brand":[],"product_cat":[15,66],"product_tag":[],"class_list":{"0":"post-3975","1":"product","2":"type-product","3":"status-publish","4":"has-post-thumbnail","6":"product_cat-uncategorized","7":"product_cat-nahrungsergaenzung","8":"description-off","10":"first","11":"instock","12":"sale","13":"taxable","14":"shipping-taxable","15":"purchasable","16":"product-type-simple"},"yoast_head":"<!-- This site is optimized with the Yoast SEO plugin v27.2 - https:\/\/yoast.com\/product\/yoast-seo-wordpress\/ -->\n<title>CURCUMA COMPLEX - aunity Partnershop<\/title>\n<meta name=\"robots\" content=\"index, follow, max-snippet:-1, max-image-preview:large, max-video-preview:-1\" \/>\n<link rel=\"canonical\" href=\"https:\/\/www.aunityshop.de\/ru\/product\/curcuma-complex\/\" \/>\n<meta property=\"og:locale\" content=\"ru_RU\" \/>\n<meta property=\"og:type\" content=\"article\" \/>\n<meta property=\"og:title\" content=\"CURCUMA COMPLEX - aunity Partnershop\" \/>\n<meta property=\"og:description\" content=\"NAHRUNGSERG\u00c4NZUNGSMITTEL MIT CURCUMA EXTRAKT, CURCUMA PULVER UND SCHWARZEM PFEFFER EXTRAKT Curcuma Complex mit Schwarzem Pfefferextrakt &#8211; Nat\u00fcrliches Nahrungserg\u00e4nzungsmittel f\u00fcr ganzheitliche Gesundheit Entdecken Sie die kraftvollen Vorteile von Curcuma, Schwarzer Pfefferextrakt (Piperin) und Curcuma-Pulver in unserem hochwertigen Curcuma Complex. Diese einzigartige Kombination bietet Ihnen eine nat\u00fcrliche Formel, um Ihre Gesundheit umfassend zu unterst\u00fctzen. DIE VORTEILE UNSERES&hellip;\" \/>\n<meta property=\"og:url\" content=\"https:\/\/www.aunityshop.de\/ru\/product\/curcuma-complex\/\" \/>\n<meta property=\"og:site_name\" content=\"aunity Partnershop\" \/>\n<meta property=\"article:modified_time\" content=\"2025-09-26T11:15:25+00:00\" \/>\n<meta property=\"og:image\" content=\"https:\/\/www.aunityshop.de\/wp-content\/uploads\/2023\/11\/1699970298_1489__20.pngcurcuma.png\" \/>\n\t<meta property=\"og:image:width\" content=\"800\" \/>\n\t<meta property=\"og:image:height\" content=\"800\" \/>\n\t<meta property=\"og:image:type\" content=\"image\/png\" \/>\n<meta name=\"twitter:card\" content=\"summary_large_image\" \/>\n<meta name=\"twitter:label1\" content=\"\u041f\u0440\u0438\u043c\u0435\u0440\u043d\u043e\u0435 \u0432\u0440\u0435\u043c\u044f \u0434\u043b\u044f \u0447\u0442\u0435\u043d\u0438\u044f\" \/>\n\t<meta name=\"twitter:data1\" content=\"2 \u043c\u0438\u043d\u0443\u0442\u044b\" \/>\n<script type=\"application\/ld+json\" class=\"yoast-schema-graph\">{\"@context\":\"https:\/\/schema.org\",\"@graph\":[{\"@type\":\"WebPage\",\"@id\":\"https:\/\/www.aunityshop.de\/produkt\/curcuma-complex\/\",\"url\":\"https:\/\/www.aunityshop.de\/produkt\/curcuma-complex\/\",\"name\":\"CURCUMA COMPLEX - aunity Partnershop\",\"isPartOf\":{\"@id\":\"https:\/\/www.aunityshop.de\/#website\"},\"primaryImageOfPage\":{\"@id\":\"https:\/\/www.aunityshop.de\/produkt\/curcuma-complex\/#primaryimage\"},\"image\":{\"@id\":\"https:\/\/www.aunityshop.de\/produkt\/curcuma-complex\/#primaryimage\"},\"thumbnailUrl\":\"https:\/\/www.aunityshop.de\/wp-content\/uploads\/2023\/11\/1699970298_1489__20.pngcurcuma.png\",\"datePublished\":\"2023-11-28T09:11:41+00:00\",\"dateModified\":\"2025-09-26T11:15:25+00:00\",\"breadcrumb\":{\"@id\":\"https:\/\/www.aunityshop.de\/produkt\/curcuma-complex\/#breadcrumb\"},\"inLanguage\":\"ru-RU\",\"potentialAction\":[{\"@type\":\"ReadAction\",\"target\":[\"https:\/\/www.aunityshop.de\/produkt\/curcuma-complex\/\"]}]},{\"@type\":\"ImageObject\",\"inLanguage\":\"ru-RU\",\"@id\":\"https:\/\/www.aunityshop.de\/produkt\/curcuma-complex\/#primaryimage\",\"url\":\"https:\/\/www.aunityshop.de\/wp-content\/uploads\/2023\/11\/1699970298_1489__20.pngcurcuma.png\",\"contentUrl\":\"https:\/\/www.aunityshop.de\/wp-content\/uploads\/2023\/11\/1699970298_1489__20.pngcurcuma.png\",\"width\":800,\"height\":800},{\"@type\":\"BreadcrumbList\",\"@id\":\"https:\/\/www.aunityshop.de\/produkt\/curcuma-complex\/#breadcrumb\",\"itemListElement\":[{\"@type\":\"ListItem\",\"position\":1,\"name\":\"Start\",\"item\":\"https:\/\/www.aunityshop.de\/\"},{\"@type\":\"ListItem\",\"position\":2,\"name\":\"Shop\",\"item\":\"https:\/\/www.aunityshop.de\/shop\/\"},{\"@type\":\"ListItem\",\"position\":3,\"name\":\"CURCUMA COMPLEX\"}]},{\"@type\":\"WebSite\",\"@id\":\"https:\/\/www.aunityshop.de\/#website\",\"url\":\"https:\/\/www.aunityshop.de\/\",\"name\":\"aunity Partnershop\",\"description\":\"Kraftvolle Gesundheit | Nahrungserg\u00e4nzung Kosmetik Aqua Balance Wasserfilter Anion Damenbinden Slipeinlagen\",\"potentialAction\":[{\"@type\":\"SearchAction\",\"target\":{\"@type\":\"EntryPoint\",\"urlTemplate\":\"https:\/\/www.aunityshop.de\/?s={search_term_string}\"},\"query-input\":{\"@type\":\"PropertyValueSpecification\",\"valueRequired\":true,\"valueName\":\"search_term_string\"}}],\"inLanguage\":\"ru-RU\"}]}<\/script>\n<!-- \/ Yoast SEO plugin. -->","yoast_head_json":{"title":"CURCUMA COMPLEX - aunity Partnershop","robots":{"index":"index","follow":"follow","max-snippet":"max-snippet:-1","max-image-preview":"max-image-preview:large","max-video-preview":"max-video-preview:-1"},"canonical":"https:\/\/www.aunityshop.de\/ru\/product\/curcuma-complex\/","og_locale":"ru_RU","og_type":"article","og_title":"CURCUMA COMPLEX - aunity Partnershop","og_description":"NAHRUNGSERG\u00c4NZUNGSMITTEL MIT CURCUMA EXTRAKT, CURCUMA PULVER UND SCHWARZEM PFEFFER EXTRAKT Curcuma Complex mit Schwarzem Pfefferextrakt &#8211; Nat\u00fcrliches Nahrungserg\u00e4nzungsmittel f\u00fcr ganzheitliche Gesundheit Entdecken Sie die kraftvollen Vorteile von Curcuma, Schwarzer Pfefferextrakt (Piperin) und Curcuma-Pulver in unserem hochwertigen Curcuma Complex. Diese einzigartige Kombination bietet Ihnen eine nat\u00fcrliche Formel, um Ihre Gesundheit umfassend zu unterst\u00fctzen. DIE VORTEILE UNSERES&hellip;","og_url":"https:\/\/www.aunityshop.de\/ru\/product\/curcuma-complex\/","og_site_name":"aunity Partnershop","article_modified_time":"2025-09-26T11:15:25+00:00","og_image":[{"width":800,"height":800,"url":"https:\/\/www.aunityshop.de\/wp-content\/uploads\/2023\/11\/1699970298_1489__20.pngcurcuma.png","type":"image\/png"}],"twitter_card":"summary_large_image","twitter_misc":{"\u041f\u0440\u0438\u043c\u0435\u0440\u043d\u043e\u0435 \u0432\u0440\u0435\u043c\u044f \u0434\u043b\u044f \u0447\u0442\u0435\u043d\u0438\u044f":"2 \u043c\u0438\u043d\u0443\u0442\u044b"},"schema":{"@context":"https:\/\/schema.org","@graph":[{"@type":"WebPage","@id":"https:\/\/www.aunityshop.de\/produkt\/curcuma-complex\/","url":"https:\/\/www.aunityshop.de\/produkt\/curcuma-complex\/","name":"CURCUMA COMPLEX - aunity Partnershop","isPartOf":{"@id":"https:\/\/www.aunityshop.de\/#website"},"primaryImageOfPage":{"@id":"https:\/\/www.aunityshop.de\/produkt\/curcuma-complex\/#primaryimage"},"image":{"@id":"https:\/\/www.aunityshop.de\/produkt\/curcuma-complex\/#primaryimage"},"thumbnailUrl":"https:\/\/www.aunityshop.de\/wp-content\/uploads\/2023\/11\/1699970298_1489__20.pngcurcuma.png","datePublished":"2023-11-28T09:11:41+00:00","dateModified":"2025-09-26T11:15:25+00:00","breadcrumb":{"@id":"https:\/\/www.aunityshop.de\/produkt\/curcuma-complex\/#breadcrumb"},"inLanguage":"ru-RU","potentialAction":[{"@type":"ReadAction","target":["https:\/\/www.aunityshop.de\/produkt\/curcuma-complex\/"]}]},{"@type":"ImageObject","inLanguage":"ru-RU","@id":"https:\/\/www.aunityshop.de\/produkt\/curcuma-complex\/#primaryimage","url":"https:\/\/www.aunityshop.de\/wp-content\/uploads\/2023\/11\/1699970298_1489__20.pngcurcuma.png","contentUrl":"https:\/\/www.aunityshop.de\/wp-content\/uploads\/2023\/11\/1699970298_1489__20.pngcurcuma.png","width":800,"height":800},{"@type":"BreadcrumbList","@id":"https:\/\/www.aunityshop.de\/produkt\/curcuma-complex\/#breadcrumb","itemListElement":[{"@type":"ListItem","position":1,"name":"Start","item":"https:\/\/www.aunityshop.de\/"},{"@type":"ListItem","position":2,"name":"Shop","item":"https:\/\/www.aunityshop.de\/shop\/"},{"@type":"ListItem","position":3,"name":"CURCUMA COMPLEX"}]},{"@type":"WebSite","@id":"https:\/\/www.aunityshop.de\/#website","url":"https:\/\/www.aunityshop.de\/","name":"aunity Partnershop","description":"Kraftvolle Gesundheit | Nahrungserg\u00e4nzung Kosmetik Aqua Balance Wasserfilter Anion Damenbinden Slipeinlagen","potentialAction":[{"@type":"SearchAction","target":{"@type":"EntryPoint","urlTemplate":"https:\/\/www.aunityshop.de\/?s={search_term_string}"},"query-input":{"@type":"PropertyValueSpecification","valueRequired":true,"valueName":"search_term_string"}}],"inLanguage":"ru-RU"}]}},"_links":{"self":[{"href":"https:\/\/www.aunityshop.de\/ru\/wp-json\/wp\/v2\/product\/3975","targetHints":{"allow":["GET"]}}],"collection":[{"href":"https:\/\/www.aunityshop.de\/ru\/wp-json\/wp\/v2\/product"}],"about":[{"href":"https:\/\/www.aunityshop.de\/ru\/wp-json\/wp\/v2\/types\/product"}],"wp:featuredmedia":[{"embeddable":true,"href":"https:\/\/www.aunityshop.de\/ru\/wp-json\/wp\/v2\/media\/3976"}],"wp:attachment":[{"href":"https:\/\/www.aunityshop.de\/ru\/wp-json\/wp\/v2\/media?parent=3975"}],"wp:term":[{"taxonomy":"product_brand","embeddable":true,"href":"https:\/\/www.aunityshop.de\/ru\/wp-json\/wp\/v2\/product_brand?post=3975"},{"taxonomy":"product_cat","embeddable":true,"href":"https:\/\/www.aunityshop.de\/ru\/wp-json\/wp\/v2\/product_cat?post=3975"},{"taxonomy":"product_tag","embeddable":true,"href":"https:\/\/www.aunityshop.de\/ru\/wp-json\/wp\/v2\/product_tag?post=3975"}],"curies":[{"name":"wp","href":"https:\/\/api.w.org\/{rel}","templated":true}]}}