{"id":4089,"date":"2024-05-28T18:42:52","date_gmt":"2024-05-28T16:42:52","guid":{"rendered":"http:\/\/dev.aunityshop.de\/?post_type=product&#038;p=4089"},"modified":"2024-08-01T01:00:11","modified_gmt":"2024-07-31T23:00:11","slug":"anion-damenbinden-luxury-tag-24","status":"publish","type":"product","link":"https:\/\/www.aunityshop.de\/ru\/product\/anion-damenbinden-luxury-tag-24\/","title":{"rendered":"\u0413\u0418\u0413\u0418\u0415\u041d\u0418\u0427\u0415\u0421\u041a\u0418\u0415 \u041f\u0420\u041e\u041a\u041b\u0410\u0414\u041a\u0418 LUXURY\/ \u0434\u043d\u0435\u0432\u043d\u044b\u0435 24"},"content":{"rendered":"<h1>\u0413\u0418\u0413\u0418\u0415\u041d\u0418\u0427\u0415\u0421\u041a\u0418\u0415 \u041f\u0420\u041e\u041a\u041b\u0410\u0414\u041a\u0418 LUXURY\/ \u0434\u043d\u0435\u0432\u043d\u044b\u0435 24<\/h1>\n<h3 class=\"black\">24 P\u00c4CKCHEN DAMENBINDEN TAG LUXURY \u00c1 10 ST\u00dcCK; MIT ANIONEN, AKTIVSAUERSTOFF UND NANO-SILBER<\/h3>\n<h2><strong>\u0411\u043e\u043b\u044c\u0448\u0435, \u0447\u0435\u043c \u0441\u0443\u043f\u0435\u0440\u0432\u043f\u0438\u0442\u044b\u0432\u0430\u044e\u0449\u0430\u044f \u0433\u0438\u0433\u0438\u0435\u043d\u0438\u0447\u0435\u0441\u043a\u0430\u044f \u043f\u0440\u043e\u043a\u043b\u0430\u0434\u043a\u0430!<\/strong><\/h2>\n<p>\u0413\u0438\u0433\u0438\u0435\u043d\u0438\u0447\u0435\u0441\u043a\u0438\u0435 \u043f\u0440\u043e\u043a\u043b\u0430\u0434\u043a\u0438 \u0438 \u0435\u0436\u0435\u0434\u043d\u0435\u0432\u043d\u044b\u0435 \u043f\u0440\u043e\u043a\u043b\u0430\u0434\u043a\u0438 aunity Luxury Anion \u043e\u0431\u043e\u0433\u0430\u0449\u0435\u043d\u043d\u044b\u0435:\u00a0<strong>\u0410\u043d\u0438\u043e\u043d\u044b, \u0442\u0443\u0440\u043c\u0430\u043b\u0438\u043d, \u043d\u0430\u043d\u043e\u0441\u0435\u0440\u0435\u0431\u0440\u043e, \u0430\u043a\u0442\u0438\u0432\u043d\u044b\u0439 \u043a\u0438\u0441\u043b\u043e\u0440\u043e\u0434, \u0441 \u0442\u0435\u0445\u043d\u043e\u043b\u043e\u0433\u0438\u0435\u0439 FIR (\u0434\u0430\u043b\u044c\u043d\u0438\u0439 \u0438\u043d\u0444\u0440\u0430\u043a\u0440\u0430\u0441\u043d\u044b\u0439 \u0434\u0438\u0430\u043f\u0430\u0437\u043e\u043d), \u0442\u0435\u0445\u043d\u043e\u043b\u043e\u0433\u0438\u044f MFT (\u043c\u0430\u0433\u043d\u0438\u0442\u043d\u043e\u0435 \u043f\u043e\u043b\u0435) \u0438 \u0445\u0438\u0442\u043e\u0437\u0430\u043d.<\/strong>. Diese k\u00f6nnen dabei helfen Bakterien und Ger\u00fcche zu bek\u00e4mpfen, Reizungen und Schwellungen zu reduzieren, die Blutzirkulation, weibliche Dysmenorrhoe, das Immunsystem und die ph-Balance zu verbessern. Unterst\u00fctzt das Entgiften und Ausleiten von sch\u00e4dlichen Substanzen im Organismus. Dadurch wird die vaginale Gesundheit gef\u00f6rdert &#8211; nat\u00fcrlich und sicher, ohne Chemikalien, Duftstoffe oder k\u00fcnstliche Elemente.<\/p>\n<ul>\n<li>enth\u00e4lt keine Bleichmittel &amp; fluoreszierenden Stoffe<\/li>\n<li>\u0430\u043d\u0442\u0438\u0431\u0430\u043a\u0442\u0435\u0440\u0438\u0430\u043b\u044c\u043d\u044b\u0435<\/li>\n<li>\u043f\u043e\u043c\u043e\u0433\u0430\u044e\u0442 \u0438\u0437\u0431\u0435\u0436\u0430\u0442\u044c \u0440\u0430\u0437\u0434\u0440\u0430\u0436\u0435\u043d\u0438\u044f<\/li>\n<li>\u0431\u043e\u0440\u044e\u0442\u0441\u044f \u0441 \u0438\u043d\u0444\u0435\u043a\u0446\u0438\u044f\u043c\u0438<\/li>\n<li>\u0443\u0441\u0442\u0440\u0430\u043d\u044f\u044e\u0442 \u0437\u0430\u043f\u0430\u0445\u0438<\/li>\n<li>\u043b\u0443\u0447\u0448\u0430\u044f \u0430\u0431\u0441\u043e\u0440\u0431\u0446\u0438\u044f \u0438 \u043f\u043e\u0433\u043b\u043e\u0449\u0435\u043d\u0438\u0435 \u0433\u0430\u0440\u0430\u043d\u0442\u0438\u0440\u043e\u0432\u0430\u043d\u044b<\/li>\n<li>\u0441\u0443\u0445\u043e \u0438 \u043a\u043e\u043c\u0444\u043e\u0440\u0442\u043d\u043e<\/li>\n<li>\u0438\u0437\u0433\u043e\u0442\u043e\u0432\u043b\u0435\u043d\u043e \u0432 \u0441\u043e\u043e\u0442\u0432\u0435\u0442\u0441\u0442\u0432\u0438\u0438 \u0441 ISO 9001<\/li>\n<li>\u0438\u043c\u0435\u0435\u0442 \u0441\u0435\u0440\u0442\u0438\u0444\u0438\u043a\u0430\u0446\u0438\u044e HALAL<\/li>\n<\/ul>","protected":false},"excerpt":{"rendered":"<p>ANION DAMENBINDEN LUXURY \/ TAG 24 24 P\u00c4CKCHEN DAMENBINDEN TAG LUXURY \u00c1 10 ST\u00dcCK; MIT ANIONEN, AKTIVSAUERSTOFF UND NANO-SILBER Mehr als eine super-absorbierende Damenbinde! aunity Luxury Anion Damenbinden und Slipeinlagen sind angereichert mit\u00a0Anionen, Tourmaline, Nanosilber, Aktivsauerstoff, mit FIR-Technology (Fernes Infrarot), MFT-Technology (Magnetfeld) und Chitosan. Diese k\u00f6nnen dabei helfen Bakterien und Ger\u00fcche zu bek\u00e4mpfen, Reizungen und&hellip;<\/p>","protected":false},"featured_media":4085,"template":"","meta":[],"product_brand":[],"product_cat":[68],"product_tag":[],"class_list":{"0":"post-4089","1":"product","2":"type-product","3":"status-publish","4":"has-post-thumbnail","6":"product_cat-damenhygiene","7":"description-off","9":"first","10":"instock","11":"taxable","12":"shipping-taxable","13":"purchasable","14":"product-type-simple"},"yoast_head":"<!-- This site is optimized with the Yoast SEO plugin v27.2 - https:\/\/yoast.com\/product\/yoast-seo-wordpress\/ -->\n<title>ANION DAMENBINDEN LUXURY \/ TAG 24 - aunity Partnershop<\/title>\n<meta name=\"robots\" content=\"index, follow, max-snippet:-1, max-image-preview:large, max-video-preview:-1\" \/>\n<link rel=\"canonical\" href=\"https:\/\/www.aunityshop.de\/ru\/product\/anion-damenbinden-luxury-tag-24\/\" \/>\n<meta property=\"og:locale\" content=\"ru_RU\" \/>\n<meta property=\"og:type\" content=\"article\" \/>\n<meta property=\"og:title\" content=\"ANION DAMENBINDEN LUXURY \/ TAG 24 - aunity Partnershop\" \/>\n<meta property=\"og:description\" content=\"ANION DAMENBINDEN LUXURY \/ TAG 24 24 P\u00c4CKCHEN DAMENBINDEN TAG LUXURY \u00c1 10 ST\u00dcCK; MIT ANIONEN, AKTIVSAUERSTOFF UND NANO-SILBER Mehr als eine super-absorbierende Damenbinde! aunity Luxury Anion Damenbinden und Slipeinlagen sind angereichert mit\u00a0Anionen, Tourmaline, Nanosilber, Aktivsauerstoff, mit FIR-Technology (Fernes Infrarot), MFT-Technology (Magnetfeld) und Chitosan. Diese k\u00f6nnen dabei helfen Bakterien und Ger\u00fcche zu bek\u00e4mpfen, Reizungen und&hellip;\" \/>\n<meta property=\"og:url\" content=\"https:\/\/www.aunityshop.de\/ru\/product\/anion-damenbinden-luxury-tag-24\/\" \/>\n<meta property=\"og:site_name\" content=\"aunity Partnershop\" \/>\n<meta property=\"article:modified_time\" content=\"2024-07-31T23:00:11+00:00\" \/>\n<meta property=\"og:image\" content=\"https:\/\/www.aunityshop.de\/wp-content\/uploads\/2024\/05\/lux.tag_.png\" \/>\n\t<meta property=\"og:image:width\" content=\"500\" \/>\n\t<meta property=\"og:image:height\" content=\"500\" \/>\n\t<meta property=\"og:image:type\" content=\"image\/png\" \/>\n<meta name=\"twitter:card\" content=\"summary_large_image\" \/>\n<meta name=\"twitter:label1\" content=\"\u041f\u0440\u0438\u043c\u0435\u0440\u043d\u043e\u0435 \u0432\u0440\u0435\u043c\u044f \u0434\u043b\u044f \u0447\u0442\u0435\u043d\u0438\u044f\" \/>\n\t<meta name=\"twitter:data1\" content=\"1 \u043c\u0438\u043d\u0443\u0442\u0430\" \/>\n<script type=\"application\/ld+json\" class=\"yoast-schema-graph\">{\"@context\":\"https:\/\/schema.org\",\"@graph\":[{\"@type\":\"WebPage\",\"@id\":\"https:\/\/www.aunityshop.de\/produkt\/anion-damenbinden-luxury-tag-24\/\",\"url\":\"https:\/\/www.aunityshop.de\/produkt\/anion-damenbinden-luxury-tag-24\/\",\"name\":\"ANION DAMENBINDEN LUXURY \/ TAG 24 - aunity Partnershop\",\"isPartOf\":{\"@id\":\"https:\/\/www.aunityshop.de\/#website\"},\"primaryImageOfPage\":{\"@id\":\"https:\/\/www.aunityshop.de\/produkt\/anion-damenbinden-luxury-tag-24\/#primaryimage\"},\"image\":{\"@id\":\"https:\/\/www.aunityshop.de\/produkt\/anion-damenbinden-luxury-tag-24\/#primaryimage\"},\"thumbnailUrl\":\"https:\/\/www.aunityshop.de\/wp-content\/uploads\/2024\/05\/lux.tag_.png\",\"datePublished\":\"2024-05-28T16:42:52+00:00\",\"dateModified\":\"2024-07-31T23:00:11+00:00\",\"breadcrumb\":{\"@id\":\"https:\/\/www.aunityshop.de\/produkt\/anion-damenbinden-luxury-tag-24\/#breadcrumb\"},\"inLanguage\":\"ru-RU\",\"potentialAction\":[{\"@type\":\"ReadAction\",\"target\":[\"https:\/\/www.aunityshop.de\/produkt\/anion-damenbinden-luxury-tag-24\/\"]}]},{\"@type\":\"ImageObject\",\"inLanguage\":\"ru-RU\",\"@id\":\"https:\/\/www.aunityshop.de\/produkt\/anion-damenbinden-luxury-tag-24\/#primaryimage\",\"url\":\"https:\/\/www.aunityshop.de\/wp-content\/uploads\/2024\/05\/lux.tag_.png\",\"contentUrl\":\"https:\/\/www.aunityshop.de\/wp-content\/uploads\/2024\/05\/lux.tag_.png\",\"width\":500,\"height\":500},{\"@type\":\"BreadcrumbList\",\"@id\":\"https:\/\/www.aunityshop.de\/produkt\/anion-damenbinden-luxury-tag-24\/#breadcrumb\",\"itemListElement\":[{\"@type\":\"ListItem\",\"position\":1,\"name\":\"Start\",\"item\":\"https:\/\/www.aunityshop.de\/\"},{\"@type\":\"ListItem\",\"position\":2,\"name\":\"Shop\",\"item\":\"https:\/\/www.aunityshop.de\/shop\/\"},{\"@type\":\"ListItem\",\"position\":3,\"name\":\"ANION DAMENBINDEN LUXURY \/ TAG 24\"}]},{\"@type\":\"WebSite\",\"@id\":\"https:\/\/www.aunityshop.de\/#website\",\"url\":\"https:\/\/www.aunityshop.de\/\",\"name\":\"aunity Partnershop\",\"description\":\"Kraftvolle Gesundheit | Nahrungserg\u00e4nzung Kosmetik Aqua Balance Wasserfilter Anion Damenbinden Slipeinlagen\",\"potentialAction\":[{\"@type\":\"SearchAction\",\"target\":{\"@type\":\"EntryPoint\",\"urlTemplate\":\"https:\/\/www.aunityshop.de\/?s={search_term_string}\"},\"query-input\":{\"@type\":\"PropertyValueSpecification\",\"valueRequired\":true,\"valueName\":\"search_term_string\"}}],\"inLanguage\":\"ru-RU\"}]}<\/script>\n<!-- \/ Yoast SEO plugin. -->","yoast_head_json":{"title":"ANION DAMENBINDEN LUXURY \/ TAG 24 - aunity Partnershop","robots":{"index":"index","follow":"follow","max-snippet":"max-snippet:-1","max-image-preview":"max-image-preview:large","max-video-preview":"max-video-preview:-1"},"canonical":"https:\/\/www.aunityshop.de\/ru\/product\/anion-damenbinden-luxury-tag-24\/","og_locale":"ru_RU","og_type":"article","og_title":"ANION DAMENBINDEN LUXURY \/ TAG 24 - aunity Partnershop","og_description":"ANION DAMENBINDEN LUXURY \/ TAG 24 24 P\u00c4CKCHEN DAMENBINDEN TAG LUXURY \u00c1 10 ST\u00dcCK; MIT ANIONEN, AKTIVSAUERSTOFF UND NANO-SILBER Mehr als eine super-absorbierende Damenbinde! aunity Luxury Anion Damenbinden und Slipeinlagen sind angereichert mit\u00a0Anionen, Tourmaline, Nanosilber, Aktivsauerstoff, mit FIR-Technology (Fernes Infrarot), MFT-Technology (Magnetfeld) und Chitosan. Diese k\u00f6nnen dabei helfen Bakterien und Ger\u00fcche zu bek\u00e4mpfen, Reizungen und&hellip;","og_url":"https:\/\/www.aunityshop.de\/ru\/product\/anion-damenbinden-luxury-tag-24\/","og_site_name":"aunity Partnershop","article_modified_time":"2024-07-31T23:00:11+00:00","og_image":[{"width":500,"height":500,"url":"https:\/\/www.aunityshop.de\/wp-content\/uploads\/2024\/05\/lux.tag_.png","type":"image\/png"}],"twitter_card":"summary_large_image","twitter_misc":{"\u041f\u0440\u0438\u043c\u0435\u0440\u043d\u043e\u0435 \u0432\u0440\u0435\u043c\u044f \u0434\u043b\u044f \u0447\u0442\u0435\u043d\u0438\u044f":"1 \u043c\u0438\u043d\u0443\u0442\u0430"},"schema":{"@context":"https:\/\/schema.org","@graph":[{"@type":"WebPage","@id":"https:\/\/www.aunityshop.de\/produkt\/anion-damenbinden-luxury-tag-24\/","url":"https:\/\/www.aunityshop.de\/produkt\/anion-damenbinden-luxury-tag-24\/","name":"ANION DAMENBINDEN LUXURY \/ TAG 24 - aunity Partnershop","isPartOf":{"@id":"https:\/\/www.aunityshop.de\/#website"},"primaryImageOfPage":{"@id":"https:\/\/www.aunityshop.de\/produkt\/anion-damenbinden-luxury-tag-24\/#primaryimage"},"image":{"@id":"https:\/\/www.aunityshop.de\/produkt\/anion-damenbinden-luxury-tag-24\/#primaryimage"},"thumbnailUrl":"https:\/\/www.aunityshop.de\/wp-content\/uploads\/2024\/05\/lux.tag_.png","datePublished":"2024-05-28T16:42:52+00:00","dateModified":"2024-07-31T23:00:11+00:00","breadcrumb":{"@id":"https:\/\/www.aunityshop.de\/produkt\/anion-damenbinden-luxury-tag-24\/#breadcrumb"},"inLanguage":"ru-RU","potentialAction":[{"@type":"ReadAction","target":["https:\/\/www.aunityshop.de\/produkt\/anion-damenbinden-luxury-tag-24\/"]}]},{"@type":"ImageObject","inLanguage":"ru-RU","@id":"https:\/\/www.aunityshop.de\/produkt\/anion-damenbinden-luxury-tag-24\/#primaryimage","url":"https:\/\/www.aunityshop.de\/wp-content\/uploads\/2024\/05\/lux.tag_.png","contentUrl":"https:\/\/www.aunityshop.de\/wp-content\/uploads\/2024\/05\/lux.tag_.png","width":500,"height":500},{"@type":"BreadcrumbList","@id":"https:\/\/www.aunityshop.de\/produkt\/anion-damenbinden-luxury-tag-24\/#breadcrumb","itemListElement":[{"@type":"ListItem","position":1,"name":"Start","item":"https:\/\/www.aunityshop.de\/"},{"@type":"ListItem","position":2,"name":"Shop","item":"https:\/\/www.aunityshop.de\/shop\/"},{"@type":"ListItem","position":3,"name":"ANION DAMENBINDEN LUXURY \/ TAG 24"}]},{"@type":"WebSite","@id":"https:\/\/www.aunityshop.de\/#website","url":"https:\/\/www.aunityshop.de\/","name":"aunity Partnershop","description":"Kraftvolle Gesundheit | Nahrungserg\u00e4nzung Kosmetik Aqua Balance Wasserfilter Anion Damenbinden Slipeinlagen","potentialAction":[{"@type":"SearchAction","target":{"@type":"EntryPoint","urlTemplate":"https:\/\/www.aunityshop.de\/?s={search_term_string}"},"query-input":{"@type":"PropertyValueSpecification","valueRequired":true,"valueName":"search_term_string"}}],"inLanguage":"ru-RU"}]}},"_links":{"self":[{"href":"https:\/\/www.aunityshop.de\/ru\/wp-json\/wp\/v2\/product\/4089","targetHints":{"allow":["GET"]}}],"collection":[{"href":"https:\/\/www.aunityshop.de\/ru\/wp-json\/wp\/v2\/product"}],"about":[{"href":"https:\/\/www.aunityshop.de\/ru\/wp-json\/wp\/v2\/types\/product"}],"wp:featuredmedia":[{"embeddable":true,"href":"https:\/\/www.aunityshop.de\/ru\/wp-json\/wp\/v2\/media\/4085"}],"wp:attachment":[{"href":"https:\/\/www.aunityshop.de\/ru\/wp-json\/wp\/v2\/media?parent=4089"}],"wp:term":[{"taxonomy":"product_brand","embeddable":true,"href":"https:\/\/www.aunityshop.de\/ru\/wp-json\/wp\/v2\/product_brand?post=4089"},{"taxonomy":"product_cat","embeddable":true,"href":"https:\/\/www.aunityshop.de\/ru\/wp-json\/wp\/v2\/product_cat?post=4089"},{"taxonomy":"product_tag","embeddable":true,"href":"https:\/\/www.aunityshop.de\/ru\/wp-json\/wp\/v2\/product_tag?post=4089"}],"curies":[{"name":"wp","href":"https:\/\/api.w.org\/{rel}","templated":true}]}}