{"id":4094,"date":"2024-05-28T19:00:08","date_gmt":"2024-05-28T17:00:08","guid":{"rendered":"http:\/\/dev.aunityshop.de\/?post_type=product&#038;p=4094"},"modified":"2025-09-26T13:01:38","modified_gmt":"2025-09-26T11:01:38","slug":"bio-ashwagandha-ksm-66","status":"publish","type":"product","link":"https:\/\/www.aunityshop.de\/ru\/product\/bio-ashwagandha-ksm-66\/","title":{"rendered":"\u041e\u0420\u0413\u0410\u041d\u0418\u0427\u0415\u0421\u041a\u0410\u042f \u0410\u0428\u0412\u0410\u0413\u0410\u041d\u0414\u0410\/ASHWAGANDHA (KSM-66\u00ae)"},"content":{"rendered":"<h1>\u041e\u0420\u0413\u0410\u041d\u0418\u0427\u0415\u0421\u041a\u0410\u042f \u0410\u0428\u0412\u0410\u0413\u0410\u041d\u0414\u0410\/ASHWAGANDHA (KSM-66\u00ae)<\/h1>\n<h3 class=\"black\">DE-\u00d6KO-006 \u041f\u0418\u0429\u0415\u0412\u0410\u042f \u0414\u041e\u0411\u0410\u0412\u041a\u0410 \u0421 \u041e\u0420\u0413\u0410\u041d\u0418\u0427\u0415\u0421\u041a\u0418\u041c \u042d\u041a\u0421\u0422\u0420\u0410\u041a\u0422\u041e\u041c \u041a\u041e\u0420\u041d\u042f \u0410\u0428\u0412\u0410\u0413\u0410\u041d\u0414\u042b + \u0421 5% \u0411\u0418\u0422\u0410\u041d\u041e\u041b\u0418\u0414\u041e\u0412<\/h3>\n<p>aunitys Bio-Ashwagandha Kapseln sind ein Premium-Nahrungserg\u00e4nzungsmittel, das aus dem hochwertigen Markenrohstoff &#8222;KSM-66\u00ae&#8220; hergestellt wird. Dieses Produkt enth\u00e4lt 180 Kapseln, die eine kraftvolle und reine Form von Ashwagandha bieten, einer Pflanze, die in der ayurvedischen Medizin seit Jahrhunderten f\u00fcr ihre vielf\u00e4ltigen gesundheitlichen Vorteile gesch\u00e4tzt wird.<\/p>\n<p>Der Markenrohstoff &#8222;KSM-66\u00ae&#8220; ist der weltweit am meisten erforschte Ashwagandha-Extrakt und wird durch einen schonenden Extraktionsprozess gewonnen, der die nat\u00fcrlichen Eigenschaften der Pflanze bewahrt. Bio-Ashwagandha ist bekannt f\u00fcr seine adaptogenen Eigenschaften, die dem K\u00f6rper helfen, Stress besser zu bew\u00e4ltigen und die allgemeine Widerstandskraft zu erh\u00f6hen.<\/p>\n<p>\u041a\u0430\u0436\u0434\u0430\u044f \u043a\u0430\u043f\u0441\u0443\u043b\u0430 \u0441\u043e\u0434\u0435\u0440\u0436\u0438\u0442 \u043e\u043f\u0442\u0438\u043c\u0430\u043b\u044c\u043d\u0443\u044e \u0434\u043e\u0437\u0438\u0440\u043e\u0432\u043a\u0443, \u043f\u043e\u0437\u0432\u043e\u043b\u044f\u044e\u0449\u0443\u044e \u043b\u0435\u0433\u043a\u043e \u0438 \u0443\u0434\u043e\u0431\u043d\u043e \u0435\u0436\u0435\u0434\u043d\u0435\u0432\u043d\u043e \u0443\u043f\u043e\u0442\u0440\u0435\u0431\u043b\u044f\u0442\u044c. \u042d\u0442\u043e\u0442 \u043f\u0440\u043e\u0434\u0443\u043a\u0442 \u0441\u0435\u0440\u0442\u0438\u0444\u0438\u0446\u0438\u0440\u043e\u0432\u0430\u043d \u043a\u0430\u043a \u043e\u0440\u0433\u0430\u043d\u0438\u0447\u0435\u0441\u043a\u0438\u0439 \u0438 \u043d\u0435 \u0441\u043e\u0434\u0435\u0440\u0436\u0438\u0442 \u0438\u0441\u043a\u0443\u0441\u0441\u0442\u0432\u0435\u043d\u043d\u044b\u0445 \u0434\u043e\u0431\u0430\u0432\u043e\u043a, \u043f\u043e\u044d\u0442\u043e\u043c\u0443 \u0432\u044b \u043c\u043e\u0436\u0435\u0442\u0435 \u0431\u044b\u0442\u044c \u0443\u0432\u0435\u0440\u0435\u043d\u044b, \u0447\u0442\u043e \u043f\u043e\u043b\u0443\u0447\u0430\u0435\u0442\u0435 \u0447\u0438\u0441\u0442\u044b\u0439 \u0438 \u043d\u0430\u0442\u0443\u0440\u0430\u043b\u044c\u043d\u044b\u0439 \u043f\u0440\u043e\u0434\u0443\u043a\u0442.<\/p>\n<h3>\u041f\u0420\u0415\u0418\u041c\u0423\u0429\u0415\u0421\u0422\u0412\u0410 \u041e\u0420\u0413\u0410\u041d\u0418\u0427\u0415\u0421\u041a\u0418\u0425 \u041a\u0410\u041f\u0421\u0423\u041b \u0410\u0428\u0412\u0410\u0413\u0410\u041d\u0414\u042b AUNITY:<\/h3>\n<p><strong>\u0421\u043d\u0438\u0436\u0435\u043d\u0438\u0435 \u0441\u0442\u0440\u0435\u0441\u0441\u0430:<\/strong>\u00a0\u0410\u0448\u0432\u0430\u0433\u0430\u043d\u0434\u0430 \u0438\u0437\u0432\u0435\u0441\u0442\u043d\u0430 \u0441\u0432\u043e\u0438\u043c\u0438 \u0430\u0434\u0430\u043f\u0442\u043e\u0433\u0435\u043d\u043d\u044b\u043c\u0438 \u0441\u0432\u043e\u0439\u0441\u0442\u0432\u0430\u043c\u0438, \u043a\u043e\u0442\u043e\u0440\u044b\u0435 \u043f\u043e\u043c\u043e\u0433\u0430\u044e\u0442 \u0441\u043d\u0438\u0437\u0438\u0442\u044c \u0443\u0440\u043e\u0432\u0435\u043d\u044c \u043a\u043e\u0440\u0442\u0438\u0437\u043e\u043b\u0430 \u0438 \u043f\u043e\u0432\u044b\u0441\u0438\u0442\u044c \u0443\u0441\u0442\u043e\u0439\u0447\u0438\u0432\u043e\u0441\u0442\u044c \u043e\u0440\u0433\u0430\u043d\u0438\u0437\u043c\u0430 \u043a \u0441\u0442\u0440\u0435\u0441\u0441\u0443.<\/p>\n<p><strong>\u041f\u043e\u0434\u0434\u0435\u0440\u0436\u043a\u0430 \u043a\u043e\u0433\u043d\u0438\u0442\u0438\u0432\u043d\u043e\u0439 \u0444\u0443\u043d\u043a\u0446\u0438\u0438:<\/strong>\u00a0\u0410\u0448\u0432\u0430\u0433\u0430\u043d\u0434\u0430 \u043c\u043e\u0436\u0435\u0442 \u0443\u043b\u0443\u0447\u0448\u0438\u0442\u044c \u043f\u0430\u043c\u044f\u0442\u044c \u0438 \u043a\u043e\u0433\u043d\u0438\u0442\u0438\u0432\u043d\u044b\u0435 \u0444\u0443\u043d\u043a\u0446\u0438\u0438, \u0441\u043f\u043e\u0441\u043e\u0431\u0441\u0442\u0432\u0443\u044f \u0440\u0435\u0433\u0435\u043d\u0435\u0440\u0430\u0446\u0438\u0438 \u043d\u0435\u0440\u0432\u043e\u0432 \u0438 \u0443\u043c\u0435\u043d\u044c\u0448\u0430\u044f \u043e\u043a\u0438\u0441\u043b\u0438\u0442\u0435\u043b\u044c\u043d\u043e\u0435 \u043f\u043e\u0432\u0440\u0435\u0436\u0434\u0435\u043d\u0438\u0435.<\/p>\n<p><strong>\u042d\u043d\u0435\u0440\u0433\u0438\u044f \u0438 \u0436\u0438\u0437\u043d\u0435\u043d\u043d\u0430\u044f \u0441\u0438\u043b\u0430:<\/strong>\u00a0\u0420\u0435\u0433\u0443\u043b\u044f\u0440\u043d\u043e\u0435 \u0443\u043f\u043e\u0442\u0440\u0435\u0431\u043b\u0435\u043d\u0438\u0435 \u0430\u0448\u0432\u0430\u0433\u0430\u043d\u0434\u044b \u043c\u043e\u0436\u0435\u0442 \u043f\u043e\u0432\u044b\u0441\u0438\u0442\u044c \u0444\u0438\u0437\u0438\u0447\u0435\u0441\u043a\u0443\u044e \u0440\u0430\u0431\u043e\u0442\u043e\u0441\u043f\u043e\u0441\u043e\u0431\u043d\u043e\u0441\u0442\u044c \u0438 \u044d\u043d\u0435\u0440\u0433\u0438\u044e, \u043f\u043e\u0434\u0434\u0435\u0440\u0436\u0438\u0432\u0430\u044f \u0432\u043e\u0441\u0441\u0442\u0430\u043d\u043e\u0432\u043b\u0435\u043d\u0438\u0435 \u043f\u043e\u0441\u043b\u0435 \u0444\u0438\u0437\u0438\u0447\u0435\u0441\u043a\u0438\u0445 \u043d\u0430\u0433\u0440\u0443\u0437\u043e\u043a.<\/p>\n<p><strong>\u0421\u043e\u0434\u0435\u0439\u0441\u0442\u0432\u0438\u0435 \u0441\u043d\u0443:<\/strong>\u00a0\u0410\u0448\u0432\u0430\u0433\u0430\u043d\u0434\u0430 \u043c\u043e\u0436\u0435\u0442 \u043f\u043e\u043c\u043e\u0447\u044c \u0443\u043b\u0443\u0447\u0448\u0438\u0442\u044c \u043a\u0430\u0447\u0435\u0441\u0442\u0432\u043e \u0441\u043d\u0430, \u0440\u0430\u0441\u0441\u043b\u0430\u0431\u043b\u044f\u044f \u0438 \u0443\u0441\u043f\u043e\u043a\u0430\u0438\u0432\u0430\u044f \u0442\u0435\u043b\u043e.<\/p>\n<p><strong>\u041f\u043e\u0434\u0434\u0435\u0440\u0436\u043a\u0430 \u0438\u043c\u043c\u0443\u043d\u043d\u043e\u0439 \u0441\u0438\u0441\u0442\u0435\u043c\u044b:<\/strong>\u00a0\u0410\u0448\u0432\u0430\u0433\u0430\u043d\u0434\u0430 \u0443\u043a\u0440\u0435\u043f\u043b\u044f\u0435\u0442 \u0438\u043c\u043c\u0443\u043d\u043d\u0443\u044e \u0441\u0438\u0441\u0442\u0435\u043c\u0443 \u0437\u0430 \u0441\u0447\u0435\u0442 \u0443\u0432\u0435\u043b\u0438\u0447\u0435\u043d\u0438\u044f \u0430\u043a\u0442\u0438\u0432\u043d\u043e\u0441\u0442\u0438 \u0435\u0441\u0442\u0435\u0441\u0442\u0432\u0435\u043d\u043d\u044b\u0445 \u043a\u043b\u0435\u0442\u043e\u043a-\u043a\u0438\u043b\u043b\u0435\u0440\u043e\u0432 \u0438 \u0443\u043b\u0443\u0447\u0448\u0435\u043d\u0438\u044f \u0438\u043c\u043c\u0443\u043d\u043d\u043e\u0433\u043e \u043e\u0442\u0432\u0435\u0442\u0430 \u043e\u0440\u0433\u0430\u043d\u0438\u0437\u043c\u0430.<\/p>\n<p><strong>\u0413\u043e\u0440\u043c\u043e\u043d\u0430\u043b\u044c\u043d\u044b\u0439 \u0431\u0430\u043b\u0430\u043d\u0441:<\/strong>\u00a0\u0410\u0448\u0432\u0430\u0433\u0430\u043d\u0434\u0430 \u043f\u043e\u0434\u0434\u0435\u0440\u0436\u0438\u0432\u0430\u0435\u0442 \u0433\u043e\u0440\u043c\u043e\u043d\u0430\u043b\u044c\u043d\u044b\u0439 \u0431\u0430\u043b\u0430\u043d\u0441 \u0438 \u043c\u043e\u0436\u0435\u0442 \u043f\u043e\u043c\u043e\u0447\u044c \u0440\u0435\u0433\u0443\u043b\u0438\u0440\u043e\u0432\u0430\u0442\u044c \u0433\u043e\u0440\u043c\u043e\u043d\u044b \u0449\u0438\u0442\u043e\u0432\u0438\u0434\u043d\u043e\u0439 \u0436\u0435\u043b\u0435\u0437\u044b \u0438 \u043d\u0430\u0434\u043f\u043e\u0447\u0435\u0447\u043d\u0438\u043a\u043e\u0432.<\/p>\n<p><strong>\u0410\u043d\u0442\u0438\u043e\u043a\u0441\u0438\u0434\u0430\u043d\u0442\u043d\u044b\u0435 \u0441\u0432\u043e\u0439\u0441\u0442\u0432\u0430:<\/strong>\u00a0\u0410\u0448\u0432\u0430\u0433\u0430\u043d\u0434\u0430 \u043e\u0431\u043b\u0430\u0434\u0430\u0435\u0442 \u043c\u043e\u0449\u043d\u044b\u043c\u0438 \u0430\u043d\u0442\u0438\u043e\u043a\u0441\u0438\u0434\u0430\u043d\u0442\u043d\u044b\u043c\u0438 \u0441\u0432\u043e\u0439\u0441\u0442\u0432\u0430\u043c\u0438, \u043a\u043e\u0442\u043e\u0440\u044b\u0435 \u043f\u043e\u043c\u043e\u0433\u0430\u044e\u0442 \u0437\u0430\u0449\u0438\u0442\u0438\u0442\u044c \u043e\u0440\u0433\u0430\u043d\u0438\u0437\u043c \u043e\u0442 \u0441\u0432\u043e\u0431\u043e\u0434\u043d\u044b\u0445 \u0440\u0430\u0434\u0438\u043a\u0430\u043b\u043e\u0432 \u0438 \u0441\u043f\u043e\u0441\u043e\u0431\u0441\u0442\u0432\u0443\u044e\u0442 \u0437\u0434\u043e\u0440\u043e\u0432\u044c\u044e \u043a\u043b\u0435\u0442\u043e\u043a.<\/p>\n<p>Mit aunitys Bio-Ashwagandha Kapseln aus dem Markenrohstoff &#8222;KSM-66\u00ae&#8220; k\u00f6nnen Sie Ihre Gesundheit und Ihr Wohlbefinden auf nat\u00fcrliche Weise unterst\u00fctzen und die zahlreichen Vorteile dieser kraftvollen Pflanze genie\u00dfen.<\/p>\n<p><strong>\u0418\u043d\u0433\u0440\u0435\u0434\u0438\u0435\u043d\u0442\u044b:<\/strong>\u00a0\u041e\u0440\u0433\u0430\u043d\u0438\u0447\u0435\u0441\u043a\u0438\u0439 \u044d\u043a\u0441\u0442\u0440\u0430\u043a\u0442 \u043a\u043e\u0440\u043d\u044f \u0430\u0448\u0432\u0430\u0433\u0430\u043d\u0434\u044b\u00b9, \u043f\u043e\u043a\u0440\u044b\u0432\u0430\u044e\u0449\u0438\u0439 \u0430\u0433\u0435\u043d\u0442: \u0433\u0438\u0434\u0440\u043e\u043a\u0441\u0438\u043f\u0440\u043e\u043f\u0438\u043b\u043c\u0435\u0442\u0438\u043b\u0446\u0435\u043b\u043b\u044e\u043b\u043e\u0437\u0430 (\u0440\u0430\u0441\u0442\u0438\u0442\u0435\u043b\u044c\u043d\u0430\u044f \u043e\u0431\u043e\u043b\u043e\u0447\u043a\u0430 \u043a\u0430\u043f\u0441\u0443\u043b\u044b), \u043a\u043e\u043d\u0446\u0435\u043d\u0442\u0440\u0430\u0442 \u043c\u043e\u0440\u0441\u043a\u043e\u0439 \u0441\u043e\u043b\u0438***<strong>\u00b9<\/strong>.<\/p>\n<p><strong>\u00b9\u041c\u0430\u0440\u043a\u0430 \u0441\u044b\u0440\u044c\u044f: KSM-66\u00ae.<\/strong><br \/>\n<em>***Spezielle aunity Anion-Rezeptur bestehend aus bis zu 70-fach konzentriertem Meersalz. Reich an Mineralien &amp; Spurenelementen<\/em>.<\/p>\n<p>\u0414\u0438\u0435\u0442\u0438\u0447\u0435\u0441\u043a\u0430\u044f \u0434\u043e\u0431\u0430\u0432\u043a\u0430 \u043d\u0430 \u043e\u0441\u043d\u043e\u0432\u0435 \u043e\u0440\u0433\u0430\u043d\u0438\u0447\u0435\u0441\u043a\u043e\u0433\u043e \u044d\u043a\u0441\u0442\u0440\u0430\u043a\u0442\u0430 \u043a\u043e\u0440\u043d\u044f \u0430\u0448\u0432\u0430\u0433\u0430\u043d\u0434\u044b.<\/p>\n<table>\n<colgroup>\n<col \/>\n<col \/>\n<col \/><\/colgroup>\n<tbody>\n<tr class=\"\">\n<th>\n<h3 data-fontsize=\"24\" data-lineheight=\"33.6px\">\u041f\u0418\u0422\u0410\u0422\u0415\u041b\u042c\u041d\u042b\u0415 \u0412\u0415\u0429\u0415\u0421\u0422\u0412\u0410<\/h3>\n<\/th>\n<th>\n<h3 data-fontsize=\"24\" data-lineheight=\"33.6px\">\u0421\u0423\u0422\u041e\u0427\u041d\u0410\u042f \u0414\u041e\u0417\u0410 \u041d\u0410 2 \u041a\u0410\u041f\u0421\u0423\u041b\u042b<\/h3>\n<\/th>\n<th>\n<h3 data-fontsize=\"24\" data-lineheight=\"33.6px\">%NRV*<\/h3>\n<\/th>\n<\/tr>\n<tr class=\"\">\n<td>\u041e\u0440\u0433\u0430\u043d\u0438\u0447\u0435\u0441\u043a\u0430\u044f \u0410\u0448\u0432\u0430\u0433\u0430\u043d\u0434\u0430<br \/>\n\u042d\u043a\u0441\u0442\u0440\u0430\u043a\u0442 \u043a\u043e\u0440\u043d\u044f<\/td>\n<td>600 mg<\/td>\n<td>**<\/td>\n<\/tr>\n<tr class=\"\">\n<td>\u00a0 \u00a0\u0438\u0437 \u043d\u0438\u0445 \u0432\u0438\u0442\u0430\u043d\u043e\u043b\u0438\u0434\u044b<\/td>\n<td>30 mg<\/td>\n<td>**<\/td>\n<\/tr>\n<\/tbody>\n<\/table>\n<p>&nbsp;<\/p>\n<p>*\u041f\u0440\u043e\u0446\u0435\u043d\u0442 \u0440\u0435\u043a\u043e\u043c\u0435\u043d\u0434\u0443\u0435\u043c\u043e\u0433\u043e \u0435\u0436\u0435\u0434\u043d\u0435\u0432\u043d\u043e\u0433\u043e \u043f\u043e\u0442\u0440\u0435\u0431\u043b\u0435\u043d\u0438\u044f \u0432 \u0441\u043e\u043e\u0442\u0432\u0435\u0442\u0441\u0442\u0432\u0438\u0438 \u0441 \u0420\u0435\u0433\u043b\u0430\u043c\u0435\u043d\u0442\u043e\u043c (\u0415\u0421) \u2116 1169\/2011. **\u0420\u0435\u043a\u043e\u043c\u0435\u043d\u0434\u0430\u0446\u0438\u0438 \u043e\u0442\u0441\u0443\u0442\u0441\u0442\u0432\u0443\u044e\u0442.<br \/>\n\u0412\u0441\u044f \u0438\u043d\u0444\u043e\u0440\u043c\u0430\u0446\u0438\u044f \u043f\u043e\u0434\u0432\u0435\u0440\u0436\u0435\u043d\u0430 \u043e\u0431\u044b\u0447\u043d\u044b\u043c \u043a\u043e\u043b\u0435\u0431\u0430\u043d\u0438\u044f\u043c \u0432 \u043e\u0442\u043d\u043e\u0448\u0435\u043d\u0438\u0438 \u043d\u0430\u0442\u0443\u0440\u0430\u043b\u044c\u043d\u044b\u0445 \u043f\u0440\u043e\u0434\u0443\u043a\u0442\u043e\u0432.<br \/>\n\u00b9\u041c\u0430\u0440\u043a\u0430 \u0441\u044b\u0440\u044c\u044f: KSM-66\u00ae.<\/p>\n<p><strong>\u0420\u0435\u043a\u043e\u043c\u0435\u043d\u0434\u0443\u0435\u043c\u043e\u0435 \u043f\u043e\u0442\u0440\u0435\u0431\u043b\u0435\u043d\u0438\u0435:<\/strong>\u00a0\u041f\u0440\u0438\u043d\u0438\u043c\u0430\u0442\u044c \u043f\u043e 2 \u043a\u0430\u043f\u0441\u0443\u043b\u044b \u0432 \u0434\u0435\u043d\u044c, \u043d\u0435 \u0440\u0430\u0437\u0436\u0435\u0432\u044b\u0432\u0430\u044f, \u0437\u0430\u043f\u0438\u0432\u0430\u044f \u0434\u043e\u0441\u0442\u0430\u0442\u043e\u0447\u043d\u044b\u043c \u043a\u043e\u043b\u0438\u0447\u0435\u0441\u0442\u0432\u043e\u043c \u0432\u043e\u0434\u044b.<br \/>\n<strong>\u0421\u043e\u0434\u0435\u0440\u0436\u0430\u043d\u0438\u0435:<\/strong>\u00a0180 \u043a\u0430\u043f\u0441\u0443\u043b (90 \u043f\u043e\u0440\u0446\u0438\u0439)<br \/>\n<strong>\u041d\u043e\u043c\u0438\u043d\u0430\u043b\u044c\u043d\u044b\u0439 \u043e\u0431\u044a\u0435\u043c \u043d\u0430\u043f\u043e\u043b\u043d\u0435\u043d\u0438\u044f:<\/strong>\u00a064,8 g<br \/>\n<strong>\u041d\u0430\u0437\u0432\u0430\u043d\u0438\u0435 \u043f\u0440\u043e\u0434\u0430\u0436\u0438:<\/strong>\u00a0\u041e\u0440\u0433\u0430\u043d\u0438\u0447\u0435\u0441\u043a\u0430\u044f \u043f\u0438\u0449\u0435\u0432\u0430\u044f \u0434\u043e\u0431\u0430\u0432\u043a\u0430 \u0441 \u043e\u0440\u0433\u0430\u043d\u0438\u0447\u0435\u0441\u043a\u0438\u043c \u044d\u043a\u0441\u0442\u0440\u0430\u043a\u0442\u043e\u043c \u043a\u043e\u0440\u043d\u044f \u0430\u0448\u0432\u0430\u0433\u0430\u043d\u0434\u044b + 5% \u0432\u0438\u0442\u0430\u043d\u043e\u043b\u0438\u0434\u043e\u0432.<br \/>\n<strong>\u0425\u0440\u0430\u043d\u0435\u043d\u0438\u0435:<\/strong>\u00a0\u0425\u0440\u0430\u043d\u0438\u0442\u044c \u0432 \u043f\u0440\u043e\u0445\u043b\u0430\u0434\u043d\u043e\u043c, \u0441\u0443\u0445\u043e\u043c \u0438 \u0442\u0435\u043c\u043d\u043e\u043c \u043c\u0435\u0441\u0442\u0435.<br \/>\n<strong>C\u0440\u043e\u043a \u0445\u0440\u0430\u043d\u0435\u043d\u0438\u044f<\/strong>\u00a0\u043f\u0435\u0447\u0430\u0442\u044c \u043d\u0430 \u0434\u043d\u0435 \u0431\u0443\u0442\u044b\u043b\u043a\u0438<\/p>\n<p>Nahrungserg\u00e4nzungsmittel dienen nicht als Ersatz f\u00fcr eine ausgewogene und abwechslungsreiche Ern\u00e4hrung und gesunde Lebensweise. Die angegebene empfohlene Verzehrsmenge darf nicht \u00fcberschritten werden. F\u00fcr Schwangere, Stillende sowie Kinder &amp; Jugendliche nicht geeignet. Au\u00dferhalb der Reichweite von kleinen Kindern aufbewahren!<\/p>","protected":false},"excerpt":{"rendered":"<p>BIO ASHWAGANDHA (KSM-66\u00ae) DE-\u00d6KO-006 NAHRUNGSERG\u00c4NZUNGSMITTEL MIT BIO-ASHWAGANDHA WURZELEXTRAKT + MIT 5 % WITHANOLIDEN aunitys Bio-Ashwagandha Kapseln sind ein Premium-Nahrungserg\u00e4nzungsmittel, das aus dem hochwertigen Markenrohstoff &#8222;KSM-66\u00ae&#8220; hergestellt wird. Dieses Produkt enth\u00e4lt 180 Kapseln, die eine kraftvolle und reine Form von Ashwagandha bieten, einer Pflanze, die in der ayurvedischen Medizin seit Jahrhunderten f\u00fcr ihre vielf\u00e4ltigen gesundheitlichen Vorteile&hellip;<\/p>","protected":false},"featured_media":4095,"template":"","meta":[],"product_brand":[],"product_cat":[66],"product_tag":[],"class_list":{"0":"post-4094","1":"product","2":"type-product","3":"status-publish","4":"has-post-thumbnail","6":"product_cat-nahrungsergaenzung","7":"description-off","9":"first","10":"instock","11":"taxable","12":"shipping-taxable","13":"purchasable","14":"product-type-simple"},"yoast_head":"<!-- This site is optimized with the Yoast SEO plugin v27.2 - https:\/\/yoast.com\/product\/yoast-seo-wordpress\/ -->\n<title>BIO ASHWAGANDHA (KSM-66\u00ae) - aunity Partnershop<\/title>\n<meta name=\"robots\" content=\"index, follow, max-snippet:-1, max-image-preview:large, max-video-preview:-1\" \/>\n<link rel=\"canonical\" href=\"https:\/\/www.aunityshop.de\/ru\/product\/bio-ashwagandha-ksm-66\/\" \/>\n<meta property=\"og:locale\" content=\"ru_RU\" \/>\n<meta property=\"og:type\" content=\"article\" \/>\n<meta property=\"og:title\" content=\"BIO ASHWAGANDHA (KSM-66\u00ae) - aunity Partnershop\" \/>\n<meta property=\"og:description\" content=\"BIO ASHWAGANDHA (KSM-66\u00ae) DE-\u00d6KO-006 NAHRUNGSERG\u00c4NZUNGSMITTEL MIT BIO-ASHWAGANDHA WURZELEXTRAKT + MIT 5 % WITHANOLIDEN aunitys Bio-Ashwagandha Kapseln sind ein Premium-Nahrungserg\u00e4nzungsmittel, das aus dem hochwertigen Markenrohstoff &#8222;KSM-66\u00ae&#8220; hergestellt wird. Dieses Produkt enth\u00e4lt 180 Kapseln, die eine kraftvolle und reine Form von Ashwagandha bieten, einer Pflanze, die in der ayurvedischen Medizin seit Jahrhunderten f\u00fcr ihre vielf\u00e4ltigen gesundheitlichen Vorteile&hellip;\" \/>\n<meta property=\"og:url\" content=\"https:\/\/www.aunityshop.de\/ru\/product\/bio-ashwagandha-ksm-66\/\" \/>\n<meta property=\"og:site_name\" content=\"aunity Partnershop\" \/>\n<meta property=\"article:modified_time\" content=\"2025-09-26T11:01:38+00:00\" \/>\n<meta property=\"og:image\" content=\"https:\/\/www.aunityshop.de\/wp-content\/uploads\/2024\/05\/ASHWAGANDHA.png\" \/>\n\t<meta property=\"og:image:width\" content=\"500\" \/>\n\t<meta property=\"og:image:height\" content=\"500\" \/>\n\t<meta property=\"og:image:type\" content=\"image\/png\" \/>\n<meta name=\"twitter:card\" content=\"summary_large_image\" \/>\n<meta name=\"twitter:label1\" content=\"\u041f\u0440\u0438\u043c\u0435\u0440\u043d\u043e\u0435 \u0432\u0440\u0435\u043c\u044f \u0434\u043b\u044f \u0447\u0442\u0435\u043d\u0438\u044f\" \/>\n\t<meta name=\"twitter:data1\" content=\"3 \u043c\u0438\u043d\u0443\u0442\u044b\" \/>\n<script type=\"application\/ld+json\" class=\"yoast-schema-graph\">{\"@context\":\"https:\/\/schema.org\",\"@graph\":[{\"@type\":\"WebPage\",\"@id\":\"https:\/\/www.aunityshop.de\/produkt\/bio-ashwagandha-ksm-66\/\",\"url\":\"https:\/\/www.aunityshop.de\/produkt\/bio-ashwagandha-ksm-66\/\",\"name\":\"BIO ASHWAGANDHA (KSM-66\u00ae) - aunity Partnershop\",\"isPartOf\":{\"@id\":\"https:\/\/www.aunityshop.de\/#website\"},\"primaryImageOfPage\":{\"@id\":\"https:\/\/www.aunityshop.de\/produkt\/bio-ashwagandha-ksm-66\/#primaryimage\"},\"image\":{\"@id\":\"https:\/\/www.aunityshop.de\/produkt\/bio-ashwagandha-ksm-66\/#primaryimage\"},\"thumbnailUrl\":\"https:\/\/www.aunityshop.de\/wp-content\/uploads\/2024\/05\/ASHWAGANDHA.png\",\"datePublished\":\"2024-05-28T17:00:08+00:00\",\"dateModified\":\"2025-09-26T11:01:38+00:00\",\"breadcrumb\":{\"@id\":\"https:\/\/www.aunityshop.de\/produkt\/bio-ashwagandha-ksm-66\/#breadcrumb\"},\"inLanguage\":\"ru-RU\",\"potentialAction\":[{\"@type\":\"ReadAction\",\"target\":[\"https:\/\/www.aunityshop.de\/produkt\/bio-ashwagandha-ksm-66\/\"]}]},{\"@type\":\"ImageObject\",\"inLanguage\":\"ru-RU\",\"@id\":\"https:\/\/www.aunityshop.de\/produkt\/bio-ashwagandha-ksm-66\/#primaryimage\",\"url\":\"https:\/\/www.aunityshop.de\/wp-content\/uploads\/2024\/05\/ASHWAGANDHA.png\",\"contentUrl\":\"https:\/\/www.aunityshop.de\/wp-content\/uploads\/2024\/05\/ASHWAGANDHA.png\",\"width\":500,\"height\":500},{\"@type\":\"BreadcrumbList\",\"@id\":\"https:\/\/www.aunityshop.de\/produkt\/bio-ashwagandha-ksm-66\/#breadcrumb\",\"itemListElement\":[{\"@type\":\"ListItem\",\"position\":1,\"name\":\"Start\",\"item\":\"https:\/\/www.aunityshop.de\/\"},{\"@type\":\"ListItem\",\"position\":2,\"name\":\"Shop\",\"item\":\"https:\/\/www.aunityshop.de\/shop\/\"},{\"@type\":\"ListItem\",\"position\":3,\"name\":\"BIO ASHWAGANDHA (KSM-66\u00ae)\"}]},{\"@type\":\"WebSite\",\"@id\":\"https:\/\/www.aunityshop.de\/#website\",\"url\":\"https:\/\/www.aunityshop.de\/\",\"name\":\"aunity Partnershop\",\"description\":\"Kraftvolle Gesundheit | Nahrungserg\u00e4nzung Kosmetik Aqua Balance Wasserfilter Anion Damenbinden Slipeinlagen\",\"potentialAction\":[{\"@type\":\"SearchAction\",\"target\":{\"@type\":\"EntryPoint\",\"urlTemplate\":\"https:\/\/www.aunityshop.de\/?s={search_term_string}\"},\"query-input\":{\"@type\":\"PropertyValueSpecification\",\"valueRequired\":true,\"valueName\":\"search_term_string\"}}],\"inLanguage\":\"ru-RU\"}]}<\/script>\n<!-- \/ Yoast SEO plugin. -->","yoast_head_json":{"title":"BIO ASHWAGANDHA (KSM-66\u00ae) - aunity Partnershop","robots":{"index":"index","follow":"follow","max-snippet":"max-snippet:-1","max-image-preview":"max-image-preview:large","max-video-preview":"max-video-preview:-1"},"canonical":"https:\/\/www.aunityshop.de\/ru\/product\/bio-ashwagandha-ksm-66\/","og_locale":"ru_RU","og_type":"article","og_title":"BIO ASHWAGANDHA (KSM-66\u00ae) - aunity Partnershop","og_description":"BIO ASHWAGANDHA (KSM-66\u00ae) DE-\u00d6KO-006 NAHRUNGSERG\u00c4NZUNGSMITTEL MIT BIO-ASHWAGANDHA WURZELEXTRAKT + MIT 5 % WITHANOLIDEN aunitys Bio-Ashwagandha Kapseln sind ein Premium-Nahrungserg\u00e4nzungsmittel, das aus dem hochwertigen Markenrohstoff &#8222;KSM-66\u00ae&#8220; hergestellt wird. Dieses Produkt enth\u00e4lt 180 Kapseln, die eine kraftvolle und reine Form von Ashwagandha bieten, einer Pflanze, die in der ayurvedischen Medizin seit Jahrhunderten f\u00fcr ihre vielf\u00e4ltigen gesundheitlichen Vorteile&hellip;","og_url":"https:\/\/www.aunityshop.de\/ru\/product\/bio-ashwagandha-ksm-66\/","og_site_name":"aunity Partnershop","article_modified_time":"2025-09-26T11:01:38+00:00","og_image":[{"width":500,"height":500,"url":"https:\/\/www.aunityshop.de\/wp-content\/uploads\/2024\/05\/ASHWAGANDHA.png","type":"image\/png"}],"twitter_card":"summary_large_image","twitter_misc":{"\u041f\u0440\u0438\u043c\u0435\u0440\u043d\u043e\u0435 \u0432\u0440\u0435\u043c\u044f \u0434\u043b\u044f \u0447\u0442\u0435\u043d\u0438\u044f":"3 \u043c\u0438\u043d\u0443\u0442\u044b"},"schema":{"@context":"https:\/\/schema.org","@graph":[{"@type":"WebPage","@id":"https:\/\/www.aunityshop.de\/produkt\/bio-ashwagandha-ksm-66\/","url":"https:\/\/www.aunityshop.de\/produkt\/bio-ashwagandha-ksm-66\/","name":"BIO ASHWAGANDHA (KSM-66\u00ae) - aunity Partnershop","isPartOf":{"@id":"https:\/\/www.aunityshop.de\/#website"},"primaryImageOfPage":{"@id":"https:\/\/www.aunityshop.de\/produkt\/bio-ashwagandha-ksm-66\/#primaryimage"},"image":{"@id":"https:\/\/www.aunityshop.de\/produkt\/bio-ashwagandha-ksm-66\/#primaryimage"},"thumbnailUrl":"https:\/\/www.aunityshop.de\/wp-content\/uploads\/2024\/05\/ASHWAGANDHA.png","datePublished":"2024-05-28T17:00:08+00:00","dateModified":"2025-09-26T11:01:38+00:00","breadcrumb":{"@id":"https:\/\/www.aunityshop.de\/produkt\/bio-ashwagandha-ksm-66\/#breadcrumb"},"inLanguage":"ru-RU","potentialAction":[{"@type":"ReadAction","target":["https:\/\/www.aunityshop.de\/produkt\/bio-ashwagandha-ksm-66\/"]}]},{"@type":"ImageObject","inLanguage":"ru-RU","@id":"https:\/\/www.aunityshop.de\/produkt\/bio-ashwagandha-ksm-66\/#primaryimage","url":"https:\/\/www.aunityshop.de\/wp-content\/uploads\/2024\/05\/ASHWAGANDHA.png","contentUrl":"https:\/\/www.aunityshop.de\/wp-content\/uploads\/2024\/05\/ASHWAGANDHA.png","width":500,"height":500},{"@type":"BreadcrumbList","@id":"https:\/\/www.aunityshop.de\/produkt\/bio-ashwagandha-ksm-66\/#breadcrumb","itemListElement":[{"@type":"ListItem","position":1,"name":"Start","item":"https:\/\/www.aunityshop.de\/"},{"@type":"ListItem","position":2,"name":"Shop","item":"https:\/\/www.aunityshop.de\/shop\/"},{"@type":"ListItem","position":3,"name":"BIO ASHWAGANDHA (KSM-66\u00ae)"}]},{"@type":"WebSite","@id":"https:\/\/www.aunityshop.de\/#website","url":"https:\/\/www.aunityshop.de\/","name":"aunity Partnershop","description":"Kraftvolle Gesundheit | Nahrungserg\u00e4nzung Kosmetik Aqua Balance Wasserfilter Anion Damenbinden Slipeinlagen","potentialAction":[{"@type":"SearchAction","target":{"@type":"EntryPoint","urlTemplate":"https:\/\/www.aunityshop.de\/?s={search_term_string}"},"query-input":{"@type":"PropertyValueSpecification","valueRequired":true,"valueName":"search_term_string"}}],"inLanguage":"ru-RU"}]}},"_links":{"self":[{"href":"https:\/\/www.aunityshop.de\/ru\/wp-json\/wp\/v2\/product\/4094","targetHints":{"allow":["GET"]}}],"collection":[{"href":"https:\/\/www.aunityshop.de\/ru\/wp-json\/wp\/v2\/product"}],"about":[{"href":"https:\/\/www.aunityshop.de\/ru\/wp-json\/wp\/v2\/types\/product"}],"wp:featuredmedia":[{"embeddable":true,"href":"https:\/\/www.aunityshop.de\/ru\/wp-json\/wp\/v2\/media\/4095"}],"wp:attachment":[{"href":"https:\/\/www.aunityshop.de\/ru\/wp-json\/wp\/v2\/media?parent=4094"}],"wp:term":[{"taxonomy":"product_brand","embeddable":true,"href":"https:\/\/www.aunityshop.de\/ru\/wp-json\/wp\/v2\/product_brand?post=4094"},{"taxonomy":"product_cat","embeddable":true,"href":"https:\/\/www.aunityshop.de\/ru\/wp-json\/wp\/v2\/product_cat?post=4094"},{"taxonomy":"product_tag","embeddable":true,"href":"https:\/\/www.aunityshop.de\/ru\/wp-json\/wp\/v2\/product_tag?post=4094"}],"curies":[{"name":"wp","href":"https:\/\/api.w.org\/{rel}","templated":true}]}}