{"id":4152,"date":"2024-07-27T19:49:06","date_gmt":"2024-07-27T17:49:06","guid":{"rendered":"http:\/\/dev.aunityshop.de\/?post_type=product&#038;p=4152"},"modified":"2025-09-26T12:42:55","modified_gmt":"2025-09-26T10:42:55","slug":"nelkenoel","status":"publish","type":"product","link":"https:\/\/www.aunityshop.de\/ru\/product\/nelkenoel\/","title":{"rendered":"NELKEN\u00d6L"},"content":{"rendered":"<h2>100% NATURREINES \u00c4THERISCHES NELKEN\u00d6L<\/h2>\n<p>Unser \u00e4therisches Nelken\u00f6l ist ein hochwertiges, naturreines Produkt, das aus den getrockneten Knospen der Nelkenbaumbl\u00fcte (Syzygium aromaticum) gewonnen wird. Nelken\u00f6l ist f\u00fcr seinen charakteristischen warmen, w\u00fcrzigen Duft und seine vielseitigen Anwendungsm\u00f6glichkeiten bekannt. Dieses \u00e4therische \u00d6l ist ein wertvolles Produkt, das in der Aromatherapie, der Naturheilkunde und der Kosmetikindustrie weit verbreitet ist.<\/p>\n<p>&nbsp;<\/p>\n<p><strong>Eigenschaften und Vorteile:<\/strong><\/p>\n<p><strong>Nat\u00fcrliche Herkunft:<\/strong>\u00a0Unser Nelken\u00f6l wird durch schonende Dampfdestillation aus Nelkenknospen gewonnen und ist frei von sch\u00e4dlichen Zusatzstoffen oder Chemikalien. Es handelt sich um ein reines Naturprodukt.<\/p>\n<p><strong>Aromatherapie:<\/strong>\u00a0Nelken\u00f6l hat einen reichen, w\u00fcrzigen Duft mit erdigen und s\u00fc\u00dfen Untert\u00f6nen. Es wird in der Aromatherapie verwendet, um seine anregenden und stimmungsaufhellenden Eigenschaften zu nutzen. Es kann zur Steigerung der geistigen Klarheit und Konzentration beitragen.<\/p>\n<p><strong>Anwendungshinweise:<\/strong><\/p>\n<p><strong>Zur Aromatherapie:<\/strong>\u00a0Verd\u00fcnnen Sie einige Tropfen Nelken\u00f6l in einem Diffusor oder geben Sie 2-3 Tropfen auf einen Duftstein, um eine belebende und aufmunternde Atmosph\u00e4re zu schaffen.<\/p>\n<ul class=\"nav nav-tabs\" role=\"tablist\">\n<li class=\"\" role=\"presentation\"><a role=\"tab\" href=\"https:\/\/www.aunity.de\/de\/aetherische-oele__386\/getProdInfos_-_1185\/#ptab_1\" aria-controls=\"ptab_1\" data-toggle=\"tab\">Hinweise<\/a><\/li>\n<\/ul>\n<div class=\"tab-content\">\n<div id=\"ptab_0\" class=\"tab-pane active\" role=\"tabpanel\">\n<p>&nbsp;<\/p>\n<h2>100% NATURREINES \u00c4THERISCHES NELKEN\u00d6L<\/h2>\n<p>Unser \u00e4therisches Nelken\u00f6l ist ein hochwertiges, naturreines Produkt, das aus den getrockneten Knospen der Nelkenbaumbl\u00fcte (Syzygium aromaticum) gewonnen wird. Nelken\u00f6l ist f\u00fcr seinen charakteristischen warmen, w\u00fcrzigen Duft und seine vielseitigen Anwendungsm\u00f6glichkeiten bekannt. Dieses \u00e4therische \u00d6l ist ein wertvolles Produkt, das in der Aromatherapie, der Naturheilkunde und der Kosmetikindustrie weit verbreitet ist.<\/p>\n<p>&nbsp;<\/p>\n<p><strong>Eigenschaften und Vorteile:<\/strong><\/p>\n<p><strong>Nat\u00fcrliche Herkunft:<\/strong>\u00a0Unser Nelken\u00f6l wird durch schonende Dampfdestillation aus Nelkenknospen gewonnen und ist frei von sch\u00e4dlichen Zusatzstoffen oder Chemikalien. Es handelt sich um ein reines Naturprodukt.<\/p>\n<p><strong>Aromatherapie:<\/strong>\u00a0Nelken\u00f6l hat einen reichen, w\u00fcrzigen Duft mit erdigen und s\u00fc\u00dfen Untert\u00f6nen. Es wird in der Aromatherapie verwendet, um seine anregenden und stimmungsaufhellenden Eigenschaften zu nutzen. Es kann zur Steigerung der geistigen Klarheit und Konzentration beitragen.<\/p>\n<p><strong>Anwendungshinweise:<\/strong><\/p>\n<p><strong>Zur Aromatherapie:<\/strong>\u00a0Verd\u00fcnnen Sie einige Tropfen Nelken\u00f6l in einem Diffusor oder geben Sie 2-3 Tropfen auf einen Duftstein, um eine belebende und aufmunternde Atmosph\u00e4re zu schaffen.<\/p>\n<\/div>\n<\/div>","protected":false},"excerpt":{"rendered":"<p>100% NATURREINES \u00c4THERISCHES NELKEN\u00d6L Unser \u00e4therisches Nelken\u00f6l ist ein hochwertiges, naturreines Produkt, das aus den getrockneten Knospen der Nelkenbaumbl\u00fcte (Syzygium aromaticum) gewonnen wird. Nelken\u00f6l ist f\u00fcr seinen charakteristischen warmen, w\u00fcrzigen Duft und seine vielseitigen Anwendungsm\u00f6glichkeiten bekannt. Dieses \u00e4therische \u00d6l ist ein wertvolles Produkt, das in der Aromatherapie, der Naturheilkunde und der Kosmetikindustrie weit verbreitet ist.&hellip;<\/p>","protected":false},"featured_media":4153,"template":"","meta":[],"product_brand":[],"product_cat":[152,151,71],"product_tag":[],"class_list":{"0":"post-4152","1":"product","2":"type-product","3":"status-publish","4":"has-post-thumbnail","6":"product_cat-100-naturreine-aetherische-oele","7":"product_cat-aetherische-oele","8":"product_cat-detox-deepure-pu-erh-tee-vital-kaffe","9":"description-off","11":"first","12":"instock","13":"taxable","14":"shipping-taxable","15":"purchasable","16":"product-type-simple"},"yoast_head":"<!-- This site is optimized with the Yoast SEO plugin v27.2 - https:\/\/yoast.com\/product\/yoast-seo-wordpress\/ -->\n<title>NELKEN\u00d6L - aunity Partnershop<\/title>\n<meta name=\"robots\" content=\"index, follow, max-snippet:-1, max-image-preview:large, max-video-preview:-1\" \/>\n<link rel=\"canonical\" href=\"https:\/\/www.aunityshop.de\/ru\/product\/nelkenoel\/\" \/>\n<meta property=\"og:locale\" content=\"ru_RU\" \/>\n<meta property=\"og:type\" content=\"article\" \/>\n<meta property=\"og:title\" content=\"NELKEN\u00d6L - aunity Partnershop\" \/>\n<meta property=\"og:description\" content=\"100% NATURREINES \u00c4THERISCHES NELKEN\u00d6L Unser \u00e4therisches Nelken\u00f6l ist ein hochwertiges, naturreines Produkt, das aus den getrockneten Knospen der Nelkenbaumbl\u00fcte (Syzygium aromaticum) gewonnen wird. Nelken\u00f6l ist f\u00fcr seinen charakteristischen warmen, w\u00fcrzigen Duft und seine vielseitigen Anwendungsm\u00f6glichkeiten bekannt. Dieses \u00e4therische \u00d6l ist ein wertvolles Produkt, das in der Aromatherapie, der Naturheilkunde und der Kosmetikindustrie weit verbreitet ist.&hellip;\" \/>\n<meta property=\"og:url\" content=\"https:\/\/www.aunityshop.de\/ru\/product\/nelkenoel\/\" \/>\n<meta property=\"og:site_name\" content=\"aunity Partnershop\" \/>\n<meta property=\"article:modified_time\" content=\"2025-09-26T10:42:55+00:00\" \/>\n<meta property=\"og:image\" content=\"https:\/\/www.aunityshop.de\/wp-content\/uploads\/2024\/07\/nelken.png\" \/>\n\t<meta property=\"og:image:width\" content=\"500\" \/>\n\t<meta property=\"og:image:height\" content=\"500\" \/>\n\t<meta property=\"og:image:type\" content=\"image\/png\" \/>\n<meta name=\"twitter:card\" content=\"summary_large_image\" \/>\n<meta name=\"twitter:label1\" content=\"\u041f\u0440\u0438\u043c\u0435\u0440\u043d\u043e\u0435 \u0432\u0440\u0435\u043c\u044f \u0434\u043b\u044f \u0447\u0442\u0435\u043d\u0438\u044f\" \/>\n\t<meta name=\"twitter:data1\" content=\"2 \u043c\u0438\u043d\u0443\u0442\u044b\" \/>\n<script type=\"application\/ld+json\" class=\"yoast-schema-graph\">{\"@context\":\"https:\/\/schema.org\",\"@graph\":[{\"@type\":\"WebPage\",\"@id\":\"https:\/\/www.aunityshop.de\/produkt\/nelkenoel\/\",\"url\":\"https:\/\/www.aunityshop.de\/produkt\/nelkenoel\/\",\"name\":\"NELKEN\u00d6L - aunity Partnershop\",\"isPartOf\":{\"@id\":\"https:\/\/www.aunityshop.de\/#website\"},\"primaryImageOfPage\":{\"@id\":\"https:\/\/www.aunityshop.de\/produkt\/nelkenoel\/#primaryimage\"},\"image\":{\"@id\":\"https:\/\/www.aunityshop.de\/produkt\/nelkenoel\/#primaryimage\"},\"thumbnailUrl\":\"https:\/\/www.aunityshop.de\/wp-content\/uploads\/2024\/07\/nelken.png\",\"datePublished\":\"2024-07-27T17:49:06+00:00\",\"dateModified\":\"2025-09-26T10:42:55+00:00\",\"breadcrumb\":{\"@id\":\"https:\/\/www.aunityshop.de\/produkt\/nelkenoel\/#breadcrumb\"},\"inLanguage\":\"ru-RU\",\"potentialAction\":[{\"@type\":\"ReadAction\",\"target\":[\"https:\/\/www.aunityshop.de\/produkt\/nelkenoel\/\"]}]},{\"@type\":\"ImageObject\",\"inLanguage\":\"ru-RU\",\"@id\":\"https:\/\/www.aunityshop.de\/produkt\/nelkenoel\/#primaryimage\",\"url\":\"https:\/\/www.aunityshop.de\/wp-content\/uploads\/2024\/07\/nelken.png\",\"contentUrl\":\"https:\/\/www.aunityshop.de\/wp-content\/uploads\/2024\/07\/nelken.png\",\"width\":500,\"height\":500},{\"@type\":\"BreadcrumbList\",\"@id\":\"https:\/\/www.aunityshop.de\/produkt\/nelkenoel\/#breadcrumb\",\"itemListElement\":[{\"@type\":\"ListItem\",\"position\":1,\"name\":\"Start\",\"item\":\"https:\/\/www.aunityshop.de\/\"},{\"@type\":\"ListItem\",\"position\":2,\"name\":\"Shop\",\"item\":\"https:\/\/www.aunityshop.de\/shop\/\"},{\"@type\":\"ListItem\",\"position\":3,\"name\":\"NELKEN\u00d6L\"}]},{\"@type\":\"WebSite\",\"@id\":\"https:\/\/www.aunityshop.de\/#website\",\"url\":\"https:\/\/www.aunityshop.de\/\",\"name\":\"aunity Partnershop\",\"description\":\"Kraftvolle Gesundheit | Nahrungserg\u00e4nzung Kosmetik Aqua Balance Wasserfilter Anion Damenbinden Slipeinlagen\",\"potentialAction\":[{\"@type\":\"SearchAction\",\"target\":{\"@type\":\"EntryPoint\",\"urlTemplate\":\"https:\/\/www.aunityshop.de\/?s={search_term_string}\"},\"query-input\":{\"@type\":\"PropertyValueSpecification\",\"valueRequired\":true,\"valueName\":\"search_term_string\"}}],\"inLanguage\":\"ru-RU\"}]}<\/script>\n<!-- \/ Yoast SEO plugin. -->","yoast_head_json":{"title":"NELKEN\u00d6L - aunity Partnershop","robots":{"index":"index","follow":"follow","max-snippet":"max-snippet:-1","max-image-preview":"max-image-preview:large","max-video-preview":"max-video-preview:-1"},"canonical":"https:\/\/www.aunityshop.de\/ru\/product\/nelkenoel\/","og_locale":"ru_RU","og_type":"article","og_title":"NELKEN\u00d6L - aunity Partnershop","og_description":"100% NATURREINES \u00c4THERISCHES NELKEN\u00d6L Unser \u00e4therisches Nelken\u00f6l ist ein hochwertiges, naturreines Produkt, das aus den getrockneten Knospen der Nelkenbaumbl\u00fcte (Syzygium aromaticum) gewonnen wird. Nelken\u00f6l ist f\u00fcr seinen charakteristischen warmen, w\u00fcrzigen Duft und seine vielseitigen Anwendungsm\u00f6glichkeiten bekannt. Dieses \u00e4therische \u00d6l ist ein wertvolles Produkt, das in der Aromatherapie, der Naturheilkunde und der Kosmetikindustrie weit verbreitet ist.&hellip;","og_url":"https:\/\/www.aunityshop.de\/ru\/product\/nelkenoel\/","og_site_name":"aunity Partnershop","article_modified_time":"2025-09-26T10:42:55+00:00","og_image":[{"width":500,"height":500,"url":"https:\/\/www.aunityshop.de\/wp-content\/uploads\/2024\/07\/nelken.png","type":"image\/png"}],"twitter_card":"summary_large_image","twitter_misc":{"\u041f\u0440\u0438\u043c\u0435\u0440\u043d\u043e\u0435 \u0432\u0440\u0435\u043c\u044f \u0434\u043b\u044f \u0447\u0442\u0435\u043d\u0438\u044f":"2 \u043c\u0438\u043d\u0443\u0442\u044b"},"schema":{"@context":"https:\/\/schema.org","@graph":[{"@type":"WebPage","@id":"https:\/\/www.aunityshop.de\/produkt\/nelkenoel\/","url":"https:\/\/www.aunityshop.de\/produkt\/nelkenoel\/","name":"NELKEN\u00d6L - aunity Partnershop","isPartOf":{"@id":"https:\/\/www.aunityshop.de\/#website"},"primaryImageOfPage":{"@id":"https:\/\/www.aunityshop.de\/produkt\/nelkenoel\/#primaryimage"},"image":{"@id":"https:\/\/www.aunityshop.de\/produkt\/nelkenoel\/#primaryimage"},"thumbnailUrl":"https:\/\/www.aunityshop.de\/wp-content\/uploads\/2024\/07\/nelken.png","datePublished":"2024-07-27T17:49:06+00:00","dateModified":"2025-09-26T10:42:55+00:00","breadcrumb":{"@id":"https:\/\/www.aunityshop.de\/produkt\/nelkenoel\/#breadcrumb"},"inLanguage":"ru-RU","potentialAction":[{"@type":"ReadAction","target":["https:\/\/www.aunityshop.de\/produkt\/nelkenoel\/"]}]},{"@type":"ImageObject","inLanguage":"ru-RU","@id":"https:\/\/www.aunityshop.de\/produkt\/nelkenoel\/#primaryimage","url":"https:\/\/www.aunityshop.de\/wp-content\/uploads\/2024\/07\/nelken.png","contentUrl":"https:\/\/www.aunityshop.de\/wp-content\/uploads\/2024\/07\/nelken.png","width":500,"height":500},{"@type":"BreadcrumbList","@id":"https:\/\/www.aunityshop.de\/produkt\/nelkenoel\/#breadcrumb","itemListElement":[{"@type":"ListItem","position":1,"name":"Start","item":"https:\/\/www.aunityshop.de\/"},{"@type":"ListItem","position":2,"name":"Shop","item":"https:\/\/www.aunityshop.de\/shop\/"},{"@type":"ListItem","position":3,"name":"NELKEN\u00d6L"}]},{"@type":"WebSite","@id":"https:\/\/www.aunityshop.de\/#website","url":"https:\/\/www.aunityshop.de\/","name":"aunity Partnershop","description":"Kraftvolle Gesundheit | Nahrungserg\u00e4nzung Kosmetik Aqua Balance Wasserfilter Anion Damenbinden Slipeinlagen","potentialAction":[{"@type":"SearchAction","target":{"@type":"EntryPoint","urlTemplate":"https:\/\/www.aunityshop.de\/?s={search_term_string}"},"query-input":{"@type":"PropertyValueSpecification","valueRequired":true,"valueName":"search_term_string"}}],"inLanguage":"ru-RU"}]}},"_links":{"self":[{"href":"https:\/\/www.aunityshop.de\/ru\/wp-json\/wp\/v2\/product\/4152","targetHints":{"allow":["GET"]}}],"collection":[{"href":"https:\/\/www.aunityshop.de\/ru\/wp-json\/wp\/v2\/product"}],"about":[{"href":"https:\/\/www.aunityshop.de\/ru\/wp-json\/wp\/v2\/types\/product"}],"wp:featuredmedia":[{"embeddable":true,"href":"https:\/\/www.aunityshop.de\/ru\/wp-json\/wp\/v2\/media\/4153"}],"wp:attachment":[{"href":"https:\/\/www.aunityshop.de\/ru\/wp-json\/wp\/v2\/media?parent=4152"}],"wp:term":[{"taxonomy":"product_brand","embeddable":true,"href":"https:\/\/www.aunityshop.de\/ru\/wp-json\/wp\/v2\/product_brand?post=4152"},{"taxonomy":"product_cat","embeddable":true,"href":"https:\/\/www.aunityshop.de\/ru\/wp-json\/wp\/v2\/product_cat?post=4152"},{"taxonomy":"product_tag","embeddable":true,"href":"https:\/\/www.aunityshop.de\/ru\/wp-json\/wp\/v2\/product_tag?post=4152"}],"curies":[{"name":"wp","href":"https:\/\/api.w.org\/{rel}","templated":true}]}}