{"id":4156,"date":"2024-07-27T20:41:25","date_gmt":"2024-07-27T18:41:25","guid":{"rendered":"http:\/\/dev.aunityshop.de\/?post_type=product&#038;p=4156"},"modified":"2025-09-26T12:41:52","modified_gmt":"2025-09-26T10:41:52","slug":"olibanumoel-somalia-weihrauch","status":"publish","type":"product","link":"https:\/\/www.aunityshop.de\/ru\/product\/olibanumoel-somalia-weihrauch\/","title":{"rendered":"OLIBANUM\u00d6L SOMALIA (WEIHRAUCH)"},"content":{"rendered":"<h2>100% NATURREINES \u00c4THERISCHES OLIBANUM\u00d6L AUS SOMALIA<\/h2>\n<p>Unser \u00e4therisches Olibanum\u00f6l aus Somalia ist ein kostbares und aromatisches Naturprodukt, das aus dem Harz des Boswellia-Carterii-Baumes gewonnen wird. Dieser spezielle Baum ist in Somalia heimisch und wird seit Jahrhunderten f\u00fcr seine vielf\u00e4ltigen gesundheitlichen und spirituellen Anwendungen gesch\u00e4tzt. \u00c4therisches Olibanum\u00f6l wird oft auch als Weihrauch\u00f6l bezeichnet und ist f\u00fcr seinen unverkennbaren, beruhigenden Duft und seine vielseitigen Verwendungszwecke bekannt.<\/p>\n<p><strong>Eigenschaften und Vorteile:<\/strong><\/p>\n<p><strong>Nat\u00fcrliche Herkunft:<\/strong>\u00a0Unser Olibanum\u00f6l wird durch schonende Destillation des Harzes gewonnen, ohne den Einsatz sch\u00e4dlicher Chemikalien oder Zusatzstoffe. Es ist ein reines, unverf\u00e4lschtes Naturprodukt.<\/p>\n<p><strong>Aromatherapie:<\/strong>\u00a0Das Olibanum\u00f6l hat einen warmen, erdigen Duft mit subtilen Zitrusnoten. Es wird in der Aromatherapie gesch\u00e4tzt, um Stress abzubauen, die Entspannung zu f\u00f6rdern und eine beruhigende Atmosph\u00e4re zu schaffen.<\/p>\n<p><strong>Spirituelle Anwendungen:<\/strong>\u00a0Olibanum\u00f6l hat eine lange Geschichte in religi\u00f6sen und spirituellen Riten. Es wird oft bei Meditation und Gebeten verwendet, um die Konzentration zu f\u00f6rdern und spirituelle Erlebnisse zu vertiefen<\/p>\n<ul class=\"nav nav-tabs\" role=\"tablist\">\n<li class=\"active\" role=\"presentation\"><a role=\"tab\" href=\"https:\/\/www.aunity.de\/de\/alle-produkte__448\/getProdInfos_-_1183\/#ptab_1\" aria-controls=\"ptab_1\" data-toggle=\"tab\" aria-expanded=\"true\">Hinweise<\/a><\/li>\n<\/ul>\n<div class=\"tab-content\">\n<div id=\"ptab_1\" class=\"tab-pane active\" role=\"tabpanel\">\n<p>&nbsp;<\/p>\n<p>Es ist wichtig zu beachten, dass \u00e4therische \u00d6le potent sind und bestimmte Sicherheitsvorkehrungen getroffen werden sollten, bevor sie verwendet werden.<\/p>\n<p>Es ist wichtig zu beachten, dass \u00e4therische \u00d6le immer verd\u00fcnnt und mit Vorsicht verwendet werden sollten, da sie bei unsachgem\u00e4\u00dfer Anwendung auch Nebenwirkungen haben k\u00f6nnen. Vor allem sollte bei Kindern und Schwangeren besonders auf die Anwendung geachtet werden.<\/p>\n<p>Es sollte auch nur von qualifizierten Personen oder unter Anleitung eines Fachmanns verwendet werden.\u00a0Es ist ratsam, vor der Anwendung einen Allergietest durchzuf\u00fchren.<\/p>\n<\/div>\n<\/div>","protected":false},"excerpt":{"rendered":"<p>100% NATURREINES \u00c4THERISCHES OLIBANUM\u00d6L AUS SOMALIA Unser \u00e4therisches Olibanum\u00f6l aus Somalia ist ein kostbares und aromatisches Naturprodukt, das aus dem Harz des Boswellia-Carterii-Baumes gewonnen wird. Dieser spezielle Baum ist in Somalia heimisch und wird seit Jahrhunderten f\u00fcr seine vielf\u00e4ltigen gesundheitlichen und spirituellen Anwendungen gesch\u00e4tzt. \u00c4therisches Olibanum\u00f6l wird oft auch als Weihrauch\u00f6l bezeichnet und ist f\u00fcr&hellip;<\/p>","protected":false},"featured_media":4158,"template":"","meta":[],"product_brand":[],"product_cat":[152,151,71],"product_tag":[],"class_list":{"0":"post-4156","1":"product","2":"type-product","3":"status-publish","4":"has-post-thumbnail","6":"product_cat-100-naturreine-aetherische-oele","7":"product_cat-aetherische-oele","8":"product_cat-detox-deepure-pu-erh-tee-vital-kaffe","9":"description-off","11":"first","12":"instock","13":"taxable","14":"shipping-taxable","15":"purchasable","16":"product-type-simple"},"yoast_head":"<!-- This site is optimized with the Yoast SEO plugin v27.2 - https:\/\/yoast.com\/product\/yoast-seo-wordpress\/ -->\n<title>OLIBANUM\u00d6L SOMALIA (WEIHRAUCH) - aunity Partnershop<\/title>\n<meta name=\"robots\" content=\"index, follow, max-snippet:-1, max-image-preview:large, max-video-preview:-1\" \/>\n<link rel=\"canonical\" href=\"https:\/\/www.aunityshop.de\/ru\/product\/olibanumoel-somalia-weihrauch\/\" \/>\n<meta property=\"og:locale\" content=\"ru_RU\" \/>\n<meta property=\"og:type\" content=\"article\" \/>\n<meta property=\"og:title\" content=\"OLIBANUM\u00d6L SOMALIA (WEIHRAUCH) - aunity Partnershop\" \/>\n<meta property=\"og:description\" content=\"100% NATURREINES \u00c4THERISCHES OLIBANUM\u00d6L AUS SOMALIA Unser \u00e4therisches Olibanum\u00f6l aus Somalia ist ein kostbares und aromatisches Naturprodukt, das aus dem Harz des Boswellia-Carterii-Baumes gewonnen wird. Dieser spezielle Baum ist in Somalia heimisch und wird seit Jahrhunderten f\u00fcr seine vielf\u00e4ltigen gesundheitlichen und spirituellen Anwendungen gesch\u00e4tzt. \u00c4therisches Olibanum\u00f6l wird oft auch als Weihrauch\u00f6l bezeichnet und ist f\u00fcr&hellip;\" \/>\n<meta property=\"og:url\" content=\"https:\/\/www.aunityshop.de\/ru\/product\/olibanumoel-somalia-weihrauch\/\" \/>\n<meta property=\"og:site_name\" content=\"aunity Partnershop\" \/>\n<meta property=\"article:modified_time\" content=\"2025-09-26T10:41:52+00:00\" \/>\n<meta property=\"og:image\" content=\"https:\/\/www.aunityshop.de\/wp-content\/uploads\/2024\/07\/OLIBANUMOeL-SOMALIA-WEIHRAUCH.png\" \/>\n\t<meta property=\"og:image:width\" content=\"500\" \/>\n\t<meta property=\"og:image:height\" content=\"500\" \/>\n\t<meta property=\"og:image:type\" content=\"image\/png\" \/>\n<meta name=\"twitter:card\" content=\"summary_large_image\" \/>\n<meta name=\"twitter:label1\" content=\"\u041f\u0440\u0438\u043c\u0435\u0440\u043d\u043e\u0435 \u0432\u0440\u0435\u043c\u044f \u0434\u043b\u044f \u0447\u0442\u0435\u043d\u0438\u044f\" \/>\n\t<meta name=\"twitter:data1\" content=\"1 \u043c\u0438\u043d\u0443\u0442\u0430\" \/>\n<script type=\"application\/ld+json\" class=\"yoast-schema-graph\">{\"@context\":\"https:\/\/schema.org\",\"@graph\":[{\"@type\":\"WebPage\",\"@id\":\"https:\/\/www.aunityshop.de\/produkt\/olibanumoel-somalia-weihrauch\/\",\"url\":\"https:\/\/www.aunityshop.de\/produkt\/olibanumoel-somalia-weihrauch\/\",\"name\":\"OLIBANUM\u00d6L SOMALIA (WEIHRAUCH) - aunity Partnershop\",\"isPartOf\":{\"@id\":\"https:\/\/www.aunityshop.de\/#website\"},\"primaryImageOfPage\":{\"@id\":\"https:\/\/www.aunityshop.de\/produkt\/olibanumoel-somalia-weihrauch\/#primaryimage\"},\"image\":{\"@id\":\"https:\/\/www.aunityshop.de\/produkt\/olibanumoel-somalia-weihrauch\/#primaryimage\"},\"thumbnailUrl\":\"https:\/\/www.aunityshop.de\/wp-content\/uploads\/2024\/07\/OLIBANUMOeL-SOMALIA-WEIHRAUCH.png\",\"datePublished\":\"2024-07-27T18:41:25+00:00\",\"dateModified\":\"2025-09-26T10:41:52+00:00\",\"breadcrumb\":{\"@id\":\"https:\/\/www.aunityshop.de\/produkt\/olibanumoel-somalia-weihrauch\/#breadcrumb\"},\"inLanguage\":\"ru-RU\",\"potentialAction\":[{\"@type\":\"ReadAction\",\"target\":[\"https:\/\/www.aunityshop.de\/produkt\/olibanumoel-somalia-weihrauch\/\"]}]},{\"@type\":\"ImageObject\",\"inLanguage\":\"ru-RU\",\"@id\":\"https:\/\/www.aunityshop.de\/produkt\/olibanumoel-somalia-weihrauch\/#primaryimage\",\"url\":\"https:\/\/www.aunityshop.de\/wp-content\/uploads\/2024\/07\/OLIBANUMOeL-SOMALIA-WEIHRAUCH.png\",\"contentUrl\":\"https:\/\/www.aunityshop.de\/wp-content\/uploads\/2024\/07\/OLIBANUMOeL-SOMALIA-WEIHRAUCH.png\",\"width\":500,\"height\":500},{\"@type\":\"BreadcrumbList\",\"@id\":\"https:\/\/www.aunityshop.de\/produkt\/olibanumoel-somalia-weihrauch\/#breadcrumb\",\"itemListElement\":[{\"@type\":\"ListItem\",\"position\":1,\"name\":\"Start\",\"item\":\"https:\/\/www.aunityshop.de\/\"},{\"@type\":\"ListItem\",\"position\":2,\"name\":\"Shop\",\"item\":\"https:\/\/www.aunityshop.de\/shop\/\"},{\"@type\":\"ListItem\",\"position\":3,\"name\":\"OLIBANUM\u00d6L SOMALIA (WEIHRAUCH)\"}]},{\"@type\":\"WebSite\",\"@id\":\"https:\/\/www.aunityshop.de\/#website\",\"url\":\"https:\/\/www.aunityshop.de\/\",\"name\":\"aunity Partnershop\",\"description\":\"Kraftvolle Gesundheit | Nahrungserg\u00e4nzung Kosmetik Aqua Balance Wasserfilter Anion Damenbinden Slipeinlagen\",\"potentialAction\":[{\"@type\":\"SearchAction\",\"target\":{\"@type\":\"EntryPoint\",\"urlTemplate\":\"https:\/\/www.aunityshop.de\/?s={search_term_string}\"},\"query-input\":{\"@type\":\"PropertyValueSpecification\",\"valueRequired\":true,\"valueName\":\"search_term_string\"}}],\"inLanguage\":\"ru-RU\"}]}<\/script>\n<!-- \/ Yoast SEO plugin. -->","yoast_head_json":{"title":"OLIBANUM\u00d6L SOMALIA (WEIHRAUCH) - aunity Partnershop","robots":{"index":"index","follow":"follow","max-snippet":"max-snippet:-1","max-image-preview":"max-image-preview:large","max-video-preview":"max-video-preview:-1"},"canonical":"https:\/\/www.aunityshop.de\/ru\/product\/olibanumoel-somalia-weihrauch\/","og_locale":"ru_RU","og_type":"article","og_title":"OLIBANUM\u00d6L SOMALIA (WEIHRAUCH) - aunity Partnershop","og_description":"100% NATURREINES \u00c4THERISCHES OLIBANUM\u00d6L AUS SOMALIA Unser \u00e4therisches Olibanum\u00f6l aus Somalia ist ein kostbares und aromatisches Naturprodukt, das aus dem Harz des Boswellia-Carterii-Baumes gewonnen wird. Dieser spezielle Baum ist in Somalia heimisch und wird seit Jahrhunderten f\u00fcr seine vielf\u00e4ltigen gesundheitlichen und spirituellen Anwendungen gesch\u00e4tzt. \u00c4therisches Olibanum\u00f6l wird oft auch als Weihrauch\u00f6l bezeichnet und ist f\u00fcr&hellip;","og_url":"https:\/\/www.aunityshop.de\/ru\/product\/olibanumoel-somalia-weihrauch\/","og_site_name":"aunity Partnershop","article_modified_time":"2025-09-26T10:41:52+00:00","og_image":[{"width":500,"height":500,"url":"https:\/\/www.aunityshop.de\/wp-content\/uploads\/2024\/07\/OLIBANUMOeL-SOMALIA-WEIHRAUCH.png","type":"image\/png"}],"twitter_card":"summary_large_image","twitter_misc":{"\u041f\u0440\u0438\u043c\u0435\u0440\u043d\u043e\u0435 \u0432\u0440\u0435\u043c\u044f \u0434\u043b\u044f \u0447\u0442\u0435\u043d\u0438\u044f":"1 \u043c\u0438\u043d\u0443\u0442\u0430"},"schema":{"@context":"https:\/\/schema.org","@graph":[{"@type":"WebPage","@id":"https:\/\/www.aunityshop.de\/produkt\/olibanumoel-somalia-weihrauch\/","url":"https:\/\/www.aunityshop.de\/produkt\/olibanumoel-somalia-weihrauch\/","name":"OLIBANUM\u00d6L SOMALIA (WEIHRAUCH) - aunity Partnershop","isPartOf":{"@id":"https:\/\/www.aunityshop.de\/#website"},"primaryImageOfPage":{"@id":"https:\/\/www.aunityshop.de\/produkt\/olibanumoel-somalia-weihrauch\/#primaryimage"},"image":{"@id":"https:\/\/www.aunityshop.de\/produkt\/olibanumoel-somalia-weihrauch\/#primaryimage"},"thumbnailUrl":"https:\/\/www.aunityshop.de\/wp-content\/uploads\/2024\/07\/OLIBANUMOeL-SOMALIA-WEIHRAUCH.png","datePublished":"2024-07-27T18:41:25+00:00","dateModified":"2025-09-26T10:41:52+00:00","breadcrumb":{"@id":"https:\/\/www.aunityshop.de\/produkt\/olibanumoel-somalia-weihrauch\/#breadcrumb"},"inLanguage":"ru-RU","potentialAction":[{"@type":"ReadAction","target":["https:\/\/www.aunityshop.de\/produkt\/olibanumoel-somalia-weihrauch\/"]}]},{"@type":"ImageObject","inLanguage":"ru-RU","@id":"https:\/\/www.aunityshop.de\/produkt\/olibanumoel-somalia-weihrauch\/#primaryimage","url":"https:\/\/www.aunityshop.de\/wp-content\/uploads\/2024\/07\/OLIBANUMOeL-SOMALIA-WEIHRAUCH.png","contentUrl":"https:\/\/www.aunityshop.de\/wp-content\/uploads\/2024\/07\/OLIBANUMOeL-SOMALIA-WEIHRAUCH.png","width":500,"height":500},{"@type":"BreadcrumbList","@id":"https:\/\/www.aunityshop.de\/produkt\/olibanumoel-somalia-weihrauch\/#breadcrumb","itemListElement":[{"@type":"ListItem","position":1,"name":"Start","item":"https:\/\/www.aunityshop.de\/"},{"@type":"ListItem","position":2,"name":"Shop","item":"https:\/\/www.aunityshop.de\/shop\/"},{"@type":"ListItem","position":3,"name":"OLIBANUM\u00d6L SOMALIA (WEIHRAUCH)"}]},{"@type":"WebSite","@id":"https:\/\/www.aunityshop.de\/#website","url":"https:\/\/www.aunityshop.de\/","name":"aunity Partnershop","description":"Kraftvolle Gesundheit | Nahrungserg\u00e4nzung Kosmetik Aqua Balance Wasserfilter Anion Damenbinden Slipeinlagen","potentialAction":[{"@type":"SearchAction","target":{"@type":"EntryPoint","urlTemplate":"https:\/\/www.aunityshop.de\/?s={search_term_string}"},"query-input":{"@type":"PropertyValueSpecification","valueRequired":true,"valueName":"search_term_string"}}],"inLanguage":"ru-RU"}]}},"_links":{"self":[{"href":"https:\/\/www.aunityshop.de\/ru\/wp-json\/wp\/v2\/product\/4156","targetHints":{"allow":["GET"]}}],"collection":[{"href":"https:\/\/www.aunityshop.de\/ru\/wp-json\/wp\/v2\/product"}],"about":[{"href":"https:\/\/www.aunityshop.de\/ru\/wp-json\/wp\/v2\/types\/product"}],"wp:featuredmedia":[{"embeddable":true,"href":"https:\/\/www.aunityshop.de\/ru\/wp-json\/wp\/v2\/media\/4158"}],"wp:attachment":[{"href":"https:\/\/www.aunityshop.de\/ru\/wp-json\/wp\/v2\/media?parent=4156"}],"wp:term":[{"taxonomy":"product_brand","embeddable":true,"href":"https:\/\/www.aunityshop.de\/ru\/wp-json\/wp\/v2\/product_brand?post=4156"},{"taxonomy":"product_cat","embeddable":true,"href":"https:\/\/www.aunityshop.de\/ru\/wp-json\/wp\/v2\/product_cat?post=4156"},{"taxonomy":"product_tag","embeddable":true,"href":"https:\/\/www.aunityshop.de\/ru\/wp-json\/wp\/v2\/product_tag?post=4156"}],"curies":[{"name":"wp","href":"https:\/\/api.w.org\/{rel}","templated":true}]}}