{"id":4404,"date":"2025-11-24T17:10:19","date_gmt":"2025-11-24T16:10:19","guid":{"rendered":"https:\/\/www.aunityshop.de\/?post_type=product&#038;p=4404"},"modified":"2025-11-24T18:47:56","modified_gmt":"2025-11-24T17:47:56","slug":"2xcoenzym-q10-bio-spirulina-chlorella-de-oeko-006","status":"publish","type":"product","link":"https:\/\/www.aunityshop.de\/ru\/product\/2xcoenzym-q10-bio-spirulina-chlorella-de-oeko-006\/","title":{"rendered":"2xCoenzym  Q10 + BIO SPIRULINA CHLORELLA DE-\u00d6KO-006"},"content":{"rendered":"<p><strong>2 x Aunity Coenzym Q10 Kapseln \u2013 Nat\u00fcrliche Energie f\u00fcr Ihren K\u00f6rper<\/strong><\/p>\n<p>\u041e\u0442\u043a\u0440\u043e\u0439\u0442\u0435 \u0434\u043b\u044f \u0441\u0435\u0431\u044f \u0441\u0438\u043b\u0443 \u043f\u0440\u0438\u0440\u043e\u0434\u044b \u0441 \u043a\u0430\u043f\u0441\u0443\u043b\u0430\u043c\u0438 aunity Coenzyme Q10. \u042d\u0442\u0438 \u043a\u0430\u043f\u0441\u0443\u043b\u044b, \u0438\u0437\u0433\u043e\u0442\u043e\u0432\u043b\u0435\u043d\u043d\u044b\u0435 \u0438\u0437 \u0432\u044b\u0441\u043e\u043a\u043e\u043a\u0430\u0447\u0435\u0441\u0442\u0432\u0435\u043d\u043d\u043e\u0433\u043e \u0432\u0435\u0433\u0430\u043d\u0441\u043a\u043e\u0433\u043e \u0443\u0431\u0438\u0445\u0438\u043d\u043e\u043b\u0430, \u043f\u043e\u043b\u0443\u0447\u0435\u043d\u043d\u043e\u0433\u043e \u043f\u0443\u0442\u0435\u043c \u0435\u0441\u0442\u0435\u0441\u0442\u0432\u0435\u043d\u043d\u043e\u0439 \u0444\u0435\u0440\u043c\u0435\u043d\u0442\u0430\u0446\u0438\u0438, \u043f\u043e\u0434\u0434\u0435\u0440\u0436\u0438\u0432\u0430\u044e\u0442 \u0435\u0436\u0435\u0434\u043d\u0435\u0432\u043d\u043e\u0435 \u043f\u0440\u043e\u0438\u0437\u0432\u043e\u0434\u0441\u0442\u0432\u043e \u044d\u043d\u0435\u0440\u0433\u0438\u0438 \u0438 \u0436\u0438\u0437\u043d\u0435\u043d\u043d\u044b\u0435 \u0441\u0438\u043b\u044b. \u0418\u0434\u0435\u0430\u043b\u044c\u043d\u043e \u043f\u043e\u0434\u0445\u043e\u0434\u0438\u0442 \u0434\u043b\u044f \u0430\u043a\u0442\u0438\u0432\u043d\u043e\u0433\u043e \u0438 \u0437\u0434\u043e\u0440\u043e\u0432\u043e\u0433\u043e \u043e\u0431\u0440\u0430\u0437\u0430 \u0436\u0438\u0437\u043d\u0438.<\/p>\n<h2>Bio-Spirulina und Bio-Chlorella\u00a0DE-\u00d6KO-006<\/h2>\n<p>Entdecken Sie die kraftvolle Kombination von Bio-Spirulina und Bio-Chlorella, vereint in einem hochwertigen Nahrungserg\u00e4nzungsmittel, das Ihre Gesundheit und Vitalit\u00e4t unterst\u00fctzt. Unsere sorgf\u00e4ltig ausgew\u00e4hlten Algen werden nach strengen Bio-Richtlinien angebaut, geerntet und verarbeitet, um Ihnen ein Produkt h\u00f6chster Qualit\u00e4t zu bieten.<\/p>","protected":false},"excerpt":{"rendered":"<p>2 x Aunity Coenzym Q10 Kapseln \u2013 Nat\u00fcrliche Energie f\u00fcr Ihren K\u00f6rper Entdecken Sie die Kraft der Natur mit aunity Coenzym Q10 Kapseln. Hergestellt aus hochwertigem, veganem Ubiquinol, das durch nat\u00fcrliche Fermentation gewonnen wird, unterst\u00fctzen diese Kapseln Ihre t\u00e4gliche Energieproduktion und Vitalit\u00e4t. Perfekt f\u00fcr eine aktive und gesundheitsbewusste Lebensweise. Bio-Spirulina und Bio-Chlorella\u00a0DE-\u00d6KO-006 Entdecken Sie die&hellip;<\/p>","protected":false},"featured_media":4405,"template":"","meta":[],"product_brand":[],"product_cat":[15],"product_tag":[],"class_list":{"0":"post-4404","1":"product","2":"type-product","3":"status-publish","4":"has-post-thumbnail","6":"product_cat-uncategorized","7":"description-off","9":"first","10":"instock","11":"sale","12":"taxable","13":"shipping-taxable","14":"purchasable","15":"product-type-simple"},"yoast_head":"<!-- This site is optimized with the Yoast SEO plugin v27.2 - https:\/\/yoast.com\/product\/yoast-seo-wordpress\/ -->\n<title>2xCoenzym Q10 + BIO SPIRULINA CHLORELLA DE-\u00d6KO-006 - aunity Partnershop<\/title>\n<meta name=\"robots\" content=\"index, follow, max-snippet:-1, max-image-preview:large, max-video-preview:-1\" \/>\n<link rel=\"canonical\" href=\"https:\/\/www.aunityshop.de\/ru\/product\/2xcoenzym-q10-bio-spirulina-chlorella-de-oeko-006\/\" \/>\n<meta property=\"og:locale\" content=\"ru_RU\" \/>\n<meta property=\"og:type\" content=\"article\" \/>\n<meta property=\"og:title\" content=\"2xCoenzym Q10 + BIO SPIRULINA CHLORELLA DE-\u00d6KO-006 - aunity Partnershop\" \/>\n<meta property=\"og:description\" content=\"2 x Aunity Coenzym Q10 Kapseln \u2013 Nat\u00fcrliche Energie f\u00fcr Ihren K\u00f6rper Entdecken Sie die Kraft der Natur mit aunity Coenzym Q10 Kapseln. Hergestellt aus hochwertigem, veganem Ubiquinol, das durch nat\u00fcrliche Fermentation gewonnen wird, unterst\u00fctzen diese Kapseln Ihre t\u00e4gliche Energieproduktion und Vitalit\u00e4t. Perfekt f\u00fcr eine aktive und gesundheitsbewusste Lebensweise. Bio-Spirulina und Bio-Chlorella\u00a0DE-\u00d6KO-006 Entdecken Sie die&hellip;\" \/>\n<meta property=\"og:url\" content=\"https:\/\/www.aunityshop.de\/ru\/product\/2xcoenzym-q10-bio-spirulina-chlorella-de-oeko-006\/\" \/>\n<meta property=\"og:site_name\" content=\"aunity Partnershop\" \/>\n<meta property=\"article:modified_time\" content=\"2025-11-24T17:47:56+00:00\" \/>\n<meta property=\"og:image\" content=\"https:\/\/www.aunityshop.de\/wp-content\/uploads\/2025\/11\/WhatsApp-Bild-2025-11-24-um-16.58.08_2974c915.jpg\" \/>\n\t<meta property=\"og:image:width\" content=\"832\" \/>\n\t<meta property=\"og:image:height\" content=\"1248\" \/>\n\t<meta property=\"og:image:type\" content=\"image\/jpeg\" \/>\n<meta name=\"twitter:card\" content=\"summary_large_image\" \/>\n<meta name=\"twitter:label1\" content=\"\u041f\u0440\u0438\u043c\u0435\u0440\u043d\u043e\u0435 \u0432\u0440\u0435\u043c\u044f \u0434\u043b\u044f \u0447\u0442\u0435\u043d\u0438\u044f\" \/>\n\t<meta name=\"twitter:data1\" content=\"1 \u043c\u0438\u043d\u0443\u0442\u0430\" \/>\n<script type=\"application\/ld+json\" class=\"yoast-schema-graph\">{\"@context\":\"https:\/\/schema.org\",\"@graph\":[{\"@type\":\"WebPage\",\"@id\":\"https:\/\/www.aunityshop.de\/produkt\/2xcoenzym-q10-bio-spirulina-chlorella-de-oeko-006\/\",\"url\":\"https:\/\/www.aunityshop.de\/produkt\/2xcoenzym-q10-bio-spirulina-chlorella-de-oeko-006\/\",\"name\":\"2xCoenzym Q10 + BIO SPIRULINA CHLORELLA DE-\u00d6KO-006 - aunity Partnershop\",\"isPartOf\":{\"@id\":\"https:\/\/www.aunityshop.de\/#website\"},\"primaryImageOfPage\":{\"@id\":\"https:\/\/www.aunityshop.de\/produkt\/2xcoenzym-q10-bio-spirulina-chlorella-de-oeko-006\/#primaryimage\"},\"image\":{\"@id\":\"https:\/\/www.aunityshop.de\/produkt\/2xcoenzym-q10-bio-spirulina-chlorella-de-oeko-006\/#primaryimage\"},\"thumbnailUrl\":\"https:\/\/www.aunityshop.de\/wp-content\/uploads\/2025\/11\/WhatsApp-Bild-2025-11-24-um-16.58.08_2974c915.jpg\",\"datePublished\":\"2025-11-24T16:10:19+00:00\",\"dateModified\":\"2025-11-24T17:47:56+00:00\",\"breadcrumb\":{\"@id\":\"https:\/\/www.aunityshop.de\/produkt\/2xcoenzym-q10-bio-spirulina-chlorella-de-oeko-006\/#breadcrumb\"},\"inLanguage\":\"ru-RU\",\"potentialAction\":[{\"@type\":\"ReadAction\",\"target\":[\"https:\/\/www.aunityshop.de\/produkt\/2xcoenzym-q10-bio-spirulina-chlorella-de-oeko-006\/\"]}]},{\"@type\":\"ImageObject\",\"inLanguage\":\"ru-RU\",\"@id\":\"https:\/\/www.aunityshop.de\/produkt\/2xcoenzym-q10-bio-spirulina-chlorella-de-oeko-006\/#primaryimage\",\"url\":\"https:\/\/www.aunityshop.de\/wp-content\/uploads\/2025\/11\/WhatsApp-Bild-2025-11-24-um-16.58.08_2974c915.jpg\",\"contentUrl\":\"https:\/\/www.aunityshop.de\/wp-content\/uploads\/2025\/11\/WhatsApp-Bild-2025-11-24-um-16.58.08_2974c915.jpg\",\"width\":832,\"height\":1248},{\"@type\":\"BreadcrumbList\",\"@id\":\"https:\/\/www.aunityshop.de\/produkt\/2xcoenzym-q10-bio-spirulina-chlorella-de-oeko-006\/#breadcrumb\",\"itemListElement\":[{\"@type\":\"ListItem\",\"position\":1,\"name\":\"Start\",\"item\":\"https:\/\/www.aunityshop.de\/\"},{\"@type\":\"ListItem\",\"position\":2,\"name\":\"Shop\",\"item\":\"https:\/\/www.aunityshop.de\/shop\/\"},{\"@type\":\"ListItem\",\"position\":3,\"name\":\"2xCoenzym Q10 + BIO SPIRULINA CHLORELLA DE-\u00d6KO-006\"}]},{\"@type\":\"WebSite\",\"@id\":\"https:\/\/www.aunityshop.de\/#website\",\"url\":\"https:\/\/www.aunityshop.de\/\",\"name\":\"aunity Partnershop\",\"description\":\"Kraftvolle Gesundheit | Nahrungserg\u00e4nzung Kosmetik Aqua Balance Wasserfilter Anion Damenbinden Slipeinlagen\",\"potentialAction\":[{\"@type\":\"SearchAction\",\"target\":{\"@type\":\"EntryPoint\",\"urlTemplate\":\"https:\/\/www.aunityshop.de\/?s={search_term_string}\"},\"query-input\":{\"@type\":\"PropertyValueSpecification\",\"valueRequired\":true,\"valueName\":\"search_term_string\"}}],\"inLanguage\":\"ru-RU\"}]}<\/script>\n<!-- \/ Yoast SEO plugin. -->","yoast_head_json":{"title":"2xCoenzym Q10 + BIO SPIRULINA CHLORELLA DE-\u00d6KO-006 - aunity Partnershop","robots":{"index":"index","follow":"follow","max-snippet":"max-snippet:-1","max-image-preview":"max-image-preview:large","max-video-preview":"max-video-preview:-1"},"canonical":"https:\/\/www.aunityshop.de\/ru\/product\/2xcoenzym-q10-bio-spirulina-chlorella-de-oeko-006\/","og_locale":"ru_RU","og_type":"article","og_title":"2xCoenzym Q10 + BIO SPIRULINA CHLORELLA DE-\u00d6KO-006 - aunity Partnershop","og_description":"2 x Aunity Coenzym Q10 Kapseln \u2013 Nat\u00fcrliche Energie f\u00fcr Ihren K\u00f6rper Entdecken Sie die Kraft der Natur mit aunity Coenzym Q10 Kapseln. Hergestellt aus hochwertigem, veganem Ubiquinol, das durch nat\u00fcrliche Fermentation gewonnen wird, unterst\u00fctzen diese Kapseln Ihre t\u00e4gliche Energieproduktion und Vitalit\u00e4t. Perfekt f\u00fcr eine aktive und gesundheitsbewusste Lebensweise. Bio-Spirulina und Bio-Chlorella\u00a0DE-\u00d6KO-006 Entdecken Sie die&hellip;","og_url":"https:\/\/www.aunityshop.de\/ru\/product\/2xcoenzym-q10-bio-spirulina-chlorella-de-oeko-006\/","og_site_name":"aunity Partnershop","article_modified_time":"2025-11-24T17:47:56+00:00","og_image":[{"width":832,"height":1248,"url":"https:\/\/www.aunityshop.de\/wp-content\/uploads\/2025\/11\/WhatsApp-Bild-2025-11-24-um-16.58.08_2974c915.jpg","type":"image\/jpeg"}],"twitter_card":"summary_large_image","twitter_misc":{"\u041f\u0440\u0438\u043c\u0435\u0440\u043d\u043e\u0435 \u0432\u0440\u0435\u043c\u044f \u0434\u043b\u044f \u0447\u0442\u0435\u043d\u0438\u044f":"1 \u043c\u0438\u043d\u0443\u0442\u0430"},"schema":{"@context":"https:\/\/schema.org","@graph":[{"@type":"WebPage","@id":"https:\/\/www.aunityshop.de\/produkt\/2xcoenzym-q10-bio-spirulina-chlorella-de-oeko-006\/","url":"https:\/\/www.aunityshop.de\/produkt\/2xcoenzym-q10-bio-spirulina-chlorella-de-oeko-006\/","name":"2xCoenzym Q10 + BIO SPIRULINA CHLORELLA DE-\u00d6KO-006 - aunity Partnershop","isPartOf":{"@id":"https:\/\/www.aunityshop.de\/#website"},"primaryImageOfPage":{"@id":"https:\/\/www.aunityshop.de\/produkt\/2xcoenzym-q10-bio-spirulina-chlorella-de-oeko-006\/#primaryimage"},"image":{"@id":"https:\/\/www.aunityshop.de\/produkt\/2xcoenzym-q10-bio-spirulina-chlorella-de-oeko-006\/#primaryimage"},"thumbnailUrl":"https:\/\/www.aunityshop.de\/wp-content\/uploads\/2025\/11\/WhatsApp-Bild-2025-11-24-um-16.58.08_2974c915.jpg","datePublished":"2025-11-24T16:10:19+00:00","dateModified":"2025-11-24T17:47:56+00:00","breadcrumb":{"@id":"https:\/\/www.aunityshop.de\/produkt\/2xcoenzym-q10-bio-spirulina-chlorella-de-oeko-006\/#breadcrumb"},"inLanguage":"ru-RU","potentialAction":[{"@type":"ReadAction","target":["https:\/\/www.aunityshop.de\/produkt\/2xcoenzym-q10-bio-spirulina-chlorella-de-oeko-006\/"]}]},{"@type":"ImageObject","inLanguage":"ru-RU","@id":"https:\/\/www.aunityshop.de\/produkt\/2xcoenzym-q10-bio-spirulina-chlorella-de-oeko-006\/#primaryimage","url":"https:\/\/www.aunityshop.de\/wp-content\/uploads\/2025\/11\/WhatsApp-Bild-2025-11-24-um-16.58.08_2974c915.jpg","contentUrl":"https:\/\/www.aunityshop.de\/wp-content\/uploads\/2025\/11\/WhatsApp-Bild-2025-11-24-um-16.58.08_2974c915.jpg","width":832,"height":1248},{"@type":"BreadcrumbList","@id":"https:\/\/www.aunityshop.de\/produkt\/2xcoenzym-q10-bio-spirulina-chlorella-de-oeko-006\/#breadcrumb","itemListElement":[{"@type":"ListItem","position":1,"name":"Start","item":"https:\/\/www.aunityshop.de\/"},{"@type":"ListItem","position":2,"name":"Shop","item":"https:\/\/www.aunityshop.de\/shop\/"},{"@type":"ListItem","position":3,"name":"2xCoenzym Q10 + BIO SPIRULINA CHLORELLA DE-\u00d6KO-006"}]},{"@type":"WebSite","@id":"https:\/\/www.aunityshop.de\/#website","url":"https:\/\/www.aunityshop.de\/","name":"aunity Partnershop","description":"Kraftvolle Gesundheit | Nahrungserg\u00e4nzung Kosmetik Aqua Balance Wasserfilter Anion Damenbinden Slipeinlagen","potentialAction":[{"@type":"SearchAction","target":{"@type":"EntryPoint","urlTemplate":"https:\/\/www.aunityshop.de\/?s={search_term_string}"},"query-input":{"@type":"PropertyValueSpecification","valueRequired":true,"valueName":"search_term_string"}}],"inLanguage":"ru-RU"}]}},"_links":{"self":[{"href":"https:\/\/www.aunityshop.de\/ru\/wp-json\/wp\/v2\/product\/4404","targetHints":{"allow":["GET"]}}],"collection":[{"href":"https:\/\/www.aunityshop.de\/ru\/wp-json\/wp\/v2\/product"}],"about":[{"href":"https:\/\/www.aunityshop.de\/ru\/wp-json\/wp\/v2\/types\/product"}],"wp:featuredmedia":[{"embeddable":true,"href":"https:\/\/www.aunityshop.de\/ru\/wp-json\/wp\/v2\/media\/4405"}],"wp:attachment":[{"href":"https:\/\/www.aunityshop.de\/ru\/wp-json\/wp\/v2\/media?parent=4404"}],"wp:term":[{"taxonomy":"product_brand","embeddable":true,"href":"https:\/\/www.aunityshop.de\/ru\/wp-json\/wp\/v2\/product_brand?post=4404"},{"taxonomy":"product_cat","embeddable":true,"href":"https:\/\/www.aunityshop.de\/ru\/wp-json\/wp\/v2\/product_cat?post=4404"},{"taxonomy":"product_tag","embeddable":true,"href":"https:\/\/www.aunityshop.de\/ru\/wp-json\/wp\/v2\/product_tag?post=4404"}],"curies":[{"name":"wp","href":"https:\/\/api.w.org\/{rel}","templated":true}]}}