{"id":4410,"date":"2025-11-24T18:53:54","date_gmt":"2025-11-24T17:53:54","guid":{"rendered":"https:\/\/www.aunityshop.de\/?post_type=product&#038;p=4410"},"modified":"2025-11-24T18:53:54","modified_gmt":"2025-11-24T17:53:54","slug":"2-x-cordyceps-sinensis-ginkgo-omega-3-balance-250ml","status":"publish","type":"product","link":"https:\/\/www.aunityshop.de\/ru\/product\/2-x-cordyceps-sinensis-ginkgo-omega-3-balance-250ml\/","title":{"rendered":"2 x CORDYCEPS SINENSIS + GINKGO + OMEGA-3 BALANCE 250ml"},"content":{"rendered":"<p>2 x CORDYCEPS SINENSIS + GINKGO +<\/p>\n<h3 class=\"black\">Nahrungserg\u00e4nzungsmittel mit Pflanzenextrakten<\/h3>\n<p>\u041b\u0435\u043a\u0430\u0440\u0441\u0442\u0432\u0435\u043d\u043d\u044b\u0439 \u0433\u0440\u0438\u0431 \u041a\u043e\u0440\u0434\u0438\u0446\u0435\u043f\u0441 \u043a\u0438\u0442\u0430\u0439\u0441\u043a\u0438\u0439 \u043e\u0431\u043b\u0430\u0434\u0430\u0435\u0442 \u043c\u043d\u043e\u0436\u0435\u0441\u0442\u0432\u043e\u043c \u043f\u043e\u043b\u043e\u0436\u0438\u0442\u0435\u043b\u044c\u043d\u044b\u0445 \u0441\u0432\u043e\u0439\u0441\u0442\u0432.\n\u041e\u043d \u0441\u043f\u043e\u0441\u043e\u0431\u0441\u0442\u0432\u0443\u0435\u0442 \u0432\u044b\u0440\u0430\u0431\u043e\u0442\u043a\u0435 \u044d\u043d\u0435\u0440\u0433\u0438\u0438 \u0432 \u043a\u043b\u0435\u0442\u043a\u0430\u0445, \u0443\u043b\u0443\u0447\u0448\u0430\u0435\u0442 \u0438\u0441\u043f\u043e\u043b\u044c\u0437\u043e\u0432\u0430\u043d\u0438\u0435 \u043a\u0438\u0441\u043b\u043e\u0440\u043e\u0434\u0430 \u0432 \u043e\u0440\u0433\u0430\u043d\u0438\u0437\u043c\u0435 \u0438 \u0441\u0442\u0438\u043c\u0443\u043b\u0438\u0440\u0443\u0435\u0442 \u043a\u0440\u043e\u0432\u043e\u043e\u0431\u0440\u0430\u0449\u0435\u043d\u0438\u0435 \u0438 \u043f\u0440\u0438\u0442\u043e\u043a \u043a\u0440\u043e\u0432\u0438 \u043a\u043e \u0432\u0441\u0435\u043c \u0441\u0438\u0441\u0442\u0435\u043c\u0430\u043c \u043e\u0440\u0433\u0430\u043d\u043e\u0432. \u042d\u0442\u043e \u0442\u0430\u043a\u0436\u0435 \u043f\u043e\u0432\u044b\u0448\u0430\u0435\u0442 \u043f\u0440\u043e\u0438\u0437\u0432\u043e\u0434\u0438\u0442\u0435\u043b\u044c\u043d\u043e\u0441\u0442\u044c \u0438 \u043c\u044b\u0441\u043b\u0438\u0442\u0435\u043b\u044c\u043d\u044b\u0435 \u0441\u043f\u043e\u0441\u043e\u0431\u043d\u043e\u0441\u0442\u0438. \u041a\u043e\u0440\u0434\u0438\u0446\u0435\u043f\u0441 \u0442\u0430\u043a\u0436\u0435 \u043e\u043a\u0430\u0437\u044b\u0432\u0430\u0435\u0442 \u0440\u0435\u0433\u0443\u043b\u0438\u0440\u0443\u044e\u0449\u0435\u0435 \u0434\u0435\u0439\u0441\u0442\u0432\u0438\u0435 \u043d\u0430 \u043d\u0435\u0440\u0432\u043d\u043e-\u044d\u043d\u0434\u043e\u043a\u0440\u0438\u043d\u043d\u0443\u044e \u0441\u0438\u0441\u0442\u0435\u043c\u0443 \u0438 \u0438\u043c\u043c\u0443\u043d\u043d\u0443\u044e \u0441\u0438\u0441\u0442\u0435\u043c\u0443. \u0422\u0430\u043a\u0436\u0435 \u0431\u044b\u043b\u043e \u0443\u0441\u0442\u0430\u043d\u043e\u0432\u043b\u0435\u043d\u043e, \u0447\u0442\u043e \u043a\u043e\u0440\u0434\u0438\u0446\u0435\u043f\u0441 \u043e\u043a\u0430\u0437\u044b\u0432\u0430\u0435\u0442 \u0438\u043d\u0433\u0438\u0431\u0438\u0440\u0443\u044e\u0449\u0435\u0435 \u0434\u0435\u0439\u0441\u0442\u0432\u0438\u0435 \u043d\u0430 \u0444\u0435\u0440\u043c\u0435\u043d\u0442 \u043c\u043e\u043d\u043e\u0430\u043c\u0438\u043d\u043e\u043a\u0441\u0438\u0434\u0430\u0437\u0443 (\u041c\u0410\u041e) \u0438 \u0442\u0435\u043c \u0441\u0430\u043c\u044b\u043c \u043f\u043e\u043b\u043e\u0436\u0438\u0442\u0435\u043b\u044c\u043d\u043e \u0432\u043b\u0438\u044f\u0435\u0442 \u043d\u0430 \u043e\u0431\u0449\u0435\u0435 \u043d\u0430\u0441\u0442\u0440\u043e\u0435\u043d\u0438\u0435. \u0414\u043b\u044f \u0432\u0430\u0448\u0435\u0433\u043e \u0437\u0434\u043e\u0440\u043e\u0432\u044c\u044f!<strong>.\u00a0<\/strong>\u041e\u043d \u0441\u043f\u043e\u0441\u043e\u0431\u0441\u0442\u0432\u0443\u0435\u0442 \u0432\u044b\u0440\u0430\u0431\u043e\u0442\u043a\u0435 \u044d\u043d\u0435\u0440\u0433\u0438\u0438 \u0432 \u043a\u043b\u0435\u0442\u043a\u0430\u0445, \u0443\u043b\u0443\u0447\u0448\u0430\u0435\u0442 \u0438\u0441\u043f\u043e\u043b\u044c\u0437\u043e\u0432\u0430\u043d\u0438\u0435 \u043a\u0438\u0441\u043b\u043e\u0440\u043e\u0434\u0430 \u0432 \u043e\u0440\u0433\u0430\u043d\u0438\u0437\u043c\u0435 \u0438 \u0441\u0442\u0438\u043c\u0443\u043b\u0438\u0440\u0443\u0435\u0442 \u043a\u0440\u043e\u0432\u043e\u043e\u0431\u0440\u0430\u0449\u0435\u043d\u0438\u0435 \u0438 \u043f\u0440\u0438\u0442\u043e\u043a \u043a\u0440\u043e\u0432\u0438 \u043a\u043e \u0432\u0441\u0435\u043c \u0441\u0438\u0441\u0442\u0435\u043c\u0430\u043c \u043e\u0440\u0433\u0430\u043d\u043e\u0432. \u042d\u0442\u043e \u0442\u0430\u043a\u0436\u0435 \u043f\u043e\u0432\u044b\u0448\u0430\u0435\u0442 \u043f\u0440\u043e\u0438\u0437\u0432\u043e\u0434\u0438\u0442\u0435\u043b\u044c\u043d\u043e\u0441\u0442\u044c \u0438 \u043c\u044b\u0441\u043b\u0438\u0442\u0435\u043b\u044c\u043d\u044b\u0435 \u0441\u043f\u043e\u0441\u043e\u0431\u043d\u043e\u0441\u0442\u0438. \u041a\u043e\u0440\u0434\u0438\u0446\u0435\u043f\u0441 \u0442\u0430\u043a\u0436\u0435 \u043e\u043a\u0430\u0437\u044b\u0432\u0430\u0435\u0442 \u0440\u0435\u0433\u0443\u043b\u0438\u0440\u0443\u044e\u0449\u0435\u0435 \u0434\u0435\u0439\u0441\u0442\u0432\u0438\u0435 \u043d\u0430 \u043d\u0435\u0440\u0432\u043d\u043e-\u044d\u043d\u0434\u043e\u043a\u0440\u0438\u043d\u043d\u0443\u044e \u0441\u0438\u0441\u0442\u0435\u043c\u0443 \u0438 \u0438\u043c\u043c\u0443\u043d\u043d\u0443\u044e \u0441\u0438\u0441\u0442\u0435\u043c\u0443. \u0422\u0430\u043a\u0436\u0435 \u0431\u044b\u043b\u043e \u0443\u0441\u0442\u0430\u043d\u043e\u0432\u043b\u0435\u043d\u043e, \u0447\u0442\u043e \u043a\u043e\u0440\u0434\u0438\u0446\u0435\u043f\u0441 \u043e\u043a\u0430\u0437\u044b\u0432\u0430\u0435\u0442 \u0438\u043d\u0433\u0438\u0431\u0438\u0440\u0443\u044e\u0449\u0435\u0435 \u0434\u0435\u0439\u0441\u0442\u0432\u0438\u0435 \u043d\u0430 \u0444\u0435\u0440\u043c\u0435\u043d\u0442 \u043c\u043e\u043d\u043e\u0430\u043c\u0438\u043d\u043e\u043a\u0441\u0438\u0434\u0430\u0437\u0443 (\u041c\u0410\u041e) \u0438 \u0442\u0435\u043c \u0441\u0430\u043c\u044b\u043c \u043f\u043e\u043b\u043e\u0436\u0438\u0442\u0435\u043b\u044c\u043d\u043e \u0432\u043b\u0438\u044f\u0435\u0442 \u043d\u0430 \u043e\u0431\u0449\u0435\u0435 \u043d\u0430\u0441\u0442\u0440\u043e\u0435\u043d\u0438\u0435.<\/p>\n<p>&nbsp;<\/p>\n<h1>OMEGA-3 BALANCE 250ml<\/h1>\n<h3 class=\"black\">Nahrungserg\u00e4nzungsmittel aus einem nat\u00fcrlichen Fisch\u00f6l aus Wildfang, nativem Oliven\u00f6l extra, Zitronen\u00f6l, nat\u00fcrlichem Vitamin E, Vitamin K2 und Vitamin D3<\/h3>\n<h1>aunity OMEGA3 BALANCE \u2013 \u0440\u044b\u0431\u0438\u0439 \u0436\u0438\u0440, \u0441\u043e\u043a\u0440\u043e\u0432\u0438\u0449\u0435 \u043c\u043e\u0440\u044f<\/h1>\n<p>Aunity OMEGA3 BALANCE \u2014 \u044d\u0442\u043e \u0432\u044b\u0441\u043e\u043a\u043e\u043a\u0430\u0447\u0435\u0441\u0442\u0432\u0435\u043d\u043d\u044b\u0439 \u043d\u0430\u0442\u0443\u0440\u0430\u043b\u044c\u043d\u044b\u0439 \u0440\u044b\u0431\u0438\u0439 \u0436\u0438\u0440 \u043e\u043c\u0435\u0433\u0430-3 \u0438\u0437 100% \u0434\u0438\u043a\u043e\u0439 \u0440\u044b\u0431\u044b \u0441 \u0434\u043e\u0431\u0430\u0432\u043b\u0435\u043d\u0438\u0435\u043c \u043e\u043b\u0438\u0432\u043a\u043e\u0432\u043e\u0433\u043e \u043c\u0430\u0441\u043b\u0430 \u043f\u0435\u0440\u0432\u043e\u0433\u043e \u043e\u0442\u0436\u0438\u043c\u0430, \u043b\u0438\u043c\u043e\u043d\u043d\u043e\u0433\u043e \u043c\u0430\u0441\u043b\u0430 \u0434\u043b\u044f \u0443\u043b\u0443\u0447\u0448\u0435\u043d\u0438\u044f \u0432\u043a\u0443\u0441\u0430, \u043d\u0430\u0442\u0443\u0440\u0430\u043b\u044c\u043d\u043e\u0433\u043e \u0432\u0438\u0442\u0430\u043c\u0438\u043d\u0430 \u0415, \u0432\u0438\u0442\u0430\u043c\u0438\u043d\u0430 K2-MK7 (\u043f\u043e\u043b\u043d\u043e\u0441\u0442\u044c\u044e \u0442\u0440\u0430\u043d\u0441, K2VITAL\u00ae \u043e\u0442 Kappa). ) \u0438 \u0432\u0438\u0442\u0430\u043c\u0438\u043d D3. \u041e\u043d \u0431\u0435\u0437\u043e\u043f\u0430\u0441\u043d\u043e \u0440\u0435\u0433\u0443\u043b\u0438\u0440\u0443\u0435\u0442 \u0438 \u043f\u043e\u0434\u0434\u0435\u0440\u0436\u0438\u0432\u0430\u0435\u0442 \u0443\u0440\u043e\u0432\u0435\u043d\u044c \u043e\u043c\u0435\u0433\u0430-3 \u0438 \u0431\u0430\u043b\u0430\u043d\u0441 \u043e\u043c\u0435\u0433\u0430-6 \u0438 \u043e\u043c\u0435\u0433\u0430-3 \u0432 \u043e\u0440\u0433\u0430\u043d\u0438\u0437\u043c\u0435, \u0430 \u0442\u0430\u043a\u0436\u0435 \u043f\u043e\u0434\u0434\u0435\u0440\u0436\u0438\u0432\u0430\u0435\u0442 \u043a\u0440\u043e\u0432\u044f\u043d\u043e\u0435 \u0434\u0430\u0432\u043b\u0435\u043d\u0438\u0435, \u0441\u0435\u0440\u0434\u0446\u0435, \u043c\u043e\u0437\u0433, \u0433\u043b\u0430\u0437\u0430, \u043c\u044b\u0448\u0446\u044b \u0438 \u0438\u043c\u043c\u0443\u043d\u043d\u0443\u044e \u0441\u0438\u0441\u0442\u0435\u043c\u0443.<\/p>\n<p>\u041f\u043e\u043b\u043e\u0436\u0438\u0442\u0435\u043b\u044c\u043d\u044b\u0439 \u044d\u0444\u0444\u0435\u043a\u0442 \u0432\u043e\u0437\u043d\u0438\u043a\u0430\u0435\u0442 \u043f\u0440\u0438 \u0435\u0436\u0435\u0434\u043d\u0435\u0432\u043d\u043e\u043c \u043f\u0440\u0438\u0435\u043c\u0435 250 \u043c\u0433 \u042d\u041f\u041a \u0438 \u0414\u0413\u041a. \u041f\u0440\u0438\u043d\u0438\u043c\u0430\u044f \u043e\u0434\u043d\u0443 \u0441\u0442\u043e\u043b\u043e\u0432\u0443\u044e \u043b\u043e\u0436\u043a\u0443 Aunity OMEGA 3 BALANCE, \u0432\u044b \u043f\u043e\u043b\u0443\u0447\u0430\u0435\u0442\u0435 2680 \u043c\u0433 \u0436\u0438\u0440\u043d\u044b\u0445 \u043a\u0438\u0441\u043b\u043e\u0442 \u043e\u043c\u0435\u0433\u0430-3!<\/p>","protected":false},"excerpt":{"rendered":"<p>2 x CORDYCEPS SINENSIS + GINKGO + Nahrungserg\u00e4nzungsmittel mit Pflanzenextrakten Der Cordyceps sinensis Vitalpilz hat viele positive Eigenschaften.\u00a0Er f\u00f6rdert die Energieproduktion in den Zellen, verbessert die Nutzung von Sauerstoff im K\u00f6rper und regt den Kreislauf und die Durchblutung aller Organsysteme an. Dadurch wird auch die Leistungsf\u00e4higkeit und das Denkverm\u00f6gen gesteigert. Au\u00dferdem hat der Cordyceps eine&hellip;<\/p>","protected":false},"featured_media":4411,"template":"","meta":[],"product_brand":[],"product_cat":[15],"product_tag":[],"class_list":{"0":"post-4410","1":"product","2":"type-product","3":"status-publish","4":"has-post-thumbnail","6":"product_cat-uncategorized","7":"description-off","9":"first","10":"instock","11":"sale","12":"taxable","13":"shipping-taxable","14":"purchasable","15":"product-type-simple"},"yoast_head":"<!-- This site is optimized with the Yoast SEO plugin v27.2 - https:\/\/yoast.com\/product\/yoast-seo-wordpress\/ -->\n<title>2 x CORDYCEPS SINENSIS + GINKGO + OMEGA-3 BALANCE 250ml - aunity Partnershop<\/title>\n<meta name=\"robots\" content=\"index, follow, max-snippet:-1, max-image-preview:large, max-video-preview:-1\" \/>\n<link rel=\"canonical\" href=\"https:\/\/www.aunityshop.de\/ru\/product\/2-x-cordyceps-sinensis-ginkgo-omega-3-balance-250ml\/\" \/>\n<meta property=\"og:locale\" content=\"ru_RU\" \/>\n<meta property=\"og:type\" content=\"article\" \/>\n<meta property=\"og:title\" content=\"2 x CORDYCEPS SINENSIS + GINKGO + OMEGA-3 BALANCE 250ml - aunity Partnershop\" \/>\n<meta property=\"og:description\" content=\"2 x CORDYCEPS SINENSIS + GINKGO + Nahrungserg\u00e4nzungsmittel mit Pflanzenextrakten Der Cordyceps sinensis Vitalpilz hat viele positive Eigenschaften.\u00a0Er f\u00f6rdert die Energieproduktion in den Zellen, verbessert die Nutzung von Sauerstoff im K\u00f6rper und regt den Kreislauf und die Durchblutung aller Organsysteme an. Dadurch wird auch die Leistungsf\u00e4higkeit und das Denkverm\u00f6gen gesteigert. Au\u00dferdem hat der Cordyceps eine&hellip;\" \/>\n<meta property=\"og:url\" content=\"https:\/\/www.aunityshop.de\/ru\/product\/2-x-cordyceps-sinensis-ginkgo-omega-3-balance-250ml\/\" \/>\n<meta property=\"og:site_name\" content=\"aunity Partnershop\" \/>\n<meta property=\"og:image\" content=\"https:\/\/www.aunityshop.de\/wp-content\/uploads\/2025\/11\/WhatsApp-Bild-2025-11-24-um-18.31.16_1f571efd.jpg\" \/>\n\t<meta property=\"og:image:width\" content=\"1024\" \/>\n\t<meta property=\"og:image:height\" content=\"1024\" \/>\n\t<meta property=\"og:image:type\" content=\"image\/jpeg\" \/>\n<meta name=\"twitter:card\" content=\"summary_large_image\" \/>\n<meta name=\"twitter:label1\" content=\"\u041f\u0440\u0438\u043c\u0435\u0440\u043d\u043e\u0435 \u0432\u0440\u0435\u043c\u044f \u0434\u043b\u044f \u0447\u0442\u0435\u043d\u0438\u044f\" \/>\n\t<meta name=\"twitter:data1\" content=\"1 \u043c\u0438\u043d\u0443\u0442\u0430\" \/>\n<script type=\"application\/ld+json\" class=\"yoast-schema-graph\">{\"@context\":\"https:\/\/schema.org\",\"@graph\":[{\"@type\":\"WebPage\",\"@id\":\"https:\/\/www.aunityshop.de\/produkt\/2-x-cordyceps-sinensis-ginkgo-omega-3-balance-250ml\/\",\"url\":\"https:\/\/www.aunityshop.de\/produkt\/2-x-cordyceps-sinensis-ginkgo-omega-3-balance-250ml\/\",\"name\":\"2 x CORDYCEPS SINENSIS + GINKGO + OMEGA-3 BALANCE 250ml - aunity Partnershop\",\"isPartOf\":{\"@id\":\"https:\/\/www.aunityshop.de\/#website\"},\"primaryImageOfPage\":{\"@id\":\"https:\/\/www.aunityshop.de\/produkt\/2-x-cordyceps-sinensis-ginkgo-omega-3-balance-250ml\/#primaryimage\"},\"image\":{\"@id\":\"https:\/\/www.aunityshop.de\/produkt\/2-x-cordyceps-sinensis-ginkgo-omega-3-balance-250ml\/#primaryimage\"},\"thumbnailUrl\":\"https:\/\/www.aunityshop.de\/wp-content\/uploads\/2025\/11\/WhatsApp-Bild-2025-11-24-um-18.31.16_1f571efd.jpg\",\"datePublished\":\"2025-11-24T17:53:54+00:00\",\"breadcrumb\":{\"@id\":\"https:\/\/www.aunityshop.de\/produkt\/2-x-cordyceps-sinensis-ginkgo-omega-3-balance-250ml\/#breadcrumb\"},\"inLanguage\":\"ru-RU\",\"potentialAction\":[{\"@type\":\"ReadAction\",\"target\":[\"https:\/\/www.aunityshop.de\/produkt\/2-x-cordyceps-sinensis-ginkgo-omega-3-balance-250ml\/\"]}]},{\"@type\":\"ImageObject\",\"inLanguage\":\"ru-RU\",\"@id\":\"https:\/\/www.aunityshop.de\/produkt\/2-x-cordyceps-sinensis-ginkgo-omega-3-balance-250ml\/#primaryimage\",\"url\":\"https:\/\/www.aunityshop.de\/wp-content\/uploads\/2025\/11\/WhatsApp-Bild-2025-11-24-um-18.31.16_1f571efd.jpg\",\"contentUrl\":\"https:\/\/www.aunityshop.de\/wp-content\/uploads\/2025\/11\/WhatsApp-Bild-2025-11-24-um-18.31.16_1f571efd.jpg\",\"width\":1024,\"height\":1024},{\"@type\":\"BreadcrumbList\",\"@id\":\"https:\/\/www.aunityshop.de\/produkt\/2-x-cordyceps-sinensis-ginkgo-omega-3-balance-250ml\/#breadcrumb\",\"itemListElement\":[{\"@type\":\"ListItem\",\"position\":1,\"name\":\"Start\",\"item\":\"https:\/\/www.aunityshop.de\/\"},{\"@type\":\"ListItem\",\"position\":2,\"name\":\"Shop\",\"item\":\"https:\/\/www.aunityshop.de\/shop\/\"},{\"@type\":\"ListItem\",\"position\":3,\"name\":\"2 x CORDYCEPS SINENSIS + GINKGO + OMEGA-3 BALANCE 250ml\"}]},{\"@type\":\"WebSite\",\"@id\":\"https:\/\/www.aunityshop.de\/#website\",\"url\":\"https:\/\/www.aunityshop.de\/\",\"name\":\"aunity Partnershop\",\"description\":\"Kraftvolle Gesundheit | Nahrungserg\u00e4nzung Kosmetik Aqua Balance Wasserfilter Anion Damenbinden Slipeinlagen\",\"potentialAction\":[{\"@type\":\"SearchAction\",\"target\":{\"@type\":\"EntryPoint\",\"urlTemplate\":\"https:\/\/www.aunityshop.de\/?s={search_term_string}\"},\"query-input\":{\"@type\":\"PropertyValueSpecification\",\"valueRequired\":true,\"valueName\":\"search_term_string\"}}],\"inLanguage\":\"ru-RU\"}]}<\/script>\n<!-- \/ Yoast SEO plugin. -->","yoast_head_json":{"title":"2 x CORDYCEPS SINENSIS + GINKGO + OMEGA-3 BALANCE 250ml - aunity Partnershop","robots":{"index":"index","follow":"follow","max-snippet":"max-snippet:-1","max-image-preview":"max-image-preview:large","max-video-preview":"max-video-preview:-1"},"canonical":"https:\/\/www.aunityshop.de\/ru\/product\/2-x-cordyceps-sinensis-ginkgo-omega-3-balance-250ml\/","og_locale":"ru_RU","og_type":"article","og_title":"2 x CORDYCEPS SINENSIS + GINKGO + OMEGA-3 BALANCE 250ml - aunity Partnershop","og_description":"2 x CORDYCEPS SINENSIS + GINKGO + Nahrungserg\u00e4nzungsmittel mit Pflanzenextrakten Der Cordyceps sinensis Vitalpilz hat viele positive Eigenschaften.\u00a0Er f\u00f6rdert die Energieproduktion in den Zellen, verbessert die Nutzung von Sauerstoff im K\u00f6rper und regt den Kreislauf und die Durchblutung aller Organsysteme an. Dadurch wird auch die Leistungsf\u00e4higkeit und das Denkverm\u00f6gen gesteigert. Au\u00dferdem hat der Cordyceps eine&hellip;","og_url":"https:\/\/www.aunityshop.de\/ru\/product\/2-x-cordyceps-sinensis-ginkgo-omega-3-balance-250ml\/","og_site_name":"aunity Partnershop","og_image":[{"width":1024,"height":1024,"url":"https:\/\/www.aunityshop.de\/wp-content\/uploads\/2025\/11\/WhatsApp-Bild-2025-11-24-um-18.31.16_1f571efd.jpg","type":"image\/jpeg"}],"twitter_card":"summary_large_image","twitter_misc":{"\u041f\u0440\u0438\u043c\u0435\u0440\u043d\u043e\u0435 \u0432\u0440\u0435\u043c\u044f \u0434\u043b\u044f \u0447\u0442\u0435\u043d\u0438\u044f":"1 \u043c\u0438\u043d\u0443\u0442\u0430"},"schema":{"@context":"https:\/\/schema.org","@graph":[{"@type":"WebPage","@id":"https:\/\/www.aunityshop.de\/produkt\/2-x-cordyceps-sinensis-ginkgo-omega-3-balance-250ml\/","url":"https:\/\/www.aunityshop.de\/produkt\/2-x-cordyceps-sinensis-ginkgo-omega-3-balance-250ml\/","name":"2 x CORDYCEPS SINENSIS + GINKGO + OMEGA-3 BALANCE 250ml - aunity Partnershop","isPartOf":{"@id":"https:\/\/www.aunityshop.de\/#website"},"primaryImageOfPage":{"@id":"https:\/\/www.aunityshop.de\/produkt\/2-x-cordyceps-sinensis-ginkgo-omega-3-balance-250ml\/#primaryimage"},"image":{"@id":"https:\/\/www.aunityshop.de\/produkt\/2-x-cordyceps-sinensis-ginkgo-omega-3-balance-250ml\/#primaryimage"},"thumbnailUrl":"https:\/\/www.aunityshop.de\/wp-content\/uploads\/2025\/11\/WhatsApp-Bild-2025-11-24-um-18.31.16_1f571efd.jpg","datePublished":"2025-11-24T17:53:54+00:00","breadcrumb":{"@id":"https:\/\/www.aunityshop.de\/produkt\/2-x-cordyceps-sinensis-ginkgo-omega-3-balance-250ml\/#breadcrumb"},"inLanguage":"ru-RU","potentialAction":[{"@type":"ReadAction","target":["https:\/\/www.aunityshop.de\/produkt\/2-x-cordyceps-sinensis-ginkgo-omega-3-balance-250ml\/"]}]},{"@type":"ImageObject","inLanguage":"ru-RU","@id":"https:\/\/www.aunityshop.de\/produkt\/2-x-cordyceps-sinensis-ginkgo-omega-3-balance-250ml\/#primaryimage","url":"https:\/\/www.aunityshop.de\/wp-content\/uploads\/2025\/11\/WhatsApp-Bild-2025-11-24-um-18.31.16_1f571efd.jpg","contentUrl":"https:\/\/www.aunityshop.de\/wp-content\/uploads\/2025\/11\/WhatsApp-Bild-2025-11-24-um-18.31.16_1f571efd.jpg","width":1024,"height":1024},{"@type":"BreadcrumbList","@id":"https:\/\/www.aunityshop.de\/produkt\/2-x-cordyceps-sinensis-ginkgo-omega-3-balance-250ml\/#breadcrumb","itemListElement":[{"@type":"ListItem","position":1,"name":"Start","item":"https:\/\/www.aunityshop.de\/"},{"@type":"ListItem","position":2,"name":"Shop","item":"https:\/\/www.aunityshop.de\/shop\/"},{"@type":"ListItem","position":3,"name":"2 x CORDYCEPS SINENSIS + GINKGO + OMEGA-3 BALANCE 250ml"}]},{"@type":"WebSite","@id":"https:\/\/www.aunityshop.de\/#website","url":"https:\/\/www.aunityshop.de\/","name":"aunity Partnershop","description":"Kraftvolle Gesundheit | Nahrungserg\u00e4nzung Kosmetik Aqua Balance Wasserfilter Anion Damenbinden Slipeinlagen","potentialAction":[{"@type":"SearchAction","target":{"@type":"EntryPoint","urlTemplate":"https:\/\/www.aunityshop.de\/?s={search_term_string}"},"query-input":{"@type":"PropertyValueSpecification","valueRequired":true,"valueName":"search_term_string"}}],"inLanguage":"ru-RU"}]}},"_links":{"self":[{"href":"https:\/\/www.aunityshop.de\/ru\/wp-json\/wp\/v2\/product\/4410","targetHints":{"allow":["GET"]}}],"collection":[{"href":"https:\/\/www.aunityshop.de\/ru\/wp-json\/wp\/v2\/product"}],"about":[{"href":"https:\/\/www.aunityshop.de\/ru\/wp-json\/wp\/v2\/types\/product"}],"wp:featuredmedia":[{"embeddable":true,"href":"https:\/\/www.aunityshop.de\/ru\/wp-json\/wp\/v2\/media\/4411"}],"wp:attachment":[{"href":"https:\/\/www.aunityshop.de\/ru\/wp-json\/wp\/v2\/media?parent=4410"}],"wp:term":[{"taxonomy":"product_brand","embeddable":true,"href":"https:\/\/www.aunityshop.de\/ru\/wp-json\/wp\/v2\/product_brand?post=4410"},{"taxonomy":"product_cat","embeddable":true,"href":"https:\/\/www.aunityshop.de\/ru\/wp-json\/wp\/v2\/product_cat?post=4410"},{"taxonomy":"product_tag","embeddable":true,"href":"https:\/\/www.aunityshop.de\/ru\/wp-json\/wp\/v2\/product_tag?post=4410"}],"curies":[{"name":"wp","href":"https:\/\/api.w.org\/{rel}","templated":true}]}}